{"id":4838,"date":"2022-06-07T18:58:13","date_gmt":"2022-06-08T01:58:13","guid":{"rendered":"https:\/\/bitcoinwisdom.com\/?page_id=4838"},"modified":"2022-06-07T19:00:30","modified_gmt":"2022-06-08T02:00:30","slug":"ratings-methodology","status":"publish","type":"page","link":"https:\/\/bitcoinwisdom.com\/de\/ratings-methodology\/","title":{"rendered":"Bewertungsmethodik"},"content":{"rendered":"<h1 class=\"wp-block-heading\">Bewertungsmethodik<\/h1>\n\n\n\n<p>Wenn Sie mit dem Handel beginnen oder in die Welt der Kryptow\u00e4hrungen investieren m\u00f6chten, werden Sie m\u00f6glicherweise von der schieren Anzahl der daf\u00fcr verf\u00fcgbaren B\u00f6rsen ziemlich eingesch\u00fcchtert. Die Wahl der richtigen B\u00f6rse ist ein wichtiger, aber oft \u00fcbersehener Teil davon, ein profitabler Trader\/Investor zu sein. Jede B\u00f6rse unterscheidet sich nur geringf\u00fcgig in Bezug auf ihre Angebote, Geb\u00fchren und Funktionen, aber auf lange Sicht kann dies Ihre Handelsmethodik erheblich ver\u00e4ndern.\u00a0<\/p>\n\n\n\n<p>Um die Auswahl der richtigen B\u00f6rse zu erleichtern, haben wir mehrere der wichtigsten auf dem Markt verf\u00fcgbaren Krypto-B\u00f6rsen \u00fcberpr\u00fcft und sie anhand der relevantesten Kriterien bewertet. Dieser Leitfaden erkl\u00e4rt diesen Bewertungs- und Bewertungsprozess.&nbsp;<\/p>\n\n\n\n<h2 class=\"wp-block-heading\">Bewertungskriterien&nbsp;<\/h2>\n\n\n\n<p>Unsere endg\u00fcltige Bewertung, die jeder B\u00f6rse gegeben wird, ist ein gewichteter Durchschnitt der einzelnen Bewertungen, die die B\u00f6rse in 6 verschiedenen Kategorien erh\u00e4lt:&nbsp;<\/p>\n\n\n\n<ol class=\"wp-block-list\"><li>Honorare&nbsp;<\/li><li>App&nbsp;<\/li><li>Funktionen der Handelsplattform<\/li><li>Verordnung&nbsp;<\/li><li>Kundendienst&nbsp;<\/li><li>Zahlungsarten&nbsp;<\/li><\/ol>\n\n\n\n<p>F\u00fcr jede der von uns aufgelisteten Kategorien haben wir Daten von einer Vielzahl von B\u00f6rsen gesammelt und sie dann verglichen, wodurch wir eine Metrik gebildet haben, anhand derer wir dann die B\u00f6rsen in jeder dieser einzelnen Kategorien bewerten konnten.&nbsp;<\/p>\n\n\n\n<p>Jeder Faktor wird auf einer Skala von 0 bis 10 bewertet, wobei 0 die schlechteste und 10 die h\u00f6chste Bewertung ist, die die B\u00f6rse erhalten kann. Jeder Faktor wird unten im Detail erkl\u00e4rt.&nbsp;<\/p>\n\n\n\n<h3 class=\"wp-block-heading\">Anonyme Live-Konten&nbsp;<\/h3>\n\n\n\n<p>Alle unsere \u00dcberpr\u00fcfungen und Datenerfassungen erfolgen \u00fcber Live-Konten, die von den Pr\u00fcfern erstellt werden, um die Plattform zu testen. Die Broker werden nicht dar\u00fcber informiert, dass das Konto erstellt wird, um maximale Authentizit\u00e4t zu gew\u00e4hrleisten und damit die Rezensenten die Plattform genauso erleben k\u00f6nnen wie die Kunden.&nbsp;<\/p>\n\n\n\n<h2 class=\"wp-block-heading\">Honorare&nbsp;<\/h2>\n\n\n\n<p>Die Geb\u00fchren, die Sie f\u00fcr den Handel an einer B\u00f6rse zahlen, sind vielleicht eine der wichtigsten \u00dcberlegungen f\u00fcr jeden H\u00e4ndler, bevor er sich f\u00fcr die richtige Plattform entscheidet. W\u00e4hrend dies f\u00fcr langfristige Anleger nur einen geringeren Effekt hat, wird es f\u00fcr normale H\u00e4ndler, die m\u00f6glicherweise mehrere Trades an einem Tag t\u00e4tigen, umso wichtiger, sodass sich selbst ein kleiner Unterschied bei den Geb\u00fchren anh\u00e4ufen und zu einer gro\u00dfen Ablenkung werden kann.&nbsp;<\/p>\n\n\n\n<p>F\u00fcr unseren Bewertungsprozess bilden die mit einer Plattform verbundenen Geb\u00fchren 17% des Gesamtratings, das der B\u00f6rse gegeben wird. Die Geb\u00fchren jeder B\u00f6rse wurden auf einer Skala von 0 bis 10 bewertet, und daf\u00fcr wurden 3 Arten von Geb\u00fchren ber\u00fccksichtigt:&nbsp;&nbsp;<\/p>\n\n\n\n<ul class=\"wp-block-list\"><li>Handelsgeb\u00fchren&nbsp;<\/li><li>Einzahlungsgeb\u00fchren&nbsp;<\/li><li>Abhebegeb\u00fchren&nbsp;<\/li><\/ul>\n\n\n\n<h3 class=\"wp-block-heading\">Handelsgeb\u00fchren<\/h3>\n\n\n\n<p>Handelsgeb\u00fchren k\u00f6nnen von B\u00f6rsen entweder in Form von Provisionen oder Spreads erhoben werden, obwohl die meisten B\u00f6rsen eine Kombination aus beidem bevorzugen, wobei Rabatte f\u00fcr h\u00f6here Handelsvolumina gew\u00e4hrt werden.&nbsp;<\/p>\n\n\n\n<p>Bei der Bewertung der Handelsgeb\u00fchren f\u00fcr die B\u00f6rse haben wir uns die grundlegenden Handelsgeb\u00fchren angesehen, die sie f\u00fcr ein regul\u00e4res Handelsvolumen erhoben, basierend auf der durchschnittlichen Anzahl von Trades, die ein regul\u00e4rer Trade im Laufe von 30 Tagen machen w\u00fcrde.&nbsp;<\/p>\n\n\n\n<p>Dazu geh\u00f6rten die Handelsgeb\u00fchren \u00fcber verschiedene Produktklassen wie den Kassamarkt sowie Futures und Derivate.&nbsp;<\/p>\n\n\n\n<p>Dar\u00fcber hinaus haben wir auch untersucht, ob die B\u00f6rse eine Maker-Taker-Struktur hat, bei der Trades, die dem Markt Liquidit\u00e4t hinzuf\u00fcgen, niedrigere Geb\u00fchren zahlen als Trades, die dem Markt Liquidit\u00e4t entziehen.&nbsp;<\/p>\n\n\n\n<h3 class=\"wp-block-heading\">Einzahlungsgeb\u00fchren<\/h3>\n\n\n\n<p>Wir haben uns auch die mit dem Umtausch verbundenen Einzahlungsgeb\u00fchren angesehen. Dies nahm zwei Formen an:&nbsp;<\/p>\n\n\n\n<ol class=\"wp-block-list\"><li>Die Einzahlungsgeb\u00fchren, die von der B\u00f6rse f\u00fcr Einzahlungen in Fiat-W\u00e4hrung durch Methoden wie Kredit-\/Debitkarten, Bank\u00fcberweisungen und elektronische Geldb\u00f6rsen wie PayPal und Skrill erhoben werden.&nbsp;<\/li><li>Die Einzahlungsgeb\u00fchren, die von der B\u00f6rse f\u00fcr Kryptow\u00e4hrungseinzahlungen aus einem bestehenden externen Wallet erhoben werden.&nbsp;<\/li><\/ol>\n\n\n\n<h3 class=\"wp-block-heading\">Abhebegeb\u00fchren<\/h3>\n\n\n\n<p>Krypto-B\u00f6rsen k\u00f6nnen auch Geb\u00fchren f\u00fcr das Abheben von Verm\u00f6genswerten von der Plattform erheben. \u00c4hnlich wie bei der Analyse der mit der Plattform verbundenen Einzahlungsgeb\u00fchren haben wir uns die Abhebungsgeb\u00fchren angesehen, die sowohl mit Fiat- als auch mit Kryptow\u00e4hrungsabhebungen von der Plattform verbunden sind.&nbsp;<\/p>\n\n\n\n<h2 class=\"wp-block-heading\">App&nbsp;<\/h2>\n\n\n\n<p>Angesichts der zunehmenden Handelsh\u00e4ufigkeit sowie der mit den Kryptow\u00e4hrungsm\u00e4rkten verbundenen inh\u00e4renten Volatilit\u00e4t haben wir uns auch angesehen, ob die Kryptob\u00f6rsen \u00fcber eine mobile App verf\u00fcgen, die H\u00e4ndler verwenden k\u00f6nnen, um unterwegs zu handeln. Dieser Abschnitt machte 16% unserer Gesamtbewertung aus und beinhaltete 5 verschiedene Elemente:&nbsp;<\/p>\n\n\n\n<ul class=\"wp-block-list\"><li>App-Verf\u00fcgbarkeit&nbsp;<\/li><li>Kundenbewertung<\/li><li>Aktualisierungsfrequenz&nbsp;<\/li><li>Datenprivatsph\u00e4re&nbsp;<\/li><li>Kompatibilit\u00e4t<\/li><\/ul>\n\n\n\n<h3 class=\"wp-block-heading\">App-Verf\u00fcgbarkeit<\/h3>\n\n\n\n<p>Die erste Frage, die wir uns angesehen haben, war, ob die B\u00f6rse eine App hat, die heruntergeladen werden kann oder nicht. Wir haben gepr\u00fcft, ob diese App sowohl auf Android- als auch auf iOS-Ger\u00e4ten verf\u00fcgbar war, wobei B\u00f6rsen, die auf beiden Betriebssystemen verf\u00fcgbar waren, eine h\u00f6here Bewertung erhielten als B\u00f6rsen, die nur auf einem Betriebssystem verf\u00fcgbar waren.&nbsp;<\/p>\n\n\n\n<h3 class=\"wp-block-heading\">Kundenbewertung<\/h3>\n\n\n\n<p>Als wir feststellten, dass die B\u00f6rse eine App hatte, bestand der n\u00e4chste Schritt darin, die Qualit\u00e4t der App zu untersuchen, und der effektivste Weg, dies zu tun, bestand darin, sich die Kundenbewertungen anzusehen, die die App erhalten hatte. F\u00fcr Android-Apps wurde die durchschnittliche Bewertung der App bei Google Play ber\u00fccksichtigt, w\u00e4hrend iOS-Apps anhand ihrer Bewertungen im App Store beurteilt wurden.&nbsp;<\/p>\n\n\n\n<h3 class=\"wp-block-heading\">Aktualisierungsfrequenz<\/h3>\n\n\n\n<p>Wenn eine mobile App gestartet wird, muss sie h\u00e4ufig aktualisiert werden, um sicherzustellen, dass Fehler oder Probleme mit der Leistung der App problemlos behoben werden k\u00f6nnen. Daher wird die H\u00e4ufigkeit von Updates zu einem wichtigen Faktor bei der Beurteilung, wie gut eine App ist.&nbsp;<\/p>\n\n\n\n<p>Daher haben wir uns die Update-H\u00e4ufigkeit der Apps angesehen, und diejenigen, die h\u00e4ufiger aktualisiert wurden, erhielten eine h\u00f6here Bewertung als diejenigen, die nur sehr wenige Updates hatten.&nbsp;<\/p>\n\n\n\n<h3 class=\"wp-block-heading\">Datenprivatsph\u00e4re<\/h3>\n\n\n\n<p>Der Datenschutz ist auch ein wichtiges Anliegen, wenn es um mobile Apps geht, und deshalb war dies Teil unserer Metrik, als wir der mobilen App der Plattform Punkte zuwiesen.&nbsp;<\/p>\n\n\n\n<p>Dabei ging es in erster Linie darum zu pr\u00fcfen, ob die mobile App die Daten des Nutzers trackt, um ihm zielgerichtete Werbung zu zeigen, und Apps, die dies taten, eine niedrigere Bewertung erhielten als solche, die einen h\u00f6heren Respekt vor der Privatsph\u00e4re der Kunden hatten.&nbsp;<\/p>\n\n\n\n<h3 class=\"wp-block-heading\">Kompatibilit\u00e4t<\/h3>\n\n\n\n<p>Schlie\u00dflich haben wir uns auch angesehen, wie kompatibel die Apps auf verschiedenen Ger\u00e4ten sind \u2013 zum Beispiel k\u00f6nnte eine iOS-App auf ein iPad, iPhone oder eine Apple Watch heruntergeladen werden. Die gleichen Vergleiche lassen sich auch f\u00fcr Android-Apps ziehen.&nbsp;<\/p>\n\n\n\n<p>Daher erhielten Apps, die mit unterschiedlicheren Ger\u00e4ten kompatibel waren, in dieser Hinsicht eine h\u00f6here Bewertung als Apps, die mit nicht so vielen Ger\u00e4ten kompatibel waren.&nbsp;<\/p>\n\n\n\n<h2 class=\"wp-block-heading\">Funktionen der Handelsplattform&nbsp;<\/h2>\n\n\n\n<p>Dies war einer der umfangreichsten Teile des Bewertungsprozesses, bei dem wir eine Reihe von Faktoren in Bezug auf die Handelsplattform selbst betrachtet haben. Das Hauptkriterium in Bezug auf die von uns betrachtete Handelsplattform war:&nbsp;<\/p>\n\n\n\n<ol class=\"wp-block-list\"><li>Unterst\u00fctzte M\u00e4rkte&nbsp;<\/li><li>Kryptow\u00e4hrungen verf\u00fcgbar&nbsp;<\/li><li>Liquidit\u00e4t&nbsp;<\/li><li>OTC-Handel&nbsp;<\/li><li>Sicherheit&nbsp;<\/li><li>Auftragsarten&nbsp;<\/li><\/ol>\n\n\n\n<h3 class=\"wp-block-heading\">Unterst\u00fctzte M\u00e4rkte&nbsp;<\/h3>\n\n\n\n<p>Der erste Faktor, den wir uns angesehen haben, war die Vielfalt der M\u00e4rkte, die von der B\u00f6rse unterst\u00fctzt wurden. Beispielsweise schnitten B\u00f6rsen, die nur Kassam\u00e4rkte hatten, schlechter ab als solche, die auch Zugang zu Krypto-Derivaten und Futures boten. B\u00f6rsen mit noch neuartigeren M\u00e4rkten wie Leveraged Token erzielten eine h\u00f6here Punktzahl.&nbsp;<\/p>\n\n\n\n<p>Dar\u00fcber hinaus wurden \u00dcberlegungen zu Plattformen angestellt, die Zugang zu Nicht-Krypto-M\u00e4rkten wie Aktien-, Devisen- und Rohstoffm\u00e4rkten bieten.&nbsp;<\/p>\n\n\n\n<h3 class=\"wp-block-heading\">Kryptow\u00e4hrungen verf\u00fcgbar&nbsp;<\/h3>\n\n\n\n<p>Die n\u00e4chste \u00dcberlegung war, sich die Vielfalt der auf der Plattform verf\u00fcgbaren Kryptow\u00e4hrungen anzusehen, was in dieser Hinsicht mit Abstand die gr\u00f6\u00dfte \u00dcberlegung war.&nbsp;<\/p>\n\n\n\n<p>Ganz intuitiv erhielten B\u00f6rsen, die Benutzern Zugang zu einer h\u00f6heren Anzahl von Kryptow\u00e4hrungen boten, eine h\u00f6here Punktzahl als solche, die weniger Kryptow\u00e4hrungen f\u00fcr den Handel \u00fcber die Plattform zur Verf\u00fcgung hatten.&nbsp;<\/p>\n\n\n\n<h3 class=\"wp-block-heading\">Liquidit\u00e4t&nbsp;<\/h3>\n\n\n\n<p>Auch die Liquidit\u00e4t kann ein Problem darstellen, denn wenn Sie \u00fcber eine B\u00f6rse mit sehr geringer Liquidit\u00e4t handeln, k\u00f6nnten Sie Bedenken haben wie:&nbsp;<\/p>\n\n\n\n<ol class=\"wp-block-list\"><li>Aufgrund fehlender K\u00e4ufer k\u00f6nnen Sie Ihre Verm\u00f6genswerte nicht verkaufen, wenn Sie dies m\u00f6chten&nbsp;<\/li><li>Aufgrund fehlender Orders im Orderbuch m\u00fcssen sehr hohe Preise gezahlt werden.&nbsp;<\/li><\/ol>\n\n\n\n<p>Daher haben wir die mit verschiedenen B\u00f6rsen verbundene Liquidit\u00e4t verglichen, indem wir uns das durchschnittliche t\u00e4gliche Handelsvolumen an der B\u00f6rse angesehen haben. B\u00f6rsen mit h\u00f6heren Handelsvolumina erhielten h\u00f6here Punktzahlen als solche mit niedrigeren Handelsvolumina.&nbsp;<\/p>\n\n\n\n<h3 class=\"wp-block-heading\">OTC-Handel&nbsp;<\/h3>\n\n\n\n<p>Ein weiterer Faktor, den wir bei der Bewertung einer Handelsb\u00f6rse ber\u00fccksichtigt haben, war, ob sie OTC-Desks f\u00fcr gr\u00f6\u00dfere Orders anbietet oder nicht. Die wichtigsten \u00dcberlegungen in diesem Zusammenhang waren:&nbsp;<\/p>\n\n\n\n<ol class=\"wp-block-list\"><li>Ob die B\u00f6rse OTC-Handel anbietet oder nicht&nbsp;<\/li><li>Was war das Mindestauftragslimit f\u00fcr den OTC-Handelsschalter?<\/li><li>Das Niveau der Wettbewerbsf\u00e4higkeit der OTC-Preise im Vergleich zu anderen B\u00f6rsen&nbsp;<\/li><li>Ob ein dedizierter OTC-Supportmitarbeiter bereitgestellt wurde&nbsp;<\/li><\/ol>\n\n\n\n<h3 class=\"wp-block-heading\">Sicherheit&nbsp;<\/h3>\n\n\n\n<p>Die mit einer Plattform verbundenen Sicherheitsma\u00dfnahmen machten auch einen gro\u00dfen Teil unserer Bewertung aus, als wir uns die Plattformfunktionen ansahen, und die wichtigsten Dinge, die wir ber\u00fccksichtigt haben, sind:&nbsp;<\/p>\n\n\n\n<ol class=\"wp-block-list\"><li>Ob die B\u00f6rse eine Zwei-Faktor-Authentifizierung f\u00fcr gr\u00f6\u00dfere Konto\u00e4nderungen und Abhebungen hatte&nbsp;<\/li><li>Ob der Umtausch versichert war oder nicht&nbsp;<\/li><li>Ob die B\u00f6rse einen Gro\u00dfteil ihres Verm\u00f6gens k\u00fchl gelagert hat<\/li><li>Die Geschichte der B\u00f6rse im Umgang mit Hacks und Verst\u00f6\u00dfen&nbsp;<\/li><li>Ob die B\u00f6rse \u00fcber ein robustes Compliance-System verf\u00fcgt, das darauf ausgelegt ist, betr\u00fcgerische Aktivit\u00e4ten zu erkennen und auszurotten&nbsp;<\/li><\/ol>\n\n\n\n<h3 class=\"wp-block-heading\">Auftragsarten&nbsp;<\/h3>\n\n\n\n<p>Die Anzahl der von der Plattform unterst\u00fctzten Ordertypen bildete ebenfalls eine wichtige Kategorie, die wir ber\u00fccksichtigt haben, da dies ein direkter Faktor daf\u00fcr ist, wie geeignet die B\u00f6rse f\u00fcr fortgeschrittene Anleger ist. Die B\u00f6rsen erhielten Bewertungen basierend darauf, ob sie verschiedene Auftragsarten unterst\u00fctzten oder nicht, wie z. B.:&nbsp;<\/p>\n\n\n\n<ol class=\"wp-block-list\"><li>Marktauftrag&nbsp;<\/li><li>Limit-Order&nbsp;<\/li><li>Auftrag stoppen&nbsp;<\/li><li>Limit-Stop-Order&nbsp;<\/li><\/ol>\n\n\n\n<h2 class=\"wp-block-heading\">Verordnung&nbsp;<\/h2>\n\n\n\n<p>Da die Zahl der Betr\u00fcgereien und Betr\u00fcgereien in der Kryptoindustrie zunimmt, suchen Investoren und H\u00e4ndler jetzt nach B\u00f6rsen, die sicherer sind, da sie von jeder Regulierungsbeh\u00f6rde auf der ganzen Welt reguliert werden. Daher war dies ein Teil unseres Bewertungsprozesses und machte 17% der Gesamtpunktzahl aus, die der B\u00f6rse gegeben wurde.&nbsp;<\/p>\n\n\n\n<p>Die gr\u00f6\u00dfte \u00dcberlegung war hier beispielsweise, ob die B\u00f6rse \u00fcberhaupt reguliert ist. Regulierte B\u00f6rsen erhielten eine h\u00f6here Punktzahl als nicht regulierte. Dar\u00fcber hinaus erhielten B\u00f6rsen, die von mehreren Beh\u00f6rden weltweit reguliert wurden, noch h\u00f6here Punktzahlen.&nbsp;<\/p>\n\n\n\n<h2 class=\"wp-block-heading\">Kundendienst&nbsp;<\/h2>\n\n\n\n<p>Der Kundensupport bildet ebenfalls einen wichtigen Teil des Bewertungsprozesses und macht 17% der Gesamtbewertung aus, die einer B\u00f6rse gegeben wird. Dazu sind 4 \u00dcberlegungen anzustellen:&nbsp;<\/p>\n\n\n\n<ul class=\"wp-block-list\"><li>Live-Chat-Dienst&nbsp;<\/li><li>Email Unterst\u00fctzung&nbsp;<\/li><li>Rufen Sie den Support an&nbsp;<\/li><li>FAQ-Bereiche&nbsp;<\/li><\/ul>\n\n\n\n<h3 class=\"wp-block-heading\">Live-Chat-Dienst&nbsp;<\/h3>\n\n\n\n<p>Das erste, was wir uns f\u00fcr jede Plattform angeschaut haben, war, ob sie einen Live-Chat-Dienst hatte oder nicht. F\u00fcr diejenigen, die dies taten, bestand der n\u00e4chste Schritt darin, zu analysieren, wie hilfreich dieser Dienst bei der L\u00f6sung von Benutzeranfragen war.&nbsp;<\/p>\n\n\n\n<p>Der Live-Chat-Dienst ist normalerweise die erste Verteidigungslinie f\u00fcr jede Plattform und sollte so ausgestattet sein, dass er die einfachsten Benutzeranfragen beantworten kann. Plattformen mit einem 24X7-Live-Chat-Dienst erzielten hier h\u00f6here Punktzahlen.&nbsp;<\/p>\n\n\n\n<h3 class=\"wp-block-heading\">Email Unterst\u00fctzung&nbsp;<\/h3>\n\n\n\n<p>Der E-Mail-Support, den eine Plattform anbietet, geh\u00f6rt normalerweise zu den wichtigsten \u00dcberlegungen, wenn es darum geht, wie effektiv der Kundenservice ist, und war daher ein wichtiger Bestandteil unseres Bewertungsprozesses.&nbsp;<\/p>\n\n\n\n<p>Wir haben uns hier zwei Faktoren angesehen:&nbsp;<\/p>\n\n\n\n<ol class=\"wp-block-list\"><li>Die Schnelligkeit der Antworten in Bezug auf die durchschnittlichen Bearbeitungszeiten, die f\u00fcr E-Mail-Anfragen beobachtet wurden.&nbsp;<\/li><li>Die Hilfsbereitschaft der Antworten, z. B. lieferten die Antworten klare L\u00f6sungen f\u00fcr die Probleme.<\/li><\/ol>\n\n\n\n<h3 class=\"wp-block-heading\">Rufen Sie den Support an&nbsp;<\/h3>\n\n\n\n<p>Die meisten B\u00f6rsen bieten keinen Anrufsupport an, und selbst diejenigen, die ihn nur zu bestimmten Zeiten w\u00e4hrend des Tages anbieten. In Anbetracht der 24x7-Natur des Kryptow\u00e4hrungsmarktes kann dies ein Problem sein, daher war das Hauptkriterium hier, ob die B\u00f6rse \u00fcber eine telefonische Support-Hotline verf\u00fcgt, die rund um die Uhr verf\u00fcgbar ist, um Kundenanfragen zu bearbeiten.&nbsp;<\/p>\n\n\n\n<p>Zu den weiteren \u00dcberlegungen geh\u00f6rten hier die Wartezeiten, um mit einem Vertreter zu sprechen, und die Hilfsbereitschaft der bereitgestellten Antworten und L\u00f6sungen.&nbsp;<\/p>\n\n\n\n<h3 class=\"wp-block-heading\">FAQ-Bereiche&nbsp;<\/h3>\n\n\n\n<p>Schlie\u00dflich haben wir uns die Website selbst angesehen, um zu sehen, ob sie eine FAQ-Seite hat, die h\u00e4ufig gestellte Fragen beantwortet, um den Supportprozess zu unterst\u00fctzen. B\u00f6rsen, die eine FAQ-Seite hatten, erzielten eine h\u00f6here Punktzahl als solche ohne.&nbsp;<\/p>\n\n\n\n<p>Dar\u00fcber hinaus haben wir uns bei den B\u00f6rsen, die eine hatten, die folgenden Faktoren angesehen:&nbsp;<\/p>\n\n\n\n<ol class=\"wp-block-list\"><li>Wie umfangreich die FAQ-Seiten waren&nbsp;<\/li><li>Wie oft sie aktualisiert wurden, um neue h\u00e4ufig gestellte Fragen widerzuspiegeln&nbsp;<\/li><li>Wie einfach sie zu navigieren waren&nbsp;<\/li><\/ol>\n\n\n\n<h2 class=\"wp-block-heading\">Zahlungsarten&nbsp;<\/h2>\n\n\n\n<p>Krypto-B\u00f6rsen sind in der Regel nicht auf ein einzelnes Land oder Domizil beschr\u00e4nkt und k\u00f6nnen von Benutzern auf der ganzen Welt aufgerufen werden. Daher ist es f\u00fcr sie wichtig, eine Vielzahl von Zahlungsmethoden zu unterst\u00fctzen, die Benutzer verwenden k\u00f6nnen, um auf einfache Weise Gelder von der B\u00f6rse hinzuzuf\u00fcgen und abzuheben. Wir haben uns einige der am h\u00e4ufigsten verwendeten Methoden angesehen und eine Bewertung vergeben, basierend darauf, ob die B\u00f6rse diese Zahlungsmethode nicht unterst\u00fctzt.&nbsp;<\/p>\n\n\n\n<p>Die Zahlungsmethoden, die wir in diesem Zusammenhang in Betracht gezogen haben, waren:&nbsp;<\/p>\n\n\n\n<ol class=\"wp-block-list\"><li>Bank\u00fcberweisungen oder \u00dcberweisungen&nbsp;<\/li><li>Kredit- oder Debitkartenzahlungen&nbsp;<\/li><li>Kryptow\u00e4hrungs-Wallet-Transfers&nbsp;<\/li><li>Elektronische Geldb\u00f6rsen-\u00dcberweisungen wie PayPal, Skrill und Neteller&nbsp;<\/li><li>Internationale \u00dcberweisungen&nbsp;<\/li><\/ol>\n\n\n\n<p>Dar\u00fcber hinaus haben wir uns auch die Anzahl der Fiat-W\u00e4hrungen angesehen, in denen die Plattform Ein- und Auszahlungen unterst\u00fctzt, und die B\u00f6rsen erhielten h\u00f6here Bewertungen f\u00fcr die Unterst\u00fctzung von mehr Fiat-W\u00e4hrungen.&nbsp;<\/p>","protected":false},"excerpt":{"rendered":"<p>Bewertungsmethodik Wenn Sie mit dem Handel oder der Investition in die Welt der Kryptow\u00e4hrungen beginnen m\u00f6chten, werden Sie m\u00f6glicherweise von der schieren Anzahl an B\u00f6rsen, die daf\u00fcr zur Verf\u00fcgung stehen, ziemlich eingesch\u00fcchtert. Die Wahl der richtigen B\u00f6rse ist ein wichtiger, aber oft \u00fcbersehener Teil davon, ein profitabler Trader\/Investor zu sein. Jeder Austausch ist nur geringf\u00fcgig anders [\u2026]<\/p>","protected":false},"author":9,"featured_media":0,"parent":0,"menu_order":0,"comment_status":"closed","ping_status":"closed","template":"","meta":{"_acf_changed":false,"_editorskit_title_hidden":false,"_editorskit_reading_time":8,"_editorskit_is_block_options_detached":false,"_editorskit_block_options_position":"{}","_uag_custom_page_level_css":"","footnotes":""},"class_list":["post-4838","page","type-page","status-publish","hentry"],"acf":[],"uagb_featured_image_src":{"full":false,"thumbnail":false,"medium":false,"medium_large":false,"large":false,"1536x1536":false,"2048x2048":false,"trp-custom-language-flag":false},"uagb_author_info":{"display_name":"Bob M","author_link":"https:\/\/bitcoinwisdom.com\/de\/author\/bob\/"},"uagb_comment_info":0,"uagb_excerpt":"Ratings Methodology If you\u2019re looking to begin trading or investing in the cryptocurrency world, you might find yourself being quite intimidated by the sheer number of exchanges that are available for the same. Choosing the right exchange is a major but often overlooked part of being a profitable trader\/investor. Each exchange is only slightly different&hellip;","_links":{"self":[{"href":"https:\/\/bitcoinwisdom.com\/de\/wp-json\/wp\/v2\/pages\/4838","targetHints":{"allow":["GET"]}}],"collection":[{"href":"https:\/\/bitcoinwisdom.com\/de\/wp-json\/wp\/v2\/pages"}],"about":[{"href":"https:\/\/bitcoinwisdom.com\/de\/wp-json\/wp\/v2\/types\/page"}],"author":[{"embeddable":true,"href":"https:\/\/bitcoinwisdom.com\/de\/wp-json\/wp\/v2\/users\/9"}],"replies":[{"embeddable":true,"href":"https:\/\/bitcoinwisdom.com\/de\/wp-json\/wp\/v2\/comments?post=4838"}],"version-history":[{"count":0,"href":"https:\/\/bitcoinwisdom.com\/de\/wp-json\/wp\/v2\/pages\/4838\/revisions"}],"wp:attachment":[{"href":"https:\/\/bitcoinwisdom.com\/de\/wp-json\/wp\/v2\/media?parent=4838"}],"curies":[{"name":"wp","href":"https:\/\/api.w.org\/{rel}","templated":true}]}}