{"id":4842,"date":"2022-06-07T19:13:55","date_gmt":"2022-06-08T02:13:55","guid":{"rendered":"https:\/\/bitcoinwisdom.com\/?page_id=4842"},"modified":"2022-06-27T02:05:01","modified_gmt":"2022-06-27T02:05:01","slug":"editorial-policy","status":"publish","type":"page","link":"https:\/\/bitcoinwisdom.com\/de\/editorial-policy\/","title":{"rendered":"Redaktionelle Richtlinien"},"content":{"rendered":"<h1 class=\"wp-block-heading\">Redaktionelle Richtlinien<\/h1>\n\n\n\n<p>Bei Bitcoin Wisdom besteht die oberste Priorit\u00e4t darin, sicherzustellen, dass H\u00e4ndler und Investoren fundiertere Investitionsentscheidungen treffen k\u00f6nnen. Aus diesem Grund verpflichten wir uns zu vollst\u00e4ndiger Transparenz, einschlie\u00dflich der Weitergabe der <a href=\"https:\/\/bitcoinwisdom.com\/de\/ratings-methodology\/\" class=\"ek-link\">Bewertungsmethodik<\/a> wir stellen an. Die Welt der Kryptow\u00e4hrungen ist riesig und verwirrend, und wir sind hier, um sie weniger zu machen, damit Sie Entscheidungen mit mehr Klarheit treffen k\u00f6nnen.&nbsp;<\/p>\n\n\n\n<h2 class=\"wp-block-heading\">Unsere Vision&nbsp;<\/h2>\n\n\n\n<p>Bitcoin Wisdom wurde 2013 gegr\u00fcndet und ist bestrebt, informative und genaue Bitcoin-Nachrichten, Preisprognosen, Anlageleitf\u00e4den und B\u00f6rsenbewertungen bereitzustellen.<\/p>\n\n\n\n<h2 class=\"wp-block-heading\">Unsere Aufgabe&nbsp;<\/h2>\n\n\n\n<p>Wir haben ein Team von engagierten Personen, die sich daf\u00fcr einsetzen, Ihnen beim Erlernen der Grundlagen der Kryptow\u00e4hrung zu helfen. Die Hauptaufgabe unseres Teams besteht darin, sicherzustellen, dass Sie auf die einfachste Art und Weise Zugang zu den Finanzm\u00e4rkten erhalten. Mit Hilfe unserer Partner haben wir es uns zur Aufgabe gemacht, mit den grenzenlosen M\u00f6glichkeiten, die der Kryptomarkt bietet, Teil Ihrer Reise zur finanziellen Unabh\u00e4ngigkeit zu sein.<\/p>\n\n\n\n<h2 class=\"wp-block-heading\">Redaktionelle Richtlinien&nbsp;<\/h2>\n\n\n\n<p>Unser <a href=\"https:\/\/bitcoinwisdom.com\/de\/about\/\" class=\"ek-link\">Mannschaft<\/a> ist bestrebt, genaue und umsetzbare Inhalte zu erstellen, die den Lesern helfen k\u00f6nnen, fundierte Finanzentscheidungen zu treffen. Wir wahren auch den Wert der Transparenz nach h\u00f6chsten Standards und stellen sicher, dass Ihre redaktionellen Richtlinien und Einnahmesysteme ver\u00f6ffentlicht werden. Alle vom Team befolgten Praktiken werden von redaktionellen Grunds\u00e4tzen geleitet, und jede Textzeile, die wir schreiben, wird auf Fakten \u00fcberpr\u00fcft, um sicherzustellen, dass alle Fehler umgehend entfernt werden.&nbsp;<\/p>\n\n\n\n<p>Au\u00dferdem legen wir gro\u00dfen Wert auf redaktionelle Unabh\u00e4ngigkeit. Alle Bewertungen, Artikel und Empfehlungen, die wir abgeben, werden in keiner Weise von unseren Partnern beeinflusst, sei es innerhalb oder au\u00dferhalb der Organisation. Unser Prozess des Geldverdienens ist ebenfalls transparent und kann hier eingesehen werden.&nbsp;<\/p>\n\n\n\n<p>Unser Redaktionsteam spiegelt wider, dass unser Publikum sehr vielf\u00e4ltig ist und verschiedenen Regionen und wirtschaftlichen Hintergr\u00fcnden angeh\u00f6rt. Daher spiegeln unsere Bewertungen und Empfehlungen dies wider und erm\u00f6glichen es uns, mit unserer Leserschaft in Kontakt zu treten und ihnen die f\u00fcr ihre Situation am relevantesten Ratschl\u00e4ge zu geben.&nbsp;<\/p>\n\n\n\n<h2 class=\"wp-block-heading\">Schl\u00fcsselprinzipien&nbsp;<\/h2>\n\n\n\n<ul class=\"wp-block-list\"><li>Alle Mitglieder der Finanz- und Kryptow\u00e4hrungsm\u00e4rkte sind den h\u00f6chsten Informationsstandards verpflichtet und haben Anspruch auf ausgewogene, genaue und vollst\u00e4ndige Informationen.&nbsp;<\/li><li>Alle Mitglieder des Marktes verdienen wirtschaftliche Gerechtigkeit, und es ist uns wichtig, dass unsere Inhalte dazu beitragen, dieses Ziel zu erreichen.&nbsp;<\/li><li>Alle Informationsquellen, die wir f\u00fcr unsere Inhalte verwenden, sind vielf\u00e4ltig, um ein h\u00f6heres Ma\u00df an Genauigkeit zu gew\u00e4hrleisten. Wir st\u00fctzen unsere Meinungen auf Experten, die die Meinungen und Fragen unterschiedlicher und unterrepr\u00e4sentierter Personengruppen widerspiegeln.&nbsp;<\/li><li>Wir sind bestrebt, bei allen unseren Bewertungen Objektivit\u00e4t zu gew\u00e4hrleisten, und lassen unsere Meinungen und Analysen nicht von Gesch\u00e4ftspartnern beeinflussen, die wir m\u00f6glicherweise haben. Unsere Inhalte bieten eine kritische Analyse der verschiedenen Optionen, die Benutzern auf dem Markt zur Verf\u00fcgung stehen, und bef\u00e4higen sie, fundiertere Entscheidungen zu treffen.&nbsp;<\/li><\/ul>\n\n\n\n<h2 class=\"wp-block-heading\">Redaktionelle Unabh\u00e4ngigkeit<\/h2>\n\n\n\n<ul class=\"wp-block-list\"><li>Unser Redaktionsteam, bestehend aus Autoren, Redakteuren und Faktenpr\u00fcfern, ist ausschlie\u00dflich f\u00fcr die Erstellung aller von uns ver\u00f6ffentlichten redaktionellen Inhalte verantwortlich. Dazu geh\u00f6ren alle Bewertungen, Vorhersagen oder Vergleiche, die wir ver\u00f6ffentlichen.&nbsp;<\/li><li>Alle Standpunkte, die wir pr\u00e4sentieren, basieren auf Fakten, die durch unabh\u00e4ngige Forschung und Analyse gesammelt wurden. Wir vergleichen jedes Produkt, das wir \u00fcberpr\u00fcfen, mit anderen \u00e4hnlichen Produkten auf dem Markt, um einen fundierteren Vergleich zu erhalten, und geben Meinungen ab, die ausschlie\u00dflich auf den Funktionen und Dienstleistungen des Produkts selbst basieren.&nbsp;<\/li><li>Unsere Entscheidungen dar\u00fcber, welche Bewertung wir Produkten geben und ob wir positiv \u00fcber ein Produkt sprechen oder nicht, werden in keiner Weise von unseren Gesch\u00e4ftspartnern beeinflusst.&nbsp;<\/li><li>Unsere Autoren und Redakteure werden nicht direkt durch Werbung oder von unseren Partnern verg\u00fctet, wodurch sichergestellt wird, dass diesbez\u00fcglich kein Interessenkonflikt besteht.&nbsp;<\/li><li>Die Leistungsanalysen und Bewertungen der Qualit\u00e4t unserer Artikel und des Redaktionsteams werden nicht von unseren Gesch\u00e4ftspartnern oder der Gunst ihrer Bewertungen beeinflusst.&nbsp;<\/li><\/ul>\n\n\n\n<h2 class=\"wp-block-heading\">Faktenpr\u00fcfung und Berichtigung<\/h2>\n\n\n\n<ul class=\"wp-block-list\"><li>Alle Inhalte, die wir \u00fcber die Plattform ver\u00f6ffentlichen, werden auf Fakten \u00fcberpr\u00fcft, um sicherzustellen, dass alle pr\u00e4sentierten Informationen korrekt und aktuell sind. Zum Zeitpunkt der Ver\u00f6ffentlichung des Artikels sollten alle darin enthaltenen Informationen korrekt sein.&nbsp;<\/li><li>Alle unsere Inhalte durchlaufen einen umfassenden Prozess, an dem Autoren, Redakteure und Lektoren beteiligt sind, die pr\u00fcfen, ob alle Inhalte sachlich korrekt sind.&nbsp;<\/li><li>Die einzigen Hauptquellen, die von den Autoren bei der Erstellung von Artikeln verwendet werden, sind prim\u00e4re und ma\u00dfgebliche Quellen wie Interviews sowie Regierungs- und Industrie-Websites.&nbsp;<\/li><li>Wann immer wir versehentlich einen Fehler machen, ver\u00f6ffentlichen wir eine Korrektur im Artikel und weisen darauf hin, wo der Fehler gemacht wurde und was die richtigen Informationen sind.<\/li><\/ul>\n\n\n\n<p>Wenn Sie mit unserem Redaktionsteam in Kontakt treten m\u00f6chten, wenden Sie sich bitte an <a href=\"mailto:editorial@bitcoinwisdom.com\" class=\"ek-link\">redaktionell@bitcoinwisdom.com<\/a><\/p>","protected":false},"excerpt":{"rendered":"<p>Redaktionelle Richtlinie Bei Bitcoin Wisdom besteht die oberste Priorit\u00e4t darin, sicherzustellen, dass H\u00e4ndler und Investoren fundiertere Investitionsentscheidungen treffen k\u00f6nnen. Aus diesem Grund verpflichten wir uns zu vollst\u00e4ndiger Transparenz, einschlie\u00dflich der Weitergabe der von uns verwendeten Bewertungsmethodik. Die Welt der Kryptow\u00e4hrungen ist riesig und verwirrend, und wir sind hier, um sie weniger zu machen, [\u2026]<\/p>","protected":false},"author":9,"featured_media":0,"parent":0,"menu_order":0,"comment_status":"closed","ping_status":"closed","template":"","meta":{"_acf_changed":false,"_editorskit_title_hidden":false,"_editorskit_reading_time":0,"_editorskit_is_block_options_detached":false,"_editorskit_block_options_position":"{}","_uag_custom_page_level_css":"","footnotes":""},"class_list":["post-4842","page","type-page","status-publish","hentry"],"acf":[],"uagb_featured_image_src":{"full":false,"thumbnail":false,"medium":false,"medium_large":false,"large":false,"1536x1536":false,"2048x2048":false,"trp-custom-language-flag":false},"uagb_author_info":{"display_name":"Bob M","author_link":"https:\/\/bitcoinwisdom.com\/de\/author\/bob\/"},"uagb_comment_info":0,"uagb_excerpt":"Editorial Policy At Bitcoin Wisdom, the number one priority is to ensure that traders and investors can make better informed investing decisions. This is why we are committed to complete transparency, including sharing the rating methodology we employ. The world of cryptocurrencies is vast and confusing, and we are here to make it less so,&hellip;","_links":{"self":[{"href":"https:\/\/bitcoinwisdom.com\/de\/wp-json\/wp\/v2\/pages\/4842","targetHints":{"allow":["GET"]}}],"collection":[{"href":"https:\/\/bitcoinwisdom.com\/de\/wp-json\/wp\/v2\/pages"}],"about":[{"href":"https:\/\/bitcoinwisdom.com\/de\/wp-json\/wp\/v2\/types\/page"}],"author":[{"embeddable":true,"href":"https:\/\/bitcoinwisdom.com\/de\/wp-json\/wp\/v2\/users\/9"}],"replies":[{"embeddable":true,"href":"https:\/\/bitcoinwisdom.com\/de\/wp-json\/wp\/v2\/comments?post=4842"}],"version-history":[{"count":0,"href":"https:\/\/bitcoinwisdom.com\/de\/wp-json\/wp\/v2\/pages\/4842\/revisions"}],"wp:attachment":[{"href":"https:\/\/bitcoinwisdom.com\/de\/wp-json\/wp\/v2\/media?parent=4842"}],"curies":[{"name":"wp","href":"https:\/\/api.w.org\/{rel}","templated":true}]}}