{"id":534,"date":"2022-03-21T22:07:11","date_gmt":"2022-03-22T05:07:11","guid":{"rendered":"https:\/\/bitcoinwisdom.com\/?page_id=534"},"modified":"2022-05-29T22:06:27","modified_gmt":"2022-05-30T05:06:27","slug":"privacy-policy","status":"publish","type":"page","link":"https:\/\/bitcoinwisdom.com\/de\/privacy-policy\/","title":{"rendered":"Datenschutz-Bestimmungen"},"content":{"rendered":"<h1 class=\"wp-block-heading\">Datenschutz-Bestimmungen<\/h1>\n\n\n\n<p>Diese Datenschutzrichtlinie beschreibt unsere Richtlinien und Verfahren zur Erfassung, Verwendung und Offenlegung Ihrer Daten bei der Nutzung des Dienstes und informiert Sie \u00fcber Ihre Datenschutzrechte und dar\u00fcber, wie das Gesetz Sie sch\u00fctzt.<\/p>\n\n\n\n<p>Wir verwenden Ihre personenbezogenen Daten, um den Service bereitzustellen und zu verbessern. Durch die Nutzung des Dienstes stimmen Sie der Erfassung und Nutzung von Informationen gem\u00e4\u00df dieser Datenschutzrichtlinie zu.<\/p>\n\n\n\n<h2 class=\"wp-block-heading\" id=\"h-interpretation-and-definitions\">Interpretation und Definitionen<\/h2>\n\n\n\n<h3 class=\"wp-block-heading\" id=\"h-interpretation\">Deutung<\/h3>\n\n\n\n<p>Die W\u00f6rter, deren Anfangsbuchstabe gro\u00dfgeschrieben wird, haben Bedeutungen, die unter den folgenden Bedingungen definiert sind. Die folgenden Definitionen haben die gleiche Bedeutung, unabh\u00e4ngig davon, ob sie im Singular oder im Plural erscheinen.<\/p>\n\n\n\n<h3 class=\"wp-block-heading\" id=\"h-definitions\">Definitionen<\/h3>\n\n\n\n<p>F\u00fcr die Zwecke dieser Datenschutzrichtlinie:<\/p>\n\n\n\n<ul class=\"wp-block-list\"><li><strong>Konto<\/strong>&nbsp;bedeutet ein einzigartiges Konto, das f\u00fcr Sie erstellt wurde, um auf unseren Dienst oder Teile unseres Dienstes zuzugreifen.<\/li><li><strong>Gesellschaft<\/strong>&nbsp;(in dieser Vereinbarung entweder als \u201edas Unternehmen\u201c, \u201ewir\u201c, \u201euns\u201c oder \u201eunser\u201c bezeichnet) bezieht sich auf relex.io.<\/li><li><strong>Kekse<\/strong>&nbsp;sind kleine Dateien, die von einer Website auf Ihrem Computer, Mobilger\u00e4t oder einem anderen Ger\u00e4t abgelegt werden und unter anderem die Details Ihres Browserverlaufs auf dieser Website enthalten.<\/li><li><strong>Land<\/strong>&nbsp;bezieht sich auf: Berlin, Deutschland<\/li><li><strong>Ger\u00e4t<\/strong>&nbsp;bedeutet jedes Ger\u00e4t, das auf den Dienst zugreifen kann, wie z. B. ein Computer, ein Mobiltelefon oder ein digitales Tablet.<\/li><li><strong>Pers\u00f6nliche Daten<\/strong>&nbsp;sind alle Informationen, die sich auf eine identifizierte oder identifizierbare Person beziehen.<\/li><li><strong>Service<\/strong>&nbsp;verweist auf die Website.<\/li><li><strong>Dienstleister<\/strong>&nbsp;bezeichnet jede nat\u00fcrliche oder juristische Person, die die Daten im Auftrag des Unternehmens verarbeitet. Es bezieht sich auf Drittunternehmen oder Personen, die vom Unternehmen besch\u00e4ftigt werden, um den Service zu erleichtern, den Service im Namen des Unternehmens bereitzustellen, Dienstleistungen im Zusammenhang mit dem Service zu erbringen oder das Unternehmen bei der Analyse der Nutzung des Service zu unterst\u00fctzen.<\/li><li><strong>Nutzungsdaten<\/strong>&nbsp;bezieht sich auf automatisch gesammelte Daten, die entweder durch die Nutzung des Dienstes oder von der Dienstinfrastruktur selbst generiert werden (z. B. die Dauer eines Seitenbesuchs).<\/li><li><strong>Du<\/strong>&nbsp;bezeichnet die Person, die auf den Dienst zugreift oder ihn nutzt, oder das Unternehmen oder eine andere juristische Person, in deren Namen diese Person auf den Dienst zugreift oder ihn nutzt, je nachdem, was zutrifft.<\/li><\/ul>\n\n\n\n<h2 class=\"wp-block-heading\" id=\"h-collecting-and-using-your-personal-data\">Erhebung und Verwendung Ihrer personenbezogenen Daten<\/h2>\n\n\n\n<h3 class=\"wp-block-heading\" id=\"h-types-of-data-collected\">Arten der erfassten Daten<\/h3>\n\n\n\n<h4 class=\"wp-block-heading\" id=\"h-personal-data\">Pers\u00f6nliche Daten<\/h4>\n\n\n\n<p>W\u00e4hrend der Nutzung unseres Dienstes k\u00f6nnen wir Sie bitten, uns bestimmte personenbezogene Daten zur Verf\u00fcgung zu stellen, die verwendet werden k\u00f6nnen, um Sie zu kontaktieren oder zu identifizieren. Pers\u00f6nlich identifizierbare Informationen k\u00f6nnen beinhalten, sind aber nicht beschr\u00e4nkt auf:<\/p>\n\n\n\n<ul class=\"wp-block-list\"><li>Nutzungsdaten<\/li><\/ul>\n\n\n\n<h4 class=\"wp-block-heading\" id=\"h-usage-data\">Nutzungsdaten<\/h4>\n\n\n\n<p>Nutzungsdaten werden bei der Nutzung des Dienstes automatisch erhoben.<\/p>\n\n\n\n<p>Nutzungsdaten k\u00f6nnen Informationen wie die Internetprotokolladresse Ihres Ger\u00e4ts (z. B. IP-Adresse), Browsertyp, Browserversion, die Seiten unseres Dienstes, die Sie besuchen, die Uhrzeit und das Datum Ihres Besuchs, die auf diesen Seiten verbrachte Zeit, das einzelne Ger\u00e4t enthalten Kennungen und andere diagnostische Daten.<\/p>\n\n\n\n<p>Wenn Sie mit oder \u00fcber ein mobiles Ger\u00e4t auf den Dienst zugreifen, k\u00f6nnen wir bestimmte Informationen automatisch erfassen, einschlie\u00dflich, aber nicht beschr\u00e4nkt auf den Typ des von Ihnen verwendeten mobilen Ger\u00e4ts, die eindeutige ID Ihres mobilen Ger\u00e4ts, die IP-Adresse Ihres mobilen Ger\u00e4ts, Ihr Mobiltelefon Betriebssystem, die Art des von Ihnen verwendeten mobilen Internetbrowsers, eindeutige Ger\u00e4tekennungen und andere Diagnosedaten.<\/p>\n\n\n\n<p>Wir k\u00f6nnen auch Informationen sammeln, die Ihr Browser sendet, wenn Sie unseren Service besuchen oder wenn Sie \u00fcber ein mobiles Ger\u00e4t oder \u00fcber ein mobiles Ger\u00e4t auf den Service zugreifen.<\/p>\n\n\n\n<h4 class=\"wp-block-heading\" id=\"h-tracking-technologies-and-cookies\">Tracking-Technologien und Cookies<\/h4>\n\n\n\n<p>Wir verwenden Cookies und \u00e4hnliche Tracking-Technologien, um die Aktivit\u00e4ten auf unserem Service zu verfolgen und bestimmte Informationen zu speichern. Verwendete Tracking-Technologien sind Beacons, Tags und Skripte, um Informationen zu sammeln und zu verfolgen und unseren Service zu verbessern und zu analysieren. Zu den von uns verwendeten Technologien k\u00f6nnen geh\u00f6ren:<\/p>\n\n\n\n<ul class=\"wp-block-list\"><li><strong>Cookies oder Browser-Cookies.<\/strong>&nbsp;Ein Cookie ist eine kleine Datei, die auf Ihrem Ger\u00e4t abgelegt wird. Sie k\u00f6nnen Ihren Browser anweisen, alle Cookies abzulehnen oder anzuzeigen, wenn ein Cookie gesendet wird. Wenn Sie jedoch keine Cookies akzeptieren, k\u00f6nnen Sie m\u00f6glicherweise einige Teile unseres Dienstes nicht nutzen. Sofern Sie Ihren Browser nicht so eingestellt haben, dass er Cookies ablehnt, kann unser Service Cookies verwenden.<\/li><li><strong>Web-Beacons.<\/strong>&nbsp;Bestimmte Bereiche unseres Dienstes und unserer E-Mails k\u00f6nnen kleine elektronische Dateien enthalten, die als Web-Beacons (auch als Clear GIFs, Pixel-Tags und Single-Pixel-GIFs bezeichnet) bekannt sind und es dem Unternehmen beispielsweise erm\u00f6glichen, Benutzer zu z\u00e4hlen, die diese Seiten besucht haben oder eine E-Mail ge\u00f6ffnet haben und f\u00fcr andere verwandte Website-Statistiken (z. B. Aufzeichnung der Popularit\u00e4t eines bestimmten Abschnitts und \u00dcberpr\u00fcfung der System- und Serverintegrit\u00e4t).<\/li><\/ul>\n\n\n\n<p>Cookies k\u00f6nnen \u201edauerhafte\u201c oder \u201eSitzungs\u201c-Cookies sein. Permanente Cookies verbleiben auf Ihrem PC oder Mobilger\u00e4t, wenn Sie offline gehen, w\u00e4hrend Sitzungscookies gel\u00f6scht werden, sobald Sie Ihren Webbrowser schlie\u00dfen.<\/p>\n\n\n\n<ul class=\"wp-block-list\"><li><strong>Notwendige \/ Wesentliche Cookies<\/strong>Typ: SitzungscookiesVerwaltet von: UsZweck: Diese Cookies sind unerl\u00e4sslich, um Ihnen die \u00fcber die Website verf\u00fcgbaren Dienste bereitzustellen und Ihnen die Nutzung einiger ihrer Funktionen zu erm\u00f6glichen. Sie helfen dabei, Benutzer zu authentifizieren und eine betr\u00fcgerische Verwendung von Benutzerkonten zu verhindern. Ohne diese Cookies k\u00f6nnen die von Ihnen angeforderten Dienste nicht bereitgestellt werden, und wir verwenden diese Cookies nur, um Ihnen diese Dienste bereitzustellen.<\/li><li><strong>Cookie-Richtlinie \/ Hinweis zur Annahme von Cookies<\/strong>Typ: Persistente CookiesVerwaltet von: UsZweck: Diese Cookies identifizieren, ob Benutzer der Verwendung von Cookies auf der Website zugestimmt haben.<\/li><li><strong>Funktionalit\u00e4ts-Cookies<\/strong>Typ: Persistente CookiesVerwaltet von: UnsZweck: Diese Cookies erm\u00f6glichen es uns, Entscheidungen zu speichern, die Sie treffen, wenn Sie die Website nutzen, wie z. B. das Speichern Ihrer Anmeldedaten oder Spracheinstellungen. Der Zweck dieser Cookies besteht darin, Ihnen ein pers\u00f6nlicheres Erlebnis zu bieten und zu vermeiden, dass Sie Ihre Einstellungen jedes Mal erneut eingeben m\u00fcssen, wenn Sie die Website nutzen.<\/li><\/ul>\n\n\n\n<p>Weitere Informationen zu den von uns verwendeten Cookies und Ihren Auswahlm\u00f6glichkeiten in Bezug auf Cookies finden Sie in unserer Cookie-Richtlinie oder im Abschnitt Cookies unserer Datenschutzrichtlinie.<\/p>\n\n\n\n<h2 class=\"wp-block-heading\" id=\"h-use-of-your-personal-data\">Verwendung Ihrer personenbezogenen Daten<\/h2>\n\n\n\n<p>Das Unternehmen kann personenbezogene Daten f\u00fcr die folgenden Zwecke verwenden:<\/p>\n\n\n\n<ul class=\"wp-block-list\"><li><strong>Zur Bereitstellung und Wartung unseres Dienstes<\/strong>, einschlie\u00dflich zur \u00dcberwachung der Nutzung unseres Dienstes.<\/li><li><strong>So verwalten Sie Ihr Konto:<\/strong>&nbsp;um Ihre Registrierung als Benutzer des Dienstes zu verwalten. Die von Ihnen bereitgestellten personenbezogenen Daten k\u00f6nnen Ihnen Zugriff auf verschiedene Funktionen des Dienstes geben, die Ihnen als registrierter Benutzer zur Verf\u00fcgung stehen.<\/li><li><strong>Zur Erf\u00fcllung eines Vertrages:<\/strong>&nbsp;die Entwicklung, Einhaltung und Durchf\u00fchrung des Kaufvertrags f\u00fcr die Produkte, Artikel oder Dienstleistungen, die Sie gekauft haben, oder eines anderen Vertrages mit uns \u00fcber den Dienst.<\/li><li><strong>Dich kontaktieren:<\/strong>&nbsp;Um Sie per E-Mail, Telefonanrufen, SMS oder anderen gleichwertigen Formen der elektronischen Kommunikation zu kontaktieren, wie z. B. Push-Benachrichtigungen einer mobilen Anwendung \u00fcber Updates oder informative Mitteilungen in Bezug auf die Funktionen, Produkte oder vertraglich vereinbarten Dienstleistungen, einschlie\u00dflich der Sicherheitsupdates, wenn dies erforderlich oder angemessen ist f\u00fcr ihre Umsetzung.<\/li><li><strong>Um Ihnen zur Verf\u00fcgung zu stellen<\/strong>&nbsp;mit Neuigkeiten, Sonderangeboten und allgemeinen Informationen \u00fcber andere Waren, Dienstleistungen und Veranstaltungen, die wir anbieten und die denen \u00e4hneln, die Sie bereits gekauft oder nach denen Sie sich erkundigt haben, es sei denn, Sie haben sich entschieden, solche Informationen nicht zu erhalten.<\/li><li><strong>So verwalten Sie Ihre Anfragen:<\/strong>&nbsp;Um Ihre Anfragen an uns zu bearbeiten und zu verwalten.<\/li><li><strong>Bei Gesch\u00e4fts\u00fcbergabe:<\/strong>&nbsp;Wir k\u00f6nnen Ihre Informationen verwenden, um eine Fusion, Ver\u00e4u\u00dferung, Umstrukturierung, Reorganisation, Aufl\u00f6sung oder einen anderen Verkauf oder eine \u00dcbertragung einiger oder aller unserer Verm\u00f6genswerte zu bewerten oder durchzuf\u00fchren, sei es als Unternehmensfortf\u00fchrung oder als Teil eines Konkurses, einer Liquidation oder eines \u00e4hnlichen Verfahrens. in denen personenbezogene Daten, die wir \u00fcber unsere Servicebenutzer gespeichert haben, zu den \u00fcbertragenen Verm\u00f6genswerten geh\u00f6ren.<\/li><li><strong>F\u00fcr andere Zwecke<\/strong>: Wir k\u00f6nnen Ihre Informationen f\u00fcr andere Zwecke verwenden, z. B. zur Datenanalyse, zur Ermittlung von Nutzungstrends, zur Bestimmung der Wirksamkeit unserer Werbekampagnen und zur Bewertung und Verbesserung unseres Dienstes, unserer Produkte, Dienstleistungen, unseres Marketings und Ihrer Erfahrung.<\/li><\/ul>\n\n\n\n<p>Wir k\u00f6nnen Ihre personenbezogenen Daten in den folgenden Situationen weitergeben:<\/p>\n\n\n\n<ul class=\"wp-block-list\"><li><strong>Mit Dienstleistern:<\/strong>&nbsp;Wir k\u00f6nnen Ihre personenbezogenen Daten an Dienstleister weitergeben, um die Nutzung unseres Dienstes zu \u00fcberwachen und zu analysieren, um Sie zu kontaktieren.<\/li><li><strong>Bei Gesch\u00e4fts\u00fcbergabe:<\/strong>&nbsp;Wir k\u00f6nnen Ihre personenbezogenen Daten im Zusammenhang mit oder w\u00e4hrend Verhandlungen \u00fcber eine Fusion, den Verkauf von Unternehmensverm\u00f6gen, die Finanzierung oder den Erwerb unseres gesamten oder eines Teils unseres Gesch\u00e4fts an ein anderes Unternehmen weitergeben oder \u00fcbertragen.<\/li><li><strong>Mit Affiliates:<\/strong>&nbsp;Wir k\u00f6nnen Ihre Daten an unsere verbundenen Unternehmen weitergeben, in diesem Fall werden wir von diesen verbundenen Unternehmen verlangen, diese Datenschutzrichtlinie einzuhalten. Verbundene Unternehmen umfassen unsere Muttergesellschaft und alle anderen Tochtergesellschaften, Joint-Venture-Partner oder andere Unternehmen, die wir kontrollieren oder die unter gemeinsamer Kontrolle mit uns stehen.<\/li><li><strong>Mit Gesch\u00e4ftspartnern:<\/strong>&nbsp;Wir k\u00f6nnen Ihre Informationen an unsere Gesch\u00e4ftspartner weitergeben, um Ihnen bestimmte Produkte, Dienstleistungen oder Werbeaktionen anzubieten.<\/li><li><strong>Mit anderen Benutzern:<\/strong>&nbsp;Wenn Sie pers\u00f6nliche Informationen teilen oder anderweitig in den \u00f6ffentlichen Bereichen mit anderen Benutzern interagieren, k\u00f6nnen diese Informationen von allen Benutzern eingesehen und \u00f6ffentlich nach au\u00dfen verbreitet werden.<\/li><li><strong>Mit Ihrer Zustimmung<\/strong>: Wir k\u00f6nnen Ihre personenbezogenen Daten mit Ihrer Zustimmung f\u00fcr andere Zwecke offenlegen.<\/li><\/ul>\n\n\n\n<h2 class=\"wp-block-heading\" id=\"h-retention-of-your-personal-data\">Aufbewahrung Ihrer personenbezogenen Daten<\/h2>\n\n\n\n<p>Das Unternehmen speichert Ihre personenbezogenen Daten nur so lange, wie dies f\u00fcr die in dieser Datenschutzrichtlinie dargelegten Zwecke erforderlich ist. Wir speichern und verwenden Ihre personenbezogenen Daten in dem Umfang, der erforderlich ist, um unseren gesetzlichen Verpflichtungen nachzukommen (z. B. wenn wir verpflichtet sind, Ihre Daten zur Einhaltung geltender Gesetze aufzubewahren), Streitigkeiten beizulegen und unsere gesetzlichen Vereinbarungen und Richtlinien durchzusetzen.<\/p>\n\n\n\n<p>Das Unternehmen speichert Nutzungsdaten auch f\u00fcr interne Analysezwecke. Nutzungsdaten werden im Allgemeinen f\u00fcr einen k\u00fcrzeren Zeitraum aufbewahrt, au\u00dfer wenn diese Daten zur Erh\u00f6hung der Sicherheit oder zur Verbesserung der Funktionalit\u00e4t unseres Dienstes verwendet werden oder wir gesetzlich verpflichtet sind, diese Daten f\u00fcr l\u00e4ngere Zeitr\u00e4ume aufzubewahren.<\/p>\n\n\n\n<h2 class=\"wp-block-heading\" id=\"h-transfer-of-your-personal-data\">\u00dcbermittlung Ihrer personenbezogenen Daten<\/h2>\n\n\n\n<p>Ihre Informationen, einschlie\u00dflich personenbezogener Daten, werden in den Betriebsb\u00fcros des Unternehmens und an allen anderen Orten verarbeitet, an denen sich die an der Verarbeitung beteiligten Parteien befinden. Dies bedeutet, dass diese Informationen an Computer au\u00dferhalb Ihres Staates, Ihrer Provinz, Ihres Landes oder einer anderen staatlichen Gerichtsbarkeit \u00fcbertragen und dort gespeichert werden k\u00f6nnen, wo die Datenschutzgesetze von denen Ihrer Gerichtsbarkeit abweichen k\u00f6nnen.<\/p>\n\n\n\n<p>Ihre Zustimmung zu dieser Datenschutzrichtlinie, gefolgt von Ihrer \u00dcbermittlung dieser Informationen, stellt Ihre Zustimmung zu dieser \u00dcbertragung dar.<\/p>\n\n\n\n<p>Das Unternehmen wird alle vern\u00fcnftigerweise notwendigen Schritte unternehmen, um sicherzustellen, dass Ihre Daten sicher und in \u00dcbereinstimmung mit dieser Datenschutzrichtlinie behandelt werden, und es findet keine \u00dcbertragung Ihrer personenbezogenen Daten an eine Organisation oder ein Land statt, es sei denn, es sind angemessene Kontrollen vorhanden, einschlie\u00dflich der Sicherheit von Ihre Daten und andere pers\u00f6nliche Informationen.<\/p>\n\n\n\n<h2 class=\"wp-block-heading\" id=\"h-disclosure-of-your-personal-data\">Offenlegung Ihrer personenbezogenen Daten<\/h2>\n\n\n\n<h3 class=\"wp-block-heading\" id=\"h-business-transactions\">Gesch\u00e4ftliche Transaktionen<\/h3>\n\n\n\n<p>Wenn das Unternehmen an einer Fusion, \u00dcbernahme oder einem Verkauf von Verm\u00f6genswerten beteiligt ist, k\u00f6nnen Ihre personenbezogenen Daten \u00fcbertragen werden. Wir werden Sie benachrichtigen, bevor Ihre personenbezogenen Daten \u00fcbertragen werden und einer anderen Datenschutzrichtlinie unterliegen.<\/p>\n\n\n\n<h3 class=\"wp-block-heading\" id=\"h-law-enforcement\">Strafverfolgung<\/h3>\n\n\n\n<p>Unter bestimmten Umst\u00e4nden kann das Unternehmen verpflichtet sein, Ihre personenbezogenen Daten offenzulegen, wenn dies gesetzlich vorgeschrieben ist oder als Reaktion auf g\u00fcltige Anfragen von Beh\u00f6rden (z. B. einem Gericht oder einer Regierungsbeh\u00f6rde).<\/p>\n\n\n\n<h3 class=\"wp-block-heading\" id=\"h-other-legal-requirements\">Andere gesetzliche Anforderungen<\/h3>\n\n\n\n<p>Das Unternehmen kann Ihre personenbezogenen Daten in gutem Glauben offenlegen, dass eine solche Ma\u00dfnahme erforderlich ist, um:<\/p>\n\n\n\n<ul class=\"wp-block-list\"><li>Einer gesetzlichen Verpflichtung nachkommen<\/li><li>Schutz und Verteidigung der Rechte oder des Eigentums des Unternehmens<\/li><li>Verhindern oder untersuchen Sie m\u00f6gliches Fehlverhalten im Zusammenhang mit dem Dienst<\/li><li>Sch\u00fctzen Sie die pers\u00f6nliche Sicherheit der Benutzer des Dienstes oder der \u00d6ffentlichkeit<\/li><li>Sch\u00fctzen Sie sich vor gesetzlicher Haftung<\/li><\/ul>\n\n\n\n<h2 class=\"wp-block-heading\" id=\"h-security-of-your-personal-data\">Sicherheit Ihrer pers\u00f6nlichen Daten<\/h2>\n\n\n\n<p>Die Sicherheit Ihrer personenbezogenen Daten ist uns wichtig, aber denken Sie daran, dass keine \u00dcbertragungsmethode \u00fcber das Internet oder elektronische Speichermethode 100%-sicher ist. Obwohl wir uns bem\u00fchen, kommerziell akzeptable Mittel zum Schutz Ihrer personenbezogenen Daten zu verwenden, k\u00f6nnen wir deren absolute Sicherheit nicht garantieren.<\/p>\n\n\n\n<h2 class=\"wp-block-heading\" id=\"h-children-s-privacy\">Datenschutz von Kindern<\/h2>\n\n\n\n<p>Unser Service richtet sich nicht an Personen unter 13 Jahren. Wir erfassen wissentlich keine personenbezogenen Daten von Personen unter 13 Jahren. Wenn Sie ein Elternteil oder Erziehungsberechtigter sind und wissen, dass Ihr Kind uns personenbezogene Daten zur Verf\u00fcgung gestellt hat, bitte kontaktiere uns. Wenn uns bekannt wird, dass wir personenbezogene Daten von Personen unter 13 Jahren ohne \u00dcberpr\u00fcfung der elterlichen Zustimmung gesammelt haben, ergreifen wir Ma\u00dfnahmen, um diese Informationen von unseren Servern zu entfernen.<\/p>\n\n\n\n<p>Wenn wir uns auf die Zustimmung als Rechtsgrundlage f\u00fcr die Verarbeitung Ihrer Daten verlassen m\u00fcssen und Ihr Land die Zustimmung eines Elternteils erfordert, k\u00f6nnen wir die Zustimmung Ihrer Eltern verlangen, bevor wir diese Daten erfassen und verwenden.<\/p>\n\n\n\n<h2 class=\"wp-block-heading\" id=\"h-links-to-other-websites\">Links zu anderen Websites<\/h2>\n\n\n\n<p>Unser Service kann Links zu anderen Websites enthalten, die nicht von uns betrieben werden. Wenn Sie auf einen Link eines Drittanbieters klicken, werden Sie auf die Website dieses Drittanbieters weitergeleitet. Wir empfehlen Ihnen dringend, die Datenschutzrichtlinie jeder von Ihnen besuchten Website zu lesen.<\/p>\n\n\n\n<p>Wir haben keine Kontrolle \u00fcber und \u00fcbernehmen keine Verantwortung f\u00fcr die Inhalte, Datenschutzrichtlinien oder Praktiken von Websites oder Diensten Dritter.<\/p>\n\n\n\n<h2 class=\"wp-block-heading\" id=\"h-changes-to-this-privacy-policy\">\u00c4nderungen an dieser Datenschutzrichtlinie<\/h2>\n\n\n\n<p>Wir k\u00f6nnen unsere Datenschutzrichtlinie von Zeit zu Zeit aktualisieren. Wir werden Sie \u00fcber alle \u00c4nderungen informieren, indem wir die neue Datenschutzrichtlinie auf dieser Seite ver\u00f6ffentlichen.<\/p>\n\n\n\n<p>Bevor die \u00c4nderung in Kraft tritt, werden wir Sie per E-Mail und\/oder durch einen deutlichen Hinweis auf unserem Dienst informieren und das Datum der \u201eletzten Aktualisierung\u201c oben in dieser Datenschutzrichtlinie aktualisieren.<\/p>\n\n\n\n<p>Es wird empfohlen, diese Datenschutzrichtlinie regelm\u00e4\u00dfig auf \u00c4nderungen zu \u00fcberpr\u00fcfen. \u00c4nderungen an dieser Datenschutzrichtlinie treten in Kraft, wenn sie auf dieser Seite ver\u00f6ffentlicht werden.<\/p>","protected":false},"excerpt":{"rendered":"<p>Datenschutzrichtlinie Diese Datenschutzrichtlinie beschreibt unsere Richtlinien und Verfahren zur Erfassung, Nutzung und Offenlegung Ihrer Daten bei der Nutzung des Dienstes und informiert Sie \u00fcber Ihre Datenschutzrechte und dar\u00fcber, wie das Gesetz Sie sch\u00fctzt. Wir verwenden Ihre personenbezogenen Daten, um den Service bereitzustellen und zu verbessern. Durch die Nutzung des Dienstes stimmen Sie zu, [\u2026]<\/p>","protected":false},"author":5,"featured_media":0,"parent":0,"menu_order":0,"comment_status":"closed","ping_status":"closed","template":"","meta":{"_acf_changed":false,"_editorskit_title_hidden":false,"_editorskit_reading_time":0,"_editorskit_is_block_options_detached":false,"_editorskit_block_options_position":"{}","_uag_custom_page_level_css":"","footnotes":""},"class_list":["post-534","page","type-page","status-publish","hentry"],"acf":[],"uagb_featured_image_src":{"full":false,"thumbnail":false,"medium":false,"medium_large":false,"large":false,"1536x1536":false,"2048x2048":false,"trp-custom-language-flag":false},"uagb_author_info":{"display_name":"Jason Conor","author_link":"https:\/\/bitcoinwisdom.com\/de\/author\/jason-connor\/"},"uagb_comment_info":0,"uagb_excerpt":"Privacy Policy This Privacy Policy describes Our policies and procedures on the collection, use and disclosure of Your information when You use the Service and tells You about Your privacy rights and how the law protects You. We use Your Personal data to provide and improve the Service. By using the Service, You agree to&hellip;","_links":{"self":[{"href":"https:\/\/bitcoinwisdom.com\/de\/wp-json\/wp\/v2\/pages\/534","targetHints":{"allow":["GET"]}}],"collection":[{"href":"https:\/\/bitcoinwisdom.com\/de\/wp-json\/wp\/v2\/pages"}],"about":[{"href":"https:\/\/bitcoinwisdom.com\/de\/wp-json\/wp\/v2\/types\/page"}],"author":[{"embeddable":true,"href":"https:\/\/bitcoinwisdom.com\/de\/wp-json\/wp\/v2\/users\/5"}],"replies":[{"embeddable":true,"href":"https:\/\/bitcoinwisdom.com\/de\/wp-json\/wp\/v2\/comments?post=534"}],"version-history":[{"count":0,"href":"https:\/\/bitcoinwisdom.com\/de\/wp-json\/wp\/v2\/pages\/534\/revisions"}],"wp:attachment":[{"href":"https:\/\/bitcoinwisdom.com\/de\/wp-json\/wp\/v2\/media?parent=534"}],"curies":[{"name":"wp","href":"https:\/\/api.w.org\/{rel}","templated":true}]}}