{"id":537,"date":"2022-03-21T22:10:04","date_gmt":"2022-03-22T05:10:04","guid":{"rendered":"https:\/\/bitcoinwisdom.com\/?page_id=537"},"modified":"2022-05-29T22:44:03","modified_gmt":"2022-05-30T05:44:03","slug":"cookie-policy","status":"publish","type":"page","link":"https:\/\/bitcoinwisdom.com\/de\/cookie-policy\/","title":{"rendered":"Cookie-Richtlinie"},"content":{"rendered":"<h2 class=\"wp-block-heading\" id=\"h-cookies-policy\">Cookie-Richtlinie<\/h2>\n\n\n\n<p>Diese Cookie-Richtlinie erkl\u00e4rt, was Cookies sind und wie wir sie verwenden. Sie sollten diese Richtlinie lesen, damit Sie verstehen, welche Art von Cookies wir verwenden oder welche Informationen wir mithilfe von Cookies sammeln und wie diese Informationen verwendet werden.<\/p>\n\n\n\n<p>Cookies enthalten normalerweise keine Informationen, die einen Benutzer pers\u00f6nlich identifizieren, aber pers\u00f6nliche Informationen, die wir \u00fcber Sie speichern, k\u00f6nnen mit den Informationen verkn\u00fcpft werden, die in Cookies gespeichert und von Cookies erhalten werden. Weitere Informationen dar\u00fcber, wie wir Ihre personenbezogenen Daten verwenden, speichern und sicher aufbewahren, finden Sie in unserer Datenschutzrichtlinie.<\/p>\n\n\n\n<p>Wir speichern keine sensiblen personenbezogenen Daten wie Postanschriften, Kontokennw\u00f6rter usw. in den von uns verwendeten Cookies.<\/p>\n\n\n\n<h2 class=\"wp-block-heading\" id=\"h-interpretation-and-definitions\">Interpretation und Definitionen<\/h2>\n\n\n\n<h3 class=\"wp-block-heading\" id=\"h-interpretation\">Deutung<\/h3>\n\n\n\n<p>Die W\u00f6rter, deren Anfangsbuchstabe gro\u00dfgeschrieben wird, haben Bedeutungen, die unter den folgenden Bedingungen definiert sind. Die folgenden Definitionen haben die gleiche Bedeutung, unabh\u00e4ngig davon, ob sie im Singular oder im Plural erscheinen.<\/p>\n\n\n\n<h3 class=\"wp-block-heading\" id=\"h-definitions\">Definitionen<\/h3>\n\n\n\n<p>F\u00fcr die Zwecke dieser Cookie-Richtlinie:<\/p>\n\n\n\n<ul class=\"wp-block-list\"><li><strong>Gesellschaft<\/strong>\u00a0(in dieser Cookie-Richtlinie entweder als \u201edas Unternehmen\u201c, \u201ewir\u201c, \u201euns\u201c oder \u201eunser\u201c bezeichnet) bezieht sich auf relex.io.<\/li><li><strong>Kekse<\/strong>\u00a0bedeutet kleine Dateien, die von einer Website auf Ihrem Computer, Mobilger\u00e4t oder einem anderen Ger\u00e4t abgelegt werden und unter anderem Details zu Ihrem Browserverlauf auf dieser Website enthalten.<\/li><li><strong>Webseite<\/strong>\u00a0bezieht sich auf bitcoinwisdom.com, zug\u00e4nglich von\u00a0<a href=\"https:\/\/bitcoinwisdom.com\/de\/\" target=\"_blank\" rel=\"noreferrer noopener\" class=\"ek-link\">bitcoinwisdom.com<\/a><\/li><li><strong>Du<\/strong>\u00a0bezeichnet die Person, die auf die Website zugreift oder diese nutzt, oder ein Unternehmen oder eine juristische Person, in deren Namen diese Person gegebenenfalls auf die Website zugreift oder diese nutzt.<\/li><\/ul>\n\n\n\n<h2 class=\"wp-block-heading\" id=\"h-the-use-of-the-cookies\">Die Verwendung der Cookies<\/h2>\n\n\n\n<h3 class=\"wp-block-heading\" id=\"h-type-of-cookies-we-use\">Art der von uns verwendeten Cookies<\/h3>\n\n\n\n<p>Cookies k\u00f6nnen \u201edauerhafte\u201c oder \u201eSitzungs\u201c-Cookies sein. Permanente Cookies verbleiben auf Ihrem PC oder Mobilger\u00e4t, wenn Sie offline gehen, w\u00e4hrend Sitzungscookies gel\u00f6scht werden, sobald Sie Ihren Webbrowser schlie\u00dfen.<\/p>\n\n\n\n<p>Wir verwenden sowohl Sitzungs- als auch dauerhafte Cookies f\u00fcr die unten aufgef\u00fchrten Zwecke:<\/p>\n\n\n\n<ul class=\"wp-block-list\"><li><strong>Notwendige \/ Wesentliche Cookies<\/strong>Typ: SitzungscookiesVerwaltet von: UsZweck: Diese Cookies sind unerl\u00e4sslich, um Ihnen die \u00fcber die Website verf\u00fcgbaren Dienste bereitzustellen und Ihnen die Nutzung einiger ihrer Funktionen zu erm\u00f6glichen. Sie helfen dabei, Benutzer zu authentifizieren und eine betr\u00fcgerische Verwendung von Benutzerkonten zu verhindern. Ohne diese Cookies k\u00f6nnen die von Ihnen angeforderten Dienste nicht bereitgestellt werden, und wir verwenden diese Cookies nur, um Ihnen diese Dienste bereitzustellen.<\/li><li><strong>Funktionalit\u00e4ts-Cookies<\/strong>Typ: Persistente CookiesVerwaltet von: UnsZweck: Diese Cookies erm\u00f6glichen es uns, Entscheidungen zu speichern, die Sie treffen, wenn Sie die Website nutzen, wie z. B. das Speichern Ihrer Anmeldedaten oder Spracheinstellungen. Der Zweck dieser Cookies besteht darin, Ihnen ein pers\u00f6nlicheres Erlebnis zu bieten und zu vermeiden, dass Sie Ihre Einstellungen jedes Mal erneut eingeben m\u00fcssen, wenn Sie die Website nutzen.<\/li><\/ul>\n\n\n\n<h3 class=\"wp-block-heading\" id=\"h-your-choices-regarding-cookies\">Ihre Wahlm\u00f6glichkeiten in Bezug auf Cookies<\/h3>\n\n\n\n<p>Wenn Sie die Verwendung von Cookies auf der Website lieber vermeiden m\u00f6chten, m\u00fcssen Sie zuerst die Verwendung von Cookies in Ihrem Browser deaktivieren und dann die in Ihrem Browser gespeicherten Cookies l\u00f6schen, die mit dieser Website verkn\u00fcpft sind. Sie k\u00f6nnen diese Option nutzen, um die Verwendung von Cookies jederzeit zu unterbinden.<\/p>\n\n\n\n<p>Wenn Sie unsere Cookies nicht akzeptieren, k\u00f6nnen bei der Nutzung der Website einige Unannehmlichkeiten auftreten und einige Funktionen funktionieren m\u00f6glicherweise nicht richtig.<\/p>\n\n\n\n<p>Wenn Sie Cookies l\u00f6schen oder Ihren Webbrowser anweisen m\u00f6chten, Cookies zu l\u00f6schen oder abzulehnen, besuchen Sie bitte die Hilfeseiten Ihres Webbrowsers.<\/p>\n\n\n\n<p>F\u00fcr alle anderen Webbrowser besuchen Sie bitte die offiziellen Webseiten Ihres Webbrowsers.<\/p>","protected":false},"excerpt":{"rendered":"<p>Cookie-Richtlinie Diese Cookie-Richtlinie erl\u00e4utert, was Cookies sind und wie wir sie verwenden. Sie sollten diese Richtlinie lesen, damit Sie verstehen, welche Art von Cookies wir verwenden oder welche Informationen wir mithilfe von Cookies sammeln und wie diese Informationen verwendet werden. Cookies enthalten normalerweise keine Informationen, die einen Benutzer pers\u00f6nlich identifizieren, aber [\u2026]<\/p>","protected":false},"author":5,"featured_media":0,"parent":0,"menu_order":0,"comment_status":"closed","ping_status":"closed","template":"","meta":{"_acf_changed":false,"_editorskit_title_hidden":false,"_editorskit_reading_time":2,"_editorskit_is_block_options_detached":false,"_editorskit_block_options_position":"{}","_uag_custom_page_level_css":"","footnotes":""},"class_list":["post-537","page","type-page","status-publish","hentry"],"acf":[],"uagb_featured_image_src":{"full":false,"thumbnail":false,"medium":false,"medium_large":false,"large":false,"1536x1536":false,"2048x2048":false,"trp-custom-language-flag":false},"uagb_author_info":{"display_name":"Jason Conor","author_link":"https:\/\/bitcoinwisdom.com\/de\/author\/jason-connor\/"},"uagb_comment_info":0,"uagb_excerpt":"Cookies Policy This Cookies Policy explains what Cookies are and how We use them. You should read this policy so You can understand what type of cookies We use, or the information We collect using Cookies and how that information is used. Cookies do not typically contain any information that personally identifies a user, but&hellip;","_links":{"self":[{"href":"https:\/\/bitcoinwisdom.com\/de\/wp-json\/wp\/v2\/pages\/537","targetHints":{"allow":["GET"]}}],"collection":[{"href":"https:\/\/bitcoinwisdom.com\/de\/wp-json\/wp\/v2\/pages"}],"about":[{"href":"https:\/\/bitcoinwisdom.com\/de\/wp-json\/wp\/v2\/types\/page"}],"author":[{"embeddable":true,"href":"https:\/\/bitcoinwisdom.com\/de\/wp-json\/wp\/v2\/users\/5"}],"replies":[{"embeddable":true,"href":"https:\/\/bitcoinwisdom.com\/de\/wp-json\/wp\/v2\/comments?post=537"}],"version-history":[{"count":0,"href":"https:\/\/bitcoinwisdom.com\/de\/wp-json\/wp\/v2\/pages\/537\/revisions"}],"wp:attachment":[{"href":"https:\/\/bitcoinwisdom.com\/de\/wp-json\/wp\/v2\/media?parent=537"}],"curies":[{"name":"wp","href":"https:\/\/api.w.org\/{rel}","templated":true}]}}