{"id":539,"date":"2022-03-21T22:12:28","date_gmt":"2022-03-22T05:12:28","guid":{"rendered":"https:\/\/bitcoinwisdom.com\/?page_id=539"},"modified":"2024-09-25T02:43:30","modified_gmt":"2024-09-25T02:43:30","slug":"about","status":"publish","type":"page","link":"https:\/\/bitcoinwisdom.com\/de\/about\/","title":{"rendered":"\u00dcber uns"},"content":{"rendered":"<h1 class=\"wp-block-heading\">\u00dcber BitcoinWeisheit<\/h1>\n\n\n\n<p>Bitcoin Wisdom wurde 2013 gegr\u00fcndet und ist bestrebt, informative und genaue Bitcoin-Nachrichten, Preisprognosen, Anlageleitf\u00e4den und B\u00f6rsenbewertungen bereitzustellen.<\/p>\n\n\n\n<h2 class=\"wp-block-heading\" id=\"h-the-team-behind-check-its-real\">Unsere Aufgabe<\/h2>\n\n\n\n<p>Wir haben ein Team von engagierten Personen, die sich daf\u00fcr einsetzen, Ihnen beim Erlernen der Grundlagen der Kryptow\u00e4hrung zu helfen. Die Hauptaufgabe unseres Teams besteht darin, sicherzustellen, dass Sie auf die einfachste Art und Weise Zugang zu den Finanzm\u00e4rkten erhalten. Mit Hilfe unserer Partner haben wir es uns zur Aufgabe gemacht, mit den grenzenlosen M\u00f6glichkeiten, die der Kryptomarkt bietet, Teil Ihrer Reise zur finanziellen Unabh\u00e4ngigkeit zu sein.<\/p>\n\n\n\n<h2 class=\"wp-block-heading\">Redaktion<\/h2>\n\n\n\n<p>Bei BitcoinWisdom sind wir stolz darauf, nur die hochwertigsten Inhalte zu verteilen. Wir arbeiten unerm\u00fcdlich daran, uns an strenge journalistische Grunds\u00e4tze zu halten und <a href=\"https:\/\/bitcoinwisdom.com\/de\/editorial-policy\/\" class=\"ek-link\">redaktionelle Politik<\/a> um sicherzustellen, dass unsere Leser genaue, zuverl\u00e4ssige und vertrauensw\u00fcrdige Informationen erhalten.<\/p>","protected":false},"excerpt":{"rendered":"<p>\u00dcber BitcoinWisdom Bitcoin Wisdom wurde 2013 gegr\u00fcndet und ist bestrebt, informative und genaue Bitcoin-Nachrichten, Preisvorhersagen, Anlageleitf\u00e4den und B\u00f6rsenbewertungen bereitzustellen. Unsere Mission Wir haben ein Team von engagierten Personen, die sich daf\u00fcr einsetzen, Ihnen beim Erlernen der Grundlagen der Kryptow\u00e4hrung zu helfen. Die Hauptaufgabe unseres Teams besteht darin, sicherzustellen, dass Sie Zugang zu den Finanzm\u00e4rkten in [\u2026]<\/p>","protected":false},"author":4,"featured_media":0,"parent":0,"menu_order":0,"comment_status":"closed","ping_status":"closed","template":"","meta":{"_acf_changed":false,"_editorskit_title_hidden":false,"_editorskit_reading_time":1,"_editorskit_is_block_options_detached":false,"_editorskit_block_options_position":"{}","_uag_custom_page_level_css":"","footnotes":""},"class_list":["post-539","page","type-page","status-publish","hentry"],"acf":[],"uagb_featured_image_src":{"full":false,"thumbnail":false,"medium":false,"medium_large":false,"large":false,"1536x1536":false,"2048x2048":false,"trp-custom-language-flag":false},"uagb_author_info":{"display_name":"admin","author_link":"https:\/\/bitcoinwisdom.com\/de\/author\/checkitsreal_u3wyz0\/"},"uagb_comment_info":0,"uagb_excerpt":"About BitcoinWisdom Founded in 2013, Bitcoin Wisdom strives to provide informative and accurate bitcoin news, price predictions, investing guides and exchange reviews. Our Mission We have a team of dedicated individuals committed to helping you learn the fundamentals of Cryptocurrency. Our team\u2019s primary assignment is to ensure that you can access the financial markets in&hellip;","_links":{"self":[{"href":"https:\/\/bitcoinwisdom.com\/de\/wp-json\/wp\/v2\/pages\/539","targetHints":{"allow":["GET"]}}],"collection":[{"href":"https:\/\/bitcoinwisdom.com\/de\/wp-json\/wp\/v2\/pages"}],"about":[{"href":"https:\/\/bitcoinwisdom.com\/de\/wp-json\/wp\/v2\/types\/page"}],"author":[{"embeddable":true,"href":"https:\/\/bitcoinwisdom.com\/de\/wp-json\/wp\/v2\/users\/4"}],"replies":[{"embeddable":true,"href":"https:\/\/bitcoinwisdom.com\/de\/wp-json\/wp\/v2\/comments?post=539"}],"version-history":[{"count":0,"href":"https:\/\/bitcoinwisdom.com\/de\/wp-json\/wp\/v2\/pages\/539\/revisions"}],"wp:attachment":[{"href":"https:\/\/bitcoinwisdom.com\/de\/wp-json\/wp\/v2\/media?parent=539"}],"curies":[{"name":"wp","href":"https:\/\/api.w.org\/{rel}","templated":true}]}}