{"id":541,"date":"2022-03-21T22:13:46","date_gmt":"2022-03-22T05:13:46","guid":{"rendered":"https:\/\/bitcoinwisdom.com\/?page_id=541"},"modified":"2022-05-29T22:42:28","modified_gmt":"2022-05-30T05:42:28","slug":"terms-and-conditions","status":"publish","type":"page","link":"https:\/\/bitcoinwisdom.com\/de\/terms-and-conditions\/","title":{"rendered":"Gesch\u00e4ftsbedingungen"},"content":{"rendered":"<h1 class=\"wp-block-heading\" id=\"h-terms-and-conditions\">Gesch\u00e4ftsbedingungen<\/h1>\n\n\n\n<p>Bitte lesen Sie diese Allgemeinen Gesch\u00e4ftsbedingungen sorgf\u00e4ltig durch, bevor Sie unseren Service nutzen.<\/p>\n\n\n\n<h2 class=\"wp-block-heading\" id=\"h-interpretation-and-definitions\">Interpretation und Definitionen<\/h2>\n\n\n\n<h3 class=\"wp-block-heading\" id=\"h-interpretation\">Deutung<\/h3>\n\n\n\n<p>Die W\u00f6rter, deren Anfangsbuchstabe gro\u00dfgeschrieben wird, haben Bedeutungen, die unter den folgenden Bedingungen definiert sind. Die folgenden Definitionen haben die gleiche Bedeutung, unabh\u00e4ngig davon, ob sie im Singular oder im Plural erscheinen.<\/p>\n\n\n\n<h3 class=\"wp-block-heading\" id=\"h-definitions\">Definitionen<\/h3>\n\n\n\n<p>F\u00fcr die Zwecke dieser Allgemeinen Gesch\u00e4ftsbedingungen:<\/p>\n\n\n\n<ul class=\"wp-block-list\"><li><strong>Affiliate<\/strong>&nbsp;bedeutet ein Unternehmen, das eine Partei kontrolliert, von ihr kontrolliert wird oder mit ihr unter gemeinsamer Kontrolle steht, wobei \u201eKontrolle\u201c das Eigentum an 50% oder mehr der Aktien, Beteiligungen oder anderen Wertpapieren bedeutet, die berechtigt sind, bei der Wahl von Direktoren oder anderen Verwaltungsbeh\u00f6rden abzustimmen.<\/li><li><strong>Land<\/strong>&nbsp;bezieht sich auf: Berlin, Deutschland<\/li><li><strong>Gesellschaft<\/strong>&nbsp;(in dieser Vereinbarung entweder als \u201edas Unternehmen\u201c, \u201ewir\u201c, \u201euns\u201c oder \u201eunser\u201c bezeichnet) bezieht sich auf relex.io.<\/li><li><strong>Ger\u00e4t<\/strong>&nbsp;bedeutet jedes Ger\u00e4t, das auf den Dienst zugreifen kann, wie z. B. ein Computer, ein Mobiltelefon oder ein digitales Tablet.<\/li><li><strong>Service<\/strong>&nbsp;verweist auf die Website.<\/li><li><strong>Social-Media-Dienst von Drittanbietern<\/strong>&nbsp;bedeutet alle Dienste oder Inhalte (einschlie\u00dflich Daten, Informationen, Produkte oder Dienste), die von einem Dritten bereitgestellt werden und durch den Dienst angezeigt, eingeschlossen oder verf\u00fcgbar gemacht werden k\u00f6nnen.<\/li><li><strong>Du<\/strong>&nbsp;bezeichnet die Person, die auf den Dienst zugreift oder ihn nutzt, oder das Unternehmen oder eine andere juristische Person, in deren Namen diese Person auf den Dienst zugreift oder ihn nutzt, je nachdem, was zutrifft.<\/li><\/ul>\n\n\n\n<h2 class=\"wp-block-heading\" id=\"h-acknowledgment\">Wissen<\/h2>\n\n\n\n<p>Dies sind die Allgemeinen Gesch\u00e4ftsbedingungen, die die Nutzung dieses Dienstes regeln, und die Vereinbarung, die zwischen Ihnen und dem Unternehmen besteht. Diese Allgemeinen Gesch\u00e4ftsbedingungen legen die Rechte und Pflichten aller Benutzer in Bezug auf die Nutzung des Dienstes fest.<\/p>\n\n\n\n<p>Ihr Zugriff auf und Ihre Nutzung des Dienstes h\u00e4ngt von Ihrer Annahme und Einhaltung dieser Allgemeinen Gesch\u00e4ftsbedingungen ab. Diese Allgemeinen Gesch\u00e4ftsbedingungen gelten f\u00fcr alle Besucher, Benutzer und andere, die auf den Dienst zugreifen oder ihn nutzen.<\/p>\n\n\n\n<p>Durch den Zugriff auf oder die Nutzung des Dienstes stimmen Sie zu, an diese Allgemeinen Gesch\u00e4ftsbedingungen gebunden zu sein. Wenn Sie mit irgendeinem Teil dieser Allgemeinen Gesch\u00e4ftsbedingungen nicht einverstanden sind, d\u00fcrfen Sie nicht auf den Dienst zugreifen.<\/p>\n\n\n\n<p>Sie erkl\u00e4ren, dass Sie \u00fcber 18 Jahre alt sind. Das Unternehmen gestattet Personen unter 18 Jahren nicht, den Dienst zu nutzen.<\/p>\n\n\n\n<p>Ihr Zugriff auf und Ihre Nutzung des Dienstes h\u00e4ngt auch davon ab, dass Sie die Datenschutzrichtlinie des Unternehmens akzeptieren und einhalten. Unsere Datenschutzrichtlinie beschreibt unsere Richtlinien und Verfahren zur Erfassung, Verwendung und Offenlegung Ihrer personenbezogenen Daten, wenn Sie die Anwendung oder die Website nutzen, und informiert Sie \u00fcber Ihre Datenschutzrechte und dar\u00fcber, wie das Gesetz Sie sch\u00fctzt. Bitte lesen Sie unsere Datenschutzrichtlinie sorgf\u00e4ltig durch, bevor Sie unseren Service nutzen.<\/p>\n\n\n\n<h2 class=\"wp-block-heading\" id=\"h-links-to-other-websites\">Links zu anderen Websites<\/h2>\n\n\n\n<p>Unser Dienst kann Links zu Websites oder Diensten von Drittanbietern enthalten, die nicht Eigentum des Unternehmens sind oder von diesem kontrolliert werden.<\/p>\n\n\n\n<p>Das Unternehmen hat keine Kontrolle \u00fcber und \u00fcbernimmt keine Verantwortung f\u00fcr die Inhalte, Datenschutzrichtlinien oder Praktiken von Websites oder Diensten Dritter. Sie erkennen ferner an und stimmen zu, dass das Unternehmen weder direkt noch indirekt f\u00fcr Sch\u00e4den oder Verluste verantwortlich oder haftbar ist, die durch oder im Zusammenhang mit der Nutzung oder dem Vertrauen auf solche Inhalte, Waren oder Dienstleistungen, die auf verf\u00fcgbar sind, verursacht oder angeblich verursacht wurden oder \u00fcber solche Websites oder Dienste.<\/p>\n\n\n\n<p>Wir empfehlen Ihnen dringend, die Allgemeinen Gesch\u00e4ftsbedingungen und Datenschutzrichtlinien aller Websites oder Dienste Dritter, die Sie besuchen, zu lesen.<\/p>\n\n\n\n<h2 class=\"wp-block-heading\" id=\"h-termination\">Beendigung<\/h2>\n\n\n\n<p>Wir k\u00f6nnen Ihren Zugang ohne vorherige Ank\u00fcndigung oder Haftung aus irgendeinem Grund sofort k\u00fcndigen oder aussetzen, einschlie\u00dflich, aber nicht beschr\u00e4nkt auf, wenn Sie gegen diese Allgemeinen Gesch\u00e4ftsbedingungen versto\u00dfen.<\/p>\n\n\n\n<p>Mit der K\u00fcndigung erlischt Ihr Recht zur Nutzung des Dienstes sofort.<\/p>\n\n\n\n<h2 class=\"wp-block-heading\" id=\"h-limitation-of-liability\">Haftungsbeschr\u00e4nkung<\/h2>\n\n\n\n<p>Ungeachtet etwaiger Sch\u00e4den, die Ihnen entstehen k\u00f6nnten, ist die gesamte Haftung des Unternehmens und seiner Lieferanten gem\u00e4\u00df einer Bestimmung dieser Bedingungen und Ihr ausschlie\u00dflicher Rechtsbehelf f\u00fcr alle vorstehenden Punkte auf den tats\u00e4chlich von Ihnen \u00fcber den Dienst gezahlten Betrag oder 100 USD beschr\u00e4nkt wenn Sie nichts \u00fcber den Service gekauft haben.<\/p>\n\n\n\n<p>Soweit nach geltendem Recht zul\u00e4ssig, haften das Unternehmen oder seine Lieferanten in keinem Fall f\u00fcr besondere, zuf\u00e4llige, indirekte oder Folgesch\u00e4den jeglicher Art (einschlie\u00dflich, aber nicht beschr\u00e4nkt auf Sch\u00e4den aus entgangenem Gewinn, Datenverlust oder andere Informationen, f\u00fcr Betriebsunterbrechung, f\u00fcr Personensch\u00e4den, Verlust der Privatsph\u00e4re, die sich aus oder in irgendeiner Weise im Zusammenhang mit der Nutzung oder Unf\u00e4higkeit zur Nutzung des Dienstes, der mit dem Dienst verwendeten Software von Drittanbietern und\/oder Hardware von Drittanbietern ergeben, oder anderweitig in Verbindung mit einer Bestimmung dieser Bedingungen), auch wenn das Unternehmen oder ein Lieferant auf die M\u00f6glichkeit solcher Sch\u00e4den hingewiesen wurde und selbst wenn die Abhilfe ihren wesentlichen Zweck verfehlt.<\/p>\n\n\n\n<p>Einige Staaten erlauben den Ausschluss stillschweigender Garantien oder die Haftungsbeschr\u00e4nkung f\u00fcr Neben- oder Folgesch\u00e4den nicht, was bedeutet, dass einige der oben genannten Beschr\u00e4nkungen m\u00f6glicherweise nicht gelten. In diesen Staaten wird die Haftung jeder Partei auf den gr\u00f6\u00dftm\u00f6glichen gesetzlich zul\u00e4ssigen Umfang beschr\u00e4nkt.<\/p>\n\n\n\n<h2 class=\"wp-block-heading\" id=\"h-as-is-and-as-available-disclaimer\">Haftungsausschluss \u201eWIE BESEHEN\u201c und \u201eWIE VERF\u00dcGBAR\u201c.<\/h2>\n\n\n\n<p>Der Service wird Ihnen \u201eWIE BESEHEN\u201c und \u201eWIE VERF\u00dcGBAR\u201c und mit allen Fehlern und M\u00e4ngeln ohne Gew\u00e4hrleistung jeglicher Art bereitgestellt. Soweit nach geltendem Recht zul\u00e4ssig, lehnt das Unternehmen im eigenen Namen und im Namen seiner verbundenen Unternehmen und seiner und ihrer jeweiligen Lizenzgeber und Dienstleister ausdr\u00fccklich alle ausdr\u00fccklichen, stillschweigenden, gesetzlichen oder sonstigen Gew\u00e4hrleistungen in Bezug auf die Service, einschlie\u00dflich aller stillschweigenden Garantien der Marktg\u00e4ngigkeit, Eignung f\u00fcr einen bestimmten Zweck, Titel und Nichtverletzung sowie Garantien, die sich aus dem Gesch\u00e4ftsverlauf, der Ausf\u00fchrung, der Nutzung oder der Handelspraxis ergeben k\u00f6nnen. Ohne Einschr\u00e4nkung auf das Vorstehende gibt das Unternehmen keine Gew\u00e4hrleistung oder Zusage und gibt keinerlei Zusicherungen ab, dass der Dienst Ihre Anforderungen erf\u00fcllt, die beabsichtigten Ergebnisse erzielt, kompatibel ist oder mit anderer Software, Anwendungen, Systemen oder Diensten funktioniert, betrieben wird ohne Unterbrechung, alle Leistungs- oder Zuverl\u00e4ssigkeitsstandards erf\u00fcllen oder fehlerfrei sind oder dass Fehler oder M\u00e4ngel behoben werden k\u00f6nnen oder werden.<\/p>\n\n\n\n<p>Ohne das Vorstehende einzuschr\u00e4nken, geben weder das Unternehmen noch einer der Anbieter des Unternehmens irgendeine ausdr\u00fcckliche oder stillschweigende Zusicherung oder Gew\u00e4hrleistung ab: (i) in Bezug auf den Betrieb oder die Verf\u00fcgbarkeit des Dienstes oder der Informationen, Inhalte und Materialien oder Produkte darin enthalten; (ii) dass der Dienst ununterbrochen oder fehlerfrei ist; (iii) in Bezug auf die Genauigkeit, Zuverl\u00e4ssigkeit oder Aktualit\u00e4t von Informationen oder Inhalten, die \u00fcber den Dienst bereitgestellt werden; oder (iv) dass der Dienst, seine Server, die Inhalte oder E-Mails, die von oder im Namen des Unternehmens gesendet werden, frei von Viren, Skripten, Trojanern, W\u00fcrmern, Malware, Zeitbomben oder anderen sch\u00e4dlichen Komponenten sind.<\/p>\n\n\n\n<p>Einige Gerichtsbarkeiten erlauben den Ausschluss bestimmter Arten von Gew\u00e4hrleistungen oder Beschr\u00e4nkungen der anwendbaren gesetzlichen Rechte eines Verbrauchers nicht, sodass einige oder alle der oben genannten Ausschl\u00fcsse und Beschr\u00e4nkungen m\u00f6glicherweise nicht auf Sie zutreffen. In einem solchen Fall gelten jedoch die in diesem Abschnitt dargelegten Ausschl\u00fcsse und Beschr\u00e4nkungen im gr\u00f6\u00dftm\u00f6glichen Umfang, der nach geltendem Recht durchsetzbar ist.<\/p>\n\n\n\n<h2 class=\"wp-block-heading\" id=\"h-governing-law\">Geltendes Recht<\/h2>\n\n\n\n<p>Die Gesetze des Landes, mit Ausnahme der Kollisionsnormen, unterliegen diesen Bedingungen und Ihrer Nutzung des Dienstes. Ihre Nutzung der Anwendung kann auch anderen lokalen, staatlichen, nationalen oder internationalen Gesetzen unterliegen.<\/p>\n\n\n\n<h2 class=\"wp-block-heading\" id=\"h-disputes-resolution\">Streitbeilegung<\/h2>\n\n\n\n<p>Wenn Sie Bedenken oder Streitigkeiten bez\u00fcglich des Dienstes haben, stimmen Sie zu, zun\u00e4chst zu versuchen, die Streitigkeit informell zu l\u00f6sen, indem Sie sich an das Unternehmen wenden.<\/p>\n\n\n\n<h2 class=\"wp-block-heading\" id=\"h-for-european-union-eu-users\">F\u00fcr Benutzer der Europ\u00e4ischen Union (EU).<\/h2>\n\n\n\n<p>Wenn Sie ein Verbraucher in der Europ\u00e4ischen Union sind, profitieren Sie von allen zwingenden Bestimmungen des Rechts des Landes, in dem Sie Ihren Wohnsitz haben.<\/p>\n\n\n\n<h2 class=\"wp-block-heading\" id=\"h-united-states-legal-compliance\">Rechtskonformit\u00e4t in den Vereinigten Staaten<\/h2>\n\n\n\n<p>Sie versichern und garantieren, dass (i) Sie sich nicht in einem Land befinden, das dem Embargo der Regierung der Vereinigten Staaten unterliegt oder das von der Regierung der Vereinigten Staaten als Land bezeichnet wurde, das \u201eTerroristen unterst\u00fctzt\u201c, und (ii) Sie sich nicht in einem Land befinden die auf einer Liste verbotener oder eingeschr\u00e4nkter Parteien der US-Regierung aufgef\u00fchrt sind.<\/p>\n\n\n\n<h2 class=\"wp-block-heading\" id=\"h-severability-and-waiver\">Salvatorische Klausel und Verzicht<\/h2>\n\n\n\n<h3 class=\"wp-block-heading\" id=\"h-severability\">Salvatorische Klausel<\/h3>\n\n\n\n<p>Wenn eine Bestimmung dieser Bedingungen f\u00fcr nicht durchsetzbar oder ung\u00fcltig befunden wird, wird diese Bestimmung ge\u00e4ndert und ausgelegt, um die Ziele dieser Bestimmung im gr\u00f6\u00dftm\u00f6glichen Umfang nach geltendem Recht zu erreichen, und die verbleibenden Bestimmungen bleiben in vollem Umfang in Kraft und wirksam.<\/p>\n\n\n\n<h3 class=\"wp-block-heading\" id=\"h-waiver\">Verzicht<\/h3>\n\n\n\n<p>Sofern hierin nicht anders angegeben, beeintr\u00e4chtigt das Vers\u00e4umnis, ein Recht auszu\u00fcben oder die Erf\u00fcllung einer Verpflichtung gem\u00e4\u00df diesen Bedingungen zu verlangen, weder die F\u00e4higkeit einer Partei, dieses Recht auszu\u00fcben oder eine solche Erf\u00fcllung zu verlangen, noch stellt der Verzicht auf eine Verletzung einen Verzicht dar jede sp\u00e4tere Verletzung.<\/p>\n\n\n\n<h2 class=\"wp-block-heading\" id=\"h-translation-interpretation\">\u00dcbersetzung Interpretation<\/h2>\n\n\n\n<p>Diese Allgemeinen Gesch\u00e4ftsbedingungen wurden m\u00f6glicherweise \u00fcbersetzt, wenn wir sie Ihnen in unserem Service zur Verf\u00fcgung gestellt haben. Sie stimmen zu, dass im Streitfall der englische Originaltext ma\u00dfgebend ist.<\/p>\n\n\n\n<h2 class=\"wp-block-heading\" id=\"h-changes-to-these-terms-and-conditions\">\u00c4nderungen dieser Allgemeinen Gesch\u00e4ftsbedingungen<\/h2>\n\n\n\n<p>Wir behalten uns das Recht vor, diese Bedingungen nach eigenem Ermessen jederzeit zu \u00e4ndern oder zu ersetzen. Wenn eine \u00dcberarbeitung wesentlich ist, werden wir angemessene Anstrengungen unternehmen, um Sie mindestens 30 Tage im Voraus \u00fcber das Inkrafttreten neuer Bedingungen zu informieren. Was eine wesentliche \u00c4nderung darstellt, wird nach unserem alleinigen Ermessen bestimmt.<\/p>\n\n\n\n<p>Indem Sie nach Inkrafttreten dieser \u00dcberarbeitungen weiterhin auf unseren Dienst zugreifen oder ihn nutzen, stimmen Sie zu, an die \u00fcberarbeiteten Bedingungen gebunden zu sein. Wenn Sie den neuen Bedingungen ganz oder teilweise nicht zustimmen, beenden Sie bitte die Nutzung der Website und des Dienstes.<\/p>","protected":false},"excerpt":{"rendered":"<p>Allgemeine Gesch\u00e4ftsbedingungen Bitte lesen Sie diese Allgemeinen Gesch\u00e4ftsbedingungen sorgf\u00e4ltig durch, bevor Sie unseren Service nutzen. Interpretation und Definitionen Interpretation Die W\u00f6rter, deren Anfangsbuchstabe gro\u00dfgeschrieben wird, haben Bedeutungen, die unter den folgenden Bedingungen definiert werden. Die folgenden Definitionen haben die gleiche Bedeutung, unabh\u00e4ngig davon, ob sie im Singular oder im Plural erscheinen. Definitionen f\u00fcr die [\u2026]<\/p>","protected":false},"author":4,"featured_media":0,"parent":0,"menu_order":0,"comment_status":"closed","ping_status":"closed","template":"","meta":{"_acf_changed":false,"_editorskit_title_hidden":false,"_editorskit_reading_time":0,"_editorskit_is_block_options_detached":false,"_editorskit_block_options_position":"{}","_uag_custom_page_level_css":"","footnotes":""},"class_list":["post-541","page","type-page","status-publish","hentry"],"acf":[],"uagb_featured_image_src":{"full":false,"thumbnail":false,"medium":false,"medium_large":false,"large":false,"1536x1536":false,"2048x2048":false,"trp-custom-language-flag":false},"uagb_author_info":{"display_name":"admin","author_link":"https:\/\/bitcoinwisdom.com\/de\/author\/checkitsreal_u3wyz0\/"},"uagb_comment_info":0,"uagb_excerpt":"Terms and Conditions Please read these terms and conditions carefully before using Our Service. Interpretation and Definitions Interpretation The words of which the initial letter is capitalized have meanings defined under the following conditions. The following definitions shall have the same meaning regardless of whether they appear in singular or in plural. Definitions For the&hellip;","_links":{"self":[{"href":"https:\/\/bitcoinwisdom.com\/de\/wp-json\/wp\/v2\/pages\/541","targetHints":{"allow":["GET"]}}],"collection":[{"href":"https:\/\/bitcoinwisdom.com\/de\/wp-json\/wp\/v2\/pages"}],"about":[{"href":"https:\/\/bitcoinwisdom.com\/de\/wp-json\/wp\/v2\/types\/page"}],"author":[{"embeddable":true,"href":"https:\/\/bitcoinwisdom.com\/de\/wp-json\/wp\/v2\/users\/4"}],"replies":[{"embeddable":true,"href":"https:\/\/bitcoinwisdom.com\/de\/wp-json\/wp\/v2\/comments?post=541"}],"version-history":[{"count":0,"href":"https:\/\/bitcoinwisdom.com\/de\/wp-json\/wp\/v2\/pages\/541\/revisions"}],"wp:attachment":[{"href":"https:\/\/bitcoinwisdom.com\/de\/wp-json\/wp\/v2\/media?parent=541"}],"curies":[{"name":"wp","href":"https:\/\/api.w.org\/{rel}","templated":true}]}}