{"id":548,"date":"2022-03-21T22:27:28","date_gmt":"2022-03-22T05:27:28","guid":{"rendered":"https:\/\/bitcoinwisdom.com\/?page_id=548"},"modified":"2022-06-05T15:50:52","modified_gmt":"2022-06-05T22:50:52","slug":"contact","status":"publish","type":"page","link":"https:\/\/bitcoinwisdom.com\/de\/contact\/","title":{"rendered":"Kontaktiere uns"},"content":{"rendered":"<h2 class=\"wp-block-heading\" id=\"h-contact-us\">Kontakt<\/h2>\n\n\n\n<p>Vielen Dank f\u00fcr Ihren Besuch auf unserer Kontaktseite. Wir stehen Ihnen Montag bis Freitag von 9.00 bis 18.00 Uhr zur Verf\u00fcgung, um Ihre Fragen zu beantworten. Wenn Sie Nachrichtentipps haben, die Sie uns mitteilen m\u00f6chten, verwenden Sie bitte die untenstehende redaktionelle E-Mail-Adresse. Wir wissen Ihren Beitrag zu sch\u00e4tzen und freuen uns darauf, bald von Ihnen zu h\u00f6ren.<\/p>\n\n\n\n<h2 class=\"wp-block-heading\">Email<\/h2>\n\n\n\n<p><strong>Redaktion:<\/strong>&nbsp;redaktionell@bitcoinwisdom.com<\/p>\n\n\n\n<p><strong>Werbung:<\/strong>&nbsp;werbung@bitcoinwisdom.com<\/p>\n\n\n\n<p><strong>Support &amp; Beschwerden:<\/strong>&nbsp;support@bitcoinwisdom.com<\/p>\n\n\n\n<h2 class=\"wp-block-heading\">Adresse &amp; Telefon<\/h2>\n\n\n\n<p><strong>BitcoinWeisheit<\/strong><br>Ebene 1, Devonshire-Haus<br>Ein Mayfair-Platz<br>London UK W1J 8AJ<br>+44 20 3205 7100<\/p>","protected":false},"excerpt":{"rendered":"<p>Kontakt Vielen Dank f\u00fcr Ihren Besuch auf unserer Kontaktseite. Wir stehen Ihnen Montag bis Freitag von 9.00 bis 18.00 Uhr zur Verf\u00fcgung, um Ihre Fragen zu beantworten. Wenn Sie Nachrichtentipps haben, die Sie uns mitteilen m\u00f6chten, verwenden Sie bitte die untenstehende redaktionelle E-Mail-Adresse. Wir wissen Ihren Beitrag zu sch\u00e4tzen und freuen uns darauf, von Ihnen zu h\u00f6ren [\u2026]<\/p>","protected":false},"author":5,"featured_media":0,"parent":0,"menu_order":0,"comment_status":"closed","ping_status":"closed","template":"","meta":{"_acf_changed":false,"_editorskit_title_hidden":false,"_editorskit_reading_time":1,"_editorskit_is_block_options_detached":false,"_editorskit_block_options_position":"{}","_uag_custom_page_level_css":"","footnotes":""},"class_list":["post-548","page","type-page","status-publish","hentry"],"acf":[],"uagb_featured_image_src":{"full":false,"thumbnail":false,"medium":false,"medium_large":false,"large":false,"1536x1536":false,"2048x2048":false,"trp-custom-language-flag":false},"uagb_author_info":{"display_name":"Jason Conor","author_link":"https:\/\/bitcoinwisdom.com\/de\/author\/jason-connor\/"},"uagb_comment_info":0,"uagb_excerpt":"Contact Thanks for visiting our contact page. We are available Monday to Friday 9 am to 6 pm to answer any questions you may have. If you have any news tips you want to share with us, please use the editorial e-mail address below. We appreciate your input and look forward to hearing from you&hellip;","_links":{"self":[{"href":"https:\/\/bitcoinwisdom.com\/de\/wp-json\/wp\/v2\/pages\/548","targetHints":{"allow":["GET"]}}],"collection":[{"href":"https:\/\/bitcoinwisdom.com\/de\/wp-json\/wp\/v2\/pages"}],"about":[{"href":"https:\/\/bitcoinwisdom.com\/de\/wp-json\/wp\/v2\/types\/page"}],"author":[{"embeddable":true,"href":"https:\/\/bitcoinwisdom.com\/de\/wp-json\/wp\/v2\/users\/5"}],"replies":[{"embeddable":true,"href":"https:\/\/bitcoinwisdom.com\/de\/wp-json\/wp\/v2\/comments?post=548"}],"version-history":[{"count":0,"href":"https:\/\/bitcoinwisdom.com\/de\/wp-json\/wp\/v2\/pages\/548\/revisions"}],"wp:attachment":[{"href":"https:\/\/bitcoinwisdom.com\/de\/wp-json\/wp\/v2\/media?parent=548"}],"curies":[{"name":"wp","href":"https:\/\/api.w.org\/{rel}","templated":true}]}}