{"id":730,"date":"2022-03-23T14:00:00","date_gmt":"2022-03-23T21:00:00","guid":{"rendered":"https:\/\/bitcoinwisdom.com\/?page_id=730"},"modified":"2022-06-21T17:01:00","modified_gmt":"2022-06-22T00:01:00","slug":"new-homepage","status":"publish","type":"page","link":"https:\/\/bitcoinwisdom.com\/de\/","title":{"rendered":"Bitcoin- und Kryptow\u00e4hrungsnachrichten, Charts, Preisvorhersagen, Leitf\u00e4den und B\u00f6rsenbewertungen"},"content":{"rendered":"<div class=\"wp-block-cover is-light bannerSection\"><span aria-hidden=\"true\" class=\"wp-block-cover__background has-background-dim-0 has-background-dim\"><\/span><div class=\"wp-block-cover__inner-container is-layout-flow wp-block-cover-is-layout-flow\">\n<h1 class=\"has-text-align-center wp-block-heading\">Krypto-News, Preisvorhersagen, Anlageleitf\u00e4den und B\u00f6rsenbewertungen<\/h1>\n\n\n\n<h3 class=\"has-text-align-center wp-block-heading\">Bitcoin Wisdom wurde 2013 gegr\u00fcndet und ist bestrebt, informative und genaue Bitcoin-Nachrichten, Preisprognosen, Anlageleitf\u00e4den und B\u00f6rsenbewertungen bereitzustellen.<\/h3>\n\n\n\n<div class=\"wp-block-columns are-vertically-aligned-center columnsWithLinks\">\n<div class=\"wp-block-column is-vertically-aligned-center\"><div class=\"wp-block-image\">\n<figure class=\"aligncenter size-large\"><a href=\"\/de\/news\/\"><img decoding=\"async\" width=\"24\" height=\"21\" src=\"\/wp-content\/uploads\/2022\/03\/ico-news.svg\" alt=\"\" class=\"wp-image-751\"\/><\/a><\/figure><\/div>\n\n\n<p class=\"has-text-align-center\"><a href=\"\/de\/news\/\" class=\"ek-link\">Neueste Krypto-News<\/a><\/p>\n<\/div>\n\n\n\n<div class=\"wp-block-column is-vertically-aligned-center\"><div class=\"wp-block-image\">\n<figure class=\"aligncenter size-large\"><a href=\"\/de\/predictions\/\"><img decoding=\"async\" width=\"25\" height=\"22\" src=\"\/wp-content\/uploads\/2022\/03\/ico-bitcoin-wallet.svg\" alt=\"\" class=\"wp-image-752\"\/><\/a><\/figure><\/div>\n\n\n<p class=\"has-text-align-center\"><a href=\"\/de\/predictions\/\" class=\"ek-link\">Preisprognosen<\/a><\/p>\n<\/div>\n\n\n\n<div class=\"wp-block-column is-vertically-aligned-center\"><div class=\"wp-block-image\">\n<figure class=\"aligncenter size-large\"><a href=\"\/de\/guides\/\"><img decoding=\"async\" width=\"16\" height=\"22\" src=\"\/wp-content\/uploads\/2022\/03\/ico-bitcoin.svg\" alt=\"\" class=\"wp-image-754\"\/><\/a><\/figure><\/div>\n\n\n<p class=\"has-text-align-center\"><a href=\"\/de\/guides\/\" class=\"ek-link\">Leitfaden zum Investieren<\/a><\/p>\n<\/div>\n\n\n\n<div class=\"wp-block-column is-vertically-aligned-center\"><div class=\"wp-block-image\">\n<figure class=\"aligncenter size-large\"><a href=\"\/de\/reviews\/\"><img decoding=\"async\" width=\"20\" height=\"24\" src=\"\/wp-content\/uploads\/2022\/03\/ico-startshere.svg\" alt=\"\" class=\"wp-image-755\"\/><\/a><\/figure><\/div>\n\n\n<p class=\"has-text-align-center\"><a href=\"\/de\/reviews\/\" class=\"ek-link\">Austauschbewertungen<\/a><\/p>\n<\/div>\n\n\n\n<div class=\"wp-block-column is-vertically-aligned-center\"><div class=\"wp-block-image\">\n<figure class=\"aligncenter size-large\"><a href=\"\/de\/robots\/\"><img decoding=\"async\" width=\"30\" height=\"32\" src=\"\/wp-content\/uploads\/2022\/03\/ico-trading.svg\" alt=\"\" class=\"wp-image-753\"\/><\/a><\/figure><\/div>\n\n\n<p class=\"has-text-align-center\"><a href=\"\/de\/robots\/\" class=\"ek-link\">Bitcoin-Roboter<\/a><\/p>\n<\/div>\n\n\n\n<div class=\"wp-block-column is-vertically-aligned-center\"><div class=\"wp-block-image\">\n<figure class=\"aligncenter size-large\"><a href=\"\/de\/where-to-buy-and-sell-bitcoin\/\"><img decoding=\"async\" width=\"34\" height=\"32\" src=\"\/wp-content\/uploads\/2022\/03\/ico-to-buy.svg\" alt=\"\" class=\"wp-image-756\"\/><\/a><\/figure><\/div>\n\n\n<p class=\"has-text-align-center\"><a href=\"\/de\/where-to-buy-and-sell-bitcoin\/\" type=\"post\" id=\"675\" class=\"ek-link\">So kaufen Sie Bitcoin<\/a><\/p>\n<\/div>\n<\/div>\n<\/div><\/div>\n\n\n\n<div class=\"wp-block-group whiteContainer\"><div class=\"wp-block-group__inner-container\">\n<div class=\"wp-block-columns\">\n<div class=\"wp-block-column\">\n<h2 class=\"wp-block-heading\" id=\"h-breaking-cryptocurrency-news\">Eilmeldungen zu Kryptow\u00e4hrungen<\/h2>\n<\/div>\n\n\n\n<div class=\"wp-block-column\">\n<div class=\"wp-block-columns\">\n<div class=\"wp-block-column\"><\/div>\n\n\n\n<div class=\"wp-block-column\"><\/div>\n\n\n\n<div class=\"wp-block-column\"><\/div>\n\n\n\n<div class=\"wp-block-column\"><\/div>\n<\/div>\n<\/div>\n<\/div>\n<\/div><\/div>\n\n\n\n<div class=\"wp-block-group cryptoMarkets\"><div class=\"wp-block-group__inner-container\"><div class=\"bigCategoryContainer categoryContainer\"><div class=\"innercategoryContainer\"><div class=\"postContainer small\"><a href=\"https:\/\/bitcoinwisdom.com\/de\/binance-informed-vip-traders-of-the-deal-with\/\"><img decoding=\"async\" class=\"featured\" src=\"https:\/\/bitcoinwisdom.com\/wp-content\/uploads\/2023\/01\/Binance-1-500x330.jpg\"><\/a><div class=\"postDetailsContainer\"><h3 class=\"postTitle\"><a href=\"https:\/\/bitcoinwisdom.com\/de\/binance-informed-vip-traders-of-the-deal-with\/\">Binance informierte VIP-H\u00e4ndler im September \u00fcber den Deal mit dem DOJ<\/a><\/h3><div class=\"postDetails\"><strong>Durch <a href=\"https:\/\/bitcoinwisdom.com\/de\/author\/lawrencew\/\">Lawrence Woriji<\/a><\/strong> <time class=\"timeago\" datetime=\"2023-12-01T20:31:38+00:00\">1. Dezember 2023<\/time><\/div><\/div><\/div><div class=\"postContainer small\"><a href=\"https:\/\/bitcoinwisdom.com\/de\/coinbase-reports-a-6-surge-in-data-requests-from-federal-agencies\/\"><img decoding=\"async\" class=\"featured\" src=\"https:\/\/bitcoinwisdom.com\/wp-content\/uploads\/2023\/12\/Coinbase-500x330.jpg\"><\/a><div class=\"postDetailsContainer\"><h3 class=\"postTitle\"><a href=\"https:\/\/bitcoinwisdom.com\/de\/coinbase-reports-a-6-surge-in-data-requests-from-federal-agencies\/\">Coinbase meldet einen 6%-Anstieg bei Datenanfragen von Bundesbeh\u00f6rden<\/a><\/h3><div class=\"postDetails\"><strong>Durch <a href=\"https:\/\/bitcoinwisdom.com\/de\/author\/parth\/\">Parth Dubey<\/a><\/strong> <time class=\"timeago\" datetime=\"2023-12-01T05:01:52+00:00\">1. Dezember 2023<\/time><\/div><\/div><\/div><div class=\"postContainer small\"><a href=\"https:\/\/bitcoinwisdom.com\/de\/circle-responds-to-terrorism-financing\/\"><img decoding=\"async\" class=\"featured\" src=\"https:\/\/bitcoinwisdom.com\/wp-content\/uploads\/2022\/07\/USDC-circle-500x330.jpg\"><\/a><div class=\"postDetailsContainer\"><h3 class=\"postTitle\"><a href=\"https:\/\/bitcoinwisdom.com\/de\/circle-responds-to-terrorism-financing\/\">Circle reagiert auf Vorw\u00fcrfe der Terrorismusfinanzierung<\/a><\/h3><div class=\"postDetails\"><strong>Durch <a href=\"https:\/\/bitcoinwisdom.com\/de\/author\/lawrencew\/\">Lawrence Woriji<\/a><\/strong> <time class=\"timeago\" datetime=\"2023-11-30T23:08:38+00:00\">30. November 2023<\/time><\/div><\/div><\/div><div class=\"postContainer small\"><a href=\"https:\/\/bitcoinwisdom.com\/de\/paxos-wins-initial-approval-from-abu-dhabi-to-issue-stablecoins\/\"><img decoding=\"async\" class=\"featured\" src=\"https:\/\/bitcoinwisdom.com\/wp-content\/uploads\/2023\/11\/Paxos-1-500x330.jpg\"><\/a><div class=\"postDetailsContainer\"><h3 class=\"postTitle\"><a href=\"https:\/\/bitcoinwisdom.com\/de\/paxos-wins-initial-approval-from-abu-dhabi-to-issue-stablecoins\/\">Paxos erh\u00e4lt die erste Genehmigung von Abu Dhabi zur Ausgabe von Stablecoins<\/a><\/h3><div class=\"postDetails\"><strong>Durch <a href=\"https:\/\/bitcoinwisdom.com\/de\/author\/parth\/\">Parth Dubey<\/a><\/strong> <time class=\"timeago\" datetime=\"2023-11-30T06:47:10+00:00\">30. November 2023<\/time><\/div><\/div><\/div><div class=\"postContainer small\"><a href=\"https:\/\/bitcoinwisdom.com\/de\/binance-confirms-plans-to-withdraw-support-for\/\"><img decoding=\"async\" class=\"featured\" src=\"https:\/\/bitcoinwisdom.com\/wp-content\/uploads\/2023\/02\/BUSD-1-500x330.jpg\"><\/a><div class=\"postDetailsContainer\"><h3 class=\"postTitle\"><a href=\"https:\/\/bitcoinwisdom.com\/de\/binance-confirms-plans-to-withdraw-support-for\/\">Binance best\u00e4tigt Pl\u00e4ne, die Unterst\u00fctzung f\u00fcr BUSD im Dezember einzustellen<\/a><\/h3><div class=\"postDetails\"><strong>Durch <a href=\"https:\/\/bitcoinwisdom.com\/de\/author\/lawrencew\/\">Lawrence Woriji<\/a><\/strong> <time class=\"timeago\" datetime=\"2023-11-29T22:30:40+00:00\">29. November 2023<\/time><\/div><\/div><\/div><div class=\"postContainer small\"><a href=\"https:\/\/bitcoinwisdom.com\/de\/ronaldo-sued-for-promotion-of-binance-and-registered-securities\/\"><img decoding=\"async\" class=\"featured\" src=\"https:\/\/bitcoinwisdom.com\/wp-content\/uploads\/2023\/11\/Ronaldo-500x330.jpg\"><\/a><div class=\"postDetailsContainer\"><h3 class=\"postTitle\"><a href=\"https:\/\/bitcoinwisdom.com\/de\/ronaldo-sued-for-promotion-of-binance-and-registered-securities\/\">Ronaldo wegen Werbung f\u00fcr Binance und registrierte Wertpapiere verklagt<\/a><\/h3><div class=\"postDetails\"><strong>Durch <a href=\"https:\/\/bitcoinwisdom.com\/de\/author\/parth\/\">Parth Dubey<\/a><\/strong> <time class=\"timeago\" datetime=\"2023-11-29T09:24:40+00:00\">29. November 2023<\/time><\/div><\/div><\/div><div class=\"postContainer small\"><a href=\"https:\/\/bitcoinwisdom.com\/de\/coinbase-stock-continues-to-soar-following\/\"><img decoding=\"async\" class=\"featured\" src=\"https:\/\/bitcoinwisdom.com\/wp-content\/uploads\/2022\/06\/Coinbase-Offers-Jobs-Takes-Them-Back-500x330.jpg\"><\/a><div class=\"postDetailsContainer\"><h3 class=\"postTitle\"><a href=\"https:\/\/bitcoinwisdom.com\/de\/coinbase-stock-continues-to-soar-following\/\">Die Coinbase-Aktie steigt nach der Einigung von Binance mit dem DOJ weiter an<\/a><\/h3><div class=\"postDetails\"><strong>Durch <a href=\"https:\/\/bitcoinwisdom.com\/de\/author\/lawrencew\/\">Lawrence Woriji<\/a><\/strong> <time class=\"timeago\" datetime=\"2023-11-28T21:17:30+00:00\">28. November 2023<\/time><\/div><\/div><\/div><div class=\"remainingContainer\"><ul><li><h3 class=\"postTitle\"><a href=\"https:\/\/bitcoinwisdom.com\/de\/ftx-users-target-mercedes-racing-team-mlb-in-lawsuit-details\/\">FTX-Benutzer nehmen Mercedes Racing Team und MLB in einer Klage ins Visier: Details<\/a><\/h3><\/li><li><h3 class=\"postTitle\"><a href=\"https:\/\/bitcoinwisdom.com\/de\/judge-orders-cz-to-remain-in-the-us\/\">Richter befiehlt CZ, in den USA zu bleiben<\/a><\/h3><\/li><li><h3 class=\"postTitle\"><a href=\"https:\/\/bitcoinwisdom.com\/de\/news\/\">Weitere Nachrichtenartikel anzeigen<\/a><\/h3><\/li><\/div><\/div>\n<\/div><\/div>\n\n\n\n<h2 class=\"wp-block-heading\">Live-Kryptow\u00e4hrungsm\u00e4rkte<\/h2>\n\n\n\n<div class=\"wp-block-group\"><div class=\"wp-block-group__inner-container\"><div class=\"cryptoboxes mcw-table light\" id=\"mcw-6349\" data-realtime=\"on\"><div class=\"title-bar\">Top 10 M\u00fcnzen<\/div><table class=\"mcw-datatable dataTable display nowrap\" style=\"width: 100%\" data-length=\"10\" data-total=\"200\"><thead><tr><th class=\"col-rank text-left\" data-col=\"rank\">#<\/th><th class=\"col-name text-left\" data-col=\"name\">M\u00fcnze<\/th><th class=\"col-price_usd\" data-col=\"price_usd\">Preis<\/th><th class=\"col-market_cap_usd\" data-col=\"market_cap_usd\">Marktkapitalisierung<\/th><th class=\"col-volume_usd_24h\" data-col=\"volume_usd_24h\">Volumen (24h)<\/th><th class=\"col-available_supply\" data-col=\"available_supply\">Liefern<\/th><th class=\"col-percent_change_24h\" data-col=\"percent_change_24h\">Ver\u00e4nderung<\/th><th class=\"col-weekly\" data-col=\"weekly\">Letzte 24 Std<\/th><\/tr><\/thead><tbody><\/tbody><\/table><\/div>\n<\/div><\/div>\n\n\n\n<div class=\"wp-block-group\"><div class=\"wp-block-group__inner-container\"><div class=\"smallCategoryContainer categoryContainer\"><h2>Vorhersagen<\/h2><div class=\"innerSmallcategoryContainer\"><div class=\"postContainer small\"><a href=\"https:\/\/bitcoinwisdom.com\/de\/divi-price-prediction\/\"><img decoding=\"async\" class=\"featured\" src=\"https:\/\/bitcoinwisdom.com\/wp-content\/uploads\/2022\/07\/Divi-Price-Prediction-500x330.png\"><\/a><div class=\"postDetailsContainer\"><h3 class=\"postTitle\"><a href=\"https:\/\/bitcoinwisdom.com\/de\/divi-price-prediction\/\">Divi (DIVI) Preisvorhersage \u2013 2024, 2025 \u2013 2030<\/a><\/h3><div class=\"postDetails\"><strong>Durch <a href=\"https:\/\/bitcoinwisdom.com\/de\/author\/barinem\/\">Barinem Pene<\/a><\/strong> 25. September 2024<\/div><\/div><\/div><div class=\"postContainer small\"><a href=\"https:\/\/bitcoinwisdom.com\/de\/everrise-rise-price-prediction\/\"><img decoding=\"async\" class=\"featured\" src=\"https:\/\/bitcoinwisdom.com\/wp-content\/uploads\/2022\/07\/Everrise-Price-Prediction-500x330.png\"><\/a><div class=\"postDetailsContainer\"><h3 class=\"postTitle\"><a href=\"https:\/\/bitcoinwisdom.com\/de\/everrise-rise-price-prediction\/\">EverRise (RISE) Preisprognose \u2013 2024, 2025 \u2013 2030<\/a><\/h3><div class=\"postDetails\"><strong>Durch <a href=\"https:\/\/bitcoinwisdom.com\/de\/author\/barinem\/\">Barinem Pene<\/a><\/strong> 25. September 2024<\/div><\/div><\/div><div class=\"postContainer small\"><a href=\"https:\/\/bitcoinwisdom.com\/de\/maidsafecoin-maid-price-prediction\/\"><img decoding=\"async\" class=\"featured\" src=\"https:\/\/bitcoinwisdom.com\/wp-content\/uploads\/2022\/07\/Maidsafecoin-Price-Prediction-500x330.png\"><\/a><div class=\"postDetailsContainer\"><h3 class=\"postTitle\"><a href=\"https:\/\/bitcoinwisdom.com\/de\/maidsafecoin-maid-price-prediction\/\">Maidsafecoin (MAID) Preisvorhersage \u2013 2024, 2025 \u2013 2030<\/a><\/h3><div class=\"postDetails\"><strong>Durch <a href=\"https:\/\/bitcoinwisdom.com\/de\/author\/barinem\/\">Barinem Pene<\/a><\/strong> 25. September 2024<\/div><\/div><\/div><div class=\"remainingContainer\"><ul><li><h3 class=\"postTitle\"><a href=\"https:\/\/bitcoinwisdom.com\/de\/nest-protocol-nest-price-prediction\/\">Nest Protocol (NEST) Preisprognose \u2013 2024, 2025 \u2013 2030<\/a><\/h3><\/li><li><h3 class=\"postTitle\"><a href=\"https:\/\/bitcoinwisdom.com\/de\/osmosis-osmo-price-prediction\/\">Osmosis (OSMO) Preisprognose \u2013 2024, 2025 \u2013 2030<\/a><\/h3><\/li><li><h3 class=\"postTitle\"><a href=\"https:\/\/bitcoinwisdom.com\/de\/paribus-pbx-price-prediction\/\">Paribus (PBX) Preisprognose \u2013 2024, 2025 \u2013 2030<\/a><\/h3><\/li><li><h3 class=\"postTitle\"><a href=\"https:\/\/bitcoinwisdom.com\/de\/solanium-slim-price-prediction\/\">Solanium (SLIM) Preisprognose \u2013 2024, 2025 \u2013 2030<\/a><\/h3><\/li><\/ul><\/div><\/div><a href=\"https:\/\/bitcoinwisdom.com\/de\/predictions\/\" class=\"allButton\">Alle Vorhersageartikel<\/a><\/div>\n<\/div><\/div>\n\n\n\n<div class=\"wp-block-group\"><div class=\"wp-block-group__inner-container\"><div class=\"smallCategoryContainer categoryContainer\"><h2>F\u00fchrer<\/h2><div class=\"innerSmallcategoryContainer\"><div class=\"postContainer small\"><a href=\"https:\/\/bitcoinwisdom.com\/de\/how-to-invest-in-dogecoin-with-credit-card\/\"><img decoding=\"async\" class=\"featured\" src=\"https:\/\/bitcoinwisdom.com\/wp-content\/uploads\/2022\/09\/h4odslgzfig-500x330.jpg\"><\/a><div class=\"postDetailsContainer\"><h3 class=\"postTitle\"><a href=\"https:\/\/bitcoinwisdom.com\/de\/how-to-invest-in-dogecoin-with-credit-card\/\">So investieren Sie mit Kreditkarte in Dogecoin<\/a><\/h3><div class=\"postDetails\"><strong>Durch <a href=\"https:\/\/bitcoinwisdom.com\/de\/author\/martin\/\">Martin K<\/a><\/strong> 6. September 2022<\/div><\/div><\/div><div class=\"postContainer small\"><a href=\"https:\/\/bitcoinwisdom.com\/de\/what-is-ripple-and-how-does-it-work\/\"><img decoding=\"async\" class=\"featured\" src=\"https:\/\/bitcoinwisdom.com\/wp-content\/uploads\/2022\/09\/0krsp5irzi4-500x330.jpg\"><\/a><div class=\"postDetailsContainer\"><h3 class=\"postTitle\"><a href=\"https:\/\/bitcoinwisdom.com\/de\/what-is-ripple-and-how-does-it-work\/\">Was ist Ripple und wie funktioniert es?<\/a><\/h3><div class=\"postDetails\"><strong>Durch <a href=\"https:\/\/bitcoinwisdom.com\/de\/author\/martin\/\">Martin K<\/a><\/strong> 6. September 2022<\/div><\/div><\/div><div class=\"postContainer small\"><a href=\"https:\/\/bitcoinwisdom.com\/de\/difference-between-dogecoin-ripple-a-comparison-guide\/\"><img decoding=\"async\" class=\"featured\" src=\"https:\/\/bitcoinwisdom.com\/wp-content\/uploads\/2022\/09\/8xo9gqaamzc-500x330.jpg\"><\/a><div class=\"postDetailsContainer\"><h3 class=\"postTitle\"><a href=\"https:\/\/bitcoinwisdom.com\/de\/difference-between-dogecoin-ripple-a-comparison-guide\/\">Unterschied zwischen Dogecoin und Ripple \u2013 Ein Vergleichsleitfaden<\/a><\/h3><div class=\"postDetails\"><strong>Durch <a href=\"https:\/\/bitcoinwisdom.com\/de\/author\/martin\/\">Martin K<\/a><\/strong> 6. September 2022<\/div><\/div><\/div><div class=\"remainingContainer\"><ul><li><h3 class=\"postTitle\"><a href=\"https:\/\/bitcoinwisdom.com\/de\/a-detailed-guide-on-how-to-mine-dogecoin\/\">Eine detaillierte Anleitung zum Abbau von Dogecoin<\/a><\/h3><\/li><li><h3 class=\"postTitle\"><a href=\"https:\/\/bitcoinwisdom.com\/de\/top-reasons-why-you-should-invest-in-bitcoin\/\">Die wichtigsten Gr\u00fcnde, warum Sie in Bitcoin investieren sollten<\/a><\/h3><\/li><li><h3 class=\"postTitle\"><a href=\"https:\/\/bitcoinwisdom.com\/de\/what-you-need-to-know-about-bitcoin\/\">Was Sie \u00fcber Bitcoin wissen m\u00fcssen<\/a><\/h3><\/li><li><h3 class=\"postTitle\"><a href=\"https:\/\/bitcoinwisdom.com\/de\/how-to-invest-in-bitcoin\/\">Wie man in Bitcoin investiert<\/a><\/h3><\/li><\/ul><\/div><\/div><a href=\"https:\/\/bitcoinwisdom.com\/de\/guides\/\" class=\"allButton\">Alle Guides-Artikel<\/a><\/div>\n<\/div><\/div>\n\n\n\n<div class=\"wp-block-group\"><div class=\"wp-block-group__inner-container\"><div class=\"smallCategoryContainer categoryContainer\"><h2>Bewertungen<\/h2><div class=\"innerSmallcategoryContainer\"><div class=\"postContainer small\"><a href=\"https:\/\/bitcoinwisdom.com\/de\/binance-review\/\"><img decoding=\"async\" class=\"featured\" src=\"https:\/\/bitcoinwisdom.com\/wp-content\/uploads\/2022\/05\/22aee16e43e33d890ee49cfcebbe3d94-500x330.webp\"><\/a><div class=\"postDetailsContainer\"><h3 class=\"postTitle\"><a href=\"https:\/\/bitcoinwisdom.com\/de\/binance-review\/\">Binance-\u00dcberpr\u00fcfung<\/a><\/h3><div class=\"postDetails\"><strong>Durch <a href=\"https:\/\/bitcoinwisdom.com\/de\/author\/nishit-kumar\/\">Nishit Kumar<\/a><\/strong> 24. September 2024<\/div><\/div><\/div><div class=\"postContainer small\"><a href=\"https:\/\/bitcoinwisdom.com\/de\/crypto-com-review\/\"><img decoding=\"async\" class=\"featured\" src=\"https:\/\/bitcoinwisdom.com\/wp-content\/uploads\/2022\/06\/home-500x330.webp\"><\/a><div class=\"postDetailsContainer\"><h3 class=\"postTitle\"><a href=\"https:\/\/bitcoinwisdom.com\/de\/crypto-com-review\/\">Crypto.com-Rezension<\/a><\/h3><div class=\"postDetails\"><strong>Durch <a href=\"https:\/\/bitcoinwisdom.com\/de\/author\/nishit-kumar\/\">Nishit Kumar<\/a><\/strong> 24. September 2024<\/div><\/div><\/div><div class=\"postContainer small\"><a href=\"https:\/\/bitcoinwisdom.com\/de\/coinbase-review\/\"><img decoding=\"async\" class=\"featured\" src=\"https:\/\/bitcoinwisdom.com\/wp-content\/uploads\/2022\/05\/1_4c7_SNuureECLAy7nW8TKQ-500x330.png\"><\/a><div class=\"postDetailsContainer\"><h3 class=\"postTitle\"><a href=\"https:\/\/bitcoinwisdom.com\/de\/coinbase-review\/\">Coinbase-Rezension<\/a><\/h3><div class=\"postDetails\"><strong>Durch <a href=\"https:\/\/bitcoinwisdom.com\/de\/author\/nishit-kumar\/\">Nishit Kumar<\/a><\/strong> 24. September 2024<\/div><\/div><\/div><div class=\"remainingContainer\"><ul><li><h3 class=\"postTitle\"><a href=\"https:\/\/bitcoinwisdom.com\/de\/coinspot-review\/\">CoinSpot-Rezension<\/a><\/h3><\/li><li><h3 class=\"postTitle\"><a href=\"https:\/\/bitcoinwisdom.com\/de\/kraken-review\/\">Kraken-Rezension<\/a><\/h3><\/li><li><h3 class=\"postTitle\"><a href=\"https:\/\/bitcoinwisdom.com\/de\/bitstamp-review\/\">Bitstamp-Rezension<\/a><\/h3><\/li><li><h3 class=\"postTitle\"><a href=\"https:\/\/bitcoinwisdom.com\/de\/robinhood-review\/\">Robinhood-Rezension<\/a><\/h3><\/li><\/ul><\/div><\/div><a href=\"https:\/\/bitcoinwisdom.com\/de\/reviews\/\" class=\"allButton\">Alle Rezensionen Artikel<\/a><\/div>\n<\/div><\/div>","protected":false},"excerpt":{"rendered":"<p>Aktuelle Kryptow\u00e4hrungsnachrichten Live-Kryptow\u00e4hrungsm\u00e4rkte<\/p>","protected":false},"author":5,"featured_media":0,"parent":0,"menu_order":0,"comment_status":"closed","ping_status":"closed","template":"","meta":{"_acf_changed":false,"_editorskit_title_hidden":false,"_editorskit_reading_time":1,"_editorskit_is_block_options_detached":false,"_editorskit_block_options_position":"{}","_uag_custom_page_level_css":"","footnotes":""},"class_list":["post-730","page","type-page","status-publish","hentry"],"acf":[],"uagb_featured_image_src":{"full":false,"thumbnail":false,"medium":false,"medium_large":false,"large":false,"1536x1536":false,"2048x2048":false,"trp-custom-language-flag":false},"uagb_author_info":{"display_name":"Jason Conor","author_link":"https:\/\/bitcoinwisdom.com\/de\/author\/jason-connor\/"},"uagb_comment_info":0,"uagb_excerpt":"Breaking Cryptocurrency News Live Cryptocurrency Markets","_links":{"self":[{"href":"https:\/\/bitcoinwisdom.com\/de\/wp-json\/wp\/v2\/pages\/730","targetHints":{"allow":["GET"]}}],"collection":[{"href":"https:\/\/bitcoinwisdom.com\/de\/wp-json\/wp\/v2\/pages"}],"about":[{"href":"https:\/\/bitcoinwisdom.com\/de\/wp-json\/wp\/v2\/types\/page"}],"author":[{"embeddable":true,"href":"https:\/\/bitcoinwisdom.com\/de\/wp-json\/wp\/v2\/users\/5"}],"replies":[{"embeddable":true,"href":"https:\/\/bitcoinwisdom.com\/de\/wp-json\/wp\/v2\/comments?post=730"}],"version-history":[{"count":0,"href":"https:\/\/bitcoinwisdom.com\/de\/wp-json\/wp\/v2\/pages\/730\/revisions"}],"wp:attachment":[{"href":"https:\/\/bitcoinwisdom.com\/de\/wp-json\/wp\/v2\/media?parent=730"}],"curies":[{"name":"wp","href":"https:\/\/api.w.org\/{rel}","templated":true}]}}