{"id":4838,"date":"2022-06-07T18:58:13","date_gmt":"2022-06-08T01:58:13","guid":{"rendered":"https:\/\/bitcoinwisdom.com\/?page_id=4838"},"modified":"2022-06-07T19:00:30","modified_gmt":"2022-06-08T02:00:30","slug":"ratings-methodology","status":"publish","type":"page","link":"https:\/\/bitcoinwisdom.com\/es\/ratings-methodology\/","title":{"rendered":"Metodolog\u00eda de Calificaciones"},"content":{"rendered":"<h1 class=\"wp-block-heading\">Metodolog\u00eda de Calificaciones<\/h1>\n\n\n\n<p>Si est\u00e1 buscando comenzar a operar o invertir en el mundo de las criptomonedas, es posible que se sienta bastante intimidado por la gran cantidad de intercambios que est\u00e1n disponibles para lo mismo. Elegir el intercambio correcto es una parte importante, pero a menudo pasada por alto, de ser un comerciante\/inversor rentable. Cada intercambio es solo ligeramente diferente en t\u00e9rminos de sus ofertas, tarifas y caracter\u00edsticas; sin embargo, a largo plazo, esto puede marcar una gran diferencia en su metodolog\u00eda comercial.\u00a0<\/p>\n\n\n\n<p>Para facilitar el proceso de elegir el intercambio correcto, hemos revisado varios de los principales intercambios de cifrado disponibles en el mercado y los calificamos seg\u00fan los criterios m\u00e1s relevantes. Esta gu\u00eda es una explicaci\u00f3n de ese proceso de evaluaci\u00f3n y calificaci\u00f3n.&nbsp;<\/p>\n\n\n\n<h2 class=\"wp-block-heading\">Criterios de calificaci\u00f3n&nbsp;<\/h2>\n\n\n\n<p>Nuestra calificaci\u00f3n final que se otorga a cualquier intercambio es un promedio ponderado de las calificaciones individuales que recibe el intercambio en 6 categor\u00edas diferentes:&nbsp;<\/p>\n\n\n\n<ol class=\"wp-block-list\"><li>Tarifa&nbsp;<\/li><li>Aplicaci\u00f3n movil&nbsp;<\/li><li>Caracter\u00edsticas de la plataforma de negociaci\u00f3n<\/li><li>Regulaci\u00f3n&nbsp;<\/li><li>Atenci\u00f3n al cliente&nbsp;<\/li><li>M\u00e9todos de pago&nbsp;<\/li><\/ol>\n\n\n\n<p>Para cada una de las categor\u00edas que hemos enumerado, recopilamos datos de una variedad de intercambios y luego los comparamos, formando as\u00ed una m\u00e9trica a trav\u00e9s de la cual podr\u00edamos calificar los intercambios en cada una de estas categor\u00edas individuales.&nbsp;<\/p>\n\n\n\n<p>Cada factor se califica en una escala de 0 a 10, siendo 0 la peor calificaci\u00f3n y 10 la calificaci\u00f3n m\u00e1s alta que puede recibir el intercambio. Cada factor se explica en detalle a continuaci\u00f3n.&nbsp;<\/p>\n\n\n\n<h3 class=\"wp-block-heading\">Cuentas reales an\u00f3nimas&nbsp;<\/h3>\n\n\n\n<p>Todas nuestras revisiones y recopilaci\u00f3n de datos se realizan a trav\u00e9s de cuentas en vivo creadas por los revisores para probar la plataforma. A los corredores no se les informa que la cuenta se est\u00e1 creando para garantizar la m\u00e1xima autenticidad y para que los revisores puedan experimentar la plataforma de la misma manera que lo har\u00edan los clientes.&nbsp;<\/p>\n\n\n\n<h2 class=\"wp-block-heading\">Tarifa&nbsp;<\/h2>\n\n\n\n<p>Las tarifas que paga por operar en un intercambio son quiz\u00e1s una de las mayores consideraciones para cualquier comerciante antes de decidirse por la plataforma adecuada. Si bien esto solo tiene un efecto menor para los inversores a largo plazo, se vuelve a\u00fan m\u00e1s importante para los comerciantes habituales que pueden realizar varias transacciones en un d\u00eda, por lo que incluso una peque\u00f1a diferencia en las tarifas puede acumularse y convertirse en una gran distracci\u00f3n.&nbsp;<\/p>\n\n\n\n<p>Para nuestro proceso de calificaci\u00f3n, las tarifas asociadas con una plataforma forman 17% de la calificaci\u00f3n general que se otorga al intercambio. Las tarifas de cada intercambio se calificaron en una escala de 0 a 10, y se consideraron 3 tipos de tarifas para esto:&nbsp;&nbsp;<\/p>\n\n\n\n<ul class=\"wp-block-list\"><li>Tarifas comerciales&nbsp;<\/li><li>Tarifas de dep\u00f3sito&nbsp;<\/li><li>tarifas de retiro&nbsp;<\/li><\/ul>\n\n\n\n<h3 class=\"wp-block-heading\">Tarifas comerciales<\/h3>\n\n\n\n<p>Los intercambios pueden cobrar tarifas de negociaci\u00f3n en forma de comisiones o diferenciales, aunque la mayor\u00eda de los intercambios prefieren cobrar una combinaci\u00f3n de los dos, con descuentos otorgados por vol\u00famenes de negociaci\u00f3n m\u00e1s altos.&nbsp;<\/p>\n\n\n\n<p>Al calificar las tarifas de negociaci\u00f3n para el intercambio, analizamos las tarifas de negociaci\u00f3n b\u00e1sicas que cobran por un volumen de negociaci\u00f3n regular en funci\u00f3n de la cantidad promedio de transacciones que realizar\u00eda una transacci\u00f3n regular en el transcurso de 30 d\u00edas.&nbsp;<\/p>\n\n\n\n<p>Esto inclu\u00eda las tarifas de negociaci\u00f3n en diferentes clases de productos, como el mercado al contado, as\u00ed como futuros y derivados.&nbsp;<\/p>\n\n\n\n<p>Adem\u00e1s, tambi\u00e9n analizamos si el intercambio ten\u00eda una estructura de maker-taker, donde las transacciones que agregan liquidez al mercado pagan tarifas m\u00e1s bajas que las transacciones que quitan liquidez del mercado.&nbsp;<\/p>\n\n\n\n<h3 class=\"wp-block-heading\">Tarifas de dep\u00f3sito<\/h3>\n\n\n\n<p>Tambi\u00e9n analizamos las tarifas de dep\u00f3sito asociadas con el intercambio. Esto tom\u00f3 dos formas:&nbsp;<\/p>\n\n\n\n<ol class=\"wp-block-list\"><li>Las tarifas de dep\u00f3sito que cobra el intercambio por dep\u00f3sitos en moneda fiduciaria a trav\u00e9s de m\u00e9todos como tarjetas de cr\u00e9dito\/d\u00e9bito, transferencias bancarias y monederos electr\u00f3nicos como PayPal y Skrill.&nbsp;<\/li><li>Las tarifas de dep\u00f3sito cobradas por el intercambio por dep\u00f3sitos de criptomonedas desde una billetera externa existente.&nbsp;<\/li><\/ol>\n\n\n\n<h3 class=\"wp-block-heading\">Tarifas de retiro<\/h3>\n\n\n\n<p>Los intercambios de cifrado tambi\u00e9n pueden cobrar tarifas por el retiro de activos de la plataforma. De manera similar al an\u00e1lisis de las tarifas de dep\u00f3sito asociadas con la plataforma, observamos las tarifas de retiro asociadas con los retiros de monedas fiduciarias y criptomonedas de la plataforma.&nbsp;<\/p>\n\n\n\n<h2 class=\"wp-block-heading\">Aplicaci\u00f3n movil&nbsp;<\/h2>\n\n\n\n<p>Con el aumento de la frecuencia de las transacciones, as\u00ed como la volatilidad inherente asociada con los mercados de criptomonedas, tambi\u00e9n analizamos si los intercambios de criptomonedas ten\u00edan o no una aplicaci\u00f3n m\u00f3vil que los comerciantes pudieran usar para realizar transacciones sobre la marcha. Esta secci\u00f3n represent\u00f3 16% de nuestra calificaci\u00f3n general e incorpor\u00f3 5 elementos diferentes:&nbsp;<\/p>\n\n\n\n<ul class=\"wp-block-list\"><li>Disponibilidad de la aplicaci\u00f3n&nbsp;<\/li><li>Valoraci\u00f3n de los clientes<\/li><li>Frecuencia de actualizaci\u00f3n&nbsp;<\/li><li>Privacidad de datos&nbsp;<\/li><li>Compatibilidad<\/li><\/ul>\n\n\n\n<h3 class=\"wp-block-heading\">Disponibilidad de la aplicaci\u00f3n<\/h3>\n\n\n\n<p>La primera pregunta que analizamos fue si el intercambio ten\u00eda o no una aplicaci\u00f3n que se pudiera descargar. Consideramos si esta aplicaci\u00f3n estaba disponible en dispositivos Android e iOS, y los intercambios que estaban disponibles en ambos sistemas operativos obtuvieron una calificaci\u00f3n m\u00e1s alta que los intercambios que solo estaban disponibles en un sistema operativo.&nbsp;<\/p>\n\n\n\n<h3 class=\"wp-block-heading\">Valoraci\u00f3n de los clientes<\/h3>\n\n\n\n<p>Cuando determinamos que el intercambio ten\u00eda una aplicaci\u00f3n, el siguiente paso fue observar la calidad de la aplicaci\u00f3n, y la forma m\u00e1s efectiva de hacerlo fue observar las rese\u00f1as de los clientes que hab\u00eda recibido la aplicaci\u00f3n. Para las aplicaciones de Android, se consider\u00f3 la calificaci\u00f3n promedio recibida por la aplicaci\u00f3n en Google Play, mientras que las aplicaciones de iOS se juzgaron en funci\u00f3n de sus calificaciones en la App Store.&nbsp;<\/p>\n\n\n\n<h3 class=\"wp-block-heading\">Frecuencia de actualizaci\u00f3n<\/h3>\n\n\n\n<p>Cada vez que se inicia una aplicaci\u00f3n m\u00f3vil, debe actualizarse con frecuencia para asegurarse de que cualquier error o problema con el rendimiento de la aplicaci\u00f3n se pueda solucionar f\u00e1cilmente. Por lo tanto, la frecuencia de las actualizaciones se convierte en un factor importante al considerar qu\u00e9 tan buena es una aplicaci\u00f3n.&nbsp;<\/p>\n\n\n\n<p>Por lo tanto, observamos la frecuencia de actualizaci\u00f3n de las aplicaciones, y aquellas que se actualizaban con m\u00e1s frecuencia recibieron una calificaci\u00f3n m\u00e1s alta que aquellas que ten\u00edan muy pocas actualizaciones.&nbsp;<\/p>\n\n\n\n<h3 class=\"wp-block-heading\">Privacidad de datos<\/h3>\n\n\n\n<p>La privacidad tambi\u00e9n es una preocupaci\u00f3n importante cuando se trata de aplicaciones m\u00f3viles y, por lo tanto, esto fue parte de nuestra m\u00e9trica al asignar puntajes a la aplicaci\u00f3n m\u00f3vil de la plataforma.&nbsp;<\/p>\n\n\n\n<p>La consideraci\u00f3n principal en este sentido fue ver si la aplicaci\u00f3n m\u00f3vil rastreaba los datos del usuario para mostrarle anuncios dirigidos, y las aplicaciones que hicieron esto recibieron una calificaci\u00f3n m\u00e1s baja que aquellas que ten\u00edan un mayor respeto por la privacidad del cliente.&nbsp;<\/p>\n\n\n\n<h3 class=\"wp-block-heading\">Compatibilidad<\/h3>\n\n\n\n<p>Por \u00faltimo, tambi\u00e9n analizamos qu\u00e9 tan compatibles eran las aplicaciones en diferentes dispositivos; por ejemplo, una aplicaci\u00f3n de iOS podr\u00eda descargarse en un iPad, iPhone o Apple Watch. Las mismas comparaciones tambi\u00e9n se pueden hacer para las aplicaciones de Android.&nbsp;<\/p>\n\n\n\n<p>Por lo tanto, las aplicaciones que eran compatibles con dispositivos m\u00e1s diversos recibieron una calificaci\u00f3n m\u00e1s alta en este sentido que las aplicaciones que no eran compatibles con tantos dispositivos.&nbsp;<\/p>\n\n\n\n<h2 class=\"wp-block-heading\">Caracter\u00edsticas de la plataforma de negociaci\u00f3n&nbsp;<\/h2>\n\n\n\n<p>Esta fue una de las partes m\u00e1s extensas del proceso de calificaci\u00f3n, donde analizamos una serie de factores con respecto a la plataforma de operaciones en s\u00ed. El criterio principal con respecto a la plataforma de negociaci\u00f3n que analizamos inclu\u00eda:&nbsp;<\/p>\n\n\n\n<ol class=\"wp-block-list\"><li>Mercados admitidos&nbsp;<\/li><li>Criptomonedas disponibles&nbsp;<\/li><li>Liquidez&nbsp;<\/li><li>Comercio extraburs\u00e1til&nbsp;<\/li><li>Seguridad&nbsp;<\/li><li>Tipos de orden&nbsp;<\/li><\/ol>\n\n\n\n<h3 class=\"wp-block-heading\">Mercados admitidos&nbsp;<\/h3>\n\n\n\n<p>El primer factor que observamos fue la variedad de mercados respaldados por el intercambio. Por ejemplo, los intercambios que solo ten\u00edan mercados al contado obtuvieron una puntuaci\u00f3n m\u00e1s baja que aquellos que tambi\u00e9n ofrecieron acceso a criptoderivados y futuros. Los intercambios que ten\u00edan mercados a\u00fan m\u00e1s novedosos, como los tokens apalancados, obtuvieron una puntuaci\u00f3n m\u00e1s alta.&nbsp;<\/p>\n\n\n\n<p>Adem\u00e1s, se consideraron las plataformas que ofrec\u00edan acceso a mercados no criptogr\u00e1ficos, como los mercados de acciones, divisas y materias primas.&nbsp;<\/p>\n\n\n\n<h3 class=\"wp-block-heading\">Criptomonedas disponibles&nbsp;<\/h3>\n\n\n\n<p>La siguiente consideraci\u00f3n fue observar la variedad de criptomonedas disponibles en la plataforma, que fue f\u00e1cilmente la consideraci\u00f3n m\u00e1s importante en este sentido.&nbsp;<\/p>\n\n\n\n<p>De manera bastante intuitiva, los intercambios que ofrecieron a los usuarios acceso a una mayor cantidad de criptomonedas recibieron una puntuaci\u00f3n m\u00e1s alta que aquellos que ten\u00edan menos criptomonedas disponibles para operar a trav\u00e9s de la plataforma.&nbsp;<\/p>\n\n\n\n<h3 class=\"wp-block-heading\">Liquidez&nbsp;<\/h3>\n\n\n\n<p>La liquidez tambi\u00e9n puede ser una preocupaci\u00f3n, porque si est\u00e1 operando a trav\u00e9s de un intercambio con muy poca liquidez, entonces podr\u00eda enfrentar preocupaciones como:&nbsp;<\/p>\n\n\n\n<ol class=\"wp-block-list\"><li>No poder vender sus activos cuando quiere debido a la falta de compradores&nbsp;<\/li><li>Tener que pagar precios muy elevados por falta de pedidos en el Libro de Pedidos.&nbsp;<\/li><\/ol>\n\n\n\n<p>Por lo tanto, comparamos la liquidez asociada con diferentes intercambios observando el volumen de negociaci\u00f3n diario promedio en el intercambio. Los intercambios con mayores vol\u00famenes de negociaci\u00f3n recibieron puntajes m\u00e1s altos que aquellos con menores vol\u00famenes de negociaci\u00f3n.&nbsp;<\/p>\n\n\n\n<h3 class=\"wp-block-heading\">Comercio extraburs\u00e1til&nbsp;<\/h3>\n\n\n\n<p>Otro factor que observamos al calificar un intercambio comercial fue si ofrec\u00eda o no escritorios OTC para pedidos m\u00e1s grandes. Las principales consideraciones al respecto fueron:&nbsp;<\/p>\n\n\n\n<ol class=\"wp-block-list\"><li>Si el intercambio ofreci\u00f3 o no comercio OTC&nbsp;<\/li><li>\u00bfCu\u00e1l era el l\u00edmite m\u00ednimo de orden para la mesa de negociaci\u00f3n OTC?<\/li><li>El nivel de competitividad en los precios OTC en comparaci\u00f3n con otros intercambios&nbsp;<\/li><li>Si se proporcion\u00f3 un representante de soporte OTC dedicado&nbsp;<\/li><\/ol>\n\n\n\n<h3 class=\"wp-block-heading\">Seguridad&nbsp;<\/h3>\n\n\n\n<p>Las medidas de seguridad asociadas con una plataforma tambi\u00e9n formaron una gran parte de nuestra calificaci\u00f3n al observar las caracter\u00edsticas de la plataforma, y las cosas m\u00e1s importantes que consideramos incluyen:&nbsp;<\/p>\n\n\n\n<ol class=\"wp-block-list\"><li>Si el intercambio ten\u00eda autenticaci\u00f3n de dos factores para cambios y retiros de cuenta importantes&nbsp;<\/li><li>Si el intercambio estaba asegurado o no&nbsp;<\/li><li>Si el intercambio coloc\u00f3 la mayor\u00eda de sus activos en almacenamiento en fr\u00edo<\/li><li>La historia del intercambio cuando se trata de hacks e infracciones.&nbsp;<\/li><li>Si el intercambio ten\u00eda un sistema de cumplimiento s\u00f3lido dise\u00f1ado para marcar y eliminar actividades fraudulentas.&nbsp;<\/li><\/ol>\n\n\n\n<h3 class=\"wp-block-heading\">Tipos de orden&nbsp;<\/h3>\n\n\n\n<p>La cantidad de tipos de \u00f3rdenes admitidas por la plataforma tambi\u00e9n form\u00f3 una categor\u00eda importante que consideramos porque es un factor directo para determinar qu\u00e9 tan adecuado es el intercambio para los inversores avanzados. Los intercambios recibieron calificaciones en funci\u00f3n de si admit\u00edan o no diferentes tipos de \u00f3rdenes, como:&nbsp;<\/p>\n\n\n\n<ol class=\"wp-block-list\"><li>orden de mercado&nbsp;<\/li><li>orden limitada&nbsp;<\/li><li>orden de parada&nbsp;<\/li><li>Orden de tope l\u00edmite&nbsp;<\/li><\/ol>\n\n\n\n<h2 class=\"wp-block-heading\">Regulaci\u00f3n&nbsp;<\/h2>\n\n\n\n<p>Con el aumento de la cantidad de estafas y fraudes en la industria de las criptomonedas, los inversores y comerciantes ahora buscan intercambios que sean m\u00e1s seguros en virtud de estar regulados por cualquier autoridad reguladora en todo el mundo. Por lo tanto, esto form\u00f3 parte de nuestro proceso de calificaci\u00f3n y represent\u00f3 17% del puntaje total otorgado al intercambio.&nbsp;<\/p>\n\n\n\n<p>Por ejemplo, la mayor consideraci\u00f3n aqu\u00ed fue si el intercambio est\u00e1 regulado en absoluto. Los intercambios que estaban regulados recibieron una puntuaci\u00f3n m\u00e1s alta que los que no lo estaban. Adem\u00e1s, los intercambios que estaban regulados por m\u00faltiples autoridades en todo el mundo recibieron puntajes a\u00fan m\u00e1s altos.&nbsp;<\/p>\n\n\n\n<h2 class=\"wp-block-heading\">Atenci\u00f3n al cliente&nbsp;<\/h2>\n\n\n\n<p>La atenci\u00f3n al cliente tambi\u00e9n forma una parte importante del proceso de calificaci\u00f3n, ya que representa 17% de la calificaci\u00f3n general otorgada a un intercambio. Hay 4 consideraciones que hacer al respecto:&nbsp;<\/p>\n\n\n\n<ul class=\"wp-block-list\"><li>Servicio de chat en vivo&nbsp;<\/li><li>Soporte de correo electr\u00f3nico&nbsp;<\/li><li>Soporte de llamadas&nbsp;<\/li><li>Secciones de preguntas frecuentes&nbsp;<\/li><\/ul>\n\n\n\n<h3 class=\"wp-block-heading\">Servicio de chat en vivo&nbsp;<\/h3>\n\n\n\n<p>Lo primero que analizamos para cualquier plataforma fue si ten\u00edan o no un servicio de chat en vivo. Para aquellos que lo hicieron, el siguiente paso fue analizar qu\u00e9 tan \u00fatil fue este servicio para resolver las consultas de los usuarios.&nbsp;<\/p>\n\n\n\n<p>El servicio de chat en vivo suele ser la primera l\u00ednea de defensa para cualquier plataforma y debe estar equipado para responder las consultas m\u00e1s simples de los usuarios. Las plataformas que ten\u00edan un servicio de chat en vivo las 24 horas del d\u00eda, los 7 d\u00edas de la semana obtuvieron puntajes m\u00e1s altos aqu\u00ed.&nbsp;<\/p>\n\n\n\n<h3 class=\"wp-block-heading\">Soporte de correo electr\u00f3nico&nbsp;<\/h3>\n\n\n\n<p>El soporte por correo electr\u00f3nico que ofrece una plataforma suele ser una de las consideraciones m\u00e1s importantes cuando se trata de cu\u00e1n efectivo es el servicio al cliente y, por lo tanto, form\u00f3 una parte clave de nuestro proceso de calificaci\u00f3n.&nbsp;<\/p>\n\n\n\n<p>Aqu\u00ed analizamos dos factores:&nbsp;<\/p>\n\n\n\n<ol class=\"wp-block-list\"><li>La rapidez de las respuestas, en t\u00e9rminos de los tiempos promedio de respuesta que se observaron para las consultas por correo electr\u00f3nico.&nbsp;<\/li><li>La utilidad de las respuestas, ya que las respuestas proporcionaron soluciones claras a los problemas.<\/li><\/ol>\n\n\n\n<h3 class=\"wp-block-heading\">Soporte de llamadas&nbsp;<\/h3>\n\n\n\n<p>La mayor\u00eda de los intercambios no ofrecen soporte de llamadas, e incluso aquellos que lo ofrecen solo lo ofrecen durante horas limitadas durante el d\u00eda. Teniendo en cuenta la naturaleza 24X7 del mercado de criptomonedas, esto puede ser un problema, por lo que el criterio principal aqu\u00ed fue si el intercambio ten\u00eda o no una l\u00ednea de ayuda de soporte de llamadas que estuviera disponible las 24 horas del d\u00eda, los 7 d\u00edas de la semana para atender las consultas de los clientes.&nbsp;<\/p>\n\n\n\n<p>Las otras consideraciones aqu\u00ed incluyeron los tiempos de espera para hablar con un representante y la utilidad de las respuestas y soluciones proporcionadas.&nbsp;<\/p>\n\n\n\n<h3 class=\"wp-block-heading\">Secciones de preguntas frecuentes&nbsp;<\/h3>\n\n\n\n<p>Por \u00faltimo, miramos el sitio web en s\u00ed para ver si ten\u00eda una p\u00e1gina de preguntas frecuentes que respondiera a las preguntas m\u00e1s frecuentes para ayudar en el proceso de soporte. Los intercambios que ten\u00edan una p\u00e1gina de preguntas frecuentes obtuvieron una puntuaci\u00f3n m\u00e1s alta que los que no la ten\u00edan.&nbsp;<\/p>\n\n\n\n<p>Adem\u00e1s, para los intercambios que ten\u00edan uno, analizamos los siguientes factores:&nbsp;<\/p>\n\n\n\n<ol class=\"wp-block-list\"><li>Qu\u00e9 tan extensas eran las p\u00e1ginas de preguntas frecuentes&nbsp;<\/li><li>Con qu\u00e9 frecuencia se actualizaron para reflejar nuevas preguntas comunes&nbsp;<\/li><li>Que f\u00e1ciles eran de navegar&nbsp;<\/li><\/ol>\n\n\n\n<h2 class=\"wp-block-heading\">M\u00e9todos de pago&nbsp;<\/h2>\n\n\n\n<p>Los intercambios criptogr\u00e1ficos generalmente no se limitan a un solo pa\u00eds o domicilio, y los usuarios de todo el mundo pueden acceder a ellos. Por lo tanto, es importante que admitan una amplia variedad de m\u00e9todos de pago que los usuarios pueden usar para agregar y retirar fondos del intercambio f\u00e1cilmente. Analizamos algunos de los m\u00e9todos m\u00e1s utilizados y asignamos una calificaci\u00f3n en funci\u00f3n de si el intercambio no admit\u00eda este m\u00e9todo de pago.&nbsp;<\/p>\n\n\n\n<p>Los m\u00e9todos de pago que consideramos al respecto fueron:&nbsp;<\/p>\n\n\n\n<ol class=\"wp-block-list\"><li>Transferencias bancarias o transferencias bancarias&nbsp;<\/li><li>Pagos con tarjeta de cr\u00e9dito o d\u00e9bito&nbsp;<\/li><li>Transferencias de billetera de criptomonedas&nbsp;<\/li><li>Transferencias de billetera electr\u00f3nica como PayPal, Skrill y Neteller&nbsp;<\/li><li>Transferencias electr\u00f3nicas internacionales&nbsp;<\/li><\/ol>\n\n\n\n<p>Adem\u00e1s, tambi\u00e9n observamos la cantidad de monedas fiduciarias en las que la plataforma admite dep\u00f3sitos y retiros, y los intercambios recibieron calificaciones m\u00e1s altas por admitir m\u00e1s monedas fiduciarias.&nbsp;<\/p>","protected":false},"excerpt":{"rendered":"<p>Metodolog\u00eda de calificaci\u00f3n Si est\u00e1 buscando comenzar a operar o invertir en el mundo de las criptomonedas, es posible que se sienta bastante intimidado por la gran cantidad de intercambios que est\u00e1n disponibles para lo mismo. Elegir el intercambio correcto es una parte importante, pero a menudo pasada por alto, de ser un comerciante\/inversor rentable. Cada intercambio es solo ligeramente diferente [\u2026]<\/p>","protected":false},"author":9,"featured_media":0,"parent":0,"menu_order":0,"comment_status":"closed","ping_status":"closed","template":"","meta":{"_acf_changed":false,"_editorskit_title_hidden":false,"_editorskit_reading_time":8,"_editorskit_is_block_options_detached":false,"_editorskit_block_options_position":"{}","_uag_custom_page_level_css":"","footnotes":""},"class_list":["post-4838","page","type-page","status-publish","hentry"],"acf":[],"uagb_featured_image_src":{"full":false,"thumbnail":false,"medium":false,"medium_large":false,"large":false,"1536x1536":false,"2048x2048":false,"trp-custom-language-flag":false},"uagb_author_info":{"display_name":"Bob M","author_link":"https:\/\/bitcoinwisdom.com\/es\/author\/bob\/"},"uagb_comment_info":0,"uagb_excerpt":"Ratings Methodology If you\u2019re looking to begin trading or investing in the cryptocurrency world, you might find yourself being quite intimidated by the sheer number of exchanges that are available for the same. Choosing the right exchange is a major but often overlooked part of being a profitable trader\/investor. Each exchange is only slightly different&hellip;","_links":{"self":[{"href":"https:\/\/bitcoinwisdom.com\/es\/wp-json\/wp\/v2\/pages\/4838","targetHints":{"allow":["GET"]}}],"collection":[{"href":"https:\/\/bitcoinwisdom.com\/es\/wp-json\/wp\/v2\/pages"}],"about":[{"href":"https:\/\/bitcoinwisdom.com\/es\/wp-json\/wp\/v2\/types\/page"}],"author":[{"embeddable":true,"href":"https:\/\/bitcoinwisdom.com\/es\/wp-json\/wp\/v2\/users\/9"}],"replies":[{"embeddable":true,"href":"https:\/\/bitcoinwisdom.com\/es\/wp-json\/wp\/v2\/comments?post=4838"}],"version-history":[{"count":0,"href":"https:\/\/bitcoinwisdom.com\/es\/wp-json\/wp\/v2\/pages\/4838\/revisions"}],"wp:attachment":[{"href":"https:\/\/bitcoinwisdom.com\/es\/wp-json\/wp\/v2\/media?parent=4838"}],"curies":[{"name":"wp","href":"https:\/\/api.w.org\/{rel}","templated":true}]}}