{"id":4842,"date":"2022-06-07T19:13:55","date_gmt":"2022-06-08T02:13:55","guid":{"rendered":"https:\/\/bitcoinwisdom.com\/?page_id=4842"},"modified":"2022-06-27T02:05:01","modified_gmt":"2022-06-27T02:05:01","slug":"editorial-policy","status":"publish","type":"page","link":"https:\/\/bitcoinwisdom.com\/es\/editorial-policy\/","title":{"rendered":"Pol\u00edtica editorial"},"content":{"rendered":"<h1 class=\"wp-block-heading\">Pol\u00edtica editorial<\/h1>\n\n\n\n<p>En Bitcoin Wisdom, la prioridad n\u00famero uno es garantizar que los comerciantes e inversores puedan tomar decisiones de inversi\u00f3n mejor informadas. Es por eso que estamos comprometidos con la transparencia total, que incluye compartir la <a href=\"https:\/\/bitcoinwisdom.com\/es\/ratings-methodology\/\" class=\"ek-link\">metodolog\u00eda de calificaci\u00f3n<\/a> empleamos. El mundo de las criptomonedas es vasto y confuso, y estamos aqu\u00ed para que no lo sea tanto, para que puedas tomar decisiones con m\u00e1s claridad.&nbsp;<\/p>\n\n\n\n<h2 class=\"wp-block-heading\">Nuestra visi\u00f3n&nbsp;<\/h2>\n\n\n\n<p>Fundada en 2013, Bitcoin Wisdom se esfuerza por proporcionar noticias de bitcoin precisas e informativas, predicciones de precios, gu\u00edas de inversi\u00f3n y revisiones de intercambio.<\/p>\n\n\n\n<h2 class=\"wp-block-heading\">Nuestra misi\u00f3n&nbsp;<\/h2>\n\n\n\n<p>Contamos con un equipo de personas dedicadas y comprometidas a ayudarlo a aprender los fundamentos de las criptomonedas. La tarea principal de nuestro equipo es garantizar que pueda acceder a los mercados financieros de la manera m\u00e1s sencilla posible. Con la ayuda de nuestros socios, hemos asumido la responsabilidad de ser parte de su viaje de independencia financiera con las posibilidades ilimitadas que ofrece el criptomercado.<\/p>\n\n\n\n<h2 class=\"wp-block-heading\">Directrices editoriales&nbsp;<\/h2>\n\n\n\n<p>Nuestro <a href=\"https:\/\/bitcoinwisdom.com\/es\/about\/\" class=\"ek-link\">equipo<\/a> se compromete a crear contenido preciso y procesable que pueda ayudar a los lectores a tomar decisiones financieras informadas. Tambi\u00e9n defendemos el valor de la transparencia con los m\u00e1s altos est\u00e1ndares, asegur\u00e1ndonos de que sus pautas editoriales y sistemas de ingresos se hagan p\u00fablicos. Todas las pr\u00e1cticas seguidas por el equipo est\u00e1n guiadas por principios editoriales, y cada l\u00ednea de texto que escribimos se verifica para garantizar que todos los errores se eliminen de inmediato.&nbsp;<\/p>\n\n\n\n<p>Tambi\u00e9n valoramos mucho la independencia editorial. Todas las revisiones, art\u00edculos y recomendaciones que hacemos no est\u00e1n influenciados de ninguna manera por nuestros socios, ya sea dentro o fuera de la organizaci\u00f3n. Nuestro proceso de ganar dinero tambi\u00e9n es transparente y se puede encontrar aqu\u00ed.&nbsp;<\/p>\n\n\n\n<p>Nuestro equipo editorial refleja que nuestra audiencia es bastante diversa, perteneciente a diferentes regiones y niveles econ\u00f3micos. Por lo tanto, nuestras evaluaciones y recomendaciones reflejan esto, lo que nos permite conectarnos con nuestros lectores y brindarles el asesoramiento m\u00e1s relevante para su situaci\u00f3n.&nbsp;<\/p>\n\n\n\n<h2 class=\"wp-block-heading\">Principios fundamentales&nbsp;<\/h2>\n\n\n\n<ul class=\"wp-block-list\"><li>Todos los miembros de los mercados financieros y de criptomonedas est\u00e1n comprometidos con los m\u00e1s altos est\u00e1ndares de informaci\u00f3n y tienen derecho a una informaci\u00f3n equilibrada, precisa y completa.&nbsp;<\/li><li>Todos los miembros del mercado merecen equidad econ\u00f3mica, y es importante para nosotros que nuestro contenido ayude a lograr ese fin.&nbsp;<\/li><li>Todas las fuentes de informaci\u00f3n que utilizamos para nuestros contenidos son diversas, a fin de garantizar un mayor grado de precisi\u00f3n. Basamos nuestras opiniones en expertos que reflejan los sentimientos y las preguntas planteadas por grupos de personas diversos y subrepresentados.&nbsp;<\/li><li>Nos esforzamos por garantizar la objetividad en todas nuestras revisiones, sin dejar que nuestras opiniones y an\u00e1lisis sean sesgados por ning\u00fan socio comercial que podamos tener. Nuestro contenido proporciona un an\u00e1lisis cr\u00edtico de las diferentes opciones que est\u00e1n disponibles para los usuarios en el mercado, permiti\u00e9ndoles tomar decisiones m\u00e1s informadas.&nbsp;<\/li><\/ul>\n\n\n\n<h2 class=\"wp-block-heading\">Independencia Editorial<\/h2>\n\n\n\n<ul class=\"wp-block-list\"><li>Nuestro equipo editorial, compuesto por escritores, editores y verificadores de datos, es el \u00fanico responsable de crear todo el contenido editorial que publicamos. Esto incluye cualquier revisi\u00f3n, predicci\u00f3n o comparaci\u00f3n que publiquemos.&nbsp;<\/li><li>Todos los puntos de vista que presentamos se basan en hechos que se han recopilado a trav\u00e9s de investigaciones y an\u00e1lisis independientes. Comparamos cada producto que revisamos con otros productos similares en el mercado para una comparaci\u00f3n m\u00e1s fundamentada y ofrecemos opiniones basadas \u00fanicamente en las caracter\u00edsticas y servicios del producto en s\u00ed.&nbsp;<\/li><li>Nuestras decisiones sobre qu\u00e9 calificaci\u00f3n otorgar a los productos y si hablamos favorablemente o no de un producto no est\u00e1n influenciadas de ninguna manera por nuestros socios comerciales.&nbsp;<\/li><li>Nuestros escritores y editores no son compensados directamente a trav\u00e9s de anuncios o por nuestros socios, lo que garantiza que no haya conflicto de intereses en ese sentido.&nbsp;<\/li><li>El an\u00e1lisis de desempe\u00f1o y las revisiones de la calidad de nuestros art\u00edculos y el equipo editorial no est\u00e1n influenciados por nuestros socios comerciales ni por la favorabilidad de sus revisiones.&nbsp;<\/li><\/ul>\n\n\n\n<h2 class=\"wp-block-heading\">Verificaci\u00f3n de hechos y correcciones<\/h2>\n\n\n\n<ul class=\"wp-block-list\"><li>Todo el contenido que publicamos a trav\u00e9s de la plataforma se verifica para garantizar que toda la informaci\u00f3n presentada sea precisa y oportuna. A partir de la fecha de publicaci\u00f3n del art\u00edculo, cualquier informaci\u00f3n contenida en el mismo debe ser precisa.&nbsp;<\/li><li>Todo nuestro contenido pasa por un proceso integral, que involucra a escritores, editores y correctores de estilo, quienes verifican si todo el contenido es correcto.&nbsp;<\/li><li>Las \u00fanicas fuentes principales utilizadas por los escritores al preparar los art\u00edculos son fuentes primarias y autorizadas, como entrevistas, as\u00ed como sitios web del gobierno y de la industria.&nbsp;<\/li><li>Cada vez que cometemos un error sin darnos cuenta, publicamos una correcci\u00f3n en el art\u00edculo, se\u00f1alando d\u00f3nde se cometi\u00f3 el error y cu\u00e1l es la informaci\u00f3n correcta.<\/li><\/ul>\n\n\n\n<p>Si necesita ponerse en contacto con nuestro equipo editorial, comun\u00edquese con <a href=\"mailto:editorial@bitcoinwisdom.com\" class=\"ek-link\">editorial@bitcoinwisdom.com<\/a><\/p>","protected":false},"excerpt":{"rendered":"<p>Pol\u00edtica editorial En Bitcoin Wisdom, la prioridad n\u00famero uno es garantizar que los comerciantes e inversores puedan tomar decisiones de inversi\u00f3n mejor informadas. Es por eso que estamos comprometidos con la transparencia total, lo que incluye compartir la metodolog\u00eda de calificaci\u00f3n que empleamos. El mundo de las criptomonedas es vasto y confuso, y estamos aqu\u00ed para hacerlo menos [\u2026]<\/p>","protected":false},"author":9,"featured_media":0,"parent":0,"menu_order":0,"comment_status":"closed","ping_status":"closed","template":"","meta":{"_acf_changed":false,"_editorskit_title_hidden":false,"_editorskit_reading_time":0,"_editorskit_is_block_options_detached":false,"_editorskit_block_options_position":"{}","_uag_custom_page_level_css":"","footnotes":""},"class_list":["post-4842","page","type-page","status-publish","hentry"],"acf":[],"uagb_featured_image_src":{"full":false,"thumbnail":false,"medium":false,"medium_large":false,"large":false,"1536x1536":false,"2048x2048":false,"trp-custom-language-flag":false},"uagb_author_info":{"display_name":"Bob M","author_link":"https:\/\/bitcoinwisdom.com\/es\/author\/bob\/"},"uagb_comment_info":0,"uagb_excerpt":"Editorial Policy At Bitcoin Wisdom, the number one priority is to ensure that traders and investors can make better informed investing decisions. This is why we are committed to complete transparency, including sharing the rating methodology we employ. The world of cryptocurrencies is vast and confusing, and we are here to make it less so,&hellip;","_links":{"self":[{"href":"https:\/\/bitcoinwisdom.com\/es\/wp-json\/wp\/v2\/pages\/4842","targetHints":{"allow":["GET"]}}],"collection":[{"href":"https:\/\/bitcoinwisdom.com\/es\/wp-json\/wp\/v2\/pages"}],"about":[{"href":"https:\/\/bitcoinwisdom.com\/es\/wp-json\/wp\/v2\/types\/page"}],"author":[{"embeddable":true,"href":"https:\/\/bitcoinwisdom.com\/es\/wp-json\/wp\/v2\/users\/9"}],"replies":[{"embeddable":true,"href":"https:\/\/bitcoinwisdom.com\/es\/wp-json\/wp\/v2\/comments?post=4842"}],"version-history":[{"count":0,"href":"https:\/\/bitcoinwisdom.com\/es\/wp-json\/wp\/v2\/pages\/4842\/revisions"}],"wp:attachment":[{"href":"https:\/\/bitcoinwisdom.com\/es\/wp-json\/wp\/v2\/media?parent=4842"}],"curies":[{"name":"wp","href":"https:\/\/api.w.org\/{rel}","templated":true}]}}