{"id":537,"date":"2022-03-21T22:10:04","date_gmt":"2022-03-22T05:10:04","guid":{"rendered":"https:\/\/bitcoinwisdom.com\/?page_id=537"},"modified":"2022-05-29T22:44:03","modified_gmt":"2022-05-30T05:44:03","slug":"cookie-policy","status":"publish","type":"page","link":"https:\/\/bitcoinwisdom.com\/es\/cookie-policy\/","title":{"rendered":"Pol\u00edtica de cookies"},"content":{"rendered":"<h2 class=\"wp-block-heading\" id=\"h-cookies-policy\">Pol\u00edtica de cookies<\/h2>\n\n\n\n<p>Esta Pol\u00edtica de Cookies explica qu\u00e9 son las Cookies y c\u00f3mo las usamos. Debe leer esta pol\u00edtica para que pueda comprender qu\u00e9 tipo de cookies utilizamos, o la informaci\u00f3n que recopilamos mediante las cookies y c\u00f3mo se utiliza esa informaci\u00f3n.<\/p>\n\n\n\n<p>Las cookies normalmente no contienen ninguna informaci\u00f3n que identifique personalmente a un usuario, pero la informaci\u00f3n personal que almacenamos sobre usted puede estar vinculada a la informaci\u00f3n almacenada y obtenida de las cookies. Para obtener m\u00e1s informaci\u00f3n sobre c\u00f3mo usamos, almacenamos y mantenemos seguros sus datos personales, consulte nuestra Pol\u00edtica de privacidad.<\/p>\n\n\n\n<p>No almacenamos informaci\u00f3n personal confidencial, como direcciones postales, contrase\u00f1as de cuentas, etc. en las cookies que utilizamos.<\/p>\n\n\n\n<h2 class=\"wp-block-heading\" id=\"h-interpretation-and-definitions\">Interpretaci\u00f3n y Definiciones<\/h2>\n\n\n\n<h3 class=\"wp-block-heading\" id=\"h-interpretation\">Interpretaci\u00f3n<\/h3>\n\n\n\n<p>Las palabras cuya letra inicial est\u00e1 en may\u00fascula tienen significados definidos bajo las siguientes condiciones. Las siguientes definiciones tendr\u00e1n el mismo significado independientemente de que aparezcan en singular o en plural.<\/p>\n\n\n\n<h3 class=\"wp-block-heading\" id=\"h-definitions\">Definiciones<\/h3>\n\n\n\n<p>A los efectos de esta Pol\u00edtica de Cookies:<\/p>\n\n\n\n<ul class=\"wp-block-list\"><li><strong>Compa\u00f1\u00eda<\/strong>\u00a0(referido como &quot;la Compa\u00f1\u00eda&quot;, &quot;Nosotros&quot;, &quot;Nos&quot; o &quot;Nuestro&quot; en esta Pol\u00edtica de Cookies) se refiere a relex.io.<\/li><li><strong>Galletas<\/strong>\u00a0significa peque\u00f1os archivos que un sitio web coloca en su computadora, dispositivo m\u00f3vil o cualquier otro dispositivo, que contienen detalles de su historial de navegaci\u00f3n en ese sitio web entre sus muchos usos.<\/li><li><strong>Sitio web<\/strong>\u00a0se refiere a bitcoinwisdom.com, accesible desde\u00a0<a href=\"https:\/\/bitcoinwisdom.com\/es\/\" target=\"_blank\" rel=\"noreferrer noopener\" class=\"ek-link\">sabidur\u00edabitcoin.com<\/a><\/li><li><strong>T\u00fa<\/strong>\u00a0significa la persona que accede o usa el sitio web, o una empresa o cualquier entidad legal en nombre de la cual dicha persona accede o usa el sitio web, seg\u00fan corresponda.<\/li><\/ul>\n\n\n\n<h2 class=\"wp-block-heading\" id=\"h-the-use-of-the-cookies\">El uso de las Cookies<\/h2>\n\n\n\n<h3 class=\"wp-block-heading\" id=\"h-type-of-cookies-we-use\">Tipo de cookies que utilizamos<\/h3>\n\n\n\n<p>Las cookies pueden ser cookies &quot;persistentes&quot; o de &quot;sesi\u00f3n&quot;. Las cookies persistentes permanecen en su computadora personal o dispositivo m\u00f3vil cuando se desconecta, mientras que las cookies de sesi\u00f3n se eliminan tan pronto como cierra su navegador web.<\/p>\n\n\n\n<p>Utilizamos cookies de sesi\u00f3n y persistentes para los fines que se describen a continuaci\u00f3n:<\/p>\n\n\n\n<ul class=\"wp-block-list\"><li><strong>Cookies necesarias\/esenciales<\/strong>Tipo: Cookies de sesi\u00f3n Administradas por: Nosotros Prop\u00f3sito: Estas Cookies son esenciales para brindarle los servicios disponibles a trav\u00e9s del sitio web y permitirle usar algunas de sus funciones. Ayudan a autenticar a los usuarios y previenen el uso fraudulento de cuentas de usuario. Sin estas Cookies, no se pueden proporcionar los servicios que ha solicitado, y solo utilizamos estas Cookies para proporcionarle esos servicios.<\/li><li><strong>Cookies de funcionalidad<\/strong>Tipo: Cookies persistentes Administrado por: Nosotros Prop\u00f3sito: Estas Cookies nos permiten recordar las elecciones que hace cuando utiliza el sitio web, como recordar sus datos de inicio de sesi\u00f3n o preferencia de idioma. El prop\u00f3sito de estas Cookies es brindarle una experiencia m\u00e1s personal y evitar que tenga que volver a ingresar sus preferencias cada vez que use el sitio web.<\/li><\/ul>\n\n\n\n<h3 class=\"wp-block-heading\" id=\"h-your-choices-regarding-cookies\">Sus opciones con respecto a las cookies<\/h3>\n\n\n\n<p>Si prefiere evitar el uso de Cookies en el Sitio Web, primero debe deshabilitar el uso de Cookies en su navegador y luego eliminar las Cookies guardadas en su navegador asociadas a este sitio web. Puede utilizar esta opci\u00f3n para impedir el uso de Cookies en cualquier momento.<\/p>\n\n\n\n<p>Si no acepta Nuestras cookies, es posible que experimente algunos inconvenientes en el uso del sitio web y que algunas funciones no funcionen correctamente.<\/p>\n\n\n\n<p>Si desea eliminar las cookies o indicar a su navegador web que elimine o rechace las cookies, visite las p\u00e1ginas de ayuda de su navegador web.<\/p>\n\n\n\n<p>Para cualquier otro navegador web, visite las p\u00e1ginas web oficiales de su navegador web.<\/p>","protected":false},"excerpt":{"rendered":"<p>Pol\u00edtica de Cookies Esta Pol\u00edtica de Cookies explica qu\u00e9 son las Cookies y c\u00f3mo las usamos. Debe leer esta pol\u00edtica para que pueda comprender qu\u00e9 tipo de cookies utilizamos, o la informaci\u00f3n que recopilamos mediante las cookies y c\u00f3mo se utiliza esa informaci\u00f3n. Las cookies normalmente no contienen ninguna informaci\u00f3n que identifique personalmente a un usuario, pero [\u2026]<\/p>","protected":false},"author":5,"featured_media":0,"parent":0,"menu_order":0,"comment_status":"closed","ping_status":"closed","template":"","meta":{"_acf_changed":false,"_editorskit_title_hidden":false,"_editorskit_reading_time":2,"_editorskit_is_block_options_detached":false,"_editorskit_block_options_position":"{}","_uag_custom_page_level_css":"","footnotes":""},"class_list":["post-537","page","type-page","status-publish","hentry"],"acf":[],"uagb_featured_image_src":{"full":false,"thumbnail":false,"medium":false,"medium_large":false,"large":false,"1536x1536":false,"2048x2048":false,"trp-custom-language-flag":false},"uagb_author_info":{"display_name":"Jason Conor","author_link":"https:\/\/bitcoinwisdom.com\/es\/author\/jason-connor\/"},"uagb_comment_info":0,"uagb_excerpt":"Cookies Policy This Cookies Policy explains what Cookies are and how We use them. You should read this policy so You can understand what type of cookies We use, or the information We collect using Cookies and how that information is used. Cookies do not typically contain any information that personally identifies a user, but&hellip;","_links":{"self":[{"href":"https:\/\/bitcoinwisdom.com\/es\/wp-json\/wp\/v2\/pages\/537","targetHints":{"allow":["GET"]}}],"collection":[{"href":"https:\/\/bitcoinwisdom.com\/es\/wp-json\/wp\/v2\/pages"}],"about":[{"href":"https:\/\/bitcoinwisdom.com\/es\/wp-json\/wp\/v2\/types\/page"}],"author":[{"embeddable":true,"href":"https:\/\/bitcoinwisdom.com\/es\/wp-json\/wp\/v2\/users\/5"}],"replies":[{"embeddable":true,"href":"https:\/\/bitcoinwisdom.com\/es\/wp-json\/wp\/v2\/comments?post=537"}],"version-history":[{"count":0,"href":"https:\/\/bitcoinwisdom.com\/es\/wp-json\/wp\/v2\/pages\/537\/revisions"}],"wp:attachment":[{"href":"https:\/\/bitcoinwisdom.com\/es\/wp-json\/wp\/v2\/media?parent=537"}],"curies":[{"name":"wp","href":"https:\/\/api.w.org\/{rel}","templated":true}]}}