{"id":539,"date":"2022-03-21T22:12:28","date_gmt":"2022-03-22T05:12:28","guid":{"rendered":"https:\/\/bitcoinwisdom.com\/?page_id=539"},"modified":"2024-09-25T02:43:30","modified_gmt":"2024-09-25T02:43:30","slug":"about","status":"publish","type":"page","link":"https:\/\/bitcoinwisdom.com\/es\/about\/","title":{"rendered":"Sobre nosotros"},"content":{"rendered":"<h1 class=\"wp-block-heading\">Acerca de BitcoinWisdom<\/h1>\n\n\n\n<p>Fundada en 2013, Bitcoin Wisdom se esfuerza por proporcionar noticias de bitcoin precisas e informativas, predicciones de precios, gu\u00edas de inversi\u00f3n y revisiones de intercambio.<\/p>\n\n\n\n<h2 class=\"wp-block-heading\" id=\"h-the-team-behind-check-its-real\">Nuestra misi\u00f3n<\/h2>\n\n\n\n<p>Contamos con un equipo de personas dedicadas y comprometidas a ayudarlo a aprender los fundamentos de las criptomonedas. La tarea principal de nuestro equipo es garantizar que pueda acceder a los mercados financieros de la manera m\u00e1s sencilla posible. Con la ayuda de nuestros socios, hemos asumido la responsabilidad de ser parte de su viaje de independencia financiera con las posibilidades ilimitadas que ofrece el criptomercado.<\/p>\n\n\n\n<h2 class=\"wp-block-heading\">Equipo editorial<\/h2>\n\n\n\n<p>En BitcoinWisdom, nos enorgullecemos de distribuir solo contenido de la m\u00e1s alta calidad. Trabajamos incansablemente para adherirnos a un conjunto estricto de principios period\u00edsticos y <a href=\"https:\/\/bitcoinwisdom.com\/es\/editorial-policy\/\" class=\"ek-link\">pol\u00edtica editorial<\/a> con el fin de garantizar que nuestros lectores obtengan informaci\u00f3n precisa, confiable y confiable.<\/p>","protected":false},"excerpt":{"rendered":"<p>Acerca de BitcoinWisdom Fundada en 2013, Bitcoin Wisdom se esfuerza por proporcionar noticias, predicciones de precios, gu\u00edas de inversi\u00f3n y rese\u00f1as de intercambio informativas y precisas sobre bitcoin. Nuestra misi\u00f3n Contamos con un equipo de personas dedicadas y comprometidas a ayudarlo a aprender los fundamentos de las criptomonedas. La tarea principal de nuestro equipo es garantizar que pueda acceder a los mercados financieros en [\u2026]<\/p>","protected":false},"author":4,"featured_media":0,"parent":0,"menu_order":0,"comment_status":"closed","ping_status":"closed","template":"","meta":{"_acf_changed":false,"_editorskit_title_hidden":false,"_editorskit_reading_time":1,"_editorskit_is_block_options_detached":false,"_editorskit_block_options_position":"{}","_uag_custom_page_level_css":"","footnotes":""},"class_list":["post-539","page","type-page","status-publish","hentry"],"acf":[],"uagb_featured_image_src":{"full":false,"thumbnail":false,"medium":false,"medium_large":false,"large":false,"1536x1536":false,"2048x2048":false,"trp-custom-language-flag":false},"uagb_author_info":{"display_name":"admin","author_link":"https:\/\/bitcoinwisdom.com\/es\/author\/checkitsreal_u3wyz0\/"},"uagb_comment_info":0,"uagb_excerpt":"About BitcoinWisdom Founded in 2013, Bitcoin Wisdom strives to provide informative and accurate bitcoin news, price predictions, investing guides and exchange reviews. Our Mission We have a team of dedicated individuals committed to helping you learn the fundamentals of Cryptocurrency. Our team\u2019s primary assignment is to ensure that you can access the financial markets in&hellip;","_links":{"self":[{"href":"https:\/\/bitcoinwisdom.com\/es\/wp-json\/wp\/v2\/pages\/539","targetHints":{"allow":["GET"]}}],"collection":[{"href":"https:\/\/bitcoinwisdom.com\/es\/wp-json\/wp\/v2\/pages"}],"about":[{"href":"https:\/\/bitcoinwisdom.com\/es\/wp-json\/wp\/v2\/types\/page"}],"author":[{"embeddable":true,"href":"https:\/\/bitcoinwisdom.com\/es\/wp-json\/wp\/v2\/users\/4"}],"replies":[{"embeddable":true,"href":"https:\/\/bitcoinwisdom.com\/es\/wp-json\/wp\/v2\/comments?post=539"}],"version-history":[{"count":0,"href":"https:\/\/bitcoinwisdom.com\/es\/wp-json\/wp\/v2\/pages\/539\/revisions"}],"wp:attachment":[{"href":"https:\/\/bitcoinwisdom.com\/es\/wp-json\/wp\/v2\/media?parent=539"}],"curies":[{"name":"wp","href":"https:\/\/api.w.org\/{rel}","templated":true}]}}