{"id":548,"date":"2022-03-21T22:27:28","date_gmt":"2022-03-22T05:27:28","guid":{"rendered":"https:\/\/bitcoinwisdom.com\/?page_id=548"},"modified":"2022-06-05T15:50:52","modified_gmt":"2022-06-05T22:50:52","slug":"contact","status":"publish","type":"page","link":"https:\/\/bitcoinwisdom.com\/es\/contact\/","title":{"rendered":"Cont\u00e1ctenos"},"content":{"rendered":"<h2 class=\"wp-block-heading\" id=\"h-contact-us\">Contacto<\/h2>\n\n\n\n<p>Gracias por visitar nuestra p\u00e1gina de contacto. Estamos disponibles de lunes a viernes de 9 am a 6 pm para responder cualquier pregunta que pueda tener. Si tiene alg\u00fan consejo de noticias que desee compartir con nosotros, utilice la direcci\u00f3n de correo electr\u00f3nico editorial a continuaci\u00f3n. Agradecemos su opini\u00f3n y esperamos tener noticias suyas pronto.<\/p>\n\n\n\n<h2 class=\"wp-block-heading\">Correo electr\u00f3nico<\/h2>\n\n\n\n<p><strong>Editorial:<\/strong>&nbsp;editorial@bitcoinwisdom.com<\/p>\n\n\n\n<p><strong>Publicidad:<\/strong>&nbsp;publicidad@bitcoinwisdom.com<\/p>\n\n\n\n<p><strong>Soporte y Quejas:<\/strong>&nbsp;support@bitcoinwisdom.com<\/p>\n\n\n\n<h2 class=\"wp-block-heading\">Direcci\u00f3n y Tel\u00e9fono<\/h2>\n\n\n\n<p><strong>BitcoinSabidur\u00eda<\/strong><br>Nivel 1, casa de Devonshire<br>Un lugar de Mayfair<br>Londres Reino Unido W1J 8AJ<br>+44 20 3205 7100<\/p>","protected":false},"excerpt":{"rendered":"<p>Contacto Gracias por visitar nuestra p\u00e1gina de contacto. Estamos disponibles de lunes a viernes de 9 am a 6 pm para responder cualquier pregunta que pueda tener. Si tiene alg\u00fan consejo de noticias que desee compartir con nosotros, utilice la direcci\u00f3n de correo electr\u00f3nico editorial a continuaci\u00f3n. Agradecemos su opini\u00f3n y esperamos tener noticias suyas [...]<\/p>","protected":false},"author":5,"featured_media":0,"parent":0,"menu_order":0,"comment_status":"closed","ping_status":"closed","template":"","meta":{"_acf_changed":false,"_editorskit_title_hidden":false,"_editorskit_reading_time":1,"_editorskit_is_block_options_detached":false,"_editorskit_block_options_position":"{}","_uag_custom_page_level_css":"","footnotes":""},"class_list":["post-548","page","type-page","status-publish","hentry"],"acf":[],"uagb_featured_image_src":{"full":false,"thumbnail":false,"medium":false,"medium_large":false,"large":false,"1536x1536":false,"2048x2048":false,"trp-custom-language-flag":false},"uagb_author_info":{"display_name":"Jason Conor","author_link":"https:\/\/bitcoinwisdom.com\/es\/author\/jason-connor\/"},"uagb_comment_info":0,"uagb_excerpt":"Contact Thanks for visiting our contact page. We are available Monday to Friday 9 am to 6 pm to answer any questions you may have. If you have any news tips you want to share with us, please use the editorial e-mail address below. We appreciate your input and look forward to hearing from you&hellip;","_links":{"self":[{"href":"https:\/\/bitcoinwisdom.com\/es\/wp-json\/wp\/v2\/pages\/548","targetHints":{"allow":["GET"]}}],"collection":[{"href":"https:\/\/bitcoinwisdom.com\/es\/wp-json\/wp\/v2\/pages"}],"about":[{"href":"https:\/\/bitcoinwisdom.com\/es\/wp-json\/wp\/v2\/types\/page"}],"author":[{"embeddable":true,"href":"https:\/\/bitcoinwisdom.com\/es\/wp-json\/wp\/v2\/users\/5"}],"replies":[{"embeddable":true,"href":"https:\/\/bitcoinwisdom.com\/es\/wp-json\/wp\/v2\/comments?post=548"}],"version-history":[{"count":0,"href":"https:\/\/bitcoinwisdom.com\/es\/wp-json\/wp\/v2\/pages\/548\/revisions"}],"wp:attachment":[{"href":"https:\/\/bitcoinwisdom.com\/es\/wp-json\/wp\/v2\/media?parent=548"}],"curies":[{"name":"wp","href":"https:\/\/api.w.org\/{rel}","templated":true}]}}