{"id":4842,"date":"2022-06-07T19:13:55","date_gmt":"2022-06-08T02:13:55","guid":{"rendered":"https:\/\/bitcoinwisdom.com\/?page_id=4842"},"modified":"2022-06-27T02:05:01","modified_gmt":"2022-06-27T02:05:01","slug":"editorial-policy","status":"publish","type":"page","link":"https:\/\/bitcoinwisdom.com\/fr\/editorial-policy\/","title":{"rendered":"Politique \u00e9ditoriale"},"content":{"rendered":"<h1 class=\"wp-block-heading\">Politique \u00e9ditoriale<\/h1>\n\n\n\n<p>Chez Bitcoin Wisdom, la priorit\u00e9 num\u00e9ro un est de s&#039;assurer que les commer\u00e7ants et les investisseurs peuvent prendre des d\u00e9cisions d&#039;investissement plus \u00e9clair\u00e9es. C&#039;est pourquoi nous nous engageons \u00e0 une transparence totale, notamment en partageant les <a href=\"https:\/\/bitcoinwisdom.com\/fr\/ratings-methodology\/\" class=\"ek-link\">m\u00e9thodologie de notation<\/a> nous employons. Le monde des crypto-monnaies est vaste et d\u00e9routant, et nous sommes ici pour le rendre moins, afin que vous puissiez prendre des d\u00e9cisions avec plus de clart\u00e9.&nbsp;<\/p>\n\n\n\n<h2 class=\"wp-block-heading\">Notre vision&nbsp;<\/h2>\n\n\n\n<p>Fond\u00e9e en 2013, Bitcoin Wisdom s&#039;efforce de fournir des nouvelles informatives et pr\u00e9cises sur les bitcoins, des pr\u00e9visions de prix, des guides d&#039;investissement et des revues d&#039;\u00e9change.<\/p>\n\n\n\n<h2 class=\"wp-block-heading\">Notre mission&nbsp;<\/h2>\n\n\n\n<p>Nous avons une \u00e9quipe de personnes d\u00e9vou\u00e9es qui s&#039;engagent \u00e0 vous aider \u00e0 apprendre les principes fondamentaux de la crypto-monnaie. La premi\u00e8re mission de notre \u00e9quipe est de veiller \u00e0 ce que vous puissiez acc\u00e9der aux march\u00e9s financiers de la mani\u00e8re la plus simple possible. Avec l&#039;aide de nos partenaires, nous avons fait de notre responsabilit\u00e9 de faire partie de votre voyage vers l&#039;ind\u00e9pendance financi\u00e8re avec les possibilit\u00e9s illimit\u00e9es offertes par le march\u00e9 de la cryptographie.<\/p>\n\n\n\n<h2 class=\"wp-block-heading\">Directives \u00e9ditoriales&nbsp;<\/h2>\n\n\n\n<p>Notre <a href=\"https:\/\/bitcoinwisdom.com\/fr\/about\/\" class=\"ek-link\">\u00e9quipe<\/a> s&#039;engage \u00e0 cr\u00e9er un contenu pr\u00e9cis et exploitable qui peut aider les lecteurs \u00e0 prendre des d\u00e9cisions financi\u00e8res \u00e9clair\u00e9es. Nous respectons \u00e9galement la valeur de la transparence selon les normes les plus \u00e9lev\u00e9es, en veillant \u00e0 ce que vos directives \u00e9ditoriales et vos syst\u00e8mes de revenus soient rendus publics. Toutes les pratiques suivies par l&#039;\u00e9quipe sont guid\u00e9es par des principes \u00e9ditoriaux, et chaque ligne de texte que nous \u00e9crivons est v\u00e9rifi\u00e9e pour garantir que toutes les erreurs sont supprim\u00e9es rapidement.&nbsp;<\/p>\n\n\n\n<p>Nous attachons \u00e9galement une grande importance \u00e0 l&#039;ind\u00e9pendance \u00e9ditoriale. Toutes les critiques, articles et recommandations que nous faisons ne sont en aucun cas influenc\u00e9s par nos partenaires, qu&#039;ils soient internes ou externes \u00e0 l&#039;organisation. Notre processus de gagner de l&#039;argent est \u00e9galement transparent et peut \u00eatre trouv\u00e9 ici.&nbsp;<\/p>\n\n\n\n<p>Notre \u00e9quipe \u00e9ditoriale refl\u00e8te que notre public est assez diversifi\u00e9, appartenant \u00e0 des r\u00e9gions et des contextes \u00e9conomiques diff\u00e9rents. Par cons\u00e9quent, nos \u00e9valuations et recommandations refl\u00e8tent cela, nous permettant de nous connecter avec nos lecteurs et de leur fournir les conseils les plus pertinents \u00e0 leur situation.&nbsp;<\/p>\n\n\n\n<h2 class=\"wp-block-heading\">Les principes cl\u00e9s&nbsp;<\/h2>\n\n\n\n<ul class=\"wp-block-list\"><li>Tous les membres des march\u00e9s financiers et des crypto-monnaies s&#039;engagent \u00e0 respecter les normes d&#039;information les plus \u00e9lev\u00e9es et ont droit \u00e0 des informations \u00e9quilibr\u00e9es, exactes et compl\u00e8tes.&nbsp;<\/li><li>Tous les membres du march\u00e9 m\u00e9ritent l&#039;\u00e9quit\u00e9 \u00e9conomique, et il est important pour nous que notre contenu aide \u00e0 atteindre cet objectif.&nbsp;<\/li><li>Toutes les sources d&#039;information que nous utilisons pour notre contenu sont diverses, afin d&#039;assurer un degr\u00e9 de pr\u00e9cision plus \u00e9lev\u00e9. Nous basons nos opinions sur des experts qui refl\u00e8tent les sentiments et les questions pos\u00e9es par des groupes de personnes divers et sous-repr\u00e9sent\u00e9s.&nbsp;<\/li><li>Nous nous effor\u00e7ons d&#039;assurer l&#039;objectivit\u00e9 de toutes nos \u00e9valuations, en ne laissant pas nos opinions et nos analyses biais\u00e9es par les partenaires commerciaux que nous pourrions avoir. Notre contenu fournit une analyse critique des diff\u00e9rentes options disponibles pour les utilisateurs sur le march\u00e9, leur permettant de prendre des d\u00e9cisions plus \u00e9clair\u00e9es.&nbsp;<\/li><\/ul>\n\n\n\n<h2 class=\"wp-block-heading\">Ind\u00e9pendance \u00e9ditoriale<\/h2>\n\n\n\n<ul class=\"wp-block-list\"><li>Notre \u00e9quipe \u00e9ditoriale, compos\u00e9e de r\u00e9dacteurs, de r\u00e9dacteurs et de v\u00e9rificateurs de faits, est exclusivement responsable de la cr\u00e9ation de tout le contenu \u00e9ditorial que nous publions. Cela inclut toutes les critiques, pr\u00e9dictions ou comparaisons que nous publions.&nbsp;<\/li><li>Tous les points de vue que nous pr\u00e9sentons sont bas\u00e9s sur des faits qui ont \u00e9t\u00e9 recueillis gr\u00e2ce \u00e0 des recherches et des analyses ind\u00e9pendantes. Nous comparons chaque produit que nous examinons avec d&#039;autres produits similaires sur le march\u00e9 pour une comparaison plus fond\u00e9e, et offrons des avis uniquement bas\u00e9s sur les caract\u00e9ristiques et les services du produit lui-m\u00eame.&nbsp;<\/li><li>Nos d\u00e9cisions sur la note \u00e0 attribuer aux produits et si nous parlons favorablement ou non d&#039;un produit ne sont en aucun cas influenc\u00e9es par nos partenaires commerciaux.&nbsp;<\/li><li>Nos r\u00e9dacteurs et \u00e9diteurs ne sont pas r\u00e9mun\u00e9r\u00e9s directement par des publicit\u00e9s ou par nos partenaires, garantissant ainsi qu&#039;il n&#039;y a pas de conflit d&#039;int\u00e9r\u00eats \u00e0 cet \u00e9gard.&nbsp;<\/li><li>L&#039;analyse des performances et les critiques de la qualit\u00e9 de nos articles et de l&#039;\u00e9quipe \u00e9ditoriale ne sont pas influenc\u00e9es par nos partenaires commerciaux ou par la faveur de leurs critiques.&nbsp;<\/li><\/ul>\n\n\n\n<h2 class=\"wp-block-heading\">V\u00e9rification des faits et corrections<\/h2>\n\n\n\n<ul class=\"wp-block-list\"><li>Tout le contenu que nous publions via la plateforme est v\u00e9rifi\u00e9 pour garantir que toutes les informations pr\u00e9sent\u00e9es sont exactes et opportunes. \u00c0 la date de publication de l&#039;article, toute information qu&#039;il contient doit \u00eatre exacte.&nbsp;<\/li><li>Tout notre contenu passe par un processus complet, impliquant des r\u00e9dacteurs, des \u00e9diteurs et des \u00e9diteurs de copie, qui v\u00e9rifient si tout le contenu est factuellement correct.&nbsp;<\/li><li>Les seules sources principales utilis\u00e9es par les auteurs lors de la pr\u00e9paration des articles sont des sources primaires et faisant autorit\u00e9, telles que des interviews, ainsi que des sites Web gouvernementaux et industriels.&nbsp;<\/li><li>Chaque fois que nous pourrions faire une erreur par inadvertance, nous publions une correction sur l&#039;article, indiquant o\u00f9 l&#039;erreur a \u00e9t\u00e9 commise et quelles sont les informations correctes.<\/li><\/ul>\n\n\n\n<p>Si vous avez besoin de contacter notre \u00e9quipe \u00e9ditoriale, veuillez contacter <a href=\"mailto:editorial@bitcoinwisdom.com\" class=\"ek-link\">\u00e9ditorial@bitcoinwisdom.com<\/a><\/p>","protected":false},"excerpt":{"rendered":"<p>Politique \u00e9ditoriale Chez Bitcoin Wisdom, la priorit\u00e9 num\u00e9ro un est de veiller \u00e0 ce que les commer\u00e7ants et les investisseurs puissent prendre des d\u00e9cisions d&#039;investissement plus \u00e9clair\u00e9es. C&#039;est pourquoi nous nous engageons \u00e0 une transparence totale, y compris en partageant la m\u00e9thodologie de notation que nous employons. Le monde des crypto-monnaies est vaste et d\u00e9routant, et nous sommes ici pour le rendre moins, [\u2026]<\/p>","protected":false},"author":9,"featured_media":0,"parent":0,"menu_order":0,"comment_status":"closed","ping_status":"closed","template":"","meta":{"_acf_changed":false,"_editorskit_title_hidden":false,"_editorskit_reading_time":0,"_editorskit_is_block_options_detached":false,"_editorskit_block_options_position":"{}","_uag_custom_page_level_css":"","footnotes":""},"class_list":["post-4842","page","type-page","status-publish","hentry"],"acf":[],"uagb_featured_image_src":{"full":false,"thumbnail":false,"medium":false,"medium_large":false,"large":false,"1536x1536":false,"2048x2048":false,"trp-custom-language-flag":false},"uagb_author_info":{"display_name":"Bob M","author_link":"https:\/\/bitcoinwisdom.com\/fr\/author\/bob\/"},"uagb_comment_info":0,"uagb_excerpt":"Editorial Policy At Bitcoin Wisdom, the number one priority is to ensure that traders and investors can make better informed investing decisions. This is why we are committed to complete transparency, including sharing the rating methodology we employ. The world of cryptocurrencies is vast and confusing, and we are here to make it less so,\u2026","_links":{"self":[{"href":"https:\/\/bitcoinwisdom.com\/fr\/wp-json\/wp\/v2\/pages\/4842","targetHints":{"allow":["GET"]}}],"collection":[{"href":"https:\/\/bitcoinwisdom.com\/fr\/wp-json\/wp\/v2\/pages"}],"about":[{"href":"https:\/\/bitcoinwisdom.com\/fr\/wp-json\/wp\/v2\/types\/page"}],"author":[{"embeddable":true,"href":"https:\/\/bitcoinwisdom.com\/fr\/wp-json\/wp\/v2\/users\/9"}],"replies":[{"embeddable":true,"href":"https:\/\/bitcoinwisdom.com\/fr\/wp-json\/wp\/v2\/comments?post=4842"}],"version-history":[{"count":0,"href":"https:\/\/bitcoinwisdom.com\/fr\/wp-json\/wp\/v2\/pages\/4842\/revisions"}],"wp:attachment":[{"href":"https:\/\/bitcoinwisdom.com\/fr\/wp-json\/wp\/v2\/media?parent=4842"}],"curies":[{"name":"wp","href":"https:\/\/api.w.org\/{rel}","templated":true}]}}