{"id":537,"date":"2022-03-21T22:10:04","date_gmt":"2022-03-22T05:10:04","guid":{"rendered":"https:\/\/bitcoinwisdom.com\/?page_id=537"},"modified":"2022-05-29T22:44:03","modified_gmt":"2022-05-30T05:44:03","slug":"cookie-policy","status":"publish","type":"page","link":"https:\/\/bitcoinwisdom.com\/fr\/cookie-policy\/","title":{"rendered":"Politique relative aux cookies"},"content":{"rendered":"<h2 class=\"wp-block-heading\" id=\"h-cookies-policy\">Politique de cookies<\/h2>\n\n\n\n<p>Cette politique de cookies explique ce que sont les cookies et comment nous les utilisons. Vous devriez lire cette politique afin de comprendre quel type de cookies nous utilisons, ou les informations que nous collectons \u00e0 l&#039;aide de cookies et comment ces informations sont utilis\u00e9es.<\/p>\n\n\n\n<p>Les cookies ne contiennent g\u00e9n\u00e9ralement aucune information permettant d&#039;identifier personnellement un utilisateur, mais les informations personnelles que nous stockons \u00e0 votre sujet peuvent \u00eatre li\u00e9es aux informations stock\u00e9es dans et obtenues \u00e0 partir des cookies. Pour plus d&#039;informations sur la mani\u00e8re dont nous utilisons, stockons et prot\u00e9geons vos donn\u00e9es personnelles, consultez notre politique de confidentialit\u00e9.<\/p>\n\n\n\n<p>Nous ne stockons pas d&#039;informations personnelles sensibles, telles que les adresses postales, les mots de passe de compte, etc. dans les cookies que nous utilisons.<\/p>\n\n\n\n<h2 class=\"wp-block-heading\" id=\"h-interpretation-and-definitions\">Interpr\u00e9tation et d\u00e9finitions<\/h2>\n\n\n\n<h3 class=\"wp-block-heading\" id=\"h-interpretation\">Interpr\u00e9tation<\/h3>\n\n\n\n<p>Les mots dont la lettre initiale est en majuscule ont des significations d\u00e9finies dans les conditions suivantes. Les d\u00e9finitions suivantes auront la m\u00eame signification qu&#039;elles apparaissent au singulier ou au pluriel.<\/p>\n\n\n\n<h3 class=\"wp-block-heading\" id=\"h-definitions\">D\u00e9finitions<\/h3>\n\n\n\n<p>Aux fins de la pr\u00e9sente politique de cookies\u00a0:<\/p>\n\n\n\n<ul class=\"wp-block-list\"><li><strong>Compagnie<\/strong>\u00a0(ci-apr\u00e8s d\u00e9nomm\u00e9e \u00ab\u00a0la Soci\u00e9t\u00e9\u00a0\u00bb, \u00ab\u00a0Nous\u00a0\u00bb, \u00ab\u00a0Notre\u00a0\u00bb ou \u00ab\u00a0Notre\u00a0\u00bb dans la pr\u00e9sente Politique relative aux cookies) fait r\u00e9f\u00e9rence \u00e0 relex.io.<\/li><li><strong>Biscuits<\/strong>\u00a0d\u00e9signe de petits fichiers plac\u00e9s sur votre ordinateur, appareil mobile ou tout autre appareil par un site Web, contenant des d\u00e9tails sur votre historique de navigation sur ce site Web parmi ses nombreuses utilisations.<\/li><li><strong>Site Internet<\/strong>\u00a0fait r\u00e9f\u00e9rence \u00e0 bitcoinwisdom.com, accessible depuis\u00a0<a href=\"https:\/\/bitcoinwisdom.com\/fr\/\" target=\"_blank\" rel=\"noreferrer noopener\" class=\"ek-link\">bitcoinwisdom.com<\/a><\/li><li><strong>Tu<\/strong>\u00a0d\u00e9signe la personne acc\u00e9dant ou utilisant le site Web, ou une soci\u00e9t\u00e9 ou toute entit\u00e9 juridique au nom de laquelle cette personne acc\u00e8de ou utilise le site Web, selon le cas.<\/li><\/ul>\n\n\n\n<h2 class=\"wp-block-heading\" id=\"h-the-use-of-the-cookies\">L&#039;utilisation des Cookies<\/h2>\n\n\n\n<h3 class=\"wp-block-heading\" id=\"h-type-of-cookies-we-use\">Type de cookies que nous utilisons<\/h3>\n\n\n\n<p>Les cookies peuvent \u00eatre des cookies \u00ab persistants \u00bb ou \u00ab de session \u00bb. Les cookies persistants restent sur votre ordinateur personnel ou votre appareil mobile lorsque vous vous d\u00e9connectez, tandis que les cookies de session sont supprim\u00e9s d\u00e8s que vous fermez votre navigateur Web.<\/p>\n\n\n\n<p>Nous utilisons \u00e0 la fois des cookies de session et des cookies persistants aux fins d\u00e9crites ci-dessous\u00a0:<\/p>\n\n\n\n<ul class=\"wp-block-list\"><li><strong>Cookies n\u00e9cessaires \/ essentiels<\/strong>Type : Cookies de session Administr\u00e9 par : Nous Finalit\u00e9 : Ces Cookies sont essentiels pour vous fournir les services disponibles via le site Web et pour vous permettre d&#039;utiliser certaines de ses fonctionnalit\u00e9s. Ils aident \u00e0 authentifier les utilisateurs et \u00e0 emp\u00eacher l&#039;utilisation frauduleuse des comptes d&#039;utilisateurs. Sans ces cookies, les services que vous avez demand\u00e9s ne peuvent pas \u00eatre fournis, et nous n&#039;utilisons ces cookies que pour vous fournir ces services.<\/li><li><strong>Cookies de fonctionnalit\u00e9<\/strong>Type : Cookies persistants Administr\u00e9 par : Nous Objectif : Ces Cookies nous permettent de m\u00e9moriser les choix que Vous faites lorsque Vous utilisez le Site Web, tels que la m\u00e9morisation de vos informations de connexion ou de votre pr\u00e9f\u00e9rence de langue. Le but de ces Cookies est de Vous offrir une exp\u00e9rience plus personnelle et de Vous \u00e9viter d&#039;avoir \u00e0 ressaisir vos pr\u00e9f\u00e9rences \u00e0 chaque fois que Vous utilisez le Site.<\/li><\/ul>\n\n\n\n<h3 class=\"wp-block-heading\" id=\"h-your-choices-regarding-cookies\">Vos choix concernant les cookies<\/h3>\n\n\n\n<p>Si vous pr\u00e9f\u00e9rez \u00e9viter l&#039;utilisation de cookies sur le site Web, vous devez d&#039;abord d\u00e9sactiver l&#039;utilisation de cookies dans votre navigateur, puis supprimer les cookies enregistr\u00e9s dans votre navigateur associ\u00e9 \u00e0 ce site Web. Vous pouvez utiliser cette option pour emp\u00eacher l&#039;utilisation de cookies \u00e0 tout moment.<\/p>\n\n\n\n<p>Si vous n&#039;acceptez pas nos cookies, vous pouvez rencontrer des inconv\u00e9nients dans votre utilisation du site Web et certaines fonctionnalit\u00e9s peuvent ne pas fonctionner correctement.<\/p>\n\n\n\n<p>Si vous souhaitez supprimer les cookies ou demander \u00e0 votre navigateur Web de supprimer ou de refuser les cookies, veuillez consulter les pages d&#039;aide de votre navigateur Web.<\/p>\n\n\n\n<p>Pour tout autre navigateur Web, veuillez visiter les pages Web officielles de votre navigateur Web.<\/p>","protected":false},"excerpt":{"rendered":"<p>Politique de cookies Cette politique de cookies explique ce que sont les cookies et comment nous les utilisons. Vous devriez lire cette politique afin de comprendre quel type de cookies nous utilisons, ou les informations que nous collectons \u00e0 l&#039;aide de cookies et comment ces informations sont utilis\u00e9es. Les cookies ne contiennent g\u00e9n\u00e9ralement aucune information permettant d&#039;identifier personnellement un utilisateur, mais [...]<\/p>","protected":false},"author":5,"featured_media":0,"parent":0,"menu_order":0,"comment_status":"closed","ping_status":"closed","template":"","meta":{"_acf_changed":false,"_editorskit_title_hidden":false,"_editorskit_reading_time":2,"_editorskit_is_block_options_detached":false,"_editorskit_block_options_position":"{}","_uag_custom_page_level_css":"","footnotes":""},"class_list":["post-537","page","type-page","status-publish","hentry"],"acf":[],"uagb_featured_image_src":{"full":false,"thumbnail":false,"medium":false,"medium_large":false,"large":false,"1536x1536":false,"2048x2048":false,"trp-custom-language-flag":false},"uagb_author_info":{"display_name":"Jason Conor","author_link":"https:\/\/bitcoinwisdom.com\/fr\/author\/jason-connor\/"},"uagb_comment_info":0,"uagb_excerpt":"Cookies Policy This Cookies Policy explains what Cookies are and how We use them. You should read this policy so You can understand what type of cookies We use, or the information We collect using Cookies and how that information is used. Cookies do not typically contain any information that personally identifies a user, but\u2026","_links":{"self":[{"href":"https:\/\/bitcoinwisdom.com\/fr\/wp-json\/wp\/v2\/pages\/537","targetHints":{"allow":["GET"]}}],"collection":[{"href":"https:\/\/bitcoinwisdom.com\/fr\/wp-json\/wp\/v2\/pages"}],"about":[{"href":"https:\/\/bitcoinwisdom.com\/fr\/wp-json\/wp\/v2\/types\/page"}],"author":[{"embeddable":true,"href":"https:\/\/bitcoinwisdom.com\/fr\/wp-json\/wp\/v2\/users\/5"}],"replies":[{"embeddable":true,"href":"https:\/\/bitcoinwisdom.com\/fr\/wp-json\/wp\/v2\/comments?post=537"}],"version-history":[{"count":0,"href":"https:\/\/bitcoinwisdom.com\/fr\/wp-json\/wp\/v2\/pages\/537\/revisions"}],"wp:attachment":[{"href":"https:\/\/bitcoinwisdom.com\/fr\/wp-json\/wp\/v2\/media?parent=537"}],"curies":[{"name":"wp","href":"https:\/\/api.w.org\/{rel}","templated":true}]}}