{"id":539,"date":"2022-03-21T22:12:28","date_gmt":"2022-03-22T05:12:28","guid":{"rendered":"https:\/\/bitcoinwisdom.com\/?page_id=539"},"modified":"2024-09-25T02:43:30","modified_gmt":"2024-09-25T02:43:30","slug":"about","status":"publish","type":"page","link":"https:\/\/bitcoinwisdom.com\/fr\/about\/","title":{"rendered":"\u00c0 propos de nous"},"content":{"rendered":"<h1 class=\"wp-block-heading\">\u00c0 propos de BitcoinWisdom<\/h1>\n\n\n\n<p>Fond\u00e9e en 2013, Bitcoin Wisdom s&#039;efforce de fournir des nouvelles informatives et pr\u00e9cises sur les bitcoins, des pr\u00e9visions de prix, des guides d&#039;investissement et des revues d&#039;\u00e9change.<\/p>\n\n\n\n<h2 class=\"wp-block-heading\" id=\"h-the-team-behind-check-its-real\">Notre mission<\/h2>\n\n\n\n<p>Nous avons une \u00e9quipe de personnes d\u00e9vou\u00e9es qui s&#039;engagent \u00e0 vous aider \u00e0 apprendre les principes fondamentaux de la crypto-monnaie. La premi\u00e8re mission de notre \u00e9quipe est de veiller \u00e0 ce que vous puissiez acc\u00e9der aux march\u00e9s financiers de la mani\u00e8re la plus simple possible. Avec l&#039;aide de nos partenaires, nous avons fait de notre responsabilit\u00e9 de faire partie de votre voyage vers l&#039;ind\u00e9pendance financi\u00e8re avec les possibilit\u00e9s illimit\u00e9es offertes par le march\u00e9 de la cryptographie.<\/p>\n\n\n\n<h2 class=\"wp-block-heading\">\u00c9quipe \u00e9ditoriale<\/h2>\n\n\n\n<p>Chez BitcoinWisdom, nous sommes fiers de ne distribuer que du contenu de la plus haute qualit\u00e9. Nous travaillons sans rel\u00e2che pour respecter un ensemble strict de principes journalistiques et <a href=\"https:\/\/bitcoinwisdom.com\/fr\/editorial-policy\/\" class=\"ek-link\">politique \u00e9ditoriale<\/a> afin de garantir que nos lecteurs obtiennent des informations exactes, fiables et dignes de confiance.<\/p>","protected":false},"excerpt":{"rendered":"<p>\u00c0 propos de BitcoinWisdom Fond\u00e9e en 2013, Bitcoin Wisdom s&#039;efforce de fournir des nouvelles informatives et pr\u00e9cises sur les bitcoins, des pr\u00e9visions de prix, des guides d&#039;investissement et des revues d&#039;\u00e9change. Notre mission Nous avons une \u00e9quipe de personnes d\u00e9vou\u00e9es qui s&#039;engagent \u00e0 vous aider \u00e0 apprendre les principes fondamentaux de la crypto-monnaie. La mission premi\u00e8re de notre \u00e9quipe est de veiller \u00e0 ce que vous puissiez acc\u00e9der aux march\u00e9s financiers en [\u2026]<\/p>","protected":false},"author":4,"featured_media":0,"parent":0,"menu_order":0,"comment_status":"closed","ping_status":"closed","template":"","meta":{"_acf_changed":false,"_editorskit_title_hidden":false,"_editorskit_reading_time":1,"_editorskit_is_block_options_detached":false,"_editorskit_block_options_position":"{}","_uag_custom_page_level_css":"","footnotes":""},"class_list":["post-539","page","type-page","status-publish","hentry"],"acf":[],"uagb_featured_image_src":{"full":false,"thumbnail":false,"medium":false,"medium_large":false,"large":false,"1536x1536":false,"2048x2048":false,"trp-custom-language-flag":false},"uagb_author_info":{"display_name":"admin","author_link":"https:\/\/bitcoinwisdom.com\/fr\/author\/checkitsreal_u3wyz0\/"},"uagb_comment_info":0,"uagb_excerpt":"About BitcoinWisdom Founded in 2013, Bitcoin Wisdom strives to provide informative and accurate bitcoin news, price predictions, investing guides and exchange reviews. Our Mission We have a team of dedicated individuals committed to helping you learn the fundamentals of Cryptocurrency. Our team\u2019s primary assignment is to ensure that you can access the financial markets in\u2026","_links":{"self":[{"href":"https:\/\/bitcoinwisdom.com\/fr\/wp-json\/wp\/v2\/pages\/539","targetHints":{"allow":["GET"]}}],"collection":[{"href":"https:\/\/bitcoinwisdom.com\/fr\/wp-json\/wp\/v2\/pages"}],"about":[{"href":"https:\/\/bitcoinwisdom.com\/fr\/wp-json\/wp\/v2\/types\/page"}],"author":[{"embeddable":true,"href":"https:\/\/bitcoinwisdom.com\/fr\/wp-json\/wp\/v2\/users\/4"}],"replies":[{"embeddable":true,"href":"https:\/\/bitcoinwisdom.com\/fr\/wp-json\/wp\/v2\/comments?post=539"}],"version-history":[{"count":0,"href":"https:\/\/bitcoinwisdom.com\/fr\/wp-json\/wp\/v2\/pages\/539\/revisions"}],"wp:attachment":[{"href":"https:\/\/bitcoinwisdom.com\/fr\/wp-json\/wp\/v2\/media?parent=539"}],"curies":[{"name":"wp","href":"https:\/\/api.w.org\/{rel}","templated":true}]}}