{"id":541,"date":"2022-03-21T22:13:46","date_gmt":"2022-03-22T05:13:46","guid":{"rendered":"https:\/\/bitcoinwisdom.com\/?page_id=541"},"modified":"2022-05-29T22:42:28","modified_gmt":"2022-05-30T05:42:28","slug":"terms-and-conditions","status":"publish","type":"page","link":"https:\/\/bitcoinwisdom.com\/fr\/terms-and-conditions\/","title":{"rendered":"Termes et conditions"},"content":{"rendered":"<h1 class=\"wp-block-heading\" id=\"h-terms-and-conditions\">Termes et conditions<\/h1>\n\n\n\n<p>Veuillez lire attentivement ces termes et conditions avant d&#039;utiliser notre service.<\/p>\n\n\n\n<h2 class=\"wp-block-heading\" id=\"h-interpretation-and-definitions\">Interpr\u00e9tation et d\u00e9finitions<\/h2>\n\n\n\n<h3 class=\"wp-block-heading\" id=\"h-interpretation\">Interpr\u00e9tation<\/h3>\n\n\n\n<p>Les mots dont la lettre initiale est en majuscule ont des significations d\u00e9finies dans les conditions suivantes. Les d\u00e9finitions suivantes auront la m\u00eame signification qu&#039;elles apparaissent au singulier ou au pluriel.<\/p>\n\n\n\n<h3 class=\"wp-block-heading\" id=\"h-definitions\">D\u00e9finitions<\/h3>\n\n\n\n<p>Aux fins des pr\u00e9sentes conditions g\u00e9n\u00e9rales\u00a0:<\/p>\n\n\n\n<ul class=\"wp-block-list\"><li><strong>Affilier<\/strong>&nbsp;d\u00e9signe une entit\u00e9 qui contr\u00f4le, est contr\u00f4l\u00e9e par ou est sous contr\u00f4le commun avec une partie, o\u00f9 &quot;contr\u00f4le&quot; signifie la propri\u00e9t\u00e9 d&#039;au moins 50% des actions, participations ou autres titres habilit\u00e9s \u00e0 voter pour l&#039;\u00e9lection des administrateurs ou autre autorit\u00e9 de gestion.<\/li><li><strong>Pays<\/strong>&nbsp;fait r\u00e9f\u00e9rence \u00e0\u00a0: Berlin, Allemagne<\/li><li><strong>Compagnie<\/strong>&nbsp;(ci-apr\u00e8s d\u00e9nomm\u00e9e \u00ab\u00a0l&#039;entreprise\u00a0\u00bb, \u00ab\u00a0nous\u00a0\u00bb, \u00ab\u00a0notre\u00a0\u00bb ou \u00ab\u00a0notre\u00a0\u00bb dans le pr\u00e9sent accord) fait r\u00e9f\u00e9rence \u00e0 relex.io.<\/li><li><strong>Dispositif<\/strong>&nbsp;d\u00e9signe tout appareil pouvant acc\u00e9der au Service tel qu&#039;un ordinateur, un t\u00e9l\u00e9phone portable ou une tablette num\u00e9rique.<\/li><li><strong>Service<\/strong>&nbsp;fait r\u00e9f\u00e9rence au Site Web.<\/li><li><strong>Service de m\u00e9dias sociaux tiers<\/strong>&nbsp;d\u00e9signe tout service ou contenu (y compris les donn\u00e9es, informations, produits ou services) fourni par un tiers qui peut \u00eatre affich\u00e9, inclus ou mis \u00e0 disposition par le Service.<\/li><li><strong>Tu<\/strong>&nbsp;d\u00e9signe la personne acc\u00e9dant ou utilisant le Service, ou la soci\u00e9t\u00e9 ou toute autre entit\u00e9 juridique au nom de laquelle cette personne acc\u00e8de ou utilise le Service, selon le cas.<\/li><\/ul>\n\n\n\n<h2 class=\"wp-block-heading\" id=\"h-acknowledgment\">Reconnaissance<\/h2>\n\n\n\n<p>Ce sont les termes et conditions r\u00e9gissant l&#039;utilisation de ce service et l&#039;accord qui fonctionne entre vous et la soci\u00e9t\u00e9. Ces Termes et Conditions d\u00e9finissent les droits et obligations de tous les utilisateurs concernant l&#039;utilisation du Service.<\/p>\n\n\n\n<p>Votre acc\u00e8s et votre utilisation du Service sont conditionn\u00e9s par Votre acceptation et votre respect des pr\u00e9sentes Conditions g\u00e9n\u00e9rales. Ces Termes et Conditions s&#039;appliquent \u00e0 tous les visiteurs, utilisateurs et autres qui acc\u00e8dent ou utilisent le Service.<\/p>\n\n\n\n<p>En acc\u00e9dant ou en utilisant le Service, vous acceptez d&#039;\u00eatre li\u00e9 par ces Termes et Conditions. Si vous n&#039;\u00eates pas d&#039;accord avec une partie de ces conditions g\u00e9n\u00e9rales, vous ne pouvez pas acc\u00e9der au service.<\/p>\n\n\n\n<p>Vous d\u00e9clarez que vous avez plus de 18 ans. La Soci\u00e9t\u00e9 n&#039;autorise pas les moins de 18 ans \u00e0 utiliser le Service.<\/p>\n\n\n\n<p>Votre acc\u00e8s et votre utilisation du Service sont \u00e9galement conditionn\u00e9s par Votre acceptation et votre respect de la Politique de confidentialit\u00e9 de la Soci\u00e9t\u00e9. Notre politique de confidentialit\u00e9 d\u00e9crit nos politiques et proc\u00e9dures sur la collecte, l&#039;utilisation et la divulgation de vos informations personnelles lorsque vous utilisez l&#039;application ou le site Web et vous informe de vos droits en mati\u00e8re de confidentialit\u00e9 et de la mani\u00e8re dont la loi vous prot\u00e8ge. Veuillez lire attentivement notre politique de confidentialit\u00e9 avant d&#039;utiliser notre service.<\/p>\n\n\n\n<h2 class=\"wp-block-heading\" id=\"h-links-to-other-websites\">Liens vers d&#039;autres sites Web<\/h2>\n\n\n\n<p>Notre service peut contenir des liens vers des sites Web ou des services tiers qui ne sont ni d\u00e9tenus ni contr\u00f4l\u00e9s par la soci\u00e9t\u00e9.<\/p>\n\n\n\n<p>La Soci\u00e9t\u00e9 n&#039;a aucun contr\u00f4le sur le contenu, les politiques de confidentialit\u00e9 ou les pratiques des sites Web ou services tiers et n&#039;assume aucune responsabilit\u00e9 \u00e0 cet \u00e9gard. Vous reconnaissez et acceptez en outre que la Soci\u00e9t\u00e9 ne sera pas responsable, directement ou indirectement, de tout dommage ou perte caus\u00e9 ou pr\u00e9sum\u00e9 avoir \u00e9t\u00e9 caus\u00e9 par ou en relation avec l&#039;utilisation ou la confiance accord\u00e9e \u00e0 ces contenus, biens ou services disponibles sur ou par l&#039;interm\u00e9diaire de ces sites Web ou services.<\/p>\n\n\n\n<p>Nous vous conseillons vivement de lire les termes et conditions et les politiques de confidentialit\u00e9 de tous les sites Web ou services tiers que vous visitez.<\/p>\n\n\n\n<h2 class=\"wp-block-heading\" id=\"h-termination\">R\u00e9siliation<\/h2>\n\n\n\n<p>Nous pouvons r\u00e9silier ou suspendre votre acc\u00e8s imm\u00e9diatement, sans pr\u00e9avis ni responsabilit\u00e9, pour quelque raison que ce soit, y compris, sans s&#039;y limiter, si vous enfreignez les pr\u00e9sentes conditions g\u00e9n\u00e9rales.<\/p>\n\n\n\n<p>En cas de r\u00e9siliation, Votre droit d&#039;utiliser le Service cessera imm\u00e9diatement.<\/p>\n\n\n\n<h2 class=\"wp-block-heading\" id=\"h-limitation-of-liability\">Limitation de responsabilit\u00e9<\/h2>\n\n\n\n<p>Nonobstant tout dommage que vous pourriez subir, l&#039;enti\u00e8re responsabilit\u00e9 de la Soci\u00e9t\u00e9 et de l&#039;un de ses fournisseurs en vertu de toute disposition des pr\u00e9sentes Conditions et votre recours exclusif pour tout ce qui pr\u00e9c\u00e8de seront limit\u00e9s au montant effectivement pay\u00e9 par vous via le Service ou 100 USD si Vous n&#039;avez rien achet\u00e9 via le Service.<\/p>\n\n\n\n<p>Dans la mesure maximale permise par la loi applicable, en aucun cas la Soci\u00e9t\u00e9 ou ses fournisseurs ne pourront \u00eatre tenus responsables de tout dommage sp\u00e9cial, accessoire, indirect ou cons\u00e9cutif (y compris, mais sans s&#039;y limiter, les dommages pour manque \u00e0 gagner, perte de donn\u00e9es ou d&#039;autres informations, en cas d&#039;interruption d&#039;activit\u00e9, de blessure corporelle, de perte de confidentialit\u00e9 r\u00e9sultant de ou li\u00e9e de quelque mani\u00e8re que ce soit \u00e0 l&#039;utilisation ou \u00e0 l&#039;impossibilit\u00e9 d&#039;utiliser le Service, les logiciels tiers et\/ou le mat\u00e9riel tiers utilis\u00e9s avec le Service, ou autrement en relation avec toute disposition des pr\u00e9sentes Conditions), m\u00eame si la Soci\u00e9t\u00e9 ou tout fournisseur a \u00e9t\u00e9 inform\u00e9 de la possibilit\u00e9 de tels dommages et m\u00eame si le recours ne remplit pas son objectif essentiel.<\/p>\n\n\n\n<p>Certains \u00c9tats n&#039;autorisent pas l&#039;exclusion des garanties implicites ou la limitation de responsabilit\u00e9 pour les dommages indirects ou cons\u00e9cutifs, ce qui signifie que certaines des limitations ci-dessus peuvent ne pas s&#039;appliquer. Dans ces \u00c9tats, la responsabilit\u00e9 de chaque partie sera limit\u00e9e dans toute la mesure permise par la loi.<\/p>\n\n\n\n<h2 class=\"wp-block-heading\" id=\"h-as-is-and-as-available-disclaimer\">Clause de non-responsabilit\u00e9 \u00ab\u00a0TEL QUEL\u00a0\u00bb et \u00ab\u00a0TEL QUE DISPONIBLE\u00a0\u00bb<\/h2>\n\n\n\n<p>Le Service vous est fourni \u00ab\u00a0TEL QUEL\u00a0\u00bb et \u00ab\u00a0TEL QUE DISPONIBLE\u00a0\u00bb et avec tous les d\u00e9fauts et d\u00e9fauts sans garantie d&#039;aucune sorte. Dans la mesure maximale autoris\u00e9e par la loi applicable, la Soci\u00e9t\u00e9, en son propre nom et au nom de ses Soci\u00e9t\u00e9s affili\u00e9es et de ses conc\u00e9dants de licence et fournisseurs de services respectifs, d\u00e9cline express\u00e9ment toute garantie, expresse, implicite, statutaire ou autre, en ce qui concerne le Service, y compris toutes les garanties implicites de qualit\u00e9 marchande, d&#039;ad\u00e9quation \u00e0 un usage particulier, de titre et de non-contrefa\u00e7on, et les garanties pouvant d\u00e9couler du cours des transactions, du cours des performances, de l&#039;utilisation ou des pratiques commerciales. Sans limitation \u00e0 ce qui pr\u00e9c\u00e8de, la Soci\u00e9t\u00e9 ne fournit aucune garantie ou engagement, et ne fait aucune d\u00e9claration d&#039;aucune sorte que le Service r\u00e9pondra \u00e0 Vos exigences, atteindra les r\u00e9sultats escompt\u00e9s, sera compatible ou fonctionnera avec tout autre logiciel, application, syst\u00e8me ou service, fonctionnera sans interruption, r\u00e9pondre \u00e0 toutes les normes de performance ou de fiabilit\u00e9 ou \u00eatre sans erreur ou que toute erreur ou d\u00e9faut peut ou sera corrig\u00e9.<\/p>\n\n\n\n<p>Sans limiter ce qui pr\u00e9c\u00e8de, ni la Soci\u00e9t\u00e9 ni aucun de ses fournisseurs ne fait aucune repr\u00e9sentation ou garantie de quelque nature que ce soit, expresse ou implicite\u00a0: (i) quant au fonctionnement ou \u00e0 la disponibilit\u00e9 du Service, ou des informations, du contenu et des mat\u00e9riaux ou produits y compris\u00a0; (ii) que le Service sera ininterrompu ou sans erreur\u00a0; (iii) quant \u00e0 l&#039;exactitude, la fiabilit\u00e9 ou l&#039;actualit\u00e9 de toute information ou contenu fourni par le biais du Service\u00a0; ou (iv) que le Service, ses serveurs, le contenu ou les e-mails envoy\u00e9s par ou au nom de la Soci\u00e9t\u00e9 sont exempts de virus, scripts, chevaux de Troie, vers, logiciels malveillants, bombes \u00e0 retardement ou autres composants nuisibles.<\/p>\n\n\n\n<p>Certaines juridictions n&#039;autorisent pas l&#039;exclusion de certains types de garanties ou de limitations sur les droits statutaires applicables d&#039;un consommateur, de sorte que certaines ou toutes les exclusions et limitations ci-dessus peuvent ne pas s&#039;appliquer \u00e0 Vous. Mais dans un tel cas, les exclusions et limitations \u00e9nonc\u00e9es dans la pr\u00e9sente section s&#039;appliqueront dans toute la mesure applicable en vertu de la loi applicable.<\/p>\n\n\n\n<h2 class=\"wp-block-heading\" id=\"h-governing-law\">Droit applicable<\/h2>\n\n\n\n<p>Les lois du pays, \u00e0 l&#039;exclusion de ses r\u00e8gles de conflits de lois, r\u00e9giront les pr\u00e9sentes conditions et votre utilisation du service. Votre utilisation de l&#039;Application peut \u00e9galement \u00eatre soumise \u00e0 d&#039;autres lois locales, \u00e9tatiques, nationales ou internationales.<\/p>\n\n\n\n<h2 class=\"wp-block-heading\" id=\"h-disputes-resolution\">R\u00e9solution des litiges<\/h2>\n\n\n\n<p>Si vous avez des inqui\u00e9tudes ou un diff\u00e9rend concernant le Service, vous acceptez d&#039;essayer d&#039;abord de r\u00e9soudre le diff\u00e9rend de mani\u00e8re informelle en contactant la Soci\u00e9t\u00e9.<\/p>\n\n\n\n<h2 class=\"wp-block-heading\" id=\"h-for-european-union-eu-users\">Pour les utilisateurs de l&#039;Union europ\u00e9enne (UE)<\/h2>\n\n\n\n<p>Si vous \u00eates un consommateur de l&#039;Union europ\u00e9enne, vous b\u00e9n\u00e9ficierez de toutes les dispositions imp\u00e9ratives de la loi du pays dans lequel vous r\u00e9sidez.<\/p>\n\n\n\n<h2 class=\"wp-block-heading\" id=\"h-united-states-legal-compliance\">Conformit\u00e9 l\u00e9gale aux \u00c9tats-Unis<\/h2>\n\n\n\n<p>Vous d\u00e9clarez et garantissez que (i) vous n&#039;\u00eates pas situ\u00e9 dans un pays soumis \u00e0 l&#039;embargo du gouvernement des \u00c9tats-Unis, ou qui a \u00e9t\u00e9 d\u00e9sign\u00e9 par le gouvernement des \u00c9tats-Unis comme un pays \u00ab soutenant le terrorisme \u00bb, et (ii) vous n&#039;\u00eates pas figurant sur toute liste gouvernementale des \u00c9tats-Unis des parties interdites ou restreintes.<\/p>\n\n\n\n<h2 class=\"wp-block-heading\" id=\"h-severability-and-waiver\">Divisibilit\u00e9 et renonciation<\/h2>\n\n\n\n<h3 class=\"wp-block-heading\" id=\"h-severability\">Divisibilit\u00e9<\/h3>\n\n\n\n<p>Si une disposition de ces Conditions est jug\u00e9e inapplicable ou invalide, cette disposition sera modifi\u00e9e et interpr\u00e9t\u00e9e pour atteindre les objectifs de cette disposition dans toute la mesure du possible en vertu de la loi applicable et les dispositions restantes resteront en vigueur et de plein effet.<\/p>\n\n\n\n<h3 class=\"wp-block-heading\" id=\"h-waiver\">Renoncer<\/h3>\n\n\n\n<p>Sauf disposition contraire des pr\u00e9sentes, le d\u00e9faut d&#039;exercer un droit ou d&#039;exiger l&#039;ex\u00e9cution d&#039;une obligation en vertu des pr\u00e9sentes Conditions n&#039;affectera pas la capacit\u00e9 d&#039;une partie \u00e0 exercer ce droit ou \u00e0 exiger une telle ex\u00e9cution \u00e0 tout moment par la suite, et la renonciation \u00e0 une violation ne constituera pas une renonciation \u00e0 toute infraction ult\u00e9rieure.<\/p>\n\n\n\n<h2 class=\"wp-block-heading\" id=\"h-translation-interpretation\">Traduction Interpr\u00e9tation<\/h2>\n\n\n\n<p>Ces Termes et Conditions peuvent avoir \u00e9t\u00e9 traduits si Nous les avons mis \u00e0 Votre disposition sur notre Service. Vous acceptez que le texte original en anglais pr\u00e9vaudra en cas de litige.<\/p>\n\n\n\n<h2 class=\"wp-block-heading\" id=\"h-changes-to-these-terms-and-conditions\">Modifications de ces termes et conditions<\/h2>\n\n\n\n<p>Nous nous r\u00e9servons le droit, \u00e0 Notre seule discr\u00e9tion, de modifier ou de remplacer ces Conditions \u00e0 tout moment. Si une r\u00e9vision est importante, nous ferons des efforts raisonnables pour fournir un pr\u00e9avis d&#039;au moins 30 jours avant l&#039;entr\u00e9e en vigueur de toute nouvelle condition. Ce qui constitue un changement important sera d\u00e9termin\u00e9 \u00e0 Notre seule discr\u00e9tion.<\/p>\n\n\n\n<p>En continuant \u00e0 acc\u00e9der ou \u00e0 utiliser Notre Service apr\u00e8s l&#039;entr\u00e9e en vigueur de ces r\u00e9visions, Vous acceptez d&#039;\u00eatre li\u00e9 par les conditions r\u00e9vis\u00e9es. Si vous n&#039;acceptez pas les nouvelles conditions, en tout ou en partie, veuillez cesser d&#039;utiliser le site Web et le service.<\/p>","protected":false},"excerpt":{"rendered":"<p>Termes et conditions Veuillez lire attentivement ces termes et conditions avant d&#039;utiliser notre service. Interpr\u00e9tation et d\u00e9finitions Interpr\u00e9tation Les mots dont la lettre initiale est en majuscule ont des significations d\u00e9finies dans les conditions suivantes. Les d\u00e9finitions suivantes auront la m\u00eame signification qu&#039;elles apparaissent au singulier ou au pluriel. D\u00e9finitions Pour le [\u2026]<\/p>","protected":false},"author":4,"featured_media":0,"parent":0,"menu_order":0,"comment_status":"closed","ping_status":"closed","template":"","meta":{"_acf_changed":false,"_editorskit_title_hidden":false,"_editorskit_reading_time":0,"_editorskit_is_block_options_detached":false,"_editorskit_block_options_position":"{}","_uag_custom_page_level_css":"","footnotes":""},"class_list":["post-541","page","type-page","status-publish","hentry"],"acf":[],"uagb_featured_image_src":{"full":false,"thumbnail":false,"medium":false,"medium_large":false,"large":false,"1536x1536":false,"2048x2048":false,"trp-custom-language-flag":false},"uagb_author_info":{"display_name":"admin","author_link":"https:\/\/bitcoinwisdom.com\/fr\/author\/checkitsreal_u3wyz0\/"},"uagb_comment_info":0,"uagb_excerpt":"Terms and Conditions Please read these terms and conditions carefully before using Our Service. Interpretation and Definitions Interpretation The words of which the initial letter is capitalized have meanings defined under the following conditions. The following definitions shall have the same meaning regardless of whether they appear in singular or in plural. Definitions For the\u2026","_links":{"self":[{"href":"https:\/\/bitcoinwisdom.com\/fr\/wp-json\/wp\/v2\/pages\/541","targetHints":{"allow":["GET"]}}],"collection":[{"href":"https:\/\/bitcoinwisdom.com\/fr\/wp-json\/wp\/v2\/pages"}],"about":[{"href":"https:\/\/bitcoinwisdom.com\/fr\/wp-json\/wp\/v2\/types\/page"}],"author":[{"embeddable":true,"href":"https:\/\/bitcoinwisdom.com\/fr\/wp-json\/wp\/v2\/users\/4"}],"replies":[{"embeddable":true,"href":"https:\/\/bitcoinwisdom.com\/fr\/wp-json\/wp\/v2\/comments?post=541"}],"version-history":[{"count":0,"href":"https:\/\/bitcoinwisdom.com\/fr\/wp-json\/wp\/v2\/pages\/541\/revisions"}],"wp:attachment":[{"href":"https:\/\/bitcoinwisdom.com\/fr\/wp-json\/wp\/v2\/media?parent=541"}],"curies":[{"name":"wp","href":"https:\/\/api.w.org\/{rel}","templated":true}]}}