{"id":548,"date":"2022-03-21T22:27:28","date_gmt":"2022-03-22T05:27:28","guid":{"rendered":"https:\/\/bitcoinwisdom.com\/?page_id=548"},"modified":"2022-06-05T15:50:52","modified_gmt":"2022-06-05T22:50:52","slug":"contact","status":"publish","type":"page","link":"https:\/\/bitcoinwisdom.com\/fr\/contact\/","title":{"rendered":"Nous contacter"},"content":{"rendered":"<h2 class=\"wp-block-heading\" id=\"h-contact-us\">Contact<\/h2>\n\n\n\n<p>Merci de visiter notre page de contact. Nous sommes disponibles du lundi au vendredi de 9h \u00e0 18h pour r\u00e9pondre \u00e0 toutes vos questions. Si vous avez des conseils d&#039;actualit\u00e9 que vous souhaitez partager avec nous, veuillez utiliser l&#039;adresse e-mail \u00e9ditoriale ci-dessous. Nous appr\u00e9cions votre contribution et esp\u00e9rons avoir de vos nouvelles bient\u00f4t.<\/p>\n\n\n\n<h2 class=\"wp-block-heading\">E-mail<\/h2>\n\n\n\n<p><strong>\u00c9ditorial:<\/strong>&nbsp;\u00e9ditorial@bitcoinwisdom.com<\/p>\n\n\n\n<p><strong>Publicit\u00e9:<\/strong>&nbsp;advertising@bitcoinwisdom.com<\/p>\n\n\n\n<p><strong>Assistance et r\u00e9clamations\u00a0:<\/strong>&nbsp;support@bitcoinwisdom.com<\/p>\n\n\n\n<h2 class=\"wp-block-heading\">Adresse &amp; T\u00e9l\u00e9phone<\/h2>\n\n\n\n<p><strong>BitcoinSagesse<\/strong><br>Niveau 1, Devonshire House<br>Un endroit Mayfair<br>Londres Royaume-Uni W1J 8AJ<br>+44 20 3205 7100<\/p>","protected":false},"excerpt":{"rendered":"<p>Contact Merci de visiter notre page de contact. Nous sommes disponibles du lundi au vendredi de 9h \u00e0 18h pour r\u00e9pondre \u00e0 toutes vos questions. Si vous avez des conseils d&#039;actualit\u00e9 que vous souhaitez partager avec nous, veuillez utiliser l&#039;adresse e-mail \u00e9ditoriale ci-dessous. Nous appr\u00e9cions votre contribution et esp\u00e9rons avoir de vos nouvelles [\u2026]<\/p>","protected":false},"author":5,"featured_media":0,"parent":0,"menu_order":0,"comment_status":"closed","ping_status":"closed","template":"","meta":{"_acf_changed":false,"_editorskit_title_hidden":false,"_editorskit_reading_time":1,"_editorskit_is_block_options_detached":false,"_editorskit_block_options_position":"{}","_uag_custom_page_level_css":"","footnotes":""},"class_list":["post-548","page","type-page","status-publish","hentry"],"acf":[],"uagb_featured_image_src":{"full":false,"thumbnail":false,"medium":false,"medium_large":false,"large":false,"1536x1536":false,"2048x2048":false,"trp-custom-language-flag":false},"uagb_author_info":{"display_name":"Jason Conor","author_link":"https:\/\/bitcoinwisdom.com\/fr\/author\/jason-connor\/"},"uagb_comment_info":0,"uagb_excerpt":"Contact Thanks for visiting our contact page. We are available Monday to Friday 9 am to 6 pm to answer any questions you may have. If you have any news tips you want to share with us, please use the editorial e-mail address below. We appreciate your input and look forward to hearing from you\u2026","_links":{"self":[{"href":"https:\/\/bitcoinwisdom.com\/fr\/wp-json\/wp\/v2\/pages\/548","targetHints":{"allow":["GET"]}}],"collection":[{"href":"https:\/\/bitcoinwisdom.com\/fr\/wp-json\/wp\/v2\/pages"}],"about":[{"href":"https:\/\/bitcoinwisdom.com\/fr\/wp-json\/wp\/v2\/types\/page"}],"author":[{"embeddable":true,"href":"https:\/\/bitcoinwisdom.com\/fr\/wp-json\/wp\/v2\/users\/5"}],"replies":[{"embeddable":true,"href":"https:\/\/bitcoinwisdom.com\/fr\/wp-json\/wp\/v2\/comments?post=548"}],"version-history":[{"count":0,"href":"https:\/\/bitcoinwisdom.com\/fr\/wp-json\/wp\/v2\/pages\/548\/revisions"}],"wp:attachment":[{"href":"https:\/\/bitcoinwisdom.com\/fr\/wp-json\/wp\/v2\/media?parent=548"}],"curies":[{"name":"wp","href":"https:\/\/api.w.org\/{rel}","templated":true}]}}