{"id":730,"date":"2022-03-23T14:00:00","date_gmt":"2022-03-23T21:00:00","guid":{"rendered":"https:\/\/bitcoinwisdom.com\/?page_id=730"},"modified":"2022-06-21T17:01:00","modified_gmt":"2022-06-22T00:01:00","slug":"new-homepage","status":"publish","type":"page","link":"https:\/\/bitcoinwisdom.com\/fr\/","title":{"rendered":"Actualit\u00e9s, graphiques, pr\u00e9visions de prix, guides et avis sur les \u00e9changes de Bitcoin et de crypto-monnaie"},"content":{"rendered":"<div class=\"wp-block-cover is-light bannerSection\"><span aria-hidden=\"true\" class=\"wp-block-cover__background has-background-dim-0 has-background-dim\"><\/span><div class=\"wp-block-cover__inner-container is-layout-flow wp-block-cover-is-layout-flow\">\n<h1 class=\"has-text-align-center wp-block-heading\">Crypto News, pr\u00e9visions de prix, guides d&#039;investissement et revues d&#039;\u00e9change<\/h1>\n\n\n\n<h3 class=\"has-text-align-center wp-block-heading\">Fond\u00e9e en 2013, Bitcoin Wisdom s&#039;efforce de fournir des nouvelles informatives et pr\u00e9cises sur les bitcoins, des pr\u00e9visions de prix, des guides d&#039;investissement et des revues d&#039;\u00e9change.<\/h3>\n\n\n\n<div class=\"wp-block-columns are-vertically-aligned-center columnsWithLinks\">\n<div class=\"wp-block-column is-vertically-aligned-center\"><div class=\"wp-block-image\">\n<figure class=\"aligncenter size-large\"><a href=\"\/fr\/news\/\"><img decoding=\"async\" width=\"24\" height=\"21\" src=\"\/wp-content\/uploads\/2022\/03\/ico-news.svg\" alt=\"\" class=\"wp-image-751\"\/><\/a><\/figure><\/div>\n\n\n<p class=\"has-text-align-center\"><a href=\"\/fr\/news\/\" class=\"ek-link\">Derni\u00e8res nouvelles sur la cryptographie<\/a><\/p>\n<\/div>\n\n\n\n<div class=\"wp-block-column is-vertically-aligned-center\"><div class=\"wp-block-image\">\n<figure class=\"aligncenter size-large\"><a href=\"\/fr\/predictions\/\"><img decoding=\"async\" width=\"25\" height=\"22\" src=\"\/wp-content\/uploads\/2022\/03\/ico-bitcoin-wallet.svg\" alt=\"\" class=\"wp-image-752\"\/><\/a><\/figure><\/div>\n\n\n<p class=\"has-text-align-center\"><a href=\"\/fr\/predictions\/\" class=\"ek-link\">Pr\u00e9visions de prix<\/a><\/p>\n<\/div>\n\n\n\n<div class=\"wp-block-column is-vertically-aligned-center\"><div class=\"wp-block-image\">\n<figure class=\"aligncenter size-large\"><a href=\"\/fr\/guides\/\"><img decoding=\"async\" width=\"16\" height=\"22\" src=\"\/wp-content\/uploads\/2022\/03\/ico-bitcoin.svg\" alt=\"\" class=\"wp-image-754\"\/><\/a><\/figure><\/div>\n\n\n<p class=\"has-text-align-center\"><a href=\"\/fr\/guides\/\" class=\"ek-link\">Guides d&#039;investissement<\/a><\/p>\n<\/div>\n\n\n\n<div class=\"wp-block-column is-vertically-aligned-center\"><div class=\"wp-block-image\">\n<figure class=\"aligncenter size-large\"><a href=\"\/fr\/reviews\/\"><img decoding=\"async\" width=\"20\" height=\"24\" src=\"\/wp-content\/uploads\/2022\/03\/ico-startshere.svg\" alt=\"\" class=\"wp-image-755\"\/><\/a><\/figure><\/div>\n\n\n<p class=\"has-text-align-center\"><a href=\"\/fr\/reviews\/\" class=\"ek-link\">Avis d&#039;\u00e9change<\/a><\/p>\n<\/div>\n\n\n\n<div class=\"wp-block-column is-vertically-aligned-center\"><div class=\"wp-block-image\">\n<figure class=\"aligncenter size-large\"><a href=\"\/fr\/robots\/\"><img decoding=\"async\" width=\"30\" height=\"32\" src=\"\/wp-content\/uploads\/2022\/03\/ico-trading.svg\" alt=\"\" class=\"wp-image-753\"\/><\/a><\/figure><\/div>\n\n\n<p class=\"has-text-align-center\"><a href=\"\/fr\/robots\/\" class=\"ek-link\">Robots bitcoins<\/a><\/p>\n<\/div>\n\n\n\n<div class=\"wp-block-column is-vertically-aligned-center\"><div class=\"wp-block-image\">\n<figure class=\"aligncenter size-large\"><a href=\"\/fr\/where-to-buy-and-sell-bitcoin\/\"><img decoding=\"async\" width=\"34\" height=\"32\" src=\"\/wp-content\/uploads\/2022\/03\/ico-to-buy.svg\" alt=\"\" class=\"wp-image-756\"\/><\/a><\/figure><\/div>\n\n\n<p class=\"has-text-align-center\"><a href=\"\/fr\/where-to-buy-and-sell-bitcoin\/\" type=\"post\" id=\"675\" class=\"ek-link\">Comment acheter des bitcoins<\/a><\/p>\n<\/div>\n<\/div>\n<\/div><\/div>\n\n\n\n<div class=\"wp-block-group whiteContainer\"><div class=\"wp-block-group__inner-container\">\n<div class=\"wp-block-columns\">\n<div class=\"wp-block-column\">\n<h2 class=\"wp-block-heading\" id=\"h-breaking-cryptocurrency-news\">Derni\u00e8res nouvelles sur les crypto-monnaies<\/h2>\n<\/div>\n\n\n\n<div class=\"wp-block-column\">\n<div class=\"wp-block-columns\">\n<div class=\"wp-block-column\"><\/div>\n\n\n\n<div class=\"wp-block-column\"><\/div>\n\n\n\n<div class=\"wp-block-column\"><\/div>\n\n\n\n<div class=\"wp-block-column\"><\/div>\n<\/div>\n<\/div>\n<\/div>\n<\/div><\/div>\n\n\n\n<div class=\"wp-block-group cryptoMarkets\"><div class=\"wp-block-group__inner-container\"><div class=\"bigCategoryContainer categoryContainer\"><div class=\"innercategoryContainer\"><div class=\"postContainer small\"><a href=\"https:\/\/bitcoinwisdom.com\/fr\/binance-informed-vip-traders-of-the-deal-with\/\"><img decoding=\"async\" class=\"featured\" src=\"https:\/\/bitcoinwisdom.com\/wp-content\/uploads\/2023\/01\/Binance-1-500x330.jpg\"><\/a><div class=\"postDetailsContainer\"><h3 class=\"postTitle\"><a href=\"https:\/\/bitcoinwisdom.com\/fr\/binance-informed-vip-traders-of-the-deal-with\/\">Binance a inform\u00e9 les traders VIP de l&#039;accord avec le DOJ en septembre<\/a><\/h3><div class=\"postDetails\"><strong>Par <a href=\"https:\/\/bitcoinwisdom.com\/fr\/author\/lawrencew\/\">Laurent Woriji<\/a><\/strong> <time class=\"timeago\" datetime=\"2023-12-01T20:31:38+00:00\">1 d\u00e9cembre 2023<\/time><\/div><\/div><\/div><div class=\"postContainer small\"><a href=\"https:\/\/bitcoinwisdom.com\/fr\/coinbase-reports-a-6-surge-in-data-requests-from-federal-agencies\/\"><img decoding=\"async\" class=\"featured\" src=\"https:\/\/bitcoinwisdom.com\/wp-content\/uploads\/2023\/12\/Coinbase-500x330.jpg\"><\/a><div class=\"postDetailsContainer\"><h3 class=\"postTitle\"><a href=\"https:\/\/bitcoinwisdom.com\/fr\/coinbase-reports-a-6-surge-in-data-requests-from-federal-agencies\/\">Coinbase signale une augmentation de 6% des demandes de donn\u00e9es \u00e9manant des agences f\u00e9d\u00e9rales<\/a><\/h3><div class=\"postDetails\"><strong>Par <a href=\"https:\/\/bitcoinwisdom.com\/fr\/author\/parth\/\">Parthe Dubey<\/a><\/strong> <time class=\"timeago\" datetime=\"2023-12-01T05:01:52+00:00\">1 d\u00e9cembre 2023<\/time><\/div><\/div><\/div><div class=\"postContainer small\"><a href=\"https:\/\/bitcoinwisdom.com\/fr\/circle-responds-to-terrorism-financing\/\"><img decoding=\"async\" class=\"featured\" src=\"https:\/\/bitcoinwisdom.com\/wp-content\/uploads\/2022\/07\/USDC-circle-500x330.jpg\"><\/a><div class=\"postDetailsContainer\"><h3 class=\"postTitle\"><a href=\"https:\/\/bitcoinwisdom.com\/fr\/circle-responds-to-terrorism-financing\/\">Circle r\u00e9pond aux all\u00e9gations de financement du terrorisme<\/a><\/h3><div class=\"postDetails\"><strong>Par <a href=\"https:\/\/bitcoinwisdom.com\/fr\/author\/lawrencew\/\">Laurent Woriji<\/a><\/strong> <time class=\"timeago\" datetime=\"2023-11-30T23:08:38+00:00\">30 novembre 2023<\/time><\/div><\/div><\/div><div class=\"postContainer small\"><a href=\"https:\/\/bitcoinwisdom.com\/fr\/paxos-wins-initial-approval-from-abu-dhabi-to-issue-stablecoins\/\"><img decoding=\"async\" class=\"featured\" src=\"https:\/\/bitcoinwisdom.com\/wp-content\/uploads\/2023\/11\/Paxos-1-500x330.jpg\"><\/a><div class=\"postDetailsContainer\"><h3 class=\"postTitle\"><a href=\"https:\/\/bitcoinwisdom.com\/fr\/paxos-wins-initial-approval-from-abu-dhabi-to-issue-stablecoins\/\">Paxos obtient l&#039;approbation initiale d&#039;Abu Dhabi pour \u00e9mettre des Stablecoins<\/a><\/h3><div class=\"postDetails\"><strong>Par <a href=\"https:\/\/bitcoinwisdom.com\/fr\/author\/parth\/\">Parthe Dubey<\/a><\/strong> <time class=\"timeago\" datetime=\"2023-11-30T06:47:10+00:00\">30 novembre 2023<\/time><\/div><\/div><\/div><div class=\"postContainer small\"><a href=\"https:\/\/bitcoinwisdom.com\/fr\/binance-confirms-plans-to-withdraw-support-for\/\"><img decoding=\"async\" class=\"featured\" src=\"https:\/\/bitcoinwisdom.com\/wp-content\/uploads\/2023\/02\/BUSD-1-500x330.jpg\"><\/a><div class=\"postDetailsContainer\"><h3 class=\"postTitle\"><a href=\"https:\/\/bitcoinwisdom.com\/fr\/binance-confirms-plans-to-withdraw-support-for\/\">Binance confirme son intention de retirer le support du BUSD en d\u00e9cembre<\/a><\/h3><div class=\"postDetails\"><strong>Par <a href=\"https:\/\/bitcoinwisdom.com\/fr\/author\/lawrencew\/\">Laurent Woriji<\/a><\/strong> <time class=\"timeago\" datetime=\"2023-11-29T22:30:40+00:00\">29 novembre 2023<\/time><\/div><\/div><\/div><div class=\"postContainer small\"><a href=\"https:\/\/bitcoinwisdom.com\/fr\/ronaldo-sued-for-promotion-of-binance-and-registered-securities\/\"><img decoding=\"async\" class=\"featured\" src=\"https:\/\/bitcoinwisdom.com\/wp-content\/uploads\/2023\/11\/Ronaldo-500x330.jpg\"><\/a><div class=\"postDetailsContainer\"><h3 class=\"postTitle\"><a href=\"https:\/\/bitcoinwisdom.com\/fr\/ronaldo-sued-for-promotion-of-binance-and-registered-securities\/\">Ronaldo poursuivi pour la promotion de Binance et des titres enregistr\u00e9s<\/a><\/h3><div class=\"postDetails\"><strong>Par <a href=\"https:\/\/bitcoinwisdom.com\/fr\/author\/parth\/\">Parthe Dubey<\/a><\/strong> <time class=\"timeago\" datetime=\"2023-11-29T09:24:40+00:00\">29 novembre 2023<\/time><\/div><\/div><\/div><div class=\"postContainer small\"><a href=\"https:\/\/bitcoinwisdom.com\/fr\/coinbase-stock-continues-to-soar-following\/\"><img decoding=\"async\" class=\"featured\" src=\"https:\/\/bitcoinwisdom.com\/wp-content\/uploads\/2022\/06\/Coinbase-Offers-Jobs-Takes-Them-Back-500x330.jpg\"><\/a><div class=\"postDetailsContainer\"><h3 class=\"postTitle\"><a href=\"https:\/\/bitcoinwisdom.com\/fr\/coinbase-stock-continues-to-soar-following\/\">Le stock de Coinbase continue de monter en fl\u00e8che apr\u00e8s le r\u00e8glement de Binance avec le DOJ<\/a><\/h3><div class=\"postDetails\"><strong>Par <a href=\"https:\/\/bitcoinwisdom.com\/fr\/author\/lawrencew\/\">Laurent Woriji<\/a><\/strong> <time class=\"timeago\" datetime=\"2023-11-28T21:17:30+00:00\">28 novembre 2023<\/time><\/div><\/div><\/div><div class=\"remainingContainer\"><ul><li><h3 class=\"postTitle\"><a href=\"https:\/\/bitcoinwisdom.com\/fr\/ftx-users-target-mercedes-racing-team-mlb-in-lawsuit-details\/\">Les utilisateurs de FTX ciblent Mercedes Racing Team et MLB dans un proc\u00e8s : d\u00e9tails<\/a><\/h3><\/li><li><h3 class=\"postTitle\"><a href=\"https:\/\/bitcoinwisdom.com\/fr\/judge-orders-cz-to-remain-in-the-us\/\">Le juge ordonne \u00e0 CZ de rester aux \u00c9tats-Unis<\/a><\/h3><\/li><li><h3 class=\"postTitle\"><a href=\"https:\/\/bitcoinwisdom.com\/fr\/news\/\">Voir plus d&#039;articles de presse<\/a><\/h3><\/li><\/div><\/div>\n<\/div><\/div>\n\n\n\n<h2 class=\"wp-block-heading\">March\u00e9s de crypto-monnaie en direct<\/h2>\n\n\n\n<div class=\"wp-block-group\"><div class=\"wp-block-group__inner-container\"><div class=\"cryptoboxes mcw-table light\" id=\"mcw-6349\" data-realtime=\"on\"><div class=\"title-bar\">Top 10 des pi\u00e8ces<\/div><table class=\"mcw-datatable dataTable display nowrap\" style=\"width: 100%\" data-length=\"10\" data-total=\"200\"><thead><tr><th class=\"col-rank text-left\" data-col=\"rank\">#<\/th><th class=\"col-name text-left\" data-col=\"name\">Pi\u00e8ce de monnaie<\/th><th class=\"col-price_usd\" data-col=\"price_usd\">Prix<\/th><th class=\"col-market_cap_usd\" data-col=\"market_cap_usd\">Capitalisation boursi\u00e8re<\/th><th class=\"col-volume_usd_24h\" data-col=\"volume_usd_24h\">Volume (24h)<\/th><th class=\"col-available_supply\" data-col=\"available_supply\">Fournir<\/th><th class=\"col-percent_change_24h\" data-col=\"percent_change_24h\">Changer<\/th><th class=\"col-weekly\" data-col=\"weekly\">Derni\u00e8res 24h<\/th><\/tr><\/thead><tbody><\/tbody><\/table><\/div>\n<\/div><\/div>\n\n\n\n<div class=\"wp-block-group\"><div class=\"wp-block-group__inner-container\"><div class=\"smallCategoryContainer categoryContainer\"><h2>Pr\u00e9dictions<\/h2><div class=\"innerSmallcategoryContainer\"><div class=\"postContainer small\"><a href=\"https:\/\/bitcoinwisdom.com\/fr\/divi-price-prediction\/\"><img decoding=\"async\" class=\"featured\" src=\"https:\/\/bitcoinwisdom.com\/wp-content\/uploads\/2022\/07\/Divi-Price-Prediction-500x330.png\"><\/a><div class=\"postDetailsContainer\"><h3 class=\"postTitle\"><a href=\"https:\/\/bitcoinwisdom.com\/fr\/divi-price-prediction\/\">Pr\u00e9vision de prix Divi (DIVI) \u2013 2024, 2025 \u2013 2030<\/a><\/h3><div class=\"postDetails\"><strong>Par <a href=\"https:\/\/bitcoinwisdom.com\/fr\/author\/barinem\/\">Barinem P\u00e9n\u00e9<\/a><\/strong> 25 septembre 2024<\/div><\/div><\/div><div class=\"postContainer small\"><a href=\"https:\/\/bitcoinwisdom.com\/fr\/everrise-rise-price-prediction\/\"><img decoding=\"async\" class=\"featured\" src=\"https:\/\/bitcoinwisdom.com\/wp-content\/uploads\/2022\/07\/Everrise-Price-Prediction-500x330.png\"><\/a><div class=\"postDetailsContainer\"><h3 class=\"postTitle\"><a href=\"https:\/\/bitcoinwisdom.com\/fr\/everrise-rise-price-prediction\/\">Pr\u00e9vision de prix EverRise (RISE) \u2013 2024, 2025 \u2013 2030<\/a><\/h3><div class=\"postDetails\"><strong>Par <a href=\"https:\/\/bitcoinwisdom.com\/fr\/author\/barinem\/\">Barinem P\u00e9n\u00e9<\/a><\/strong> 25 septembre 2024<\/div><\/div><\/div><div class=\"postContainer small\"><a href=\"https:\/\/bitcoinwisdom.com\/fr\/maidsafecoin-maid-price-prediction\/\"><img decoding=\"async\" class=\"featured\" src=\"https:\/\/bitcoinwisdom.com\/wp-content\/uploads\/2022\/07\/Maidsafecoin-Price-Prediction-500x330.png\"><\/a><div class=\"postDetailsContainer\"><h3 class=\"postTitle\"><a href=\"https:\/\/bitcoinwisdom.com\/fr\/maidsafecoin-maid-price-prediction\/\">Pr\u00e9vision de prix Maidsafecoin (MAID) \u2013 2024, 2025 \u2013 2030<\/a><\/h3><div class=\"postDetails\"><strong>Par <a href=\"https:\/\/bitcoinwisdom.com\/fr\/author\/barinem\/\">Barinem P\u00e9n\u00e9<\/a><\/strong> 25 septembre 2024<\/div><\/div><\/div><div class=\"remainingContainer\"><ul><li><h3 class=\"postTitle\"><a href=\"https:\/\/bitcoinwisdom.com\/fr\/nest-protocol-nest-price-prediction\/\">Pr\u00e9vision de prix du protocole Nest (NEST) \u2013 2024, 2025 \u2013 2030<\/a><\/h3><\/li><li><h3 class=\"postTitle\"><a href=\"https:\/\/bitcoinwisdom.com\/fr\/osmosis-osmo-price-prediction\/\">Pr\u00e9vision de prix de l\u2019osmose (OSMO) \u2013 2024, 2025 \u2013 2030<\/a><\/h3><\/li><li><h3 class=\"postTitle\"><a href=\"https:\/\/bitcoinwisdom.com\/fr\/paribus-pbx-price-prediction\/\">Pr\u00e9vision de prix Paribus (PBX) \u2013 2024, 2025 \u2013 2030<\/a><\/h3><\/li><li><h3 class=\"postTitle\"><a href=\"https:\/\/bitcoinwisdom.com\/fr\/solanium-slim-price-prediction\/\">Pr\u00e9vision de prix du solanium (SLIM) \u2013 2024, 2025 \u2013 2030<\/a><\/h3><\/li><\/ul><\/div><\/div><a href=\"https:\/\/bitcoinwisdom.com\/fr\/predictions\/\" class=\"allButton\">Tous les articles sur les pr\u00e9visions<\/a><\/div>\n<\/div><\/div>\n\n\n\n<div class=\"wp-block-group\"><div class=\"wp-block-group__inner-container\"><div class=\"smallCategoryContainer categoryContainer\"><h2>Guides<\/h2><div class=\"innerSmallcategoryContainer\"><div class=\"postContainer small\"><a href=\"https:\/\/bitcoinwisdom.com\/fr\/how-to-invest-in-dogecoin-with-credit-card\/\"><img decoding=\"async\" class=\"featured\" src=\"https:\/\/bitcoinwisdom.com\/wp-content\/uploads\/2022\/09\/h4odslgzfig-500x330.jpg\"><\/a><div class=\"postDetailsContainer\"><h3 class=\"postTitle\"><a href=\"https:\/\/bitcoinwisdom.com\/fr\/how-to-invest-in-dogecoin-with-credit-card\/\">Comment investir dans Dogecoin avec carte de cr\u00e9dit<\/a><\/h3><div class=\"postDetails\"><strong>Par <a href=\"https:\/\/bitcoinwisdom.com\/fr\/author\/martin\/\">Martin K.<\/a><\/strong> 6 septembre 2022<\/div><\/div><\/div><div class=\"postContainer small\"><a href=\"https:\/\/bitcoinwisdom.com\/fr\/what-is-ripple-and-how-does-it-work\/\"><img decoding=\"async\" class=\"featured\" src=\"https:\/\/bitcoinwisdom.com\/wp-content\/uploads\/2022\/09\/0krsp5irzi4-500x330.jpg\"><\/a><div class=\"postDetailsContainer\"><h3 class=\"postTitle\"><a href=\"https:\/\/bitcoinwisdom.com\/fr\/what-is-ripple-and-how-does-it-work\/\">Qu&#039;est-ce que Ripple et comment \u00e7a marche ?<\/a><\/h3><div class=\"postDetails\"><strong>Par <a href=\"https:\/\/bitcoinwisdom.com\/fr\/author\/martin\/\">Martin K.<\/a><\/strong> 6 septembre 2022<\/div><\/div><\/div><div class=\"postContainer small\"><a href=\"https:\/\/bitcoinwisdom.com\/fr\/difference-between-dogecoin-ripple-a-comparison-guide\/\"><img decoding=\"async\" class=\"featured\" src=\"https:\/\/bitcoinwisdom.com\/wp-content\/uploads\/2022\/09\/8xo9gqaamzc-500x330.jpg\"><\/a><div class=\"postDetailsContainer\"><h3 class=\"postTitle\"><a href=\"https:\/\/bitcoinwisdom.com\/fr\/difference-between-dogecoin-ripple-a-comparison-guide\/\">Diff\u00e9rence entre Dogecoin et Ripple - Un guide de comparaison<\/a><\/h3><div class=\"postDetails\"><strong>Par <a href=\"https:\/\/bitcoinwisdom.com\/fr\/author\/martin\/\">Martin K.<\/a><\/strong> 6 septembre 2022<\/div><\/div><\/div><div class=\"remainingContainer\"><ul><li><h3 class=\"postTitle\"><a href=\"https:\/\/bitcoinwisdom.com\/fr\/a-detailed-guide-on-how-to-mine-dogecoin\/\">Un guide d\u00e9taill\u00e9 sur la fa\u00e7on d&#039;exploiter Dogecoin<\/a><\/h3><\/li><li><h3 class=\"postTitle\"><a href=\"https:\/\/bitcoinwisdom.com\/fr\/top-reasons-why-you-should-invest-in-bitcoin\/\">Principales raisons pour lesquelles vous devriez investir dans Bitcoin<\/a><\/h3><\/li><li><h3 class=\"postTitle\"><a href=\"https:\/\/bitcoinwisdom.com\/fr\/what-you-need-to-know-about-bitcoin\/\">Ce que vous devez savoir sur Bitcoin<\/a><\/h3><\/li><li><h3 class=\"postTitle\"><a href=\"https:\/\/bitcoinwisdom.com\/fr\/how-to-invest-in-bitcoin\/\">Comment investir dans Bitcoin<\/a><\/h3><\/li><\/ul><\/div><\/div><a href=\"https:\/\/bitcoinwisdom.com\/fr\/guides\/\" class=\"allButton\">Tous les articles du guide<\/a><\/div>\n<\/div><\/div>\n\n\n\n<div class=\"wp-block-group\"><div class=\"wp-block-group__inner-container\"><div class=\"smallCategoryContainer categoryContainer\"><h2>Commentaires<\/h2><div class=\"innerSmallcategoryContainer\"><div class=\"postContainer small\"><a href=\"https:\/\/bitcoinwisdom.com\/fr\/binance-review\/\"><img decoding=\"async\" class=\"featured\" src=\"https:\/\/bitcoinwisdom.com\/wp-content\/uploads\/2022\/05\/22aee16e43e33d890ee49cfcebbe3d94-500x330.webp\"><\/a><div class=\"postDetailsContainer\"><h3 class=\"postTitle\"><a href=\"https:\/\/bitcoinwisdom.com\/fr\/binance-review\/\">Revue Binance<\/a><\/h3><div class=\"postDetails\"><strong>Par <a href=\"https:\/\/bitcoinwisdom.com\/fr\/author\/nishit-kumar\/\">Nishit Kumar<\/a><\/strong> 24 septembre 2024<\/div><\/div><\/div><div class=\"postContainer small\"><a href=\"https:\/\/bitcoinwisdom.com\/fr\/crypto-com-review\/\"><img decoding=\"async\" class=\"featured\" src=\"https:\/\/bitcoinwisdom.com\/wp-content\/uploads\/2022\/06\/home-500x330.webp\"><\/a><div class=\"postDetailsContainer\"><h3 class=\"postTitle\"><a href=\"https:\/\/bitcoinwisdom.com\/fr\/crypto-com-review\/\">Examen de Crypto.com<\/a><\/h3><div class=\"postDetails\"><strong>Par <a href=\"https:\/\/bitcoinwisdom.com\/fr\/author\/nishit-kumar\/\">Nishit Kumar<\/a><\/strong> 24 septembre 2024<\/div><\/div><\/div><div class=\"postContainer small\"><a href=\"https:\/\/bitcoinwisdom.com\/fr\/coinbase-review\/\"><img decoding=\"async\" class=\"featured\" src=\"https:\/\/bitcoinwisdom.com\/wp-content\/uploads\/2022\/05\/1_4c7_SNuureECLAy7nW8TKQ-500x330.png\"><\/a><div class=\"postDetailsContainer\"><h3 class=\"postTitle\"><a href=\"https:\/\/bitcoinwisdom.com\/fr\/coinbase-review\/\">Examen de Coinbase<\/a><\/h3><div class=\"postDetails\"><strong>Par <a href=\"https:\/\/bitcoinwisdom.com\/fr\/author\/nishit-kumar\/\">Nishit Kumar<\/a><\/strong> 24 septembre 2024<\/div><\/div><\/div><div class=\"remainingContainer\"><ul><li><h3 class=\"postTitle\"><a href=\"https:\/\/bitcoinwisdom.com\/fr\/coinspot-review\/\">Examen de CoinSpot<\/a><\/h3><\/li><li><h3 class=\"postTitle\"><a href=\"https:\/\/bitcoinwisdom.com\/fr\/kraken-review\/\">Critique de Kraken<\/a><\/h3><\/li><li><h3 class=\"postTitle\"><a href=\"https:\/\/bitcoinwisdom.com\/fr\/bitstamp-review\/\">Examen Bitstamp<\/a><\/h3><\/li><li><h3 class=\"postTitle\"><a href=\"https:\/\/bitcoinwisdom.com\/fr\/robinhood-review\/\">Critique de Robinhood<\/a><\/h3><\/li><\/ul><\/div><\/div><a href=\"https:\/\/bitcoinwisdom.com\/fr\/reviews\/\" class=\"allButton\">Tous les articles de revues<\/a><\/div>\n<\/div><\/div>","protected":false},"excerpt":{"rendered":"<p>Derni\u00e8res nouvelles sur les crypto-monnaies March\u00e9s des crypto-monnaies en direct<\/p>","protected":false},"author":5,"featured_media":0,"parent":0,"menu_order":0,"comment_status":"closed","ping_status":"closed","template":"","meta":{"_acf_changed":false,"_editorskit_title_hidden":false,"_editorskit_reading_time":1,"_editorskit_is_block_options_detached":false,"_editorskit_block_options_position":"{}","_uag_custom_page_level_css":"","footnotes":""},"class_list":["post-730","page","type-page","status-publish","hentry"],"acf":[],"uagb_featured_image_src":{"full":false,"thumbnail":false,"medium":false,"medium_large":false,"large":false,"1536x1536":false,"2048x2048":false,"trp-custom-language-flag":false},"uagb_author_info":{"display_name":"Jason Conor","author_link":"https:\/\/bitcoinwisdom.com\/fr\/author\/jason-connor\/"},"uagb_comment_info":0,"uagb_excerpt":"Breaking Cryptocurrency News Live Cryptocurrency Markets","_links":{"self":[{"href":"https:\/\/bitcoinwisdom.com\/fr\/wp-json\/wp\/v2\/pages\/730","targetHints":{"allow":["GET"]}}],"collection":[{"href":"https:\/\/bitcoinwisdom.com\/fr\/wp-json\/wp\/v2\/pages"}],"about":[{"href":"https:\/\/bitcoinwisdom.com\/fr\/wp-json\/wp\/v2\/types\/page"}],"author":[{"embeddable":true,"href":"https:\/\/bitcoinwisdom.com\/fr\/wp-json\/wp\/v2\/users\/5"}],"replies":[{"embeddable":true,"href":"https:\/\/bitcoinwisdom.com\/fr\/wp-json\/wp\/v2\/comments?post=730"}],"version-history":[{"count":0,"href":"https:\/\/bitcoinwisdom.com\/fr\/wp-json\/wp\/v2\/pages\/730\/revisions"}],"wp:attachment":[{"href":"https:\/\/bitcoinwisdom.com\/fr\/wp-json\/wp\/v2\/media?parent=730"}],"curies":[{"name":"wp","href":"https:\/\/api.w.org\/{rel}","templated":true}]}}