{"id":4838,"date":"2022-06-07T18:58:13","date_gmt":"2022-06-08T01:58:13","guid":{"rendered":"https:\/\/bitcoinwisdom.com\/?page_id=4838"},"modified":"2022-06-07T19:00:30","modified_gmt":"2022-06-08T02:00:30","slug":"ratings-methodology","status":"publish","type":"page","link":"https:\/\/bitcoinwisdom.com\/it\/ratings-methodology\/","title":{"rendered":"Metodologia di valutazione"},"content":{"rendered":"<h1 class=\"wp-block-heading\">Metodologia di valutazione<\/h1>\n\n\n\n<p>Se stai cercando di iniziare a fare trading o investire nel mondo delle criptovalute, potresti trovarti piuttosto intimidito dall&#039;enorme numero di scambi disponibili per lo stesso. La scelta dello scambio giusto \u00e8 una parte importante ma spesso trascurata dell&#039;essere un trader\/investitore redditizio. Ogni scambio \u00e8 solo leggermente diverso in termini di offerte, commissioni e funzionalit\u00e0, tuttavia, a lungo termine questo pu\u00f2 fare una bella differenza per la tua metodologia di trading.\u00a0<\/p>\n\n\n\n<p>Per semplificare il processo di scelta dello scambio giusto, abbiamo esaminato molti dei principali scambi crittografici disponibili sul mercato e li abbiamo valutati in base ai criteri pi\u00f9 rilevanti. Questa guida \u00e8 una spiegazione di tale processo di valutazione e valutazione.&nbsp;<\/p>\n\n\n\n<h2 class=\"wp-block-heading\">Criteri di valutazione&nbsp;<\/h2>\n\n\n\n<p>La nostra valutazione finale assegnata a qualsiasi borsa \u00e8 una media ponderata delle valutazioni individuali che la borsa riceve in 6 diverse categorie:&nbsp;<\/p>\n\n\n\n<ol class=\"wp-block-list\"><li>Commissioni&nbsp;<\/li><li>App mobile&nbsp;<\/li><li>Funzionalit\u00e0 della piattaforma di trading<\/li><li>Regolamento&nbsp;<\/li><li>Servizio Clienti&nbsp;<\/li><li>Modalit\u00e0 di pagamento&nbsp;<\/li><\/ol>\n\n\n\n<p>Per ciascuna delle categorie che abbiamo elencato, abbiamo raccolto i dati da una variet\u00e0 di scambi e poi li abbiamo confrontati, formando cos\u00ec una metrica attraverso la quale potremmo quindi valutare gli scambi in ciascuna di queste singole categorie.&nbsp;<\/p>\n\n\n\n<p>Ogni fattore viene valutato su una scala da 0 a 10, dove 0 \u00e8 il peggiore e 10 \u00e8 il punteggio pi\u00f9 alto che lo scambio pu\u00f2 ricevere. Ogni fattore \u00e8 spiegato in dettaglio di seguito.&nbsp;<\/p>\n\n\n\n<h3 class=\"wp-block-heading\">Conti live anonimi&nbsp;<\/h3>\n\n\n\n<p>Tutte le nostre recensioni e la raccolta dei dati vengono eseguite tramite account live creati dai revisori per testare la piattaforma. I broker non vengono informati che l&#039;account viene creato per garantire la massima autenticit\u00e0 e in modo che i revisori possano sperimentare la piattaforma allo stesso modo dei clienti.&nbsp;<\/p>\n\n\n\n<h2 class=\"wp-block-heading\">Commissioni&nbsp;<\/h2>\n\n\n\n<p>Le commissioni che paghi per fare trading su una borsa valori sono forse una delle maggiori considerazioni per qualsiasi trader prima di decidere la piattaforma giusta. Anche se questo ha solo un effetto minore per gli investitori a lungo termine, diventa ancora pi\u00f9 importante per i trader regolari che potrebbero fare pi\u00f9 operazioni in un giorno, quindi anche una piccola differenza di commissioni pu\u00f2 accumularsi e diventare una grande distrazione.&nbsp;<\/p>\n\n\n\n<p>Per il nostro processo di valutazione, le commissioni associate a una piattaforma formano 17% del rating complessivo assegnato allo scambio. Le commissioni di ogni scambio sono state classificate su una scala da 0 a 10 e per questo sono stati presi in considerazione 3 tipi di commissioni:&nbsp;&nbsp;<\/p>\n\n\n\n<ul class=\"wp-block-list\"><li>Commissioni di negoziazione&nbsp;<\/li><li>Spese di deposito&nbsp;<\/li><li>Commissioni di prelievo&nbsp;<\/li><\/ul>\n\n\n\n<h3 class=\"wp-block-heading\">Commissioni di negoziazione<\/h3>\n\n\n\n<p>Le commissioni di negoziazione possono essere addebitate dalle borse sotto forma di commissioni o spread, sebbene la maggior parte delle borse preferisca addebitare una combinazione delle due, con sconti concessi per volumi di negoziazione pi\u00f9 elevati.&nbsp;<\/p>\n\n\n\n<p>Durante la valutazione delle commissioni di negoziazione per lo scambio, abbiamo esaminato le commissioni di negoziazione di base addebitate per un volume di negoziazione regolare in base al numero medio di operazioni che un&#039;operazione regolare farebbe nel corso di 30 giorni.&nbsp;<\/p>\n\n\n\n<p>Ci\u00f2 includeva le commissioni di negoziazione su diverse classi di prodotti come il mercato spot, nonch\u00e9 future e derivati.&nbsp;<\/p>\n\n\n\n<p>Inoltre, abbiamo anche esaminato se la borsa avesse una struttura maker-taker, in cui le operazioni che aggiungono liquidit\u00e0 al mercato pagano commissioni inferiori rispetto alle operazioni che sottraggono liquidit\u00e0 al mercato.&nbsp;<\/p>\n\n\n\n<h3 class=\"wp-block-heading\">Commissioni di deposito<\/h3>\n\n\n\n<p>Abbiamo anche esaminato le commissioni di deposito associate allo scambio. Questo assunse due forme:&nbsp;<\/p>\n\n\n\n<ol class=\"wp-block-list\"><li>Le commissioni di deposito addebitate dal cambio per i depositi in valuta fiat tramite metodi come carte di credito\/debito, bonifici bancari e portafogli elettronici come PayPal e Skrill.&nbsp;<\/li><li>Le commissioni di deposito addebitate dallo scambio per i depositi di criptovaluta da un portafoglio esterno esistente.&nbsp;<\/li><\/ol>\n\n\n\n<h3 class=\"wp-block-heading\">Commissioni di prelievo<\/h3>\n\n\n\n<p>Gli scambi di criptovalute possono anche addebitare commissioni per il ritiro di risorse dalla piattaforma. Simile all&#039;analisi per le commissioni di deposito associate alla piattaforma, abbiamo esaminato le commissioni di prelievo associate ai prelievi sia fiat che di criptovaluta dalla piattaforma.&nbsp;<\/p>\n\n\n\n<h2 class=\"wp-block-heading\">App mobile&nbsp;<\/h2>\n\n\n\n<p>Con la frequenza del trading in aumento e la volatilit\u00e0 intrinseca associata ai mercati delle criptovalute, abbiamo anche esaminato se gli scambi di criptovalute avessero o meno un&#039;app mobile che i trader potessero utilizzare per fare scambi in movimento. Questa sezione rappresentava 16% della nostra valutazione complessiva e incorporava 5 diversi elementi:&nbsp;<\/p>\n\n\n\n<ul class=\"wp-block-list\"><li>Disponibilit\u00e0 dell&#039;app&nbsp;<\/li><li>Valutazione del cliente<\/li><li>Frequenza di aggiornamento&nbsp;<\/li><li>Privacy dei dati&nbsp;<\/li><li>Compatibilit\u00e0<\/li><\/ul>\n\n\n\n<h3 class=\"wp-block-heading\">Disponibilit\u00e0 dell&#039;app<\/h3>\n\n\n\n<p>La prima domanda che abbiamo esaminato \u00e8 stata se lo scambio avesse o meno un&#039;app che poteva essere scaricata. Abbiamo valutato se questa app fosse disponibile sia su dispositivi Android che iOS, con gli scambi disponibili su entrambi i sistemi operativi che hanno ottenuto una valutazione pi\u00f9 alta rispetto agli scambi disponibili su un solo sistema operativo.&nbsp;<\/p>\n\n\n\n<h3 class=\"wp-block-heading\">Valutazione del cliente<\/h3>\n\n\n\n<p>Quando abbiamo stabilito che lo scambio aveva un&#039;app, il passaggio successivo \u00e8 stato esaminare la qualit\u00e0 dell&#039;app e il modo pi\u00f9 efficace per farlo \u00e8 stato esaminare le recensioni dei clienti che l&#039;app aveva ricevuto. Per le app Android \u00e8 stata considerata la valutazione media ricevuta dall&#039;app su Google Play, mentre le app iOS sono state valutate in base alle valutazioni dell&#039;App Store.&nbsp;<\/p>\n\n\n\n<h3 class=\"wp-block-heading\">Frequenza di aggiornamento<\/h3>\n\n\n\n<p>Ogni volta che viene avviata un&#039;app mobile, deve essere aggiornata frequentemente per assicurarsi che eventuali bug o problemi con le prestazioni dell&#039;app possano essere risolti facilmente. Pertanto, la frequenza degli aggiornamenti diventa un fattore importante nel considerare quanto \u00e8 buona un&#039;app.&nbsp;<\/p>\n\n\n\n<p>Pertanto, abbiamo esaminato la frequenza di aggiornamento delle app e quelle che venivano aggiornate pi\u00f9 frequentemente hanno ricevuto una valutazione pi\u00f9 alta rispetto a quelle che avevano pochissimi aggiornamenti.&nbsp;<\/p>\n\n\n\n<h3 class=\"wp-block-heading\">Privacy dei dati<\/h3>\n\n\n\n<p>La privacy \u00e8 anche una delle principali preoccupazioni quando si tratta di app mobili e, pertanto, faceva parte della nostra metrica durante l&#039;assegnazione dei punteggi all&#039;app mobile della piattaforma.&nbsp;<\/p>\n\n\n\n<p>La considerazione principale a questo proposito era verificare se l&#039;app mobile tracciasse i dati dell&#039;utente per mostrare loro annunci pubblicitari mirati e le app che lo facevano ricevessero una valutazione inferiore rispetto a quelle che rispettavano maggiormente la privacy dei clienti.&nbsp;<\/p>\n\n\n\n<h3 class=\"wp-block-heading\">Compatibilit\u00e0<\/h3>\n\n\n\n<p>Infine, abbiamo anche esaminato la compatibilit\u00e0 delle app su diversi dispositivi: ad esempio, un&#039;app iOS potrebbe essere scaricata su un iPad, iPhone o un Apple Watch. Gli stessi confronti possono essere effettuati anche per le app Android.&nbsp;<\/p>\n\n\n\n<p>Pertanto, le app compatibili con dispositivi pi\u00f9 diversi hanno ricevuto una valutazione pi\u00f9 alta in questo senso rispetto alle app che non erano compatibili con altrettanti dispositivi.&nbsp;<\/p>\n\n\n\n<h2 class=\"wp-block-heading\">Funzionalit\u00e0 della piattaforma di trading&nbsp;<\/h2>\n\n\n\n<p>Questa \u00e8 stata una delle parti pi\u00f9 estese del processo di valutazione, in cui abbiamo esaminato una serie di fattori relativi alla piattaforma di trading stessa. Il criterio principale relativo alla piattaforma di trading che abbiamo esaminato includeva:&nbsp;<\/p>\n\n\n\n<ol class=\"wp-block-list\"><li>Mercati supportati&nbsp;<\/li><li>Criptovalute disponibili&nbsp;<\/li><li>Liquidit\u00e0&nbsp;<\/li><li>Commercio OTC&nbsp;<\/li><li>Sicurezza&nbsp;<\/li><li>Tipi di ordine&nbsp;<\/li><\/ol>\n\n\n\n<h3 class=\"wp-block-heading\">Mercati supportati&nbsp;<\/h3>\n\n\n\n<p>Il primo fattore che abbiamo esaminato \u00e8 stata la variet\u00e0 di mercati supportati dallo scambio. Ad esempio, gli scambi che avevano solo mercati spot hanno ottenuto un punteggio inferiore rispetto a quelli che offrivano anche l&#039;accesso a derivati e futures crittografici. Gli scambi che avevano mercati ancora pi\u00f9 innovativi come i token con leva hanno ottenuto punteggi pi\u00f9 alti.&nbsp;<\/p>\n\n\n\n<p>Inoltre, sono state fatte considerazioni per le piattaforme che offrivano l&#039;accesso a mercati non crittografici, come i mercati azionari, forex e delle materie prime.&nbsp;<\/p>\n\n\n\n<h3 class=\"wp-block-heading\">Criptovalute disponibili&nbsp;<\/h3>\n\n\n\n<p>La considerazione successiva \u00e8 stata quella di esaminare la variet\u00e0 di criptovalute disponibili sulla piattaforma, che \u00e8 stata facilmente l&#039;unica considerazione pi\u00f9 importante a questo proposito.&nbsp;<\/p>\n\n\n\n<p>In modo abbastanza intuitivo, gli scambi che offrivano agli utenti l&#039;accesso a un numero maggiore di criptovalute hanno ricevuto un punteggio pi\u00f9 alto rispetto a quelli che avevano meno criptovalute disponibili per il trading attraverso la piattaforma.&nbsp;<\/p>\n\n\n\n<h3 class=\"wp-block-heading\">Liquidit\u00e0&nbsp;<\/h3>\n\n\n\n<p>Anche la liquidit\u00e0 pu\u00f2 essere un problema, perch\u00e9 se stai negoziando attraverso uno scambio con una liquidit\u00e0 molto bassa, potresti dover affrontare problemi come:&nbsp;<\/p>\n\n\n\n<ol class=\"wp-block-list\"><li>Non essere in grado di vendere i tuoi beni quando vuoi a causa della mancanza di acquirenti&nbsp;<\/li><li>Dover pagare prezzi molto alti per mancanza di ordini nell&#039;Order Book.&nbsp;<\/li><\/ol>\n\n\n\n<p>Pertanto, abbiamo confrontato la liquidit\u00e0 associata a diverse borse guardando il volume medio giornaliero degli scambi sulla borsa. Le borse con volumi di scambio pi\u00f9 elevati hanno ricevuto punteggi pi\u00f9 elevati rispetto a quelle con volumi di scambio inferiori.&nbsp;<\/p>\n\n\n\n<h3 class=\"wp-block-heading\">Commercio OTC&nbsp;<\/h3>\n\n\n\n<p>Un altro fattore che abbiamo considerato durante la valutazione di una borsa di scambio \u00e8 stato se offrisse o meno desk OTC per ordini pi\u00f9 grandi. Le principali considerazioni al riguardo sono state:&nbsp;<\/p>\n\n\n\n<ol class=\"wp-block-list\"><li>Indipendentemente dal fatto che lo scambio offrisse o meno il trading OTC&nbsp;<\/li><li>Qual era il limite minimo di ordine per il trading desk OTC &#039;<\/li><li>Il livello di competitivit\u00e0 nei prezzi OTC rispetto ad altri scambi&nbsp;<\/li><li>Se \u00e8 stato fornito un rappresentante dell&#039;assistenza OTC dedicato&nbsp;<\/li><\/ol>\n\n\n\n<h3 class=\"wp-block-heading\">Sicurezza&nbsp;<\/h3>\n\n\n\n<p>Anche le misure di sicurezza associate a una piattaforma hanno costituito gran parte della nostra valutazione durante l&#039;analisi delle funzionalit\u00e0 della piattaforma e le cose principali che abbiamo considerato includono:&nbsp;<\/p>\n\n\n\n<ol class=\"wp-block-list\"><li>Se lo scambio disponeva dell&#039;autenticazione a due fattori per i principali cambiamenti e prelievi dell&#039;account&nbsp;<\/li><li>Che lo scambio fosse assicurato o meno&nbsp;<\/li><li>Se lo scambio ha collocato la maggior parte dei suoi asset in celle frigorifere<\/li><li>La cronologia dello scambio quando si tratta di hack e violazioni&nbsp;<\/li><li>Se lo scambio disponeva di un solido sistema di conformit\u00e0 progettato per segnalare e sradicare attivit\u00e0 fraudolente&nbsp;<\/li><\/ol>\n\n\n\n<h3 class=\"wp-block-heading\">Tipi di ordine&nbsp;<\/h3>\n\n\n\n<p>Anche il numero di tipi di ordini supportati dalla piattaforma ha costituito una categoria importante che abbiamo considerato perch\u00e9 questo \u00e8 un fattore diretto nel determinare quanto sia adatto lo scambio per gli investitori avanzati. Le borse hanno ricevuto valutazioni in base al fatto che supportassero o meno diversi tipi di ordini, come ad esempio:&nbsp;<\/p>\n\n\n\n<ol class=\"wp-block-list\"><li>Ordine di mercato&nbsp;<\/li><li>Ordine limite&nbsp;<\/li><li>Ferma l&#039;ordine&nbsp;<\/li><li>Ordine limite&nbsp;<\/li><\/ol>\n\n\n\n<h2 class=\"wp-block-heading\">Regolamento&nbsp;<\/h2>\n\n\n\n<p>Con il numero di truffe e frodi nel settore delle criptovalute in crescita, investitori e trader sono ora alla ricerca di scambi pi\u00f9 sicuri in virt\u00f9 del fatto che sono regolamentati da qualsiasi autorit\u00e0 di regolamentazione in tutto il mondo. Pertanto, questo faceva parte del nostro processo di valutazione, rappresentando 17% del punteggio totale assegnato allo scambio.&nbsp;<\/p>\n\n\n\n<p>Ad esempio, la considerazione pi\u00f9 importante qui era se lo scambio fosse regolamentato. Gli scambi regolamentati hanno ricevuto un punteggio pi\u00f9 alto rispetto a quelli che non lo erano. Inoltre, gli scambi regolati da pi\u00f9 autorit\u00e0 in tutto il mondo hanno ricevuto punteggi ancora pi\u00f9 alti.&nbsp;<\/p>\n\n\n\n<h2 class=\"wp-block-heading\">Servizio Clienti&nbsp;<\/h2>\n\n\n\n<p>Anche l&#039;assistenza clienti costituisce una parte importante del processo di valutazione, rappresentando 17% della valutazione complessiva assegnata a una borsa valori. Ci sono 4 considerazioni da fare al riguardo:&nbsp;<\/p>\n\n\n\n<ul class=\"wp-block-list\"><li>Servizio di chat dal vivo&nbsp;<\/li><li>Assistenza via e-mail&nbsp;<\/li><li>Chiama il supporto&nbsp;<\/li><li>Sezioni FAQ&nbsp;<\/li><\/ul>\n\n\n\n<h3 class=\"wp-block-heading\">Servizio di chat dal vivo&nbsp;<\/h3>\n\n\n\n<p>La prima cosa che abbiamo esaminato per qualsiasi piattaforma era se disponessero o meno di un servizio di chat dal vivo. Per coloro che l&#039;hanno fatto, il passo successivo \u00e8 stato analizzare l&#039;utilit\u00e0 di questo servizio nel risolvere le domande degli utenti.&nbsp;<\/p>\n\n\n\n<p>Il servizio di chat dal vivo \u00e8 solitamente la prima linea di difesa per qualsiasi piattaforma e dovrebbe essere attrezzato per rispondere alle domande pi\u00f9 semplici degli utenti. Le piattaforme che disponevano di un servizio di chat dal vivo 24 ore su 24, 7 giorni su 7, hanno ottenuto punteggi pi\u00f9 alti qui.&nbsp;<\/p>\n\n\n\n<h3 class=\"wp-block-heading\">Assistenza via e-mail&nbsp;<\/h3>\n\n\n\n<p>Il supporto e-mail offerto da una piattaforma \u00e8 solitamente tra le considerazioni pi\u00f9 importanti quando si tratta dell&#039;efficacia del servizio clienti e, pertanto, ha costituito una parte fondamentale del nostro processo di valutazione.&nbsp;<\/p>\n\n\n\n<p>Abbiamo esaminato due fattori qui:&nbsp;<\/p>\n\n\n\n<ol class=\"wp-block-list\"><li>La rapidit\u00e0 delle risposte, in termini di tempi medi di risposta osservati per le query via e-mail.&nbsp;<\/li><li>L&#039;utilit\u00e0 delle risposte, come in, le risposte hanno fornito soluzioni chiare ai problemi.<\/li><\/ol>\n\n\n\n<h3 class=\"wp-block-heading\">Chiama il supporto&nbsp;<\/h3>\n\n\n\n<p>La maggior parte degli scambi non offre supporto per le chiamate e anche quelli che lo offrono solo in orari limitati durante il giorno. Considerando la natura 24 ore su 24, 7 giorni su 7 del mercato delle criptovalute, questo pu\u00f2 essere un problema, quindi il criterio principale qui era se lo scambio avesse o meno una linea di assistenza telefonica disponibile 24 ore su 24, 7 giorni su 7 per rispondere alle domande dei clienti.&nbsp;<\/p>\n\n\n\n<p>Le altre considerazioni qui incluse includevano i tempi di attesa per parlare con un rappresentante e l&#039;utilit\u00e0 delle risposte e delle soluzioni fornite.&nbsp;<\/p>\n\n\n\n<h3 class=\"wp-block-heading\">Sezioni FAQ&nbsp;<\/h3>\n\n\n\n<p>Infine, abbiamo esaminato il sito Web stesso per vedere se avesse una pagina delle domande frequenti che rispondeva alle domande pi\u00f9 frequenti al fine di aiutare il processo di supporto. Scambi che avevano una pagina delle domande frequenti ha ottenuto un punteggio pi\u00f9 alto rispetto a quelli che non lo avevano.&nbsp;<\/p>\n\n\n\n<p>Inoltre, per gli scambi che ne avevano uno, abbiamo esaminato i seguenti fattori:&nbsp;<\/p>\n\n\n\n<ol class=\"wp-block-list\"><li>Quanto erano estese le pagine delle FAQ&nbsp;<\/li><li>Con quale frequenza sono stati aggiornati per riflettere nuove domande comuni&nbsp;<\/li><li>Come erano facili da navigare&nbsp;<\/li><\/ol>\n\n\n\n<h2 class=\"wp-block-heading\">Modalit\u00e0 di pagamento&nbsp;<\/h2>\n\n\n\n<p>Gli scambi di criptovalute di solito non sono limitati a un singolo paese o domicilio e sono accessibili da utenti di tutto il mondo. Pertanto, \u00e8 importante per loro supportare un&#039;ampia variet\u00e0 di metodi di pagamento che gli utenti possono utilizzare per aggiungere e prelevare facilmente fondi dallo scambio. Abbiamo esaminato alcuni dei metodi pi\u00f9 comunemente utilizzati e assegnato una valutazione in base al fatto che lo scambio non supportasse questo metodo di pagamento.&nbsp;<\/p>\n\n\n\n<p>Le modalit\u00e0 di pagamento che abbiamo considerato a questo proposito sono state:&nbsp;<\/p>\n\n\n\n<ol class=\"wp-block-list\"><li>Bonifici bancari o bonifici bancari&nbsp;<\/li><li>Pagamenti con carta di credito o debito&nbsp;<\/li><li>Trasferimenti di portafoglio di criptovaluta&nbsp;<\/li><li>Trasferimenti di portafoglio elettronico come PayPal, Skrill e Neteller&nbsp;<\/li><li>Bonifici internazionali&nbsp;<\/li><\/ol>\n\n\n\n<p>Inoltre, abbiamo anche esaminato il numero di valute legali in cui la piattaforma supportava depositi e prelievi e gli scambi hanno ricevuto valutazioni pi\u00f9 elevate per supportare pi\u00f9 valute legali.&nbsp;<\/p>","protected":false},"excerpt":{"rendered":"<p>Metodologia delle valutazioni Se stai cercando di iniziare a fare trading o investire nel mondo delle criptovalute, potresti trovarti piuttosto intimidito dall&#039;enorme numero di scambi disponibili per lo stesso. La scelta dello scambio giusto \u00e8 una parte importante ma spesso trascurata dell&#039;essere un trader\/investitore redditizio. Ogni scambio \u00e8 solo leggermente diverso [\u2026]<\/p>","protected":false},"author":9,"featured_media":0,"parent":0,"menu_order":0,"comment_status":"closed","ping_status":"closed","template":"","meta":{"_acf_changed":false,"_editorskit_title_hidden":false,"_editorskit_reading_time":8,"_editorskit_is_block_options_detached":false,"_editorskit_block_options_position":"{}","_uag_custom_page_level_css":"","footnotes":""},"class_list":["post-4838","page","type-page","status-publish","hentry"],"acf":[],"uagb_featured_image_src":{"full":false,"thumbnail":false,"medium":false,"medium_large":false,"large":false,"1536x1536":false,"2048x2048":false,"trp-custom-language-flag":false},"uagb_author_info":{"display_name":"Bob M","author_link":"https:\/\/bitcoinwisdom.com\/it\/author\/bob\/"},"uagb_comment_info":0,"uagb_excerpt":"Ratings Methodology If you\u2019re looking to begin trading or investing in the cryptocurrency world, you might find yourself being quite intimidated by the sheer number of exchanges that are available for the same. Choosing the right exchange is a major but often overlooked part of being a profitable trader\/investor. Each exchange is only slightly different&hellip;","_links":{"self":[{"href":"https:\/\/bitcoinwisdom.com\/it\/wp-json\/wp\/v2\/pages\/4838","targetHints":{"allow":["GET"]}}],"collection":[{"href":"https:\/\/bitcoinwisdom.com\/it\/wp-json\/wp\/v2\/pages"}],"about":[{"href":"https:\/\/bitcoinwisdom.com\/it\/wp-json\/wp\/v2\/types\/page"}],"author":[{"embeddable":true,"href":"https:\/\/bitcoinwisdom.com\/it\/wp-json\/wp\/v2\/users\/9"}],"replies":[{"embeddable":true,"href":"https:\/\/bitcoinwisdom.com\/it\/wp-json\/wp\/v2\/comments?post=4838"}],"version-history":[{"count":0,"href":"https:\/\/bitcoinwisdom.com\/it\/wp-json\/wp\/v2\/pages\/4838\/revisions"}],"wp:attachment":[{"href":"https:\/\/bitcoinwisdom.com\/it\/wp-json\/wp\/v2\/media?parent=4838"}],"curies":[{"name":"wp","href":"https:\/\/api.w.org\/{rel}","templated":true}]}}