{"id":4842,"date":"2022-06-07T19:13:55","date_gmt":"2022-06-08T02:13:55","guid":{"rendered":"https:\/\/bitcoinwisdom.com\/?page_id=4842"},"modified":"2022-06-27T02:05:01","modified_gmt":"2022-06-27T02:05:01","slug":"editorial-policy","status":"publish","type":"page","link":"https:\/\/bitcoinwisdom.com\/it\/editorial-policy\/","title":{"rendered":"Politica editoriale"},"content":{"rendered":"<h1 class=\"wp-block-heading\">Politica editoriale<\/h1>\n\n\n\n<p>In Bitcoin Wisdom, la priorit\u00e0 numero uno \u00e8 garantire che i trader e gli investitori possano prendere decisioni di investimento pi\u00f9 informate. Questo \u00e8 il motivo per cui ci impegniamo a garantire la massima trasparenza, inclusa la condivisione del <a href=\"https:\/\/bitcoinwisdom.com\/it\/ratings-methodology\/\" class=\"ek-link\">metodologia di valutazione<\/a> noi impieghiamo. Il mondo delle criptovalute \u00e8 vasto e confuso e noi siamo qui per renderlo meno cos\u00ec, facendo in modo che tu possa prendere decisioni con pi\u00f9 chiarezza.&nbsp;<\/p>\n\n\n\n<h2 class=\"wp-block-heading\">La nostra visione&nbsp;<\/h2>\n\n\n\n<p>Fondata nel 2013, Bitcoin Wisdom si impegna a fornire notizie dettagliate e accurate sui bitcoin, previsioni sui prezzi, guide agli investimenti e recensioni sugli scambi.<\/p>\n\n\n\n<h2 class=\"wp-block-heading\">La nostra missione&nbsp;<\/h2>\n\n\n\n<p>Abbiamo un team di persone dedicate impegnate ad aiutarti ad apprendere i fondamenti della criptovaluta. Il compito principale del nostro team \u00e8 garantire che tu possa accedere ai mercati finanziari nel modo pi\u00f9 semplice possibile. Con l&#039;aiuto dei nostri partner, abbiamo assunto la responsabilit\u00e0 di far parte del tuo viaggio di indipendenza finanziaria con le possibilit\u00e0 illimitate offerte dal mercato delle criptovalute.<\/p>\n\n\n\n<h2 class=\"wp-block-heading\">Linee guida editoriali&nbsp;<\/h2>\n\n\n\n<p>Nostro <a href=\"https:\/\/bitcoinwisdom.com\/it\/about\/\" class=\"ek-link\">squadra<\/a> si impegna a creare contenuti accurati e attuabili che possano aiutare i lettori a prendere decisioni finanziarie informate. Sosteniamo inoltre il valore della trasparenza secondo gli standard pi\u00f9 elevati, assicurandoci che le tue linee guida editoriali e i tuoi sistemi di entrate siano resi pubblici. Tutte le pratiche seguite dal team sono guidate da principi editoriali e ogni riga di testo che scriviamo viene verificata per garantire che tutti gli errori vengano rimossi tempestivamente.&nbsp;<\/p>\n\n\n\n<p>Apprezziamo inoltre molto l&#039;indipendenza editoriale. Tutte le recensioni, gli articoli e le raccomandazioni che forniamo non sono in alcun modo influenzati dai nostri partner, sia all&#039;interno dell&#039;organizzazione che all&#039;esterno. Anche il nostro processo di guadagno \u00e8 trasparente e pu\u00f2 essere trovato qui.&nbsp;<\/p>\n\n\n\n<p>Il nostro team editoriale riflette che il nostro pubblico \u00e8 piuttosto vario, appartenente a diverse regioni e background economici. Pertanto, le nostre valutazioni e raccomandazioni riflettono questo, consentendoci di entrare in contatto con i nostri lettori e fornire loro i consigli pi\u00f9 pertinenti alla loro situazione.&nbsp;<\/p>\n\n\n\n<h2 class=\"wp-block-heading\">Principi chiave&nbsp;<\/h2>\n\n\n\n<ul class=\"wp-block-list\"><li>Tutti i membri dei mercati finanziari e delle criptovalute si impegnano a rispettare i pi\u00f9 elevati standard di informazione e hanno diritto a informazioni equilibrate, accurate e complete.&nbsp;<\/li><li>Tutti i membri del mercato meritano equit\u00e0 economica e per noi \u00e8 importante che i nostri contenuti aiutino a raggiungere tale scopo.&nbsp;<\/li><li>Tutte le fonti di informazione che utilizziamo per i nostri contenuti sono diverse, in modo da garantire un pi\u00f9 alto grado di accuratezza. Basiamo le nostre opinioni su esperti che riflettono i sentimenti e le domande poste da gruppi di persone diversi e sottorappresentati.&nbsp;<\/li><li>Ci sforziamo di garantire l&#039;obiettivit\u00e0 in tutte le nostre recensioni, senza lasciare che le nostre opinioni e analisi siano distorte da eventuali partner commerciali che potremmo avere. Il nostro contenuto fornisce un&#039;analisi critica delle diverse opzioni disponibili per gli utenti sul mercato, consentendo loro di prendere decisioni pi\u00f9 informate.&nbsp;<\/li><\/ul>\n\n\n\n<h2 class=\"wp-block-heading\">Indipendenza editoriale<\/h2>\n\n\n\n<ul class=\"wp-block-list\"><li>Il nostro team editoriale, composto da scrittori, editori e verificatori di fatti, \u00e8 l&#039;unico responsabile della creazione di tutti i contenuti editoriali che pubblichiamo. Ci\u00f2 include eventuali recensioni, previsioni o confronti che pubblichiamo.&nbsp;<\/li><li>Tutti i punti di vista che presentiamo si basano su fatti che sono stati raccolti attraverso ricerche e analisi indipendenti. Confrontiamo ogni prodotto che esaminiamo con altri prodotti simili sul mercato per un confronto pi\u00f9 fondato e offriamo opinioni basate esclusivamente sulle caratteristiche e sui servizi del prodotto stesso.&nbsp;<\/li><li>Le nostre decisioni su quale valutazione dare ai prodotti e se parliamo di un prodotto favorevolmente o meno non sono in alcun modo influenzate dai nostri partner commerciali.&nbsp;<\/li><li>I nostri scrittori ed editori non sono compensati direttamente tramite pubblicit\u00e0 o dai nostri partner, assicurando cos\u00ec che non vi siano conflitti di interesse al riguardo.&nbsp;<\/li><li>L&#039;analisi delle prestazioni e le recensioni sulla qualit\u00e0 dei nostri articoli e del team editoriale non sono influenzate dai nostri partner commerciali o dalla preferenza delle loro recensioni.&nbsp;<\/li><\/ul>\n\n\n\n<h2 class=\"wp-block-heading\">Verifica dei fatti e correzioni<\/h2>\n\n\n\n<ul class=\"wp-block-list\"><li>Tutti i contenuti che pubblichiamo attraverso la piattaforma vengono verificati per garantire che tutte le informazioni presentate siano accurate e tempestive. A partire dalla data di pubblicazione dell&#039;articolo, tutte le informazioni in esso contenute devono essere corrette.&nbsp;<\/li><li>Tutti i nostri contenuti passano attraverso un processo completo, che coinvolge scrittori, editori e redattori di testi, che controllano se tutto il contenuto \u00e8 effettivamente corretto.&nbsp;<\/li><li>Le uniche fonti principali utilizzate dagli autori durante la preparazione degli articoli sono fonti primarie e autorevoli, come interviste, nonch\u00e9 siti Web del governo e dell&#039;industria.&nbsp;<\/li><li>Ogni volta che potremmo inavvertitamente commettere un errore, pubblichiamo una correzione sull&#039;articolo, indicando dove \u00e8 stato commesso l&#039;errore e quali sono le informazioni corrette.<\/li><\/ul>\n\n\n\n<p>Se hai bisogno di metterti in contatto con la nostra redazione, ti preghiamo di contattare <a href=\"mailto:editorial@bitcoinwisdom.com\" class=\"ek-link\">editoriale@bitcoinwisdom.com<\/a><\/p>","protected":false},"excerpt":{"rendered":"<p>Politica editoriale In Bitcoin Wisdom, la priorit\u00e0 numero uno \u00e8 garantire che i trader e gli investitori possano prendere decisioni di investimento pi\u00f9 informate. Questo \u00e8 il motivo per cui ci impegniamo a garantire la massima trasparenza, inclusa la condivisione della metodologia di rating che utilizziamo. Il mondo delle criptovalute \u00e8 vasto e confuso, e noi siamo qui per renderlo meno, [\u2026]<\/p>","protected":false},"author":9,"featured_media":0,"parent":0,"menu_order":0,"comment_status":"closed","ping_status":"closed","template":"","meta":{"_acf_changed":false,"_editorskit_title_hidden":false,"_editorskit_reading_time":0,"_editorskit_is_block_options_detached":false,"_editorskit_block_options_position":"{}","_uag_custom_page_level_css":"","footnotes":""},"class_list":["post-4842","page","type-page","status-publish","hentry"],"acf":[],"uagb_featured_image_src":{"full":false,"thumbnail":false,"medium":false,"medium_large":false,"large":false,"1536x1536":false,"2048x2048":false,"trp-custom-language-flag":false},"uagb_author_info":{"display_name":"Bob M","author_link":"https:\/\/bitcoinwisdom.com\/it\/author\/bob\/"},"uagb_comment_info":0,"uagb_excerpt":"Editorial Policy At Bitcoin Wisdom, the number one priority is to ensure that traders and investors can make better informed investing decisions. This is why we are committed to complete transparency, including sharing the rating methodology we employ. The world of cryptocurrencies is vast and confusing, and we are here to make it less so,&hellip;","_links":{"self":[{"href":"https:\/\/bitcoinwisdom.com\/it\/wp-json\/wp\/v2\/pages\/4842","targetHints":{"allow":["GET"]}}],"collection":[{"href":"https:\/\/bitcoinwisdom.com\/it\/wp-json\/wp\/v2\/pages"}],"about":[{"href":"https:\/\/bitcoinwisdom.com\/it\/wp-json\/wp\/v2\/types\/page"}],"author":[{"embeddable":true,"href":"https:\/\/bitcoinwisdom.com\/it\/wp-json\/wp\/v2\/users\/9"}],"replies":[{"embeddable":true,"href":"https:\/\/bitcoinwisdom.com\/it\/wp-json\/wp\/v2\/comments?post=4842"}],"version-history":[{"count":0,"href":"https:\/\/bitcoinwisdom.com\/it\/wp-json\/wp\/v2\/pages\/4842\/revisions"}],"wp:attachment":[{"href":"https:\/\/bitcoinwisdom.com\/it\/wp-json\/wp\/v2\/media?parent=4842"}],"curies":[{"name":"wp","href":"https:\/\/api.w.org\/{rel}","templated":true}]}}