{"id":539,"date":"2022-03-21T22:12:28","date_gmt":"2022-03-22T05:12:28","guid":{"rendered":"https:\/\/bitcoinwisdom.com\/?page_id=539"},"modified":"2024-09-25T02:43:30","modified_gmt":"2024-09-25T02:43:30","slug":"about","status":"publish","type":"page","link":"https:\/\/bitcoinwisdom.com\/it\/about\/","title":{"rendered":"Chi siamo"},"content":{"rendered":"<h1 class=\"wp-block-heading\">A proposito di BitcoinWisdom<\/h1>\n\n\n\n<p>Fondata nel 2013, Bitcoin Wisdom si impegna a fornire notizie dettagliate e accurate sui bitcoin, previsioni sui prezzi, guide agli investimenti e recensioni sugli scambi.<\/p>\n\n\n\n<h2 class=\"wp-block-heading\" id=\"h-the-team-behind-check-its-real\">La nostra missione<\/h2>\n\n\n\n<p>Abbiamo un team di persone dedicate impegnate ad aiutarti ad apprendere i fondamenti della criptovaluta. Il compito principale del nostro team \u00e8 garantire che tu possa accedere ai mercati finanziari nel modo pi\u00f9 semplice possibile. Con l&#039;aiuto dei nostri partner, abbiamo assunto la responsabilit\u00e0 di far parte del tuo viaggio di indipendenza finanziaria con le possibilit\u00e0 illimitate offerte dal mercato delle criptovalute.<\/p>\n\n\n\n<h2 class=\"wp-block-heading\">Redazione<\/h2>\n\n\n\n<p>In BitcoinWisdom, siamo orgogliosi di distribuire solo contenuti di altissima qualit\u00e0. Lavoriamo instancabilmente per aderire a una rigida serie di principi giornalistici e <a href=\"https:\/\/bitcoinwisdom.com\/it\/editorial-policy\/\" class=\"ek-link\">politica editoriale<\/a> al fine di garantire che i nostri lettori ottengano informazioni accurate, affidabili e affidabili.<\/p>","protected":false},"excerpt":{"rendered":"<p>Informazioni su BitcoinWisdom Fondata nel 2013, Bitcoin Wisdom si impegna a fornire notizie dettagliate e accurate sui bitcoin, previsioni sui prezzi, guide agli investimenti e recensioni sugli scambi. La nostra missione Abbiamo un team di persone dedicate impegnate ad aiutarti ad apprendere i fondamenti della criptovaluta. Il compito principale del nostro team \u00e8 garantire che tu possa accedere ai mercati finanziari in [\u2026]<\/p>","protected":false},"author":4,"featured_media":0,"parent":0,"menu_order":0,"comment_status":"closed","ping_status":"closed","template":"","meta":{"_acf_changed":false,"_editorskit_title_hidden":false,"_editorskit_reading_time":1,"_editorskit_is_block_options_detached":false,"_editorskit_block_options_position":"{}","_uag_custom_page_level_css":"","footnotes":""},"class_list":["post-539","page","type-page","status-publish","hentry"],"acf":[],"uagb_featured_image_src":{"full":false,"thumbnail":false,"medium":false,"medium_large":false,"large":false,"1536x1536":false,"2048x2048":false,"trp-custom-language-flag":false},"uagb_author_info":{"display_name":"admin","author_link":"https:\/\/bitcoinwisdom.com\/it\/author\/checkitsreal_u3wyz0\/"},"uagb_comment_info":0,"uagb_excerpt":"About BitcoinWisdom Founded in 2013, Bitcoin Wisdom strives to provide informative and accurate bitcoin news, price predictions, investing guides and exchange reviews. Our Mission We have a team of dedicated individuals committed to helping you learn the fundamentals of Cryptocurrency. Our team\u2019s primary assignment is to ensure that you can access the financial markets in&hellip;","_links":{"self":[{"href":"https:\/\/bitcoinwisdom.com\/it\/wp-json\/wp\/v2\/pages\/539","targetHints":{"allow":["GET"]}}],"collection":[{"href":"https:\/\/bitcoinwisdom.com\/it\/wp-json\/wp\/v2\/pages"}],"about":[{"href":"https:\/\/bitcoinwisdom.com\/it\/wp-json\/wp\/v2\/types\/page"}],"author":[{"embeddable":true,"href":"https:\/\/bitcoinwisdom.com\/it\/wp-json\/wp\/v2\/users\/4"}],"replies":[{"embeddable":true,"href":"https:\/\/bitcoinwisdom.com\/it\/wp-json\/wp\/v2\/comments?post=539"}],"version-history":[{"count":0,"href":"https:\/\/bitcoinwisdom.com\/it\/wp-json\/wp\/v2\/pages\/539\/revisions"}],"wp:attachment":[{"href":"https:\/\/bitcoinwisdom.com\/it\/wp-json\/wp\/v2\/media?parent=539"}],"curies":[{"name":"wp","href":"https:\/\/api.w.org\/{rel}","templated":true}]}}