{"id":4838,"date":"2022-06-07T18:58:13","date_gmt":"2022-06-08T01:58:13","guid":{"rendered":"https:\/\/bitcoinwisdom.com\/?page_id=4838"},"modified":"2022-06-07T19:00:30","modified_gmt":"2022-06-08T02:00:30","slug":"ratings-methodology","status":"publish","type":"page","link":"https:\/\/bitcoinwisdom.com\/pl\/ratings-methodology\/","title":{"rendered":"Metodologia ocen"},"content":{"rendered":"<h1 class=\"wp-block-heading\">Metodologia ocen<\/h1>\n\n\n\n<p>Je\u015bli chcesz zacz\u0105\u0107 handlowa\u0107 lub inwestowa\u0107 w \u015bwiecie kryptowalut, mo\u017cesz poczu\u0107 si\u0119 onie\u015bmielony sam\u0105 liczb\u0105 gie\u0142d, kt\u00f3re s\u0105 dost\u0119pne dla tego samego. Wyb\u00f3r odpowiedniej gie\u0142dy jest g\u0142\u00f3wn\u0105, ale cz\u0119sto pomijan\u0105 cz\u0119\u015bci\u0105 bycia dochodowym traderem\/inwestorem. Ka\u017cda gie\u0142da r\u00f3\u017cni si\u0119 tylko nieznacznie pod wzgl\u0119dem oferty, op\u0142at i funkcji, jednak na d\u0142u\u017csz\u0105 met\u0119 mo\u017ce to znacz\u0105co zmieni\u0107 metodologi\u0119 handlu.\u00a0<\/p>\n\n\n\n<p>Aby u\u0142atwi\u0107 proces wyboru odpowiedniej gie\u0142dy, dokonali\u015bmy przegl\u0105du kilku g\u0142\u00f3wnych gie\u0142d kryptograficznych dost\u0119pnych na rynku i ocenili\u015bmy je na podstawie najbardziej odpowiednich kryteri\u00f3w. Ten przewodnik wyja\u015bnia proces oceny i oceny.&nbsp;<\/p>\n\n\n\n<h2 class=\"wp-block-heading\">Kryteria oceny&nbsp;<\/h2>\n\n\n\n<p>Nasza ostateczna ocena przyznana dowolnej gie\u0142dzie jest \u015bredni\u0105 wa\u017con\u0105 indywidualnych ocen, jakie gie\u0142da otrzymuje w 6 r\u00f3\u017cnych kategoriach:&nbsp;<\/p>\n\n\n\n<ol class=\"wp-block-list\"><li>Op\u0142aty&nbsp;<\/li><li>Aplikacja mobilna&nbsp;<\/li><li>Funkcje platformy transakcyjnej<\/li><li>Rozporz\u0105dzenie&nbsp;<\/li><li>Obs\u0142uga klienta&nbsp;<\/li><li>Metody P\u0142atno\u015bci&nbsp;<\/li><\/ol>\n\n\n\n<p>Dla ka\u017cdej z wymienionych przez nas kategorii zebrali\u015bmy dane z r\u00f3\u017cnych gie\u0142d, a nast\u0119pnie por\u00f3wnali\u015bmy je, tworz\u0105c w ten spos\u00f3b metryk\u0119, za pomoc\u0105 kt\u00f3rej mogli\u015bmy nast\u0119pnie oceni\u0107 gie\u0142dy w ka\u017cdej z tych poszczeg\u00f3lnych kategorii.&nbsp;<\/p>\n\n\n\n<p>Ka\u017cdy czynnik jest oceniany w skali 0-10, gdzie 0 oznacza najgorsz\u0105, a 10 najwy\u017csz\u0105 ocen\u0119, jak\u0105 mo\u017ce otrzyma\u0107 gie\u0142da. Ka\u017cdy czynnik zosta\u0142 szczeg\u00f3\u0142owo wyja\u015bniony poni\u017cej.&nbsp;<\/p>\n\n\n\n<h3 class=\"wp-block-heading\">Anonimowe konta na \u017cywo&nbsp;<\/h3>\n\n\n\n<p>Wszystkie nasze recenzje i zbieranie danych odbywa si\u0119 za po\u015brednictwem kont na \u017cywo, kt\u00f3re s\u0105 tworzone przez recenzent\u00f3w w celu przetestowania platformy. Brokerzy nie s\u0105 informowani, \u017ce konto jest tworzone w celu zapewnienia maksymalnej autentyczno\u015bci i aby recenzenci mogli korzysta\u0107 z platformy w taki sam spos\u00f3b, jak klienci.&nbsp;<\/p>\n\n\n\n<h2 class=\"wp-block-heading\">Op\u0142aty&nbsp;<\/h2>\n\n\n\n<p>Op\u0142aty, kt\u00f3re p\u0142acisz za handel na gie\u0142dzie, s\u0105 prawdopodobnie jednym z najwa\u017cniejszych czynnik\u00f3w dla ka\u017cdego tradera przed podj\u0119ciem decyzji o wyborze w\u0142a\u015bciwej platformy. Chocia\u017c ma to mniejszy wp\u0142yw tylko na inwestor\u00f3w d\u0142ugoterminowych, staje si\u0119 jeszcze wa\u017cniejsze dla zwyk\u0142ych trader\u00f3w, kt\u00f3rzy mog\u0105 dokonywa\u0107 kilku transakcji w ci\u0105gu dnia, wi\u0119c nawet niewielka r\u00f3\u017cnica w op\u0142atach mo\u017ce si\u0119 kumulowa\u0107 i sta\u0107 si\u0119 powa\u017cnym rozproszeniem.&nbsp;<\/p>\n\n\n\n<p>W naszym procesie oceny op\u0142aty zwi\u0105zane z platform\u0105 stanowi\u0105 17% og\u00f3lnej oceny nadanej gie\u0142dzie. Op\u0142aty ka\u017cdej gie\u0142dy zosta\u0142y ocenione w skali 0-10 i uwzgl\u0119dniono w tym celu 3 rodzaje op\u0142at:&nbsp;&nbsp;<\/p>\n\n\n\n<ul class=\"wp-block-list\"><li>Op\u0142aty handlowe&nbsp;<\/li><li>Op\u0142aty depozytowe&nbsp;<\/li><li>Op\u0142aty karencji&nbsp;<\/li><\/ul>\n\n\n\n<h3 class=\"wp-block-heading\">Op\u0142aty handlowe<\/h3>\n\n\n\n<p>Op\u0142aty transakcyjne mog\u0105 by\u0107 pobierane przez gie\u0142dy w formie prowizji lub spread\u00f3w, chocia\u017c wi\u0119kszo\u015b\u0107 gie\u0142d woli pobiera\u0107 kombinacj\u0119 tych dw\u00f3ch, ze zni\u017ckami za wy\u017csze wolumeny obrotu.&nbsp;<\/p>\n\n\n\n<p>Oceniaj\u0105c op\u0142aty transakcyjne na gie\u0142dzie, przyjrzeli\u015bmy si\u0119 podstawowym op\u0142atom transakcyjnym pobieranym za regularny wolumen obrotu w oparciu o \u015bredni\u0105 liczb\u0119 transakcji, kt\u00f3re regularna transakcja zawiera\u0142aby w ci\u0105gu 30 dni.&nbsp;<\/p>\n\n\n\n<p>Obejmowa\u0142y one op\u0142aty transakcyjne w r\u00f3\u017cnych klasach produkt\u00f3w, takich jak rynek kasowy, a tak\u017ce kontrakty terminowe i instrumenty pochodne.&nbsp;<\/p>\n\n\n\n<p>Ponadto przyjrzeli\u015bmy si\u0119 r\u00f3wnie\u017c, czy gie\u0142da ma struktur\u0119 typu maker-taker, w kt\u00f3rej transakcje zwi\u0119kszaj\u0105ce p\u0142ynno\u015b\u0107 na rynku s\u0105 obci\u0105\u017cane ni\u017cszymi op\u0142atami ni\u017c transakcje, kt\u00f3re usuwaj\u0105 p\u0142ynno\u015b\u0107 z rynku.&nbsp;<\/p>\n\n\n\n<h3 class=\"wp-block-heading\">Op\u0142aty depozytowe<\/h3>\n\n\n\n<p>Przyjrzeli\u015bmy si\u0119 r\u00f3wnie\u017c op\u0142atom depozytowym zwi\u0105zanym z wymian\u0105. Przybra\u0142o to dwie formy:&nbsp;<\/p>\n\n\n\n<ol class=\"wp-block-list\"><li>Op\u0142aty depozytowe pobierane przez gie\u0142d\u0119 za depozyty w walucie fiducjarnej za pomoc\u0105 metod takich jak karty kredytowe\/debetowe, przelewy bankowe i portfele elektroniczne, takie jak PayPal i Skrill.&nbsp;<\/li><li>Op\u0142aty depozytowe pobierane przez gie\u0142d\u0119 za depozyty kryptowalutowe z istniej\u0105cego portfela zewn\u0119trznego.&nbsp;<\/li><\/ol>\n\n\n\n<h3 class=\"wp-block-heading\">Op\u0142aty karencji<\/h3>\n\n\n\n<p>Gie\u0142dy kryptograficzne mog\u0105 r\u00f3wnie\u017c pobiera\u0107 op\u0142aty za wycofanie aktyw\u00f3w z platformy. Podobnie jak w przypadku analizy op\u0142at depozytowych zwi\u0105zanych z platform\u0105, przyjrzeli\u015bmy si\u0119 op\u0142atom za wyp\u0142aty zwi\u0105zane zar\u00f3wno z wyp\u0142atami fiducjarnymi, jak i kryptowalutami z platformy.&nbsp;<\/p>\n\n\n\n<h2 class=\"wp-block-heading\">Aplikacja mobilna&nbsp;<\/h2>\n\n\n\n<p>Wraz ze wzrostem cz\u0119stotliwo\u015bci handlu, a tak\u017ce nieod\u0142\u0105czn\u0105 zmienno\u015bci\u0105 zwi\u0105zan\u0105 z rynkami kryptowalut, przyjrzeli\u015bmy si\u0119 r\u00f3wnie\u017c, czy gie\u0142dy kryptograficzne maj\u0105 aplikacj\u0119 mobiln\u0105, z kt\u00f3rej inwestorzy mog\u0105 korzysta\u0107 w celu dokonywania transakcji w ruchu. Ta sekcja stanowi\u0142a 16% naszej og\u00f3lnej oceny i zawiera\u0142a 5 r\u00f3\u017cnych element\u00f3w:&nbsp;<\/p>\n\n\n\n<ul class=\"wp-block-list\"><li>Dost\u0119pno\u015b\u0107 aplikacji&nbsp;<\/li><li>Ocena klienta<\/li><li>Cz\u0119stotliwo\u015b\u0107 aktualizacji&nbsp;<\/li><li>Prywatno\u015b\u0107 danych&nbsp;<\/li><li>Zgodno\u015b\u0107<\/li><\/ul>\n\n\n\n<h3 class=\"wp-block-heading\">Dost\u0119pno\u015b\u0107 aplikacji<\/h3>\n\n\n\n<p>Pierwsze pytanie, na kt\u00f3re si\u0119 przyjrzeli\u015bmy, dotyczy\u0142o tego, czy gie\u0142da ma aplikacj\u0119, kt\u00f3r\u0105 mo\u017cna pobra\u0107. Zastanowili\u015bmy si\u0119, czy ta aplikacja jest dost\u0119pna zar\u00f3wno na urz\u0105dzeniach z Androidem, jak i iOS, a gie\u0142dy dost\u0119pne w obu systemach operacyjnych uzyska\u0142y wy\u017csz\u0105 ocen\u0119 ni\u017c gie\u0142dy dost\u0119pne tylko w jednym systemie operacyjnym.&nbsp;<\/p>\n\n\n\n<h3 class=\"wp-block-heading\">Ocena klienta<\/h3>\n\n\n\n<p>Kiedy ustalili\u015bmy, \u017ce gie\u0142da ma aplikacj\u0119, nast\u0119pnym krokiem by\u0142o przyjrzenie si\u0119 jako\u015bci aplikacji, a najskuteczniejszym sposobem na to by\u0142o przyjrzenie si\u0119 opiniom klient\u00f3w, kt\u00f3re aplikacja otrzyma\u0142a. W przypadku aplikacji na Androida brano pod uwag\u0119 \u015bredni\u0105 ocen\u0119 otrzyman\u0105 przez aplikacj\u0119 w Google Play, natomiast aplikacje na iOS oceniano na podstawie ich ocen w App Store.&nbsp;<\/p>\n\n\n\n<h3 class=\"wp-block-heading\">Cz\u0119stotliwo\u015b\u0107 aktualizacji<\/h3>\n\n\n\n<p>Za ka\u017cdym razem, gdy uruchamiana jest aplikacja mobilna, nale\u017cy j\u0105 cz\u0119sto aktualizowa\u0107, aby mie\u0107 pewno\u015b\u0107, \u017ce wszelkie b\u0142\u0119dy lub problemy z dzia\u0142aniem aplikacji mo\u017cna \u0142atwo naprawi\u0107. Dlatego cz\u0119stotliwo\u015b\u0107 aktualizacji staje si\u0119 g\u0142\u00f3wnym czynnikiem decyduj\u0105cym o tym, jak dobra jest aplikacja.&nbsp;<\/p>\n\n\n\n<p>Dlatego przyjrzeli\u015bmy si\u0119 cz\u0119stotliwo\u015bci aktualizacji aplikacji, a te, kt\u00f3re by\u0142y aktualizowane cz\u0119\u015bciej, otrzyma\u0142y wy\u017csz\u0105 ocen\u0119 ni\u017c te, kt\u00f3re mia\u0142y bardzo niewiele aktualizacji.&nbsp;<\/p>\n\n\n\n<h3 class=\"wp-block-heading\">Prywatno\u015b\u0107 danych<\/h3>\n\n\n\n<p>Prywatno\u015b\u0107 jest r\u00f3wnie\u017c g\u0142\u00f3wnym problemem, je\u015bli chodzi o aplikacje mobilne, dlatego by\u0142o to cz\u0119\u015bci\u0105 naszego wska\u017anika podczas przypisywania wynik\u00f3w do aplikacji mobilnej platformy.&nbsp;<\/p>\n\n\n\n<p>Najwa\u017cniejszym zagadnieniem w tym zakresie by\u0142o sprawdzenie, czy aplikacja mobilna \u015bledzi\u0142a dane u\u017cytkownika w celu wy\u015bwietlania mu ukierunkowanych reklam, a aplikacje, kt\u00f3re to robi\u0142y, otrzyma\u0142y ni\u017csz\u0105 ocen\u0119 ni\u017c te, kt\u00f3re szanowa\u0142y prywatno\u015b\u0107 klient\u00f3w.&nbsp;<\/p>\n\n\n\n<h3 class=\"wp-block-heading\">Zgodno\u015b\u0107<\/h3>\n\n\n\n<p>Na koniec przyjrzeli\u015bmy si\u0119 r\u00f3wnie\u017c zgodno\u015bci aplikacji na r\u00f3\u017cnych urz\u0105dzeniach \u2013 na przyk\u0142ad aplikacj\u0119 na iOS mo\u017cna pobra\u0107 na iPada, iPhone&#039;a lub Apple Watch. Te same por\u00f3wnania mo\u017cna r\u00f3wnie\u017c przeprowadzi\u0107 dla aplikacji na Androida.&nbsp;<\/p>\n\n\n\n<p>Dlatego aplikacje, kt\u00f3re by\u0142y kompatybilne z bardziej zr\u00f3\u017cnicowanymi urz\u0105dzeniami, otrzyma\u0142y pod tym wzgl\u0119dem wy\u017csz\u0105 ocen\u0119 ni\u017c aplikacje, kt\u00f3re nie by\u0142y kompatybilne z tyloma urz\u0105dzeniami.&nbsp;<\/p>\n\n\n\n<h2 class=\"wp-block-heading\">Funkcje platformy transakcyjnej&nbsp;<\/h2>\n\n\n\n<p>By\u0142a to jedna z najbardziej rozbudowanych cz\u0119\u015bci procesu oceny, w kt\u00f3rej przyjrzeli\u015bmy si\u0119 wielu czynnikom zwi\u0105zanym z sam\u0105 platform\u0105 handlow\u0105. G\u0142\u00f3wne kryterium dotycz\u0105ce platformy transakcyjnej, kt\u00f3r\u0105 przyjrzeli\u015bmy si\u0119, obejmowa\u0142o:&nbsp;<\/p>\n\n\n\n<ol class=\"wp-block-list\"><li>Obs\u0142ugiwane rynki&nbsp;<\/li><li>Dost\u0119pne kryptowaluty&nbsp;<\/li><li>P\u0142ynno\u015b\u0107&nbsp;<\/li><li>Handel OTC&nbsp;<\/li><li>Bezpiecze\u0144stwo&nbsp;<\/li><li>Rodzaje zam\u00f3wie\u0144&nbsp;<\/li><\/ol>\n\n\n\n<h3 class=\"wp-block-heading\">Obs\u0142ugiwane rynki&nbsp;<\/h3>\n\n\n\n<p>Pierwszym czynnikiem, kt\u00f3ry przyjrzeli\u015bmy si\u0119, by\u0142a r\u00f3\u017cnorodno\u015b\u0107 rynk\u00f3w obs\u0142ugiwanych przez gie\u0142d\u0119. Na przyk\u0142ad gie\u0142dy, kt\u00f3re mia\u0142y tylko rynki kasowe, uzyska\u0142y ni\u017csze wyniki ni\u017c te, kt\u00f3re oferowa\u0142y r\u00f3wnie\u017c dost\u0119p do kryptowalutowych instrument\u00f3w pochodnych i kontrakt\u00f3w terminowych. Gie\u0142dy, kt\u00f3re mia\u0142y jeszcze bardziej nowatorskie rynki, takie jak lewarowane tokeny, uzyska\u0142y wy\u017csze wyniki.&nbsp;<\/p>\n\n\n\n<p>Dodatkowo rozwa\u017cono platformy, kt\u00f3re oferowa\u0142y dost\u0119p do rynk\u00f3w innych ni\u017c kryptowaluty, takich jak rynki akcji, forex i towary.&nbsp;<\/p>\n\n\n\n<h3 class=\"wp-block-heading\">Dost\u0119pne kryptowaluty&nbsp;<\/h3>\n\n\n\n<p>Nast\u0119pn\u0105 kwesti\u0105 by\u0142o przyjrzenie si\u0119 r\u00f3\u017cnorodno\u015bci kryptowalut dost\u0119pnych na platformie, kt\u00f3ra z pewno\u015bci\u0105 by\u0142a najwi\u0119kszym pojedynczym rozwa\u017caniem w tym zakresie.&nbsp;<\/p>\n\n\n\n<p>Do\u015b\u0107 intuicyjnie, gie\u0142dy, kt\u00f3re oferowa\u0142y u\u017cytkownikom dost\u0119p do wi\u0119kszej liczby kryptowalut, otrzyma\u0142y wy\u017cszy wynik ni\u017c te, kt\u00f3re mia\u0142y mniej kryptowalut dost\u0119pnych do handlu za po\u015brednictwem platformy.&nbsp;<\/p>\n\n\n\n<h3 class=\"wp-block-heading\">P\u0142ynno\u015b\u0107&nbsp;<\/h3>\n\n\n\n<p>P\u0142ynno\u015b\u0107 mo\u017ce r\u00f3wnie\u017c stanowi\u0107 problem, poniewa\u017c je\u015bli handlujesz za po\u015brednictwem gie\u0142dy o bardzo niskiej p\u0142ynno\u015bci, mo\u017cesz napotka\u0107 obawy, takie jak:&nbsp;<\/p>\n\n\n\n<ol class=\"wp-block-list\"><li>Brak mo\u017cliwo\u015bci sprzeda\u017cy aktyw\u00f3w, kiedy chcesz, z powodu braku kupuj\u0105cych&nbsp;<\/li><li>Konieczno\u015b\u0107 p\u0142acenia bardzo wysokich cen z powodu braku zam\u00f3wie\u0144 w Ksi\u0119dze Zam\u00f3wie\u0144.&nbsp;<\/li><\/ol>\n\n\n\n<p>Dlatego por\u00f3wnali\u015bmy p\u0142ynno\u015b\u0107 zwi\u0105zan\u0105 z r\u00f3\u017cnymi gie\u0142dami, patrz\u0105c na \u015bredni dzienny wolumen obrotu na gie\u0142dzie. Gie\u0142dy o wy\u017cszym wolumenie obrotu uzyska\u0142y wy\u017csze wyniki ni\u017c te o ni\u017cszym wolumenie obrotu.&nbsp;<\/p>\n\n\n\n<h3 class=\"wp-block-heading\">Handel OTC&nbsp;<\/h3>\n\n\n\n<p>Innym czynnikiem, kt\u00f3ry przyjrzeli\u015bmy si\u0119 podczas oceniania gie\u0142dy handlowej, by\u0142o to, czy oferowa\u0142a ona stanowiska OTC dla wi\u0119kszych zlece\u0144. G\u0142\u00f3wnymi wzgl\u0119dami w tym zakresie by\u0142y:&nbsp;<\/p>\n\n\n\n<ol class=\"wp-block-list\"><li>Czy gie\u0142da oferowa\u0142a handel OTC, czy nie&nbsp;<\/li><li>Jaki by\u0142 minimalny limit zlece\u0144 dla dzia\u0142u handlu OTC &#039;<\/li><li>Poziom konkurencyjno\u015bci cen OTC w por\u00f3wnaniu z innymi gie\u0142dami&nbsp;<\/li><li>Czy zapewniono dedykowanego przedstawiciela wsparcia OTC&nbsp;<\/li><\/ol>\n\n\n\n<h3 class=\"wp-block-heading\">Bezpiecze\u0144stwo&nbsp;<\/h3>\n\n\n\n<p>\u015arodki bezpiecze\u0144stwa zwi\u0105zane z platform\u0105 r\u00f3wnie\u017c stanowi\u0142y du\u017c\u0105 cz\u0119\u015b\u0107 naszej oceny, bior\u0105c pod uwag\u0119 funkcje platformy, a g\u0142\u00f3wne rzeczy, kt\u00f3re brali\u015bmy pod uwag\u0119, to:&nbsp;<\/p>\n\n\n\n<ol class=\"wp-block-list\"><li>Czy gie\u0142da mia\u0142a uwierzytelnianie dwusk\u0142adnikowe w przypadku powa\u017cnych zmian na koncie i wyp\u0142at&nbsp;<\/li><li>Czy wymiana by\u0142a ubezpieczona, czy nie&nbsp;<\/li><li>Czy gie\u0142da umie\u015bci\u0142a wi\u0119kszo\u015b\u0107 swoich aktyw\u00f3w w ch\u0142odni?<\/li><li>Historia wymiany w przypadku w\u0142ama\u0144 i w\u0142ama\u0144&nbsp;<\/li><li>Czy gie\u0142da mia\u0142a solidny system zgodno\u015bci zaprojektowany do oznaczania i usuwania nieuczciwych dzia\u0142a\u0144?&nbsp;<\/li><\/ol>\n\n\n\n<h3 class=\"wp-block-heading\">Rodzaje zam\u00f3wie\u0144&nbsp;<\/h3>\n\n\n\n<p>Liczba rodzaj\u00f3w zlece\u0144 obs\u0142ugiwanych przez platform\u0119 r\u00f3wnie\u017c stanowi\u0142a g\u0142\u00f3wn\u0105 kategori\u0119, kt\u00f3r\u0105 rozwa\u017cali\u015bmy, poniewa\u017c jest to bezpo\u015bredni czynnik okre\u015blaj\u0105cy, jak odpowiednia jest gie\u0142da dla zaawansowanych inwestor\u00f3w. Gie\u0142dy otrzyma\u0142y oceny na podstawie tego, czy obs\u0142ugiwa\u0142y r\u00f3\u017cne typy zlece\u0144, takie jak:&nbsp;<\/p>\n\n\n\n<ol class=\"wp-block-list\"><li>Zlecenie rynkowe&nbsp;<\/li><li>Limit zam\u00f3wienia&nbsp;<\/li><li>Zatrzymaj zam\u00f3wienie&nbsp;<\/li><li>Zlecenie limit-stop&nbsp;<\/li><\/ol>\n\n\n\n<h2 class=\"wp-block-heading\">Rozporz\u0105dzenie&nbsp;<\/h2>\n\n\n\n<p>Wraz z rosn\u0105c\u0105 liczb\u0105 oszustw i oszustw w bran\u017cy kryptograficznej inwestorzy i handlowcy szukaj\u0105 teraz gie\u0142d, kt\u00f3re s\u0105 bezpieczniejsze ze wzgl\u0119du na to, \u017ce podlegaj\u0105 regulacjom dowolnego organu regulacyjnego na ca\u0142ym \u015bwiecie. W zwi\u0105zku z tym stanowi\u0142o to cz\u0119\u015b\u0107 naszego procesu ratingowego, stanowi\u0105c 17% \u0142\u0105cznej oceny przyznanej gie\u0142dzie.&nbsp;<\/p>\n\n\n\n<p>Na przyk\u0142ad najwa\u017cniejsz\u0105 kwesti\u0105 by\u0142o to, czy gie\u0142da jest w og\u00f3le regulowana. Gie\u0142dy, kt\u00f3re by\u0142y regulowane, uzyska\u0142y wy\u017csz\u0105 ocen\u0119 ni\u017c te, kt\u00f3re nie by\u0142y regulowane. Ponadto gie\u0142dy, kt\u00f3re by\u0142y regulowane przez wiele organ\u00f3w na ca\u0142ym \u015bwiecie, uzyska\u0142y jeszcze wy\u017csze wyniki.&nbsp;<\/p>\n\n\n\n<h2 class=\"wp-block-heading\">Obs\u0142uga klienta&nbsp;<\/h2>\n\n\n\n<p>Obs\u0142uga klienta stanowi r\u00f3wnie\u017c g\u0142\u00f3wn\u0105 cz\u0119\u015b\u0107 procesu oceny, stanowi\u0105c 17% og\u00f3lnej oceny przyznanej gie\u0142dzie. W zwi\u0105zku z tym nale\u017cy wzi\u0105\u0107 pod uwag\u0119 4 kwestie:&nbsp;<\/p>\n\n\n\n<ul class=\"wp-block-list\"><li>Us\u0142uga czatu na \u017cywo&nbsp;<\/li><li>Wsparcie emailowe&nbsp;<\/li><li>Zadzwo\u0144 do pomocy&nbsp;<\/li><li>Sekcje FAQ&nbsp;<\/li><\/ul>\n\n\n\n<h3 class=\"wp-block-heading\">Us\u0142uga czatu na \u017cywo&nbsp;<\/h3>\n\n\n\n<p>Pierwsz\u0105 rzecz\u0105, kt\u00f3r\u0105 przyjrzeli\u015bmy si\u0119 ka\u017cdej platformie, by\u0142o to, czy maj\u0105 us\u0142ug\u0119 czatu na \u017cywo. Dla tych, kt\u00f3rzy to zrobili, kolejnym krokiem by\u0142o przeanalizowanie, jak pomocna by\u0142a ta us\u0142uga w rozwi\u0105zywaniu zapyta\u0144 u\u017cytkownik\u00f3w.&nbsp;<\/p>\n\n\n\n<p>Us\u0142uga czatu na \u017cywo jest zwykle pierwsz\u0105 lini\u0105 obrony dla ka\u017cdej platformy i powinna by\u0107 wyposa\u017cona, aby odpowiada\u0107 na najprostsze pytania u\u017cytkownik\u00f3w. Platformy, kt\u00f3re mia\u0142y us\u0142ug\u0119 czatu na \u017cywo 24x7, uzyska\u0142y tutaj wy\u017csze wyniki.&nbsp;<\/p>\n\n\n\n<h3 class=\"wp-block-heading\">Wsparcie emailowe&nbsp;<\/h3>\n\n\n\n<p>Wsparcie e-mail oferowane przez platform\u0119 jest zwykle jednym z najwa\u017cniejszych czynnik\u00f3w, je\u015bli chodzi o skuteczno\u015b\u0107 obs\u0142ugi klienta, dlatego stanowi\u0142o kluczow\u0105 cz\u0119\u015b\u0107 naszego procesu oceny.&nbsp;<\/p>\n\n\n\n<p>Przyjrzeli\u015bmy si\u0119 tutaj dw\u00f3m czynnikom:&nbsp;<\/p>\n\n\n\n<ol class=\"wp-block-list\"><li>Szybko\u015b\u0107 odpowiedzi, pod wzgl\u0119dem \u015bredniego czasu realizacji, kt\u00f3ry zaobserwowano dla zapyta\u0144 e-mail.&nbsp;<\/li><li>Przydatno\u015b\u0107 odpowiedzi, tak jak w przypadku, czy odpowiedzi dostarcza\u0142y jasnych rozwi\u0105za\u0144 problem\u00f3w.<\/li><\/ol>\n\n\n\n<h3 class=\"wp-block-heading\">Zadzwo\u0144 do pomocy&nbsp;<\/h3>\n\n\n\n<p>Wi\u0119kszo\u015b\u0107 gie\u0142d nie oferuje wsparcia telefonicznego, a nawet te, kt\u00f3re oferuj\u0105 je tylko w ograniczonych porach dnia. Bior\u0105c pod uwag\u0119 ca\u0142odobowy charakter rynku kryptowalut, mo\u017ce to stanowi\u0107 problem, wi\u0119c g\u0142\u00f3wnym kryterium tutaj by\u0142o to, czy gie\u0142da posiada\u0142a infolini\u0119 wsparcia telefonicznego, kt\u00f3ra by\u0142a dost\u0119pna 24x7 w celu obs\u0142ugi zapyta\u0144 klient\u00f3w.&nbsp;<\/p>\n\n\n\n<p>Inne rozwa\u017cania tutaj obejmowa\u0142y czas oczekiwania na rozmow\u0119 z przedstawicielem oraz przydatno\u015b\u0107 udzielonych odpowiedzi i rozwi\u0105za\u0144.&nbsp;<\/p>\n\n\n\n<h3 class=\"wp-block-heading\">Sekcje FAQ&nbsp;<\/h3>\n\n\n\n<p>Na koniec przyjrzeli\u015bmy si\u0119 samej witrynie, aby sprawdzi\u0107, czy zawiera ona stron\u0119 z najcz\u0119\u015bciej zadawanymi pytaniami, kt\u00f3ra odpowiada na cz\u0119sto zadawane pytania, aby wspom\u00f3c proces wsparcia. Gie\u0142dy, kt\u00f3re mia\u0142y stron\u0119 z najcz\u0119\u015bciej zadawanymi pytaniami, uzyska\u0142y wy\u017csze wyniki ni\u017c te, kt\u00f3re jej nie mia\u0142y.&nbsp;<\/p>\n\n\n\n<p>Dodatkowo w przypadku gie\u0142d, kt\u00f3re je posiada\u0142y, przyjrzeli\u015bmy si\u0119 nast\u0119puj\u0105cym czynnikom:&nbsp;<\/p>\n\n\n\n<ol class=\"wp-block-list\"><li>Jak obszerne by\u0142y strony FAQ&nbsp;<\/li><li>Jak cz\u0119sto by\u0142y aktualizowane w celu odzwierciedlenia nowych typowych pyta\u0144&nbsp;<\/li><li>Jak \u0142atwo by\u0142o si\u0119 nimi porusza\u0107&nbsp;<\/li><\/ol>\n\n\n\n<h2 class=\"wp-block-heading\">Metody P\u0142atno\u015bci&nbsp;<\/h2>\n\n\n\n<p>Gie\u0142dy kryptograficzne zwykle nie s\u0105 ograniczone do jednego kraju lub miejsca zamieszkania i mog\u0105 by\u0107 dost\u0119pne dla u\u017cytkownik\u00f3w z ca\u0142ego \u015bwiata. Dlatego wa\u017cne jest, aby obs\u0142ugiwali szerok\u0105 gam\u0119 metod p\u0142atno\u015bci, z kt\u00f3rych u\u017cytkownicy mog\u0105 korzysta\u0107 w celu \u0142atwego dodawania i wyp\u0142acania \u015brodk\u00f3w z gie\u0142dy. Przyjrzeli\u015bmy si\u0119 niekt\u00f3rym z najcz\u0119\u015bciej u\u017cywanych metod i przydzielili\u015bmy ocen\u0119 na podstawie tego, czy gie\u0142da nie obs\u0142uguje tej metody p\u0142atno\u015bci.&nbsp;<\/p>\n\n\n\n<p>Rozwa\u017cane przez nas metody p\u0142atno\u015bci w tym zakresie to:&nbsp;<\/p>\n\n\n\n<ol class=\"wp-block-list\"><li>Przelewy bankowe lub przelewy bankowe&nbsp;<\/li><li>P\u0142atno\u015bci kart\u0105 kredytow\u0105 lub debetow\u0105&nbsp;<\/li><li>Przelewy portfela kryptowalut&nbsp;<\/li><li>Elektroniczne przelewy portfelowe, takie jak PayPal, Skrill i Neteller&nbsp;<\/li><li>Mi\u0119dzynarodowe przelewy bankowe&nbsp;<\/li><\/ol>\n\n\n\n<p>Dodatkowo przyjrzeli\u015bmy si\u0119 r\u00f3wnie\u017c liczbie walut fiducjarnych, w kt\u00f3rych platforma obs\u0142ugiwa\u0142a wp\u0142aty i wyp\u0142aty, a gie\u0142dy otrzyma\u0142y wy\u017csze oceny za obs\u0142ug\u0119 wi\u0119kszej liczby walut fiducjarnych.&nbsp;<\/p>","protected":false},"excerpt":{"rendered":"<p>Metodologia oceny Je\u015bli chcesz zacz\u0105\u0107 handlowa\u0107 lub inwestowa\u0107 w \u015bwiecie kryptowalut, mo\u017cesz poczu\u0107 si\u0119 nieco onie\u015bmielony sam\u0105 liczb\u0105 gie\u0142d, kt\u00f3re s\u0105 dost\u0119pne dla tego samego. Wyb\u00f3r odpowiedniej gie\u0142dy jest g\u0142\u00f3wn\u0105, ale cz\u0119sto pomijan\u0105 cz\u0119\u015bci\u0105 bycia dochodowym traderem\/inwestorem. Ka\u017cda gie\u0142da jest tylko troch\u0119 inna [\u2026]<\/p>","protected":false},"author":9,"featured_media":0,"parent":0,"menu_order":0,"comment_status":"closed","ping_status":"closed","template":"","meta":{"_acf_changed":false,"_editorskit_title_hidden":false,"_editorskit_reading_time":8,"_editorskit_is_block_options_detached":false,"_editorskit_block_options_position":"{}","_uag_custom_page_level_css":"","footnotes":""},"class_list":["post-4838","page","type-page","status-publish","hentry"],"acf":[],"uagb_featured_image_src":{"full":false,"thumbnail":false,"medium":false,"medium_large":false,"large":false,"1536x1536":false,"2048x2048":false,"trp-custom-language-flag":false},"uagb_author_info":{"display_name":"Bob M","author_link":"https:\/\/bitcoinwisdom.com\/pl\/author\/bob\/"},"uagb_comment_info":0,"uagb_excerpt":"Ratings Methodology If you\u2019re looking to begin trading or investing in the cryptocurrency world, you might find yourself being quite intimidated by the sheer number of exchanges that are available for the same. Choosing the right exchange is a major but often overlooked part of being a profitable trader\/investor. Each exchange is only slightly different&hellip;","_links":{"self":[{"href":"https:\/\/bitcoinwisdom.com\/pl\/wp-json\/wp\/v2\/pages\/4838","targetHints":{"allow":["GET"]}}],"collection":[{"href":"https:\/\/bitcoinwisdom.com\/pl\/wp-json\/wp\/v2\/pages"}],"about":[{"href":"https:\/\/bitcoinwisdom.com\/pl\/wp-json\/wp\/v2\/types\/page"}],"author":[{"embeddable":true,"href":"https:\/\/bitcoinwisdom.com\/pl\/wp-json\/wp\/v2\/users\/9"}],"replies":[{"embeddable":true,"href":"https:\/\/bitcoinwisdom.com\/pl\/wp-json\/wp\/v2\/comments?post=4838"}],"version-history":[{"count":0,"href":"https:\/\/bitcoinwisdom.com\/pl\/wp-json\/wp\/v2\/pages\/4838\/revisions"}],"wp:attachment":[{"href":"https:\/\/bitcoinwisdom.com\/pl\/wp-json\/wp\/v2\/media?parent=4838"}],"curies":[{"name":"wp","href":"https:\/\/api.w.org\/{rel}","templated":true}]}}