{"id":4842,"date":"2022-06-07T19:13:55","date_gmt":"2022-06-08T02:13:55","guid":{"rendered":"https:\/\/bitcoinwisdom.com\/?page_id=4842"},"modified":"2022-06-27T02:05:01","modified_gmt":"2022-06-27T02:05:01","slug":"editorial-policy","status":"publish","type":"page","link":"https:\/\/bitcoinwisdom.com\/pl\/editorial-policy\/","title":{"rendered":"Polityka redakcyjna"},"content":{"rendered":"<h1 class=\"wp-block-heading\">Polityka redakcyjna<\/h1>\n\n\n\n<p>W Bitcoin Wisdom priorytetem numer jeden jest zapewnienie, aby inwestorzy i inwestorzy mogli podejmowa\u0107 bardziej \u015bwiadome decyzje inwestycyjne. Dlatego zobowi\u0105zujemy si\u0119 do pe\u0142nej przejrzysto\u015bci, w tym do dzielenia si\u0119 <a href=\"https:\/\/bitcoinwisdom.com\/pl\/ratings-methodology\/\" class=\"ek-link\">metodologia oceny<\/a> zatrudniamy. \u015awiat kryptowalut jest rozleg\u0142y i zagmatwany, a my jeste\u015bmy po to, aby go zmniejszy\u0107, dzi\u0119ki czemu mo\u017cesz podejmowa\u0107 decyzje z wi\u0119ksz\u0105 jasno\u015bci\u0105.&nbsp;<\/p>\n\n\n\n<h2 class=\"wp-block-heading\">Nasza wizja&nbsp;<\/h2>\n\n\n\n<p>Za\u0142o\u017cona w 2013 r. Bitcoin Wisdom stara si\u0119 dostarcza\u0107 pouczaj\u0105ce i dok\u0142adne wiadomo\u015bci dotycz\u0105ce bitcoin\u00f3w, prognozy cenowe, przewodniki inwestycyjne i recenzje gie\u0142d.<\/p>\n\n\n\n<h2 class=\"wp-block-heading\">Nasza misja&nbsp;<\/h2>\n\n\n\n<p>Mamy zesp\u00f3\u0142 oddanych os\u00f3b zaanga\u017cowanych w pomoc w nauce podstaw kryptowaluty. G\u0142\u00f3wnym zadaniem naszego zespo\u0142u jest zapewnienie Ci dost\u0119pu do rynk\u00f3w finansowych w mo\u017cliwie najprostszy spos\u00f3b. Z pomoc\u0105 naszych partner\u00f3w uczynili\u015bmy naszym obowi\u0105zkiem bycie cz\u0119\u015bci\u0105 Twojej podr\u00f3\u017cy do niezale\u017cno\u015bci finansowej z nieograniczonymi mo\u017cliwo\u015bciami oferowanymi przez rynek kryptowalut.<\/p>\n\n\n\n<h2 class=\"wp-block-heading\">Wskaz\u00f3wki redakcyjne&nbsp;<\/h2>\n\n\n\n<p>Nasz <a href=\"https:\/\/bitcoinwisdom.com\/pl\/about\/\" class=\"ek-link\">zesp\u00f3\u0142<\/a> zobowi\u0105zuje si\u0119 do tworzenia dok\u0142adnych i praktycznych tre\u015bci, kt\u00f3re mog\u0105 pom\u00f3c czytelnikom w podejmowaniu \u015bwiadomych decyzji finansowych. Utrzymujemy r\u00f3wnie\u017c warto\u015b\u0107 przejrzysto\u015bci zgodnie z najwy\u017cszymi standardami, upewniaj\u0105c si\u0119, \u017ce Twoje wskaz\u00f3wki redakcyjne i systemy przychod\u00f3w s\u0105 upubliczniane. Wszystkie praktyki stosowane przez zesp\u00f3\u0142 kieruj\u0105 si\u0119 zasadami redakcyjnymi, a ka\u017cda linijka tekstu, kt\u00f3ry piszemy, jest sprawdzana pod k\u0105tem fakt\u00f3w, aby zapewni\u0107 szybkie usuni\u0119cie wszystkich b\u0142\u0119d\u00f3w.&nbsp;<\/p>\n\n\n\n<p>Wysoko cenimy tak\u017ce niezale\u017cno\u015b\u0107 redakcyjn\u0105. Na wszystkie recenzje, artyku\u0142y i rekomendacje, kt\u00f3re przedstawiamy, nasi partnerzy w \u017caden spos\u00f3b nie maj\u0105 wp\u0142ywu, ani z organizacji, ani z zewn\u0105trz. Nasz proces zarabiania pieni\u0119dzy jest r\u00f3wnie\u017c przejrzysty i mo\u017cna go znale\u017a\u0107 tutaj.&nbsp;<\/p>\n\n\n\n<p>Nasz zesp\u00f3\u0142 redakcyjny stwierdza, \u017ce nasza publiczno\u015b\u0107 jest do\u015b\u0107 zr\u00f3\u017cnicowana, pochodz\u0105ca z r\u00f3\u017cnych region\u00f3w i \u015brodowisk ekonomicznych. Dlatego nasze oceny i rekomendacje odzwierciedlaj\u0105 to, umo\u017cliwiaj\u0105c nam kontakt z naszymi czytelnikami i udzielanie im porad, kt\u00f3re s\u0105 najbardziej odpowiednie dla ich sytuacji.&nbsp;<\/p>\n\n\n\n<h2 class=\"wp-block-heading\">Kluczowe zasady&nbsp;<\/h2>\n\n\n\n<ul class=\"wp-block-list\"><li>Wszyscy cz\u0142onkowie rynk\u00f3w finansowych i kryptowalut s\u0105 zobowi\u0105zani do przestrzegania najwy\u017cszych standard\u00f3w informacji i maj\u0105 prawo do wywa\u017conych, dok\u0142adnych i kompletnych informacji.&nbsp;<\/li><li>Wszyscy cz\u0142onkowie rynku zas\u0142uguj\u0105 na sprawiedliwo\u015b\u0107 ekonomiczn\u0105 i wa\u017cne jest dla nas, aby nasze tre\u015bci pomog\u0142y osi\u0105gn\u0105\u0107 ten cel.&nbsp;<\/li><li>Wszystkie \u017ar\u00f3d\u0142a informacji, z kt\u00f3rych korzystamy w naszych tre\u015bciach, s\u0105 zr\u00f3\u017cnicowane, aby zapewni\u0107 wy\u017cszy stopie\u0144 dok\u0142adno\u015bci. Swoje opinie opieramy na ekspertach, kt\u00f3re odzwierciedlaj\u0105 nastroje i pytania stawiane przez zr\u00f3\u017cnicowane i niedostatecznie reprezentowane grupy ludzi.&nbsp;<\/li><li>Staramy si\u0119 zapewni\u0107 obiektywno\u015b\u0107 we wszystkich naszych recenzjach, aby nasze opinie i analizy nie by\u0142y stronnicze przez jakichkolwiek partner\u00f3w biznesowych, kt\u00f3rych mo\u017cemy mie\u0107. Nasze tre\u015bci zawieraj\u0105 krytyczn\u0105 analiz\u0119 r\u00f3\u017cnych opcji dost\u0119pnych dla u\u017cytkownik\u00f3w na rynku, umo\u017cliwiaj\u0105c im podejmowanie bardziej \u015bwiadomych decyzji.&nbsp;<\/li><\/ul>\n\n\n\n<h2 class=\"wp-block-heading\">Niezale\u017cno\u015b\u0107 redakcyjna<\/h2>\n\n\n\n<ul class=\"wp-block-list\"><li>Nasz zesp\u00f3\u0142 redakcyjny, sk\u0142adaj\u0105cy si\u0119 z pisarzy, redaktor\u00f3w i weryfikator\u00f3w fakt\u00f3w, ponosi wy\u0142\u0105czn\u0105 odpowiedzialno\u015b\u0107 za tworzenie wszystkich tre\u015bci redakcyjnych, kt\u00f3re publikujemy. Obejmuje to wszelkie recenzje, prognozy i por\u00f3wnania, kt\u00f3re publikujemy.&nbsp;<\/li><li>Wszystkie prezentowane przez nas pogl\u0105dy opieraj\u0105 si\u0119 na faktach zebranych w drodze niezale\u017cnych bada\u0144 i analiz. Por\u00f3wnujemy ka\u017cdy recenzowany przez nas produkt z innymi podobnymi produktami na rynku, aby uzyska\u0107 bardziej uzasadnione por\u00f3wnanie i oferujemy opinie wy\u0142\u0105cznie na podstawie cech i us\u0142ug samego produktu.&nbsp;<\/li><li>Na nasze decyzje dotycz\u0105ce oceny produkt\u00f3w i tego, czy m\u00f3wimy o produkcie przychylnie, czy nie, w \u017caden spos\u00f3b nie maj\u0105 wp\u0142ywu nasi partnerzy biznesowi.&nbsp;<\/li><li>Nasi pisarze i redaktorzy nie otrzymuj\u0105 wynagrodzenia bezpo\u015brednio za po\u015brednictwem reklam lub naszych partner\u00f3w, zapewniaj\u0105c w ten spos\u00f3b, \u017ce nie ma konfliktu interes\u00f3w w tym zakresie.&nbsp;<\/li><li>Na analiz\u0119 wydajno\u015bci i recenzje jako\u015bci naszych artyku\u0142\u00f3w i redakcji nie maj\u0105 wp\u0142ywu nasi partnerzy biznesowi ani przychylno\u015b\u0107 ich recenzji.&nbsp;<\/li><\/ul>\n\n\n\n<h2 class=\"wp-block-heading\">Weryfikacja fakt\u00f3w i poprawki<\/h2>\n\n\n\n<ul class=\"wp-block-list\"><li>Wszystkie tre\u015bci, kt\u00f3re publikujemy za po\u015brednictwem platformy, s\u0105 sprawdzane pod k\u0105tem fakt\u00f3w, aby zapewni\u0107, \u017ce wszystkie prezentowane informacje s\u0105 dok\u0142adne i aktualne. Na dzie\u0144 publikacji artyku\u0142u wszelkie informacje w nim zawarte powinny by\u0107 dok\u0142adne.&nbsp;<\/li><li>Wszystkie nasze tre\u015bci przechodz\u0105 kompleksowy proces, w kt\u00f3rym bior\u0105 udzia\u0142 pisarze, redaktorzy i redaktorzy kopii, kt\u00f3rzy sprawdzaj\u0105, czy wszystkie tre\u015bci s\u0105 zgodne z faktami.&nbsp;<\/li><li>Jedynymi g\u0142\u00f3wnymi \u017ar\u00f3d\u0142ami u\u017cywanymi przez pisarzy podczas przygotowywania artyku\u0142\u00f3w s\u0105 \u017ar\u00f3d\u0142a pierwotne i autorytatywne, takie jak wywiady, a tak\u017ce strony rz\u0105dowe i bran\u017cowe.&nbsp;<\/li><li>Ilekro\u0107 mo\u017cemy nieumy\u015blnie pope\u0142ni\u0107 b\u0142\u0105d, publikujemy poprawk\u0119 do artyku\u0142u, wskazuj\u0105c, gdzie pope\u0142niono b\u0142\u0105d i jakie s\u0105 prawid\u0142owe informacje.<\/li><\/ul>\n\n\n\n<p>Je\u015bli chcesz skontaktowa\u0107 si\u0119 z nasz\u0105 redakcj\u0105, skontaktuj si\u0119 z <a href=\"mailto:editorial@bitcoinwisdom.com\" class=\"ek-link\">redakcja@bitcoinwisdom.com<\/a><\/p>","protected":false},"excerpt":{"rendered":"<p>Polityka redakcyjna W Bitcoin Wisdom priorytetem numer jeden jest zapewnienie, aby inwestorzy i inwestorzy mogli podejmowa\u0107 bardziej \u015bwiadome decyzje inwestycyjne. Dlatego zobowi\u0105zujemy si\u0119 do pe\u0142nej przejrzysto\u015bci, w tym do udost\u0119pniania stosowanej przez nas metodologii ratingowej. \u015awiat kryptowalut jest rozleg\u0142y i zagmatwany, a my jeste\u015bmy tutaj, aby go mniej, [\u2026]<\/p>","protected":false},"author":9,"featured_media":0,"parent":0,"menu_order":0,"comment_status":"closed","ping_status":"closed","template":"","meta":{"_acf_changed":false,"_editorskit_title_hidden":false,"_editorskit_reading_time":0,"_editorskit_is_block_options_detached":false,"_editorskit_block_options_position":"{}","_uag_custom_page_level_css":"","footnotes":""},"class_list":["post-4842","page","type-page","status-publish","hentry"],"acf":[],"uagb_featured_image_src":{"full":false,"thumbnail":false,"medium":false,"medium_large":false,"large":false,"1536x1536":false,"2048x2048":false,"trp-custom-language-flag":false},"uagb_author_info":{"display_name":"Bob M","author_link":"https:\/\/bitcoinwisdom.com\/pl\/author\/bob\/"},"uagb_comment_info":0,"uagb_excerpt":"Editorial Policy At Bitcoin Wisdom, the number one priority is to ensure that traders and investors can make better informed investing decisions. This is why we are committed to complete transparency, including sharing the rating methodology we employ. The world of cryptocurrencies is vast and confusing, and we are here to make it less so,&hellip;","_links":{"self":[{"href":"https:\/\/bitcoinwisdom.com\/pl\/wp-json\/wp\/v2\/pages\/4842","targetHints":{"allow":["GET"]}}],"collection":[{"href":"https:\/\/bitcoinwisdom.com\/pl\/wp-json\/wp\/v2\/pages"}],"about":[{"href":"https:\/\/bitcoinwisdom.com\/pl\/wp-json\/wp\/v2\/types\/page"}],"author":[{"embeddable":true,"href":"https:\/\/bitcoinwisdom.com\/pl\/wp-json\/wp\/v2\/users\/9"}],"replies":[{"embeddable":true,"href":"https:\/\/bitcoinwisdom.com\/pl\/wp-json\/wp\/v2\/comments?post=4842"}],"version-history":[{"count":0,"href":"https:\/\/bitcoinwisdom.com\/pl\/wp-json\/wp\/v2\/pages\/4842\/revisions"}],"wp:attachment":[{"href":"https:\/\/bitcoinwisdom.com\/pl\/wp-json\/wp\/v2\/media?parent=4842"}],"curies":[{"name":"wp","href":"https:\/\/api.w.org\/{rel}","templated":true}]}}