{"id":534,"date":"2022-03-21T22:07:11","date_gmt":"2022-03-22T05:07:11","guid":{"rendered":"https:\/\/bitcoinwisdom.com\/?page_id=534"},"modified":"2022-05-29T22:06:27","modified_gmt":"2022-05-30T05:06:27","slug":"privacy-policy","status":"publish","type":"page","link":"https:\/\/bitcoinwisdom.com\/pl\/privacy-policy\/","title":{"rendered":"Polityka prywatno\u015bci"},"content":{"rendered":"<h1 class=\"wp-block-heading\">Polityka prywatno\u015bci<\/h1>\n\n\n\n<p>Niniejsza Polityka prywatno\u015bci opisuje nasze zasady i procedury dotycz\u0105ce gromadzenia, wykorzystywania i ujawniania Twoich informacji podczas korzystania z Us\u0142ugi oraz informuje o Twoich prawach do prywatno\u015bci oraz o tym, jak prawo Ci\u0119 chroni.<\/p>\n\n\n\n<p>Wykorzystujemy Twoje dane osobowe w celu \u015bwiadczenia i ulepszania Us\u0142ugi. Korzystaj\u0105c z Us\u0142ugi, zgadzasz si\u0119 na zbieranie i wykorzystywanie informacji zgodnie z niniejsz\u0105 Polityk\u0105 prywatno\u015bci.<\/p>\n\n\n\n<h2 class=\"wp-block-heading\" id=\"h-interpretation-and-definitions\">Interpretacja i definicje<\/h2>\n\n\n\n<h3 class=\"wp-block-heading\" id=\"h-interpretation\">Interpretacja<\/h3>\n\n\n\n<p>S\u0142owa, kt\u00f3rych pierwsza litera pisana jest wielk\u0105 liter\u0105, maj\u0105 znaczenie zdefiniowane w nast\u0119puj\u0105cych warunkach. Poni\u017csze definicje maj\u0105 to samo znaczenie niezale\u017cnie od tego, czy wyst\u0119puj\u0105 w liczbie pojedynczej czy mnogiej.<\/p>\n\n\n\n<h3 class=\"wp-block-heading\" id=\"h-definitions\">Definicje<\/h3>\n\n\n\n<p>Na potrzeby niniejszej Polityki prywatno\u015bci:<\/p>\n\n\n\n<ul class=\"wp-block-list\"><li><strong>Rachunek<\/strong>&nbsp;oznacza unikalne konto utworzone dla Ciebie w celu uzyskania dost\u0119pu do naszej Us\u0142ugi lub cz\u0119\u015bci naszej Us\u0142ugi.<\/li><li><strong>Firma<\/strong>&nbsp;(okre\u015blane w niniejszej Umowie jako \u201eFirma\u201d, \u201eMy\u201d, \u201eNas\u201d lub \u201eNasz\u201d w niniejszej Umowie) odnosi si\u0119 do relex.io.<\/li><li><strong>Ciasteczka<\/strong>&nbsp;to ma\u0142e pliki, kt\u00f3re s\u0105 umieszczane na Twoim komputerze, urz\u0105dzeniu mobilnym lub innym urz\u0105dzeniu przez witryn\u0119 internetow\u0105, zawieraj\u0105ce szczeg\u00f3\u0142y Twojej historii przegl\u0105dania tej witryny w\u015br\u00f3d wielu jej zastosowa\u0144.<\/li><li><strong>Kraj<\/strong>&nbsp;dotyczy: Berlin, Niemcy<\/li><li><strong>Urz\u0105dzenie<\/strong>&nbsp;oznacza ka\u017cde urz\u0105dzenie, kt\u00f3re mo\u017ce uzyska\u0107 dost\u0119p do Us\u0142ugi, takie jak komputer, telefon kom\u00f3rkowy lub tablet cyfrowy.<\/li><li><strong>Dane osobiste<\/strong>&nbsp;to wszelkie informacje, kt\u00f3re odnosz\u0105 si\u0119 do zidentyfikowanej lub mo\u017cliwej do zidentyfikowania osoby.<\/li><li><strong>Us\u0142uga<\/strong>&nbsp;odnosi si\u0119 do Serwisu.<\/li><li><strong>Dostawca us\u0142ugi<\/strong>&nbsp;oznacza ka\u017cd\u0105 osob\u0119 fizyczn\u0105 lub prawn\u0105, kt\u00f3ra przetwarza dane w imieniu Sp\u00f3\u0142ki. Odnosi si\u0119 do firm zewn\u0119trznych lub os\u00f3b zatrudnionych przez Sp\u00f3\u0142k\u0119 w celu usprawnienia Us\u0142ugi, \u015bwiadczenia Us\u0142ugi w imieniu Sp\u00f3\u0142ki, \u015bwiadczenia us\u0142ug zwi\u0105zanych z Us\u0142ug\u0105 lub pomocy Sp\u00f3\u0142ce w analizie sposobu korzystania z Us\u0142ugi.<\/li><li><strong>Dane u\u017cytkowania<\/strong>&nbsp;odnosi si\u0119 do danych zbieranych automatycznie, generowanych podczas korzystania z Us\u0142ugi lub z samej infrastruktury Us\u0142ugi (na przyk\u0142ad czas trwania wizyty na stronie).<\/li><li><strong>Ty<\/strong>&nbsp;oznacza osob\u0119 uzyskuj\u0105c\u0105 dost\u0119p do Us\u0142ugi lub korzystaj\u0105c\u0105 z niej, lub firm\u0119 lub inny podmiot prawny, w imieniu kt\u00f3rego taka osoba uzyskuje dost\u0119p lub korzysta z Us\u0142ugi, w zale\u017cno\u015bci od przypadku.<\/li><\/ul>\n\n\n\n<h2 class=\"wp-block-heading\" id=\"h-collecting-and-using-your-personal-data\">Zbieranie i wykorzystywanie Twoich danych osobowych<\/h2>\n\n\n\n<h3 class=\"wp-block-heading\" id=\"h-types-of-data-collected\">Rodzaje gromadzonych danych<\/h3>\n\n\n\n<h4 class=\"wp-block-heading\" id=\"h-personal-data\">Dane osobiste<\/h4>\n\n\n\n<p>Podczas korzystania z naszej us\u0142ugi mo\u017cemy poprosi\u0107 Ci\u0119 o podanie nam pewnych danych osobowych, kt\u00f3re mog\u0105 by\u0107 wykorzystane do skontaktowania si\u0119 z Tob\u0105 lub zidentyfikowania Ciebie. Informacje umo\u017cliwiaj\u0105ce identyfikacj\u0119 osoby mog\u0105 obejmowa\u0107 mi\u0119dzy innymi:<\/p>\n\n\n\n<ul class=\"wp-block-list\"><li>Dane u\u017cytkowania<\/li><\/ul>\n\n\n\n<h4 class=\"wp-block-heading\" id=\"h-usage-data\">Dane u\u017cytkowania<\/h4>\n\n\n\n<p>Dane o u\u017cytkowaniu s\u0105 zbierane automatycznie podczas korzystania z Us\u0142ugi.<\/p>\n\n\n\n<p>Dane dotycz\u0105ce u\u017cytkowania mog\u0105 obejmowa\u0107 takie informacje, jak adres protoko\u0142u internetowego Twojego urz\u0105dzenia (np. adres IP), typ przegl\u0105darki, wersja przegl\u0105darki, strony naszego Serwisu, kt\u00f3re odwiedzasz, godzina i data Twojej wizyty, czas sp\u0119dzony na tych stronach, unikalne urz\u0105dzenie identyfikatory i inne dane diagnostyczne.<\/p>\n\n\n\n<p>Gdy uzyskujesz dost\u0119p do Us\u0142ugi za pomoc\u0105 urz\u0105dzenia mobilnego lub za jego po\u015brednictwem, mo\u017cemy automatycznie zbiera\u0107 pewne informacje, w tym mi\u0119dzy innymi typ u\u017cywanego urz\u0105dzenia mobilnego, unikalny identyfikator urz\u0105dzenia mobilnego, adres IP urz\u0105dzenia mobilnego, Tw\u00f3j telefon kom\u00f3rkowy system operacyjny, rodzaj mobilnej przegl\u0105darki internetowej, z kt\u00f3rej korzystasz, unikalne identyfikatory urz\u0105dze\u0144 i inne dane diagnostyczne.<\/p>\n\n\n\n<p>Mo\u017cemy r\u00f3wnie\u017c zbiera\u0107 informacje, kt\u00f3re Twoja przegl\u0105darka wysy\u0142a za ka\u017cdym razem, gdy odwiedzasz nasz\u0105 Us\u0142ug\u0119 lub uzyskujesz dost\u0119p do Us\u0142ugi za pomoc\u0105 urz\u0105dzenia mobilnego lub za jego po\u015brednictwem.<\/p>\n\n\n\n<h4 class=\"wp-block-heading\" id=\"h-tracking-technologies-and-cookies\">Technologie \u015bledzenia i pliki cookie<\/h4>\n\n\n\n<p>U\u017cywamy plik\u00f3w cookie i podobnych technologii \u015bledzenia, aby \u015bledzi\u0107 aktywno\u015b\u0107 w naszej us\u0142udze i przechowywa\u0107 okre\u015blone informacje. Stosowane technologie \u015bledzenia to sygna\u0142y nawigacyjne, znaczniki i skrypty do zbierania i \u015bledzenia informacji oraz do ulepszania i analizowania naszych us\u0142ug. Stosowane przez nas technologie mog\u0105 obejmowa\u0107:<\/p>\n\n\n\n<ul class=\"wp-block-list\"><li><strong>Pliki cookie lub pliki cookie przegl\u0105darki.<\/strong>&nbsp;Cookie to ma\u0142y plik umieszczany na Twoim urz\u0105dzeniu. Mo\u017cesz poinstruowa\u0107 swoj\u0105 przegl\u0105dark\u0119, aby odrzuca\u0142a wszystkie pliki cookie lub wskazywa\u0142a, kiedy plik cookie jest wysy\u0142any. Je\u015bli jednak nie akceptujesz plik\u00f3w cookie, mo\u017cesz nie by\u0107 w stanie korzysta\u0107 z niekt\u00f3rych cz\u0119\u015bci naszego Serwisu. O ile nie dostosowa\u0142e\u015b ustawie\u0144 swojej przegl\u0105darki tak, aby odrzuca\u0142a pliki cookie, nasz Serwis mo\u017ce korzysta\u0107 z plik\u00f3w cookie.<\/li><li><strong>Sygna\u0142y nawigacyjne w sieci Web.<\/strong>&nbsp;Niekt\u00f3re sekcje naszej Us\u0142ugi i nasze wiadomo\u015bci e-mail mog\u0105 zawiera\u0107 ma\u0142e pliki elektroniczne zwane sygnalizatorami sieciowymi (zwane r\u00f3wnie\u017c przezroczystymi gifami, znacznikami pikselowymi i jednopikselowymi gifami), kt\u00f3re pozwalaj\u0105 Firmie, na przyk\u0142ad, zlicza\u0107 u\u017cytkownik\u00f3w, kt\u00f3rzy odwiedzili te strony lub otworzy\u0142 wiadomo\u015b\u0107 e-mail i inne powi\u0105zane statystyki witryny (na przyk\u0142ad rejestrowanie popularno\u015bci okre\u015blonej sekcji oraz weryfikacj\u0119 integralno\u015bci systemu i serwera).<\/li><\/ul>\n\n\n\n<p>Pliki cookie mog\u0105 by\u0107 \u201etrwa\u0142ymi\u201d lub \u201esesyjnymi\u201d plikami cookie. Trwa\u0142e pliki cookie pozostaj\u0105 na Twoim komputerze osobistym lub urz\u0105dzeniu mobilnym, gdy przechodzisz w tryb offline, podczas gdy sesyjne pliki cookie s\u0105 usuwane, gdy tylko zamkniesz przegl\u0105dark\u0119 internetow\u0105.<\/p>\n\n\n\n<ul class=\"wp-block-list\"><li><strong>Niezb\u0119dne\/niezb\u0119dne pliki cookie<\/strong>Typ: Pliki cookie sesjiAdministracja: NasCel: Te pliki cookie s\u0105 niezb\u0119dne do \u015bwiadczenia us\u0142ug dost\u0119pnych za po\u015brednictwem Witryny i umo\u017cliwienia korzystania z niekt\u00f3rych jej funkcji. Pomagaj\u0105 uwierzytelnia\u0107 u\u017cytkownik\u00f3w i zapobiega\u0107 nieuczciwemu korzystaniu z kont u\u017cytkownik\u00f3w. Bez tych plik\u00f3w cookie us\u0142ugi, o kt\u00f3re prosi\u0142e\u015b, nie mog\u0105 by\u0107 \u015bwiadczone, a my u\u017cywamy tych plik\u00f3w cookie wy\u0142\u0105cznie w celu \u015bwiadczenia tych us\u0142ug.<\/li><li><strong>Polityka plik\u00f3w cookie \/ Powiadomienie o akceptacji plik\u00f3w cookie<\/strong>Typ: Trwa\u0142e pliki cookieAdministrator: UsCel: Te pliki cookie identyfikuj\u0105, czy u\u017cytkownicy zaakceptowali korzystanie z plik\u00f3w cookie w Witrynie.<\/li><li><strong>Funkcjonalne pliki cookie<\/strong>Typ: Trwa\u0142e pliki cookieAdministracja: NasCel: Te pliki cookie pozwalaj\u0105 nam zapami\u0119ta\u0107 wybory dokonywane podczas korzystania z Witryny, takie jak zapami\u0119tanie danych logowania lub preferencji j\u0119zykowych. Celem tych plik\u00f3w cookie jest zapewnienie bardziej osobistego do\u015bwiadczenia i unikni\u0119cie konieczno\u015bci ponownego wprowadzania swoich preferencji za ka\u017cdym razem, gdy korzystasz z Witryny.<\/li><\/ul>\n\n\n\n<p>Aby uzyska\u0107 wi\u0119cej informacji o u\u017cywanych przez nas plikach cookie i Twoich wyborach dotycz\u0105cych plik\u00f3w cookie, odwied\u017a nasz\u0105 Polityk\u0119 plik\u00f3w cookie lub sekcj\u0119 Pliki cookie w naszej Polityce prywatno\u015bci.<\/p>\n\n\n\n<h2 class=\"wp-block-heading\" id=\"h-use-of-your-personal-data\">Wykorzystanie Twoich danych osobowych<\/h2>\n\n\n\n<p>Sp\u00f3\u0142ka mo\u017ce wykorzystywa\u0107 Dane Osobowe w nast\u0119puj\u0105cych celach:<\/p>\n\n\n\n<ul class=\"wp-block-list\"><li><strong>Aby \u015bwiadczy\u0107 i utrzymywa\u0107 nasz\u0105 us\u0142ug\u0119<\/strong>, w tym do monitorowania korzystania z naszej Us\u0142ugi.<\/li><li><strong>Aby zarz\u0105dza\u0107 swoim kontem:<\/strong>&nbsp;w celu zarz\u0105dzania Twoj\u0105 rejestracj\u0105 jako u\u017cytkownika Serwisu. Podane przez Ciebie Dane Osobowe mog\u0105 zapewni\u0107 Ci dost\u0119p do r\u00f3\u017cnych funkcji Us\u0142ugi, z kt\u00f3rych mo\u017cesz korzysta\u0107 jako zarejestrowany u\u017cytkownik.<\/li><li><strong>W celu wykonania umowy:<\/strong>&nbsp;opracowanie, zgodno\u015b\u0107 i podj\u0119cie umowy zakupu produkt\u00f3w, przedmiot\u00f3w lub us\u0142ug, kt\u00f3re naby\u0142e\u015b lub jakiejkolwiek innej umowy z nami za po\u015brednictwem Us\u0142ugi.<\/li><li><strong>Skontaktowa\u0107 si\u0119 z Tob\u0105:<\/strong>&nbsp;Aby skontaktowa\u0107 si\u0119 z Tob\u0105 za po\u015brednictwem poczty elektronicznej, po\u0142\u0105cze\u0144 telefonicznych, SMS-\u00f3w lub innych r\u00f3wnowa\u017cnych form komunikacji elektronicznej, takich jak powiadomienia push aplikacji mobilnej dotycz\u0105ce aktualizacji lub komunikacji informacyjnej zwi\u0105zanej z funkcjami, produktami lub zakontraktowanymi us\u0142ugami, w tym aktualizacjami zabezpiecze\u0144, gdy jest to konieczne lub uzasadnione za ich realizacj\u0119.<\/li><li><strong>Aby zapewni\u0107 Ci<\/strong>&nbsp;z wiadomo\u015bciami, ofertami specjalnymi i og\u00f3lnymi informacjami o innych oferowanych przez nas towarach, us\u0142ugach i wydarzeniach, kt\u00f3re s\u0105 podobne do tych, kt\u00f3re ju\u017c kupi\u0142e\u015b lub o kt\u00f3re pyta\u0142e\u015b, chyba \u017ce zdecydowa\u0142e\u015b si\u0119 nie otrzymywa\u0107 takich informacji.<\/li><li><strong>Aby zarz\u0105dza\u0107 swoimi pro\u015bbami:<\/strong>&nbsp;Aby uczestniczy\u0107 i zarz\u0105dza\u0107 Twoimi pro\u015bbami do nas.<\/li><li><strong>W przypadku przelew\u00f3w firmowych:<\/strong>&nbsp;Mo\u017cemy wykorzysta\u0107 Twoje dane do oceny lub przeprowadzenia fuzji, zbycia, restrukturyzacji, reorganizacji, rozwi\u0105zania lub innej sprzeda\u017cy lub przeniesienia niekt\u00f3rych lub wszystkich naszych aktyw\u00f3w, zar\u00f3wno w ramach kontynuacji dzia\u0142alno\u015bci, jak i w ramach upad\u0142o\u015bci, likwidacji lub podobnego post\u0119powania, w kt\u00f3rych posiadane przez Nas Dane Osobowe dotycz\u0105ce u\u017cytkownik\u00f3w naszego Serwisu znajduj\u0105 si\u0119 w\u015br\u00f3d przekazywanych aktyw\u00f3w.<\/li><li><strong>Do innych cel\u00f3w<\/strong>: Mo\u017cemy wykorzystywa\u0107 Twoje dane do innych cel\u00f3w, takich jak analiza danych, identyfikacja trend\u00f3w u\u017cytkowania, okre\u015blanie skuteczno\u015bci naszych kampanii promocyjnych oraz ocena i ulepszanie naszej Us\u0142ugi, produkt\u00f3w, us\u0142ug, marketingu i Twoich do\u015bwiadcze\u0144.<\/li><\/ul>\n\n\n\n<p>Mo\u017cemy udost\u0119pnia\u0107 Twoje dane osobowe w nast\u0119puj\u0105cych sytuacjach:<\/p>\n\n\n\n<ul class=\"wp-block-list\"><li><strong>Z Us\u0142ugodawcami:<\/strong>&nbsp;Mo\u017cemy udost\u0119pnia\u0107 Twoje dane osobowe Us\u0142ugodawcom w celu monitorowania i analizowania korzystania z naszej Us\u0142ugi, aby si\u0119 z Tob\u0105 skontaktowa\u0107.<\/li><li><strong>W przypadku przelew\u00f3w firmowych:<\/strong>&nbsp;Mo\u017cemy udost\u0119pnia\u0107 lub przekazywa\u0107 Twoje dane osobowe w zwi\u0105zku z lub podczas negocjacji dotycz\u0105cych fuzji, sprzeda\u017cy aktyw\u00f3w Sp\u00f3\u0142ki, finansowania lub przej\u0119cia ca\u0142o\u015bci lub cz\u0119\u015bci naszej dzia\u0142alno\u015bci innej firmie.<\/li><li><strong>Z Towarzyszami:<\/strong>&nbsp;Mo\u017cemy udost\u0119pnia\u0107 Twoje dane naszym podmiotom stowarzyszonym, w takim przypadku b\u0119dziemy wymaga\u0107 od tych podmiot\u00f3w stowarzyszonych przestrzegania niniejszej Polityki prywatno\u015bci. Podmioty stowarzyszone obejmuj\u0105 nasz\u0105 sp\u00f3\u0142k\u0119 macierzyst\u0105 i wszelkie inne podmioty zale\u017cne, partner\u00f3w joint venture lub inne firmy, kt\u00f3re kontrolujemy lub kt\u00f3re znajduj\u0105 si\u0119 pod wsp\u00f3ln\u0105 z nami kontrol\u0105.<\/li><li><strong>Z partnerami biznesowymi:<\/strong>&nbsp;Mo\u017cemy udost\u0119pnia\u0107 Twoje dane naszym partnerom biznesowym, aby oferowa\u0107 Ci okre\u015blone produkty, us\u0142ugi lub promocje.<\/li><li><strong>Z innymi u\u017cytkownikami:<\/strong>&nbsp;kiedy udost\u0119pniasz dane osobowe lub w inny spos\u00f3b wchodzisz w interakcj\u0119 w obszarach publicznych z innymi u\u017cytkownikami, takie informacje mog\u0105 by\u0107 przegl\u0105dane przez wszystkich u\u017cytkownik\u00f3w i mog\u0105 by\u0107 publicznie rozpowszechniane na zewn\u0105trz.<\/li><li><strong>Za Twoj\u0105 zgod\u0105<\/strong>: Za Twoj\u0105 zgod\u0105 mo\u017cemy ujawni\u0107 Twoje dane osobowe w dowolnym innym celu.<\/li><\/ul>\n\n\n\n<h2 class=\"wp-block-heading\" id=\"h-retention-of-your-personal-data\">Przechowywanie Twoich danych osobowych<\/h2>\n\n\n\n<p>Firma b\u0119dzie przechowywa\u0107 Twoje Dane Osobowe tylko tak d\u0142ugo, jak b\u0119dzie to konieczne do cel\u00f3w okre\u015blonych w niniejszej Polityce prywatno\u015bci. B\u0119dziemy przechowywa\u0107 i wykorzystywa\u0107 Twoje dane osobowe w zakresie niezb\u0119dnym do wype\u0142nienia naszych zobowi\u0105za\u0144 prawnych (na przyk\u0142ad, je\u015bli jeste\u015bmy zobowi\u0105zani do zachowania Twoich danych w celu zachowania zgodno\u015bci z obowi\u0105zuj\u0105cymi przepisami), rozstrzygania spor\u00f3w i egzekwowania naszych um\u00f3w prawnych i zasad.<\/p>\n\n\n\n<p>Firma zachowa r\u00f3wnie\u017c Dane u\u017cytkowania do cel\u00f3w analizy wewn\u0119trznej. Dane dotycz\u0105ce u\u017cytkowania s\u0105 zazwyczaj przechowywane przez kr\u00f3tszy okres czasu, z wyj\u0105tkiem sytuacji, gdy dane te s\u0105 wykorzystywane do wzmocnienia bezpiecze\u0144stwa lub poprawy funkcjonalno\u015bci Naszej Us\u0142ugi lub jeste\u015bmy prawnie zobowi\u0105zani do przechowywania tych danych przez d\u0142u\u017cszy czas.<\/p>\n\n\n\n<h2 class=\"wp-block-heading\" id=\"h-transfer-of-your-personal-data\">Przekazywanie Twoich danych osobowych<\/h2>\n\n\n\n<p>Twoje informacje, w tym Dane Osobowe, s\u0105 przetwarzane w biurach operacyjnych Sp\u00f3\u0142ki oraz w innych miejscach, w kt\u00f3rych znajduj\u0105 si\u0119 strony zaanga\u017cowane w przetwarzanie. Oznacza to, \u017ce informacje te mog\u0105 by\u0107 przekazywane i przechowywane na komputerach znajduj\u0105cych si\u0119 poza Pa\u0144stwa stanem, prowincj\u0105, krajem lub inn\u0105 jurysdykcj\u0105 rz\u0105dow\u0105, gdzie przepisy dotycz\u0105ce ochrony danych mog\u0105 r\u00f3\u017cni\u0107 si\u0119 od tych obowi\u0105zuj\u0105cych w Pa\u0144stwa jurysdykcji.<\/p>\n\n\n\n<p>Twoja zgoda na niniejsz\u0105 Polityk\u0119 prywatno\u015bci, a nast\u0119pnie przes\u0142anie przez Ciebie takich informacji oznacza Twoj\u0105 zgod\u0119 na to przeniesienie.<\/p>\n\n\n\n<p>Firma podejmie wszelkie uzasadnione kroki, aby zapewni\u0107, \u017ce Twoje dane s\u0105 traktowane w spos\u00f3b bezpieczny i zgodnie z niniejsz\u0105 Polityk\u0105 prywatno\u015bci, a \u017cadne przekazywanie Twoich danych osobowych nie b\u0119dzie mia\u0142o miejsca do organizacji lub kraju, chyba \u017ce zostan\u0105 wprowadzone odpowiednie kontrole, w tym bezpiecze\u0144stwo Twoje dane i inne dane osobowe.<\/p>\n\n\n\n<h2 class=\"wp-block-heading\" id=\"h-disclosure-of-your-personal-data\">Ujawnianie Twoich danych osobowych<\/h2>\n\n\n\n<h3 class=\"wp-block-heading\" id=\"h-business-transactions\">Transakcje biznesowe<\/h3>\n\n\n\n<p>Je\u015bli Firma jest zaanga\u017cowana w fuzj\u0119, przej\u0119cie lub sprzeda\u017c aktyw\u00f3w, Twoje Dane Osobowe mog\u0105 zosta\u0107 przekazane. Powiadomimy Ci\u0119, zanim Twoje Dane Osobowe zostan\u0105 przekazane i stan\u0105 si\u0119 przedmiotem innej Polityki Prywatno\u015bci.<\/p>\n\n\n\n<h3 class=\"wp-block-heading\" id=\"h-law-enforcement\">Egzekwowanie prawa<\/h3>\n\n\n\n<p>W pewnych okoliczno\u015bciach Firma mo\u017ce by\u0107 zobowi\u0105zana do ujawnienia Twoich Danych Osobowych, je\u015bli jest to wymagane przez prawo lub w odpowiedzi na wa\u017cne \u017c\u0105dania w\u0142adz publicznych (np. s\u0105du lub agencji rz\u0105dowej).<\/p>\n\n\n\n<h3 class=\"wp-block-heading\" id=\"h-other-legal-requirements\">Inne wymagania prawne<\/h3>\n\n\n\n<p>Firma mo\u017ce ujawni\u0107 Twoje dane osobowe w dobrej wierze, \u017ce takie dzia\u0142anie jest konieczne, aby:<\/p>\n\n\n\n<ul class=\"wp-block-list\"><li>Wype\u0142nij obowi\u0105zek prawny<\/li><li>Chroni\u0107 i broni\u0107 praw lub w\u0142asno\u015bci Firmy<\/li><li>Zapobiegaj lub badaj ewentualne nadu\u017cycia w zwi\u0105zku z Us\u0142ug\u0105<\/li><li>ochrony osobistego bezpiecze\u0144stwa U\u017cytkownik\u00f3w Serwisu lub spo\u0142ecze\u0144stwa<\/li><li>Ochrona przed odpowiedzialno\u015bci\u0105 prawn\u0105<\/li><\/ul>\n\n\n\n<h2 class=\"wp-block-heading\" id=\"h-security-of-your-personal-data\">Bezpiecze\u0144stwo Twoich danych osobowych<\/h2>\n\n\n\n<p>Bezpiecze\u0144stwo Twoich danych osobowych jest dla Nas wa\u017cne, ale pami\u0119taj, \u017ce \u017cadna metoda transmisji przez Internet ani metoda elektronicznego przechowywania nie jest bezpieczna 100%. Chocia\u017c staramy si\u0119 stosowa\u0107 komercyjnie akceptowalne \u015brodki ochrony Twoich danych osobowych, nie mo\u017cemy zagwarantowa\u0107 ich absolutnego bezpiecze\u0144stwa.<\/p>\n\n\n\n<h2 class=\"wp-block-heading\" id=\"h-children-s-privacy\">Prywatno\u015b\u0107 dzieci<\/h2>\n\n\n\n<p>Nasza us\u0142uga nie jest skierowana do os\u00f3b poni\u017cej 13 roku \u017cycia. Nie gromadzimy \u015bwiadomie danych osobowych od os\u00f3b poni\u017cej 13 roku \u017cycia. Je\u015bli jeste\u015b rodzicem lub opiekunem i wiesz, \u017ce Twoje dziecko przekaza\u0142o nam Dane Osobowe, prosimy Skontaktuj si\u0119 z nami. Je\u015bli dowiemy si\u0119, \u017ce zebrali\u015bmy dane osobowe od os\u00f3b poni\u017cej 13 roku \u017cycia bez weryfikacji zgody rodzic\u00f3w, podejmujemy kroki w celu usuni\u0119cia tych informacji z naszych serwer\u00f3w.<\/p>\n\n\n\n<p>Je\u015bli musimy polega\u0107 na zgodzie jako podstawie prawnej do przetwarzania Twoich danych, a Tw\u00f3j kraj wymaga zgody rodzica, mo\u017cemy wymaga\u0107 zgody Twojego rodzica, zanim zbierzemy i wykorzystamy te informacje.<\/p>\n\n\n\n<h2 class=\"wp-block-heading\" id=\"h-links-to-other-websites\">Linki do innych stron internetowych<\/h2>\n\n\n\n<p>Nasz Serwis mo\u017ce zawiera\u0107 linki do innych stron internetowych, kt\u00f3re nie s\u0105 przez nas obs\u0142ugiwane. Je\u015bli klikniesz link strony trzeciej, zostaniesz przekierowany do witryny tej strony trzeciej. Zdecydowanie zalecamy zapoznanie si\u0119 z Polityk\u0105 prywatno\u015bci ka\u017cdej odwiedzanej witryny.<\/p>\n\n\n\n<p>Nie mamy kontroli nad tre\u015bci\u0105, polityk\u0105 prywatno\u015bci ani praktykami witryn lub us\u0142ug stron trzecich i nie ponosimy za nie odpowiedzialno\u015bci.<\/p>\n\n\n\n<h2 class=\"wp-block-heading\" id=\"h-changes-to-this-privacy-policy\">Zmiany w niniejszej Polityce prywatno\u015bci<\/h2>\n\n\n\n<p>Od czasu do czasu mo\u017cemy aktualizowa\u0107 nasz\u0105 Polityk\u0119 prywatno\u015bci. Powiadomimy Ci\u0119 o wszelkich zmianach, publikuj\u0105c now\u0105 Polityk\u0119 prywatno\u015bci na tej stronie.<\/p>\n\n\n\n<p>Powiadomimy Ci\u0119 za po\u015brednictwem poczty e-mail i \/ lub widocznego powiadomienia w naszej us\u0142udze, zanim zmiana zacznie obowi\u0105zywa\u0107 i zaktualizujemy dat\u0119 \u201eOstatniej aktualizacji\u201d u g\u00f3ry niniejszej Polityki prywatno\u015bci.<\/p>\n\n\n\n<p>Zaleca si\u0119 okresowe przegl\u0105danie niniejszej Polityki prywatno\u015bci pod k\u0105tem wszelkich zmian. Zmiany w niniejszej Polityce prywatno\u015bci wchodz\u0105 w \u017cycie z chwil\u0105 ich opublikowania na tej stronie.<\/p>","protected":false},"excerpt":{"rendered":"<p>Polityka Prywatno\u015bci Niniejsza Polityka Prywatno\u015bci opisuje nasze zasady i procedury dotycz\u0105ce gromadzenia, wykorzystywania i ujawniania Twoich informacji podczas korzystania z Us\u0142ugi oraz informuje o Twoich prawach do prywatno\u015bci oraz o tym, w jaki spos\u00f3b prawo Ci\u0119 chroni. Wykorzystujemy Twoje dane osobowe w celu \u015bwiadczenia i ulepszania Us\u0142ugi. Korzystaj\u0105c z Us\u0142ugi, wyra\u017casz zgod\u0119 na [\u2026]<\/p>","protected":false},"author":5,"featured_media":0,"parent":0,"menu_order":0,"comment_status":"closed","ping_status":"closed","template":"","meta":{"_acf_changed":false,"_editorskit_title_hidden":false,"_editorskit_reading_time":0,"_editorskit_is_block_options_detached":false,"_editorskit_block_options_position":"{}","_uag_custom_page_level_css":"","footnotes":""},"class_list":["post-534","page","type-page","status-publish","hentry"],"acf":[],"uagb_featured_image_src":{"full":false,"thumbnail":false,"medium":false,"medium_large":false,"large":false,"1536x1536":false,"2048x2048":false,"trp-custom-language-flag":false},"uagb_author_info":{"display_name":"Jason Conor","author_link":"https:\/\/bitcoinwisdom.com\/pl\/author\/jason-connor\/"},"uagb_comment_info":0,"uagb_excerpt":"Privacy Policy This Privacy Policy describes Our policies and procedures on the collection, use and disclosure of Your information when You use the Service and tells You about Your privacy rights and how the law protects You. We use Your Personal data to provide and improve the Service. By using the Service, You agree to&hellip;","_links":{"self":[{"href":"https:\/\/bitcoinwisdom.com\/pl\/wp-json\/wp\/v2\/pages\/534","targetHints":{"allow":["GET"]}}],"collection":[{"href":"https:\/\/bitcoinwisdom.com\/pl\/wp-json\/wp\/v2\/pages"}],"about":[{"href":"https:\/\/bitcoinwisdom.com\/pl\/wp-json\/wp\/v2\/types\/page"}],"author":[{"embeddable":true,"href":"https:\/\/bitcoinwisdom.com\/pl\/wp-json\/wp\/v2\/users\/5"}],"replies":[{"embeddable":true,"href":"https:\/\/bitcoinwisdom.com\/pl\/wp-json\/wp\/v2\/comments?post=534"}],"version-history":[{"count":0,"href":"https:\/\/bitcoinwisdom.com\/pl\/wp-json\/wp\/v2\/pages\/534\/revisions"}],"wp:attachment":[{"href":"https:\/\/bitcoinwisdom.com\/pl\/wp-json\/wp\/v2\/media?parent=534"}],"curies":[{"name":"wp","href":"https:\/\/api.w.org\/{rel}","templated":true}]}}