{"id":537,"date":"2022-03-21T22:10:04","date_gmt":"2022-03-22T05:10:04","guid":{"rendered":"https:\/\/bitcoinwisdom.com\/?page_id=537"},"modified":"2022-05-29T22:44:03","modified_gmt":"2022-05-30T05:44:03","slug":"cookie-policy","status":"publish","type":"page","link":"https:\/\/bitcoinwisdom.com\/pl\/cookie-policy\/","title":{"rendered":"Polityka Cookie"},"content":{"rendered":"<h2 class=\"wp-block-heading\" id=\"h-cookies-policy\">Polityka plik\u00f3w cookie<\/h2>\n\n\n\n<p>Niniejsza Polityka dotycz\u0105ca plik\u00f3w cookie wyja\u015bnia, czym s\u0105 pliki cookie i w jaki spos\u00f3b z nich korzystamy. Powiniene\u015b przeczyta\u0107 t\u0119 polityk\u0119, aby zrozumie\u0107, jakiego rodzaju plik\u00f3w cookie u\u017cywamy lub informacje, kt\u00f3re zbieramy za pomoc\u0105 plik\u00f3w cookie i jak te informacje s\u0105 wykorzystywane.<\/p>\n\n\n\n<p>Pliki cookie zazwyczaj nie zawieraj\u0105 \u017cadnych informacji umo\u017cliwiaj\u0105cych identyfikacj\u0119 u\u017cytkownika, ale dane osobowe, kt\u00f3re przechowujemy o Tobie, mog\u0105 by\u0107 powi\u0105zane z informacjami przechowywanymi w plikach cookie i uzyskiwanymi z nich. Aby uzyska\u0107 wi\u0119cej informacji na temat tego, w jaki spos\u00f3b wykorzystujemy, przechowujemy i przechowujemy Twoje dane osobowe, zapoznaj si\u0119 z nasz\u0105 Polityk\u0105 prywatno\u015bci.<\/p>\n\n\n\n<p>Nie przechowujemy wra\u017cliwych danych osobowych, takich jak adresy pocztowe, has\u0142a do kont itp. w u\u017cywanych przez nas plikach cookie.<\/p>\n\n\n\n<h2 class=\"wp-block-heading\" id=\"h-interpretation-and-definitions\">Interpretacja i definicje<\/h2>\n\n\n\n<h3 class=\"wp-block-heading\" id=\"h-interpretation\">Interpretacja<\/h3>\n\n\n\n<p>S\u0142owa, kt\u00f3rych pierwsza litera pisana jest wielk\u0105 liter\u0105, maj\u0105 znaczenie zdefiniowane w nast\u0119puj\u0105cych warunkach. Poni\u017csze definicje maj\u0105 to samo znaczenie niezale\u017cnie od tego, czy wyst\u0119puj\u0105 w liczbie pojedynczej czy mnogiej.<\/p>\n\n\n\n<h3 class=\"wp-block-heading\" id=\"h-definitions\">Definicje<\/h3>\n\n\n\n<p>Na potrzeby niniejszej Polityki Cookies:<\/p>\n\n\n\n<ul class=\"wp-block-list\"><li><strong>Firma<\/strong>\u00a0(okre\u015blane jako \u201eFirma\u201d, \u201eMy\u201d, \u201eNas\u201d lub \u201eNasz\u201d w niniejszej Polityce plik\u00f3w cookie) odnosi si\u0119 do relex.io.<\/li><li><strong>Ciasteczka<\/strong>\u00a0oznaczaj\u0105 ma\u0142e pliki, kt\u00f3re s\u0105 umieszczane na Twoim komputerze, urz\u0105dzeniu mobilnym lub innym urz\u0105dzeniu przez witryn\u0119 internetow\u0105, zawieraj\u0105ce szczeg\u00f3\u0142y historii przegl\u0105dania tej witryny w\u015br\u00f3d wielu jej zastosowa\u0144.<\/li><li><strong>Stronie internetowej<\/strong>\u00a0odnosi si\u0119 do bitcoinwisdom.com, dost\u0119pnego z\u00a0<a href=\"https:\/\/bitcoinwisdom.com\/pl\/\" target=\"_blank\" rel=\"noreferrer noopener\" class=\"ek-link\">bitcoinwisdom.com<\/a><\/li><li><strong>Ty<\/strong>\u00a0oznacza osob\u0119 uzyskuj\u0105c\u0105 dost\u0119p do Witryny lub korzystaj\u0105c\u0105 z niej, firm\u0119 lub dowolny podmiot prawny, w imieniu kt\u00f3rego taka osoba uzyskuje dost\u0119p do Witryny lub korzysta z niej, stosownie do przypadku.<\/li><\/ul>\n\n\n\n<h2 class=\"wp-block-heading\" id=\"h-the-use-of-the-cookies\">Korzystanie z plik\u00f3w cookie<\/h2>\n\n\n\n<h3 class=\"wp-block-heading\" id=\"h-type-of-cookies-we-use\">Rodzaj plik\u00f3w cookie, kt\u00f3rych u\u017cywamy<\/h3>\n\n\n\n<p>Pliki cookie mog\u0105 by\u0107 \u201etrwa\u0142ymi\u201d lub \u201esesyjnymi\u201d plikami cookie. Trwa\u0142e pliki cookie pozostaj\u0105 na Twoim komputerze osobistym lub urz\u0105dzeniu mobilnym, gdy przechodzisz w tryb offline, podczas gdy sesyjne pliki cookie s\u0105 usuwane, gdy tylko zamkniesz przegl\u0105dark\u0119 internetow\u0105.<\/p>\n\n\n\n<p>U\u017cywamy zar\u00f3wno sesyjnych, jak i trwa\u0142ych plik\u00f3w cookie w celach okre\u015blonych poni\u017cej:<\/p>\n\n\n\n<ul class=\"wp-block-list\"><li><strong>Niezb\u0119dne\/niezb\u0119dne pliki cookie<\/strong>Typ: Pliki cookie sesjiAdministracja: NasCel: Te pliki cookie s\u0105 niezb\u0119dne do \u015bwiadczenia us\u0142ug dost\u0119pnych za po\u015brednictwem Witryny i umo\u017cliwienia korzystania z niekt\u00f3rych jej funkcji. Pomagaj\u0105 uwierzytelnia\u0107 u\u017cytkownik\u00f3w i zapobiega\u0107 nieuczciwemu korzystaniu z kont u\u017cytkownik\u00f3w. Bez tych plik\u00f3w cookie us\u0142ugi, o kt\u00f3re prosi\u0142e\u015b, nie mog\u0105 by\u0107 \u015bwiadczone, a my u\u017cywamy tych plik\u00f3w cookie wy\u0142\u0105cznie w celu \u015bwiadczenia tych us\u0142ug.<\/li><li><strong>Funkcjonalne pliki cookie<\/strong>Typ: Trwa\u0142e pliki cookieAdministracja: NasCel: Te pliki cookie pozwalaj\u0105 nam zapami\u0119ta\u0107 wybory dokonywane podczas korzystania z Witryny, takie jak zapami\u0119tanie danych logowania lub preferencji j\u0119zykowych. Celem tych plik\u00f3w cookie jest zapewnienie bardziej osobistego do\u015bwiadczenia i unikni\u0119cie konieczno\u015bci ponownego wprowadzania swoich preferencji za ka\u017cdym razem, gdy korzystasz z Witryny.<\/li><\/ul>\n\n\n\n<h3 class=\"wp-block-heading\" id=\"h-your-choices-regarding-cookies\">Twoje wybory dotycz\u0105ce plik\u00f3w cookie<\/h3>\n\n\n\n<p>Je\u015bli wolisz unikn\u0105\u0107 u\u017cywania plik\u00f3w cookie w Witrynie, najpierw musisz wy\u0142\u0105czy\u0107 korzystanie z plik\u00f3w cookie w swojej przegl\u0105darce, a nast\u0119pnie usun\u0105\u0107 pliki cookie zapisane w przegl\u0105darce powi\u0105zanej z t\u0105 witryn\u0105. W ka\u017cdej chwili mo\u017cesz skorzysta\u0107 z tej opcji, aby uniemo\u017cliwi\u0107 korzystanie z plik\u00f3w Cookies.<\/p>\n\n\n\n<p>Je\u015bli nie akceptujesz naszych plik\u00f3w cookie, mo\u017cesz do\u015bwiadczy\u0107 pewnych niedogodno\u015bci w korzystaniu z Witryny, a niekt\u00f3re funkcje mog\u0105 nie dzia\u0142a\u0107 poprawnie.<\/p>\n\n\n\n<p>Je\u015bli chcesz usun\u0105\u0107 pliki cookie lub poinstruowa\u0107 przegl\u0105dark\u0119, aby usuwa\u0142a lub odrzuca\u0142a pliki cookie, odwied\u017a strony pomocy swojej przegl\u0105darki internetowej.<\/p>\n\n\n\n<p>W przypadku dowolnej innej przegl\u0105darki internetowej odwied\u017a oficjalne strony swojej przegl\u0105darki internetowej.<\/p>","protected":false},"excerpt":{"rendered":"<p>Polityka dotycz\u0105ca plik\u00f3w cookie Niniejsza Polityka dotycz\u0105ca plik\u00f3w cookie wyja\u015bnia, czym s\u0105 pliki cookie i w jaki spos\u00f3b z nich korzystamy. Powiniene\u015b przeczyta\u0107 t\u0119 polityk\u0119, aby zrozumie\u0107, jakiego rodzaju plik\u00f3w cookie u\u017cywamy lub informacje, kt\u00f3re zbieramy za pomoc\u0105 plik\u00f3w cookie i jak te informacje s\u0105 wykorzystywane. Pliki cookie zazwyczaj nie zawieraj\u0105 \u017cadnych informacji umo\u017cliwiaj\u0105cych identyfikacj\u0119 u\u017cytkownika, ale [\u2026]<\/p>","protected":false},"author":5,"featured_media":0,"parent":0,"menu_order":0,"comment_status":"closed","ping_status":"closed","template":"","meta":{"_acf_changed":false,"_editorskit_title_hidden":false,"_editorskit_reading_time":2,"_editorskit_is_block_options_detached":false,"_editorskit_block_options_position":"{}","_uag_custom_page_level_css":"","footnotes":""},"class_list":["post-537","page","type-page","status-publish","hentry"],"acf":[],"uagb_featured_image_src":{"full":false,"thumbnail":false,"medium":false,"medium_large":false,"large":false,"1536x1536":false,"2048x2048":false,"trp-custom-language-flag":false},"uagb_author_info":{"display_name":"Jason Conor","author_link":"https:\/\/bitcoinwisdom.com\/pl\/author\/jason-connor\/"},"uagb_comment_info":0,"uagb_excerpt":"Cookies Policy This Cookies Policy explains what Cookies are and how We use them. You should read this policy so You can understand what type of cookies We use, or the information We collect using Cookies and how that information is used. Cookies do not typically contain any information that personally identifies a user, but&hellip;","_links":{"self":[{"href":"https:\/\/bitcoinwisdom.com\/pl\/wp-json\/wp\/v2\/pages\/537","targetHints":{"allow":["GET"]}}],"collection":[{"href":"https:\/\/bitcoinwisdom.com\/pl\/wp-json\/wp\/v2\/pages"}],"about":[{"href":"https:\/\/bitcoinwisdom.com\/pl\/wp-json\/wp\/v2\/types\/page"}],"author":[{"embeddable":true,"href":"https:\/\/bitcoinwisdom.com\/pl\/wp-json\/wp\/v2\/users\/5"}],"replies":[{"embeddable":true,"href":"https:\/\/bitcoinwisdom.com\/pl\/wp-json\/wp\/v2\/comments?post=537"}],"version-history":[{"count":0,"href":"https:\/\/bitcoinwisdom.com\/pl\/wp-json\/wp\/v2\/pages\/537\/revisions"}],"wp:attachment":[{"href":"https:\/\/bitcoinwisdom.com\/pl\/wp-json\/wp\/v2\/media?parent=537"}],"curies":[{"name":"wp","href":"https:\/\/api.w.org\/{rel}","templated":true}]}}