{"id":539,"date":"2022-03-21T22:12:28","date_gmt":"2022-03-22T05:12:28","guid":{"rendered":"https:\/\/bitcoinwisdom.com\/?page_id=539"},"modified":"2024-09-25T02:43:30","modified_gmt":"2024-09-25T02:43:30","slug":"about","status":"publish","type":"page","link":"https:\/\/bitcoinwisdom.com\/pl\/about\/","title":{"rendered":"O nas"},"content":{"rendered":"<h1 class=\"wp-block-heading\">O BitcoinM\u0105dro\u015b\u0107<\/h1>\n\n\n\n<p>Za\u0142o\u017cona w 2013 r. Bitcoin Wisdom stara si\u0119 dostarcza\u0107 pouczaj\u0105ce i dok\u0142adne wiadomo\u015bci dotycz\u0105ce bitcoin\u00f3w, prognozy cenowe, przewodniki inwestycyjne i recenzje gie\u0142d.<\/p>\n\n\n\n<h2 class=\"wp-block-heading\" id=\"h-the-team-behind-check-its-real\">Nasza misja<\/h2>\n\n\n\n<p>Mamy zesp\u00f3\u0142 oddanych os\u00f3b zaanga\u017cowanych w pomoc w nauce podstaw kryptowaluty. G\u0142\u00f3wnym zadaniem naszego zespo\u0142u jest zapewnienie Ci dost\u0119pu do rynk\u00f3w finansowych w mo\u017cliwie najprostszy spos\u00f3b. Z pomoc\u0105 naszych partner\u00f3w uczynili\u015bmy naszym obowi\u0105zkiem bycie cz\u0119\u015bci\u0105 Twojej podr\u00f3\u017cy do niezale\u017cno\u015bci finansowej z nieograniczonymi mo\u017cliwo\u015bciami oferowanymi przez rynek kryptowalut.<\/p>\n\n\n\n<h2 class=\"wp-block-heading\">Zesp\u00f3\u0142 redakcyjny<\/h2>\n\n\n\n<p>W BitcoinWisdom szczycimy si\u0119 dystrybucj\u0105 wy\u0142\u0105cznie tre\u015bci najwy\u017cszej jako\u015bci. Niestrudzenie pracujemy nad przestrzeganiem \u015bcis\u0142ego zbioru zasad dziennikarskich i <a href=\"https:\/\/bitcoinwisdom.com\/pl\/editorial-policy\/\" class=\"ek-link\">polityka redakcyjna<\/a> aby zapewni\u0107 naszym czytelnikom dok\u0142adne, rzetelne i godne zaufania informacje.<\/p>","protected":false},"excerpt":{"rendered":"<p>O BitcoinWisdom Za\u0142o\u017cona w 2013 roku firma Bitcoin Wisdom stara si\u0119 dostarcza\u0107 informacyjnych i dok\u0142adnych wiadomo\u015bci o bitcoinach, prognozach cenowych, przewodnikach inwestycyjnych i recenzjach gie\u0142dowych. Nasza misja Mamy zesp\u00f3\u0142 oddanych os\u00f3b zaanga\u017cowanych w pomoc w nauce podstaw kryptowalut. G\u0142\u00f3wnym zadaniem naszego zespo\u0142u jest zapewnienie Ci dost\u0119pu do rynk\u00f3w finansowych w [\u2026]<\/p>","protected":false},"author":4,"featured_media":0,"parent":0,"menu_order":0,"comment_status":"closed","ping_status":"closed","template":"","meta":{"_acf_changed":false,"_editorskit_title_hidden":false,"_editorskit_reading_time":1,"_editorskit_is_block_options_detached":false,"_editorskit_block_options_position":"{}","_uag_custom_page_level_css":"","footnotes":""},"class_list":["post-539","page","type-page","status-publish","hentry"],"acf":[],"uagb_featured_image_src":{"full":false,"thumbnail":false,"medium":false,"medium_large":false,"large":false,"1536x1536":false,"2048x2048":false,"trp-custom-language-flag":false},"uagb_author_info":{"display_name":"admin","author_link":"https:\/\/bitcoinwisdom.com\/pl\/author\/checkitsreal_u3wyz0\/"},"uagb_comment_info":0,"uagb_excerpt":"About BitcoinWisdom Founded in 2013, Bitcoin Wisdom strives to provide informative and accurate bitcoin news, price predictions, investing guides and exchange reviews. Our Mission We have a team of dedicated individuals committed to helping you learn the fundamentals of Cryptocurrency. Our team\u2019s primary assignment is to ensure that you can access the financial markets in&hellip;","_links":{"self":[{"href":"https:\/\/bitcoinwisdom.com\/pl\/wp-json\/wp\/v2\/pages\/539","targetHints":{"allow":["GET"]}}],"collection":[{"href":"https:\/\/bitcoinwisdom.com\/pl\/wp-json\/wp\/v2\/pages"}],"about":[{"href":"https:\/\/bitcoinwisdom.com\/pl\/wp-json\/wp\/v2\/types\/page"}],"author":[{"embeddable":true,"href":"https:\/\/bitcoinwisdom.com\/pl\/wp-json\/wp\/v2\/users\/4"}],"replies":[{"embeddable":true,"href":"https:\/\/bitcoinwisdom.com\/pl\/wp-json\/wp\/v2\/comments?post=539"}],"version-history":[{"count":0,"href":"https:\/\/bitcoinwisdom.com\/pl\/wp-json\/wp\/v2\/pages\/539\/revisions"}],"wp:attachment":[{"href":"https:\/\/bitcoinwisdom.com\/pl\/wp-json\/wp\/v2\/media?parent=539"}],"curies":[{"name":"wp","href":"https:\/\/api.w.org\/{rel}","templated":true}]}}