{"id":541,"date":"2022-03-21T22:13:46","date_gmt":"2022-03-22T05:13:46","guid":{"rendered":"https:\/\/bitcoinwisdom.com\/?page_id=541"},"modified":"2022-05-29T22:42:28","modified_gmt":"2022-05-30T05:42:28","slug":"terms-and-conditions","status":"publish","type":"page","link":"https:\/\/bitcoinwisdom.com\/pl\/terms-and-conditions\/","title":{"rendered":"Zasady i warunki"},"content":{"rendered":"<h1 class=\"wp-block-heading\" id=\"h-terms-and-conditions\">Zasady i warunki<\/h1>\n\n\n\n<p>Prosimy o uwa\u017cne zapoznanie si\u0119 z niniejszymi warunkami przed skorzystaniem z Naszej Us\u0142ugi.<\/p>\n\n\n\n<h2 class=\"wp-block-heading\" id=\"h-interpretation-and-definitions\">Interpretacja i definicje<\/h2>\n\n\n\n<h3 class=\"wp-block-heading\" id=\"h-interpretation\">Interpretacja<\/h3>\n\n\n\n<p>S\u0142owa, kt\u00f3rych pierwsza litera pisana jest wielk\u0105 liter\u0105, maj\u0105 znaczenie zdefiniowane w nast\u0119puj\u0105cych warunkach. Poni\u017csze definicje maj\u0105 to samo znaczenie niezale\u017cnie od tego, czy wyst\u0119puj\u0105 w liczbie pojedynczej czy mnogiej.<\/p>\n\n\n\n<h3 class=\"wp-block-heading\" id=\"h-definitions\">Definicje<\/h3>\n\n\n\n<p>Na potrzeby niniejszego Regulaminu:<\/p>\n\n\n\n<ul class=\"wp-block-list\"><li><strong>Przy\u0142\u0105cza\u0107<\/strong>&nbsp;oznacza podmiot, kt\u00f3ry kontroluje, jest kontrolowany lub znajduje si\u0119 pod wsp\u00f3ln\u0105 kontrol\u0105 ze stron\u0105, przy czym \u201ekontrola\u201d oznacza posiadanie 50% lub wi\u0119cej akcji, udzia\u0142\u00f3w kapita\u0142owych lub innych papier\u00f3w warto\u015bciowych uprawnionych do g\u0142osowania w wyborach dyrektor\u00f3w lub innego organu zarz\u0105dzaj\u0105cego.<\/li><li><strong>Kraj<\/strong>&nbsp;dotyczy: Berlin, Niemcy<\/li><li><strong>Firma<\/strong>&nbsp;(okre\u015blane w niniejszej Umowie jako \u201eFirma\u201d, \u201eMy\u201d, \u201eNas\u201d lub \u201eNasz\u201d w niniejszej Umowie) odnosi si\u0119 do relex.io.<\/li><li><strong>Urz\u0105dzenie<\/strong>&nbsp;oznacza ka\u017cde urz\u0105dzenie, kt\u00f3re mo\u017ce uzyska\u0107 dost\u0119p do Us\u0142ugi, takie jak komputer, telefon kom\u00f3rkowy lub tablet cyfrowy.<\/li><li><strong>Us\u0142uga<\/strong>&nbsp;odnosi si\u0119 do Serwisu.<\/li><li><strong>Zewn\u0119trzna us\u0142uga medi\u00f3w spo\u0142eczno\u015bciowych<\/strong>&nbsp;oznacza wszelkie us\u0142ugi lub tre\u015bci (w tym dane, informacje, produkty lub us\u0142ugi) dostarczane przez stron\u0119 trzeci\u0105, kt\u00f3re mog\u0105 by\u0107 wy\u015bwietlane, do\u0142\u0105czane lub udost\u0119pniane przez Us\u0142ug\u0119.<\/li><li><strong>Ty<\/strong>&nbsp;oznacza osob\u0119 uzyskuj\u0105c\u0105 dost\u0119p do Us\u0142ugi lub korzystaj\u0105c\u0105 z niej, lub firm\u0119 lub inny podmiot prawny, w imieniu kt\u00f3rego taka osoba uzyskuje dost\u0119p lub korzysta z Us\u0142ugi, w zale\u017cno\u015bci od przypadku.<\/li><\/ul>\n\n\n\n<h2 class=\"wp-block-heading\" id=\"h-acknowledgment\">Potwierdzenie<\/h2>\n\n\n\n<p>S\u0105 to Warunki reguluj\u0105ce korzystanie z tej Us\u0142ugi oraz umowa, kt\u00f3ra obowi\u0105zuje mi\u0119dzy Tob\u0105 a Firm\u0105. Niniejszy Regulamin okre\u015bla prawa i obowi\u0105zki wszystkich u\u017cytkownik\u00f3w w zakresie korzystania z Serwisu.<\/p>\n\n\n\n<p>Tw\u00f3j dost\u0119p do Us\u0142ugi i korzystanie z niej jest uwarunkowane akceptacj\u0105 i przestrzeganiem niniejszych Warunk\u00f3w. Niniejsze Warunki maj\u0105 zastosowanie do wszystkich odwiedzaj\u0105cych, u\u017cytkownik\u00f3w i innych os\u00f3b, kt\u00f3re uzyskuj\u0105 dost\u0119p do Us\u0142ugi lub korzystaj\u0105 z niej.<\/p>\n\n\n\n<p>Uzyskuj\u0105c dost\u0119p do Us\u0142ugi lub korzystaj\u0105c z niej, wyra\u017casz zgod\u0119 na przestrzeganie niniejszych Warunk\u00f3w. Je\u015bli nie zgadzasz si\u0119 z jak\u0105kolwiek cz\u0119\u015bci\u0105 niniejszych Warunk\u00f3w, nie mo\u017cesz uzyska\u0107 dost\u0119pu do Us\u0142ugi.<\/p>\n\n\n\n<p>O\u015bwiadczasz, \u017ce masz uko\u0144czone 18 lat. Firma nie zezwala osobom poni\u017cej 18 roku \u017cycia na korzystanie z Us\u0142ugi.<\/p>\n\n\n\n<p>Tw\u00f3j dost\u0119p do Us\u0142ugi i korzystanie z niej jest r\u00f3wnie\u017c uzale\u017cnione od Twojej akceptacji i przestrzegania Polityki Prywatno\u015bci Sp\u00f3\u0142ki. Nasza Polityka prywatno\u015bci opisuje nasze zasady i procedury dotycz\u0105ce gromadzenia, wykorzystywania i ujawniania Twoich danych osobowych podczas korzystania z Aplikacji lub Witryny oraz informuje o Twoich prawach do prywatno\u015bci oraz o tym, jak prawo Ci\u0119 chroni. Prosimy o uwa\u017cne zapoznanie si\u0119 z nasz\u0105 Polityk\u0105 prywatno\u015bci przed skorzystaniem z naszej us\u0142ugi.<\/p>\n\n\n\n<h2 class=\"wp-block-heading\" id=\"h-links-to-other-websites\">Linki do innych stron internetowych<\/h2>\n\n\n\n<p>Nasza Us\u0142uga mo\u017ce zawiera\u0107 \u0142\u0105cza do stron internetowych lub us\u0142ug stron trzecich, kt\u00f3re nie s\u0105 w\u0142asno\u015bci\u0105 ani nie s\u0105 kontrolowane przez Firm\u0119.<\/p>\n\n\n\n<p>Firma nie ma kontroli nad tre\u015bci\u0105, polityk\u0105 prywatno\u015bci ani praktykami stron internetowych lub us\u0142ug stron trzecich i nie ponosi za nie odpowiedzialno\u015bci. Ponadto przyjmujesz do wiadomo\u015bci i zgadzasz si\u0119, \u017ce Firma nie ponosi odpowiedzialno\u015bci, bezpo\u015brednio ani po\u015brednio, za jakiekolwiek szkody lub straty spowodowane lub rzekomo spowodowane przez lub w zwi\u0105zku z wykorzystaniem lub poleganiem na takich tre\u015bciach, towarach lub us\u0142ugach dost\u0119pnych na lub za po\u015brednictwem takich witryn internetowych lub us\u0142ug.<\/p>\n\n\n\n<p>Zdecydowanie zalecamy zapoznanie si\u0119 z warunkami i polityk\u0105 prywatno\u015bci wszelkich odwiedzanych witryn internetowych lub us\u0142ug stron trzecich.<\/p>\n\n\n\n<h2 class=\"wp-block-heading\" id=\"h-termination\">Zako\u0144czenie<\/h2>\n\n\n\n<p>Mo\u017cemy natychmiast zako\u0144czy\u0107 lub zawiesi\u0107 Tw\u00f3j dost\u0119p, bez uprzedniego powiadomienia lub odpowiedzialno\u015bci, z dowolnego powodu, w tym bez ogranicze\u0144, je\u015bli naruszysz niniejsze Warunki.<\/p>\n\n\n\n<p>Po rozwi\u0105zaniu, Twoje prawo do korzystania z Us\u0142ugi natychmiast wyga\u015bnie.<\/p>\n\n\n\n<h2 class=\"wp-block-heading\" id=\"h-limitation-of-liability\">Ograniczenie odpowiedzialno\u015bci<\/h2>\n\n\n\n<p>Niezale\u017cnie od jakichkolwiek szk\u00f3d, kt\u00f3re mo\u017cesz ponie\u015b\u0107, ca\u0142a odpowiedzialno\u015b\u0107 Firmy i kt\u00f3regokolwiek z jej dostawc\u00f3w na podstawie dowolnego postanowienia niniejszych Warunk\u00f3w i wy\u0142\u0105czne zado\u015b\u0107uczynienie za wszystkie powy\u017csze s\u0105 ograniczone do kwoty faktycznie zap\u0142aconej przez Ciebie za po\u015brednictwem Us\u0142ugi lub 100 USD je\u015bli nie kupi\u0142e\u015b niczego za po\u015brednictwem Us\u0142ugi.<\/p>\n\n\n\n<p>W maksymalnym zakresie dozwolonym przez obowi\u0105zuj\u0105ce prawo, w \u017cadnym wypadku Firma ani jej dostawcy nie ponosz\u0105 odpowiedzialno\u015bci za jakiekolwiek szczeg\u00f3lne, przypadkowe, po\u015brednie lub wynikowe szkody (w tym, ale nie wy\u0142\u0105cznie, szkody z tytu\u0142u utraty zysk\u00f3w, utraty danych lub inne informacje, w przypadku przerwy w dzia\u0142alno\u015bci, obra\u017ce\u0144 cia\u0142a, utraty prywatno\u015bci wynikaj\u0105cej lub w jakikolwiek spos\u00f3b zwi\u0105zanej z korzystaniem lub niemo\u017cno\u015bci\u0105 korzystania z Us\u0142ugi, oprogramowania i\/lub sprz\u0119tu strony trzeciej u\u017cywanego z Us\u0142ug\u0105, lub inaczej w zwi\u0105zku z jakimkolwiek postanowieniem niniejszych Warunk\u00f3w), nawet je\u015bli Sp\u00f3\u0142ka lub jakikolwiek dostawca zosta\u0142 poinformowany o mo\u017cliwo\u015bci wyst\u0105pienia takich szk\u00f3d, a nawet je\u015bli \u015brodek zaradczy nie spe\u0142ni swojego podstawowego celu.<\/p>\n\n\n\n<p>Niekt\u00f3re stany nie zezwalaj\u0105 na wy\u0142\u0105czenie dorozumianych gwarancji lub ograniczenie odpowiedzialno\u015bci za szkody przypadkowe lub wynikowe, co oznacza, \u017ce niekt\u00f3re z powy\u017cszych ogranicze\u0144 mog\u0105 nie mie\u0107 zastosowania. W tych stanach odpowiedzialno\u015b\u0107 ka\u017cdej ze stron b\u0119dzie ograniczona w najszerszym zakresie dozwolonym przez prawo.<\/p>\n\n\n\n<h2 class=\"wp-block-heading\" id=\"h-as-is-and-as-available-disclaimer\">O\u015bwiadczenie \u201eTAK JAK JEST\u201d i \u201eW MIAR\u0118 DOST\u0118PNO\u015aCI\u201d<\/h2>\n\n\n\n<p>Us\u0142uga jest \u015bwiadczona Pa\u0144stwu \u201eTAK JAK JEST\u201d i \u201eW MIAR\u0118 DOST\u0118PNO\u015aCI\u201d oraz ze wszystkimi wadami i wadami bez jakiejkolwiek gwarancji. W maksymalnym zakresie dozwolonym przez obowi\u0105zuj\u0105ce prawo, Firma, we w\u0142asnym imieniu i w imieniu swoich Podmiot\u00f3w Stowarzyszonych oraz jej odpowiednich licencjodawc\u00f3w i us\u0142ugodawc\u00f3w, wyra\u017anie zrzeka si\u0119 wszelkich gwarancji, wyra\u017anych, dorozumianych, ustawowych lub innych, w odniesieniu do Us\u0142ugi, w tym wszelkie dorozumiane gwarancje warto\u015bci handlowej, przydatno\u015bci do okre\u015blonego celu, tytu\u0142u i nienaruszania praw oraz gwarancje, kt\u00f3re mog\u0105 wynika\u0107 z przebiegu transakcji, przebiegu dzia\u0142ania, u\u017cytkowania lub praktyki handlowej. Bez ograniczenia powy\u017cszego, Firma nie udziela \u017cadnej gwarancji ani zobowi\u0105zania i nie sk\u0142ada \u017cadnego rodzaju o\u015bwiadcze\u0144, \u017ce Us\u0142uga spe\u0142ni Twoje wymagania, osi\u0105gnie zamierzone wyniki, b\u0119dzie kompatybilna lub b\u0119dzie dzia\u0142a\u0107 z jakimkolwiek innym oprogramowaniem, aplikacjami, systemami lub us\u0142ugami, b\u0119dzie dzia\u0142a\u0107 nieprzerwanie spe\u0142nia\u0107 wszelkie standardy wydajno\u015bci lub niezawodno\u015bci lub by\u0107 wolne od b\u0142\u0119d\u00f3w lub \u017ce wszelkie b\u0142\u0119dy lub wady mog\u0105 lub b\u0119d\u0105 naprawiane.<\/p>\n\n\n\n<p>Nie ograniczaj\u0105c powy\u017cszego, ani Sp\u00f3\u0142ka, ani \u017caden z jej dostawc\u00f3w nie sk\u0142ada \u017cadnych o\u015bwiadcze\u0144 ani gwarancji jakiegokolwiek rodzaju, wyra\u017anych lub dorozumianych: (i) co do dzia\u0142ania lub dost\u0119pno\u015bci Us\u0142ugi lub informacji, tre\u015bci i materia\u0142\u00f3w lub produkt\u00f3w zawarte na nim; (ii) \u017ce Us\u0142uga b\u0119dzie nieprzerwana lub wolna od b\u0142\u0119d\u00f3w; (iii) co do dok\u0142adno\u015bci, wiarygodno\u015bci lub aktualno\u015bci jakichkolwiek informacji lub tre\u015bci dostarczanych za po\u015brednictwem Us\u0142ugi; lub (iv) \u017ce Us\u0142uga, jej serwery, tre\u015b\u0107 lub wiadomo\u015bci e-mail wysy\u0142ane z lub w imieniu Firmy s\u0105 wolne od wirus\u00f3w, skrypt\u00f3w, koni troja\u0144skich, robak\u00f3w, z\u0142o\u015bliwego oprogramowania, bomb zegarowych lub innych szkodliwych element\u00f3w.<\/p>\n\n\n\n<p>Niekt\u00f3re jurysdykcje nie zezwalaj\u0105 na wy\u0142\u0105czenie niekt\u00f3rych rodzaj\u00f3w gwarancji lub ogranicze\u0144 maj\u0105cych zastosowanie ustawowych praw konsumenta, wi\u0119c niekt\u00f3re lub wszystkie powy\u017csze wy\u0142\u0105czenia i ograniczenia mog\u0105 nie mie\u0107 zastosowania do Ciebie. Jednak w takim przypadku wy\u0142\u0105czenia i ograniczenia okre\u015blone w tej sekcji b\u0119d\u0105 mia\u0142y zastosowanie w najszerszym zakresie wykonalnym zgodnie z obowi\u0105zuj\u0105cym prawem.<\/p>\n\n\n\n<h2 class=\"wp-block-heading\" id=\"h-governing-law\">Prawo rz\u0105dowe<\/h2>\n\n\n\n<p>Niniejsze Warunki i korzystanie z Us\u0142ugi przez U\u017cytkownika podlegaj\u0105 prawu kraju, z wy\u0142\u0105czeniem przepis\u00f3w kolizyjnych. Korzystanie z Aplikacji mo\u017ce r\u00f3wnie\u017c podlega\u0107 innym przepisom lokalnym, stanowym, krajowym lub mi\u0119dzynarodowym.<\/p>\n\n\n\n<h2 class=\"wp-block-heading\" id=\"h-disputes-resolution\">Rozstrzyganie spor\u00f3w<\/h2>\n\n\n\n<p>Je\u015bli masz jakiekolwiek w\u0105tpliwo\u015bci lub sp\u00f3r dotycz\u0105cy Us\u0142ugi, zgadzasz si\u0119 najpierw spr\u00f3bowa\u0107 rozwi\u0105za\u0107 sp\u00f3r nieformalnie, kontaktuj\u0105c si\u0119 z Firm\u0105.<\/p>\n\n\n\n<h2 class=\"wp-block-heading\" id=\"h-for-european-union-eu-users\">Dla u\u017cytkownik\u00f3w z Unii Europejskiej (UE)<\/h2>\n\n\n\n<p>Je\u015bli jeste\u015b konsumentem z Unii Europejskiej, skorzystasz z wszelkich bezwzgl\u0119dnie obowi\u0105zuj\u0105cych przepis\u00f3w prawa kraju, w kt\u00f3rym mieszkasz.<\/p>\n\n\n\n<h2 class=\"wp-block-heading\" id=\"h-united-states-legal-compliance\">Zgodno\u015b\u0107 z prawem Stan\u00f3w Zjednoczonych<\/h2>\n\n\n\n<p>O\u015bwiadczasz i gwarantujesz, \u017ce (i) nie znajdujesz si\u0119 w kraju obj\u0119tym embargiem rz\u0105du Stan\u00f3w Zjednoczonych lub kt\u00f3ry zosta\u0142 wyznaczony przez rz\u0105d Stan\u00f3w Zjednoczonych jako kraj \u201ewspieraj\u0105cy terroryzm\u201d oraz (ii) nie jeste\u015b wymienione na dowolnej rz\u0105dowej li\u015bcie podmiot\u00f3w obj\u0119tych zakazem lub ograniczeniami w Stanach Zjednoczonych.<\/p>\n\n\n\n<h2 class=\"wp-block-heading\" id=\"h-severability-and-waiver\">Rozdzielno\u015b\u0107 i zrzeczenie si\u0119<\/h2>\n\n\n\n<h3 class=\"wp-block-heading\" id=\"h-severability\">Podzielno\u015b\u0107<\/h3>\n\n\n\n<p>Je\u015bli jakiekolwiek postanowienie niniejszych Warunk\u00f3w zostanie uznane za niewykonalne lub niewa\u017cne, postanowienie to zostanie zmienione i zinterpretowane tak, aby osi\u0105gn\u0105\u0107 cele takiego postanowienia w najwi\u0119kszym mo\u017cliwym zakresie zgodnie z obowi\u0105zuj\u0105cym prawem, a pozosta\u0142e postanowienia pozostan\u0105 w pe\u0142nej mocy.<\/p>\n\n\n\n<h3 class=\"wp-block-heading\" id=\"h-waiver\">Zrzeczenie si\u0119<\/h3>\n\n\n\n<p>Z wyj\u0105tkiem przypadk\u00f3w przewidzianych w niniejszych Warunkach, nieskorzystanie z prawa lub nie wymaganie wykonania zobowi\u0105zania wynikaj\u0105cego z niniejszych Warunk\u00f3w nie b\u0119dzie mia\u0142o wp\u0142ywu na zdolno\u015b\u0107 strony do skorzystania z takiego prawa lub wymagania takiego wykonania w dowolnym p\u00f3\u017aniejszym czasie, ani zrzeczenie si\u0119 naruszenia nie stanowi zrzeczenia si\u0119 wszelkie kolejne naruszenia.<\/p>\n\n\n\n<h2 class=\"wp-block-heading\" id=\"h-translation-interpretation\">T\u0142umaczenia ustne<\/h2>\n\n\n\n<p>Niniejsze Warunki mog\u0142y zosta\u0107 przet\u0142umaczone, je\u015bli udost\u0119pnili\u015bmy je Tobie w naszej Us\u0142udze. Zgadzasz si\u0119, \u017ce w przypadku sporu pierwsze\u0144stwo ma oryginalny tekst w j\u0119zyku angielskim.<\/p>\n\n\n\n<h2 class=\"wp-block-heading\" id=\"h-changes-to-these-terms-and-conditions\">Zmiany w niniejszym Regulaminie<\/h2>\n\n\n\n<p>Zastrzegamy sobie prawo, wed\u0142ug naszego wy\u0142\u0105cznego uznania, do modyfikowania lub zast\u0119powania niniejszych Warunk\u00f3w w dowolnym momencie. Je\u015bli zmiana jest istotna, do\u0142o\u017cymy uzasadnionych stara\u0144, aby powiadomi\u0107 o tym z co najmniej 30-dniowym wyprzedzeniem przed wej\u015bciem w \u017cycie nowych warunk\u00f3w. Co stanowi istotn\u0105 zmian\u0119, zostanie ustalone wed\u0142ug naszego wy\u0142\u0105cznego uznania.<\/p>\n\n\n\n<p>Kontynuuj\u0105c dost\u0119p do naszej Us\u0142ugi lub korzystanie z niej po wej\u015bciu w \u017cycie tych zmian, zgadzasz si\u0119 na zwi\u0105zanie si\u0119 zmienionymi warunkami. Je\u015bli nie zgadzasz si\u0119 na nowe warunki, w ca\u0142o\u015bci lub w cz\u0119\u015bci, zaprzesta\u0144 korzystania z serwisu i Us\u0142ugi.<\/p>","protected":false},"excerpt":{"rendered":"<p>Zasady i warunki Przed skorzystaniem z naszych us\u0142ug prosimy o uwa\u017cne zapoznanie si\u0119 z niniejszymi warunkami. Interpretacja i definicje Interpretacja S\u0142owa, kt\u00f3rych pierwsza litera pisana jest wielk\u0105 liter\u0105, maj\u0105 znaczenie zdefiniowane w nast\u0119puj\u0105cych warunkach. Poni\u017csze definicje maj\u0105 to samo znaczenie niezale\u017cnie od tego, czy wyst\u0119puj\u0105 w liczbie pojedynczej czy mnogiej. Definicje Dla [\u2026]<\/p>","protected":false},"author":4,"featured_media":0,"parent":0,"menu_order":0,"comment_status":"closed","ping_status":"closed","template":"","meta":{"_acf_changed":false,"_editorskit_title_hidden":false,"_editorskit_reading_time":0,"_editorskit_is_block_options_detached":false,"_editorskit_block_options_position":"{}","_uag_custom_page_level_css":"","footnotes":""},"class_list":["post-541","page","type-page","status-publish","hentry"],"acf":[],"uagb_featured_image_src":{"full":false,"thumbnail":false,"medium":false,"medium_large":false,"large":false,"1536x1536":false,"2048x2048":false,"trp-custom-language-flag":false},"uagb_author_info":{"display_name":"admin","author_link":"https:\/\/bitcoinwisdom.com\/pl\/author\/checkitsreal_u3wyz0\/"},"uagb_comment_info":0,"uagb_excerpt":"Terms and Conditions Please read these terms and conditions carefully before using Our Service. Interpretation and Definitions Interpretation The words of which the initial letter is capitalized have meanings defined under the following conditions. The following definitions shall have the same meaning regardless of whether they appear in singular or in plural. Definitions For the&hellip;","_links":{"self":[{"href":"https:\/\/bitcoinwisdom.com\/pl\/wp-json\/wp\/v2\/pages\/541","targetHints":{"allow":["GET"]}}],"collection":[{"href":"https:\/\/bitcoinwisdom.com\/pl\/wp-json\/wp\/v2\/pages"}],"about":[{"href":"https:\/\/bitcoinwisdom.com\/pl\/wp-json\/wp\/v2\/types\/page"}],"author":[{"embeddable":true,"href":"https:\/\/bitcoinwisdom.com\/pl\/wp-json\/wp\/v2\/users\/4"}],"replies":[{"embeddable":true,"href":"https:\/\/bitcoinwisdom.com\/pl\/wp-json\/wp\/v2\/comments?post=541"}],"version-history":[{"count":0,"href":"https:\/\/bitcoinwisdom.com\/pl\/wp-json\/wp\/v2\/pages\/541\/revisions"}],"wp:attachment":[{"href":"https:\/\/bitcoinwisdom.com\/pl\/wp-json\/wp\/v2\/media?parent=541"}],"curies":[{"name":"wp","href":"https:\/\/api.w.org\/{rel}","templated":true}]}}