{"id":730,"date":"2022-03-23T14:00:00","date_gmt":"2022-03-23T21:00:00","guid":{"rendered":"https:\/\/bitcoinwisdom.com\/?page_id=730"},"modified":"2022-06-21T17:01:00","modified_gmt":"2022-06-22T00:01:00","slug":"new-homepage","status":"publish","type":"page","link":"https:\/\/bitcoinwisdom.com\/pl\/","title":{"rendered":"Wiadomo\u015bci o Bitcoin i kryptowaluty, wykresy, prognozy cen, przewodniki i recenzje gie\u0142dy"},"content":{"rendered":"<div class=\"wp-block-cover is-light bannerSection\"><span aria-hidden=\"true\" class=\"wp-block-cover__background has-background-dim-0 has-background-dim\"><\/span><div class=\"wp-block-cover__inner-container is-layout-flow wp-block-cover-is-layout-flow\">\n<h1 class=\"has-text-align-center wp-block-heading\">Wiadomo\u015bci kryptograficzne, prognozy cenowe, przewodniki inwestycyjne i recenzje gie\u0142d<\/h1>\n\n\n\n<h3 class=\"has-text-align-center wp-block-heading\">Za\u0142o\u017cona w 2013 r. Bitcoin Wisdom stara si\u0119 dostarcza\u0107 pouczaj\u0105ce i dok\u0142adne wiadomo\u015bci dotycz\u0105ce bitcoin\u00f3w, prognozy cenowe, przewodniki inwestycyjne i recenzje gie\u0142d.<\/h3>\n\n\n\n<div class=\"wp-block-columns are-vertically-aligned-center columnsWithLinks\">\n<div class=\"wp-block-column is-vertically-aligned-center\"><div class=\"wp-block-image\">\n<figure class=\"aligncenter size-large\"><a href=\"\/pl\/news\/\"><img decoding=\"async\" width=\"24\" height=\"21\" src=\"\/wp-content\/uploads\/2022\/03\/ico-news.svg\" alt=\"\" class=\"wp-image-751\"\/><\/a><\/figure><\/div>\n\n\n<p class=\"has-text-align-center\"><a href=\"\/pl\/news\/\" class=\"ek-link\">Najnowsze wiadomo\u015bci o kryptowalutach<\/a><\/p>\n<\/div>\n\n\n\n<div class=\"wp-block-column is-vertically-aligned-center\"><div class=\"wp-block-image\">\n<figure class=\"aligncenter size-large\"><a href=\"\/pl\/predictions\/\"><img decoding=\"async\" width=\"25\" height=\"22\" src=\"\/wp-content\/uploads\/2022\/03\/ico-bitcoin-wallet.svg\" alt=\"\" class=\"wp-image-752\"\/><\/a><\/figure><\/div>\n\n\n<p class=\"has-text-align-center\"><a href=\"\/pl\/predictions\/\" class=\"ek-link\">Prognozy cen<\/a><\/p>\n<\/div>\n\n\n\n<div class=\"wp-block-column is-vertically-aligned-center\"><div class=\"wp-block-image\">\n<figure class=\"aligncenter size-large\"><a href=\"\/pl\/guides\/\"><img decoding=\"async\" width=\"16\" height=\"22\" src=\"\/wp-content\/uploads\/2022\/03\/ico-bitcoin.svg\" alt=\"\" class=\"wp-image-754\"\/><\/a><\/figure><\/div>\n\n\n<p class=\"has-text-align-center\"><a href=\"\/pl\/guides\/\" class=\"ek-link\">Przewodniki inwestycyjne<\/a><\/p>\n<\/div>\n\n\n\n<div class=\"wp-block-column is-vertically-aligned-center\"><div class=\"wp-block-image\">\n<figure class=\"aligncenter size-large\"><a href=\"\/pl\/reviews\/\"><img decoding=\"async\" width=\"20\" height=\"24\" src=\"\/wp-content\/uploads\/2022\/03\/ico-startshere.svg\" alt=\"\" class=\"wp-image-755\"\/><\/a><\/figure><\/div>\n\n\n<p class=\"has-text-align-center\"><a href=\"\/pl\/reviews\/\" class=\"ek-link\">Wymiana opinii<\/a><\/p>\n<\/div>\n\n\n\n<div class=\"wp-block-column is-vertically-aligned-center\"><div class=\"wp-block-image\">\n<figure class=\"aligncenter size-large\"><a href=\"\/pl\/robots\/\"><img decoding=\"async\" width=\"30\" height=\"32\" src=\"\/wp-content\/uploads\/2022\/03\/ico-trading.svg\" alt=\"\" class=\"wp-image-753\"\/><\/a><\/figure><\/div>\n\n\n<p class=\"has-text-align-center\"><a href=\"\/pl\/robots\/\" class=\"ek-link\">Roboty Bitcoin<\/a><\/p>\n<\/div>\n\n\n\n<div class=\"wp-block-column is-vertically-aligned-center\"><div class=\"wp-block-image\">\n<figure class=\"aligncenter size-large\"><a href=\"\/pl\/where-to-buy-and-sell-bitcoin\/\"><img decoding=\"async\" width=\"34\" height=\"32\" src=\"\/wp-content\/uploads\/2022\/03\/ico-to-buy.svg\" alt=\"\" class=\"wp-image-756\"\/><\/a><\/figure><\/div>\n\n\n<p class=\"has-text-align-center\"><a href=\"\/pl\/where-to-buy-and-sell-bitcoin\/\" type=\"post\" id=\"675\" class=\"ek-link\">Jak kupi\u0107 Bitcoina<\/a><\/p>\n<\/div>\n<\/div>\n<\/div><\/div>\n\n\n\n<div class=\"wp-block-group whiteContainer\"><div class=\"wp-block-group__inner-container\">\n<div class=\"wp-block-columns\">\n<div class=\"wp-block-column\">\n<h2 class=\"wp-block-heading\" id=\"h-breaking-cryptocurrency-news\">Aktualno\u015bci dotycz\u0105ce kryptowalut<\/h2>\n<\/div>\n\n\n\n<div class=\"wp-block-column\">\n<div class=\"wp-block-columns\">\n<div class=\"wp-block-column\"><\/div>\n\n\n\n<div class=\"wp-block-column\"><\/div>\n\n\n\n<div class=\"wp-block-column\"><\/div>\n\n\n\n<div class=\"wp-block-column\"><\/div>\n<\/div>\n<\/div>\n<\/div>\n<\/div><\/div>\n\n\n\n<div class=\"wp-block-group cryptoMarkets\"><div class=\"wp-block-group__inner-container\"><div class=\"bigCategoryContainer categoryContainer\"><div class=\"innercategoryContainer\"><div class=\"postContainer small\"><a href=\"https:\/\/bitcoinwisdom.com\/pl\/binance-informed-vip-traders-of-the-deal-with\/\"><img decoding=\"async\" class=\"featured\" src=\"https:\/\/bitcoinwisdom.com\/wp-content\/uploads\/2023\/01\/Binance-1-500x330.jpg\"><\/a><div class=\"postDetailsContainer\"><h3 class=\"postTitle\"><a href=\"https:\/\/bitcoinwisdom.com\/pl\/binance-informed-vip-traders-of-the-deal-with\/\">Binance poinformowa\u0142o trader\u00f3w VIP o porozumieniu z Departamentem Sprawiedliwo\u015bci we wrze\u015bniu<\/a><\/h3><div class=\"postDetails\"><strong>Za pomoc\u0105 <a href=\"https:\/\/bitcoinwisdom.com\/pl\/author\/lawrencew\/\">Lawrence Woriji<\/a><\/strong> <time class=\"timeago\" datetime=\"2023-12-01T20:31:38+00:00\">1 grudnia 2023<\/time><\/div><\/div><\/div><div class=\"postContainer small\"><a href=\"https:\/\/bitcoinwisdom.com\/pl\/coinbase-reports-a-6-surge-in-data-requests-from-federal-agencies\/\"><img decoding=\"async\" class=\"featured\" src=\"https:\/\/bitcoinwisdom.com\/wp-content\/uploads\/2023\/12\/Coinbase-500x330.jpg\"><\/a><div class=\"postDetailsContainer\"><h3 class=\"postTitle\"><a href=\"https:\/\/bitcoinwisdom.com\/pl\/coinbase-reports-a-6-surge-in-data-requests-from-federal-agencies\/\">Coinbase zg\u0142asza wzrost liczby \u017c\u0105da\u0144 danych od agencji federalnych o 6%<\/a><\/h3><div class=\"postDetails\"><strong>Za pomoc\u0105 <a href=\"https:\/\/bitcoinwisdom.com\/pl\/author\/parth\/\">Parth Dubey<\/a><\/strong> <time class=\"timeago\" datetime=\"2023-12-01T05:01:52+00:00\">1 grudnia 2023<\/time><\/div><\/div><\/div><div class=\"postContainer small\"><a href=\"https:\/\/bitcoinwisdom.com\/pl\/circle-responds-to-terrorism-financing\/\"><img decoding=\"async\" class=\"featured\" src=\"https:\/\/bitcoinwisdom.com\/wp-content\/uploads\/2022\/07\/USDC-circle-500x330.jpg\"><\/a><div class=\"postDetailsContainer\"><h3 class=\"postTitle\"><a href=\"https:\/\/bitcoinwisdom.com\/pl\/circle-responds-to-terrorism-financing\/\">Circle odpowiada na zarzuty dotycz\u0105ce finansowania terroryzmu<\/a><\/h3><div class=\"postDetails\"><strong>Za pomoc\u0105 <a href=\"https:\/\/bitcoinwisdom.com\/pl\/author\/lawrencew\/\">Lawrence Woriji<\/a><\/strong> <time class=\"timeago\" datetime=\"2023-11-30T23:08:38+00:00\">30 listopada 2023 r<\/time><\/div><\/div><\/div><div class=\"postContainer small\"><a href=\"https:\/\/bitcoinwisdom.com\/pl\/paxos-wins-initial-approval-from-abu-dhabi-to-issue-stablecoins\/\"><img decoding=\"async\" class=\"featured\" src=\"https:\/\/bitcoinwisdom.com\/wp-content\/uploads\/2023\/11\/Paxos-1-500x330.jpg\"><\/a><div class=\"postDetailsContainer\"><h3 class=\"postTitle\"><a href=\"https:\/\/bitcoinwisdom.com\/pl\/paxos-wins-initial-approval-from-abu-dhabi-to-issue-stablecoins\/\">Paxos uzyskuje wst\u0119pn\u0105 zgod\u0119 od Abu Zabi na emisj\u0119 monet Stablecoin<\/a><\/h3><div class=\"postDetails\"><strong>Za pomoc\u0105 <a href=\"https:\/\/bitcoinwisdom.com\/pl\/author\/parth\/\">Parth Dubey<\/a><\/strong> <time class=\"timeago\" datetime=\"2023-11-30T06:47:10+00:00\">30 listopada 2023 r<\/time><\/div><\/div><\/div><div class=\"postContainer small\"><a href=\"https:\/\/bitcoinwisdom.com\/pl\/binance-confirms-plans-to-withdraw-support-for\/\"><img decoding=\"async\" class=\"featured\" src=\"https:\/\/bitcoinwisdom.com\/wp-content\/uploads\/2023\/02\/BUSD-1-500x330.jpg\"><\/a><div class=\"postDetailsContainer\"><h3 class=\"postTitle\"><a href=\"https:\/\/bitcoinwisdom.com\/pl\/binance-confirms-plans-to-withdraw-support-for\/\">Binance potwierdza plany wycofania wsparcia dla BUSD w grudniu<\/a><\/h3><div class=\"postDetails\"><strong>Za pomoc\u0105 <a href=\"https:\/\/bitcoinwisdom.com\/pl\/author\/lawrencew\/\">Lawrence Woriji<\/a><\/strong> <time class=\"timeago\" datetime=\"2023-11-29T22:30:40+00:00\">29 listopada 2023<\/time><\/div><\/div><\/div><div class=\"postContainer small\"><a href=\"https:\/\/bitcoinwisdom.com\/pl\/ronaldo-sued-for-promotion-of-binance-and-registered-securities\/\"><img decoding=\"async\" class=\"featured\" src=\"https:\/\/bitcoinwisdom.com\/wp-content\/uploads\/2023\/11\/Ronaldo-500x330.jpg\"><\/a><div class=\"postDetailsContainer\"><h3 class=\"postTitle\"><a href=\"https:\/\/bitcoinwisdom.com\/pl\/ronaldo-sued-for-promotion-of-binance-and-registered-securities\/\">Ronaldo pozwany za promowanie Binance i zarejestrowanych papier\u00f3w warto\u015bciowych<\/a><\/h3><div class=\"postDetails\"><strong>Za pomoc\u0105 <a href=\"https:\/\/bitcoinwisdom.com\/pl\/author\/parth\/\">Parth Dubey<\/a><\/strong> <time class=\"timeago\" datetime=\"2023-11-29T09:24:40+00:00\">29 listopada 2023<\/time><\/div><\/div><\/div><div class=\"postContainer small\"><a href=\"https:\/\/bitcoinwisdom.com\/pl\/coinbase-stock-continues-to-soar-following\/\"><img decoding=\"async\" class=\"featured\" src=\"https:\/\/bitcoinwisdom.com\/wp-content\/uploads\/2022\/06\/Coinbase-Offers-Jobs-Takes-Them-Back-500x330.jpg\"><\/a><div class=\"postDetailsContainer\"><h3 class=\"postTitle\"><a href=\"https:\/\/bitcoinwisdom.com\/pl\/coinbase-stock-continues-to-soar-following\/\">Akcje Coinbase nadal rosn\u0105 po porozumieniu Binance z Departamentem Sprawiedliwo\u015bci<\/a><\/h3><div class=\"postDetails\"><strong>Za pomoc\u0105 <a href=\"https:\/\/bitcoinwisdom.com\/pl\/author\/lawrencew\/\">Lawrence Woriji<\/a><\/strong> <time class=\"timeago\" datetime=\"2023-11-28T21:17:30+00:00\">28 listopada 2023<\/time><\/div><\/div><\/div><div class=\"remainingContainer\"><ul><li><h3 class=\"postTitle\"><a href=\"https:\/\/bitcoinwisdom.com\/pl\/ftx-users-target-mercedes-racing-team-mlb-in-lawsuit-details\/\">U\u017cytkownicy FTX atakuj\u0105 zesp\u00f3\u0142 Mercedes Racing Team, MLB w pozwie: szczeg\u00f3\u0142y<\/a><\/h3><\/li><li><h3 class=\"postTitle\"><a href=\"https:\/\/bitcoinwisdom.com\/pl\/judge-orders-cz-to-remain-in-the-us\/\">S\u0119dzia nakazuje CZ pozosta\u0107 w USA<\/a><\/h3><\/li><li><h3 class=\"postTitle\"><a href=\"https:\/\/bitcoinwisdom.com\/pl\/news\/\">Zobacz wi\u0119cej artyku\u0142\u00f3w z wiadomo\u015bciami<\/a><\/h3><\/li><\/div><\/div>\n<\/div><\/div>\n\n\n\n<h2 class=\"wp-block-heading\">Rynki kryptowalut na \u017cywo<\/h2>\n\n\n\n<div class=\"wp-block-group\"><div class=\"wp-block-group__inner-container\"><div class=\"cryptoboxes mcw-table light\" id=\"mcw-6349\" data-realtime=\"on\"><div class=\"title-bar\">10 najlepszych monet<\/div><table class=\"mcw-datatable dataTable display nowrap\" style=\"width: 100%\" data-length=\"10\" data-total=\"200\"><thead><tr><th class=\"col-rank text-left\" data-col=\"rank\">#<\/th><th class=\"col-name text-left\" data-col=\"name\">Moneta<\/th><th class=\"col-price_usd\" data-col=\"price_usd\">Cena \u00a3<\/th><th class=\"col-market_cap_usd\" data-col=\"market_cap_usd\">Kapitalizacja rynkowa<\/th><th class=\"col-volume_usd_24h\" data-col=\"volume_usd_24h\">Obj\u0119to\u015b\u0107 (24h)<\/th><th class=\"col-available_supply\" data-col=\"available_supply\">Dostarcza\u0107<\/th><th class=\"col-percent_change_24h\" data-col=\"percent_change_24h\">Zmiana<\/th><th class=\"col-weekly\" data-col=\"weekly\">Ostatnie 24h<\/th><\/tr><\/thead><tbody><\/tbody><\/table><\/div>\n<\/div><\/div>\n\n\n\n<div class=\"wp-block-group\"><div class=\"wp-block-group__inner-container\"><div class=\"smallCategoryContainer categoryContainer\"><h2>Prognozy<\/h2><div class=\"innerSmallcategoryContainer\"><div class=\"postContainer small\"><a href=\"https:\/\/bitcoinwisdom.com\/pl\/divi-price-prediction\/\"><img decoding=\"async\" class=\"featured\" src=\"https:\/\/bitcoinwisdom.com\/wp-content\/uploads\/2022\/07\/Divi-Price-Prediction-500x330.png\"><\/a><div class=\"postDetailsContainer\"><h3 class=\"postTitle\"><a href=\"https:\/\/bitcoinwisdom.com\/pl\/divi-price-prediction\/\">Prognoza cen Divi (DIVI) \u2013 2024, 2025 \u2013 2030<\/a><\/h3><div class=\"postDetails\"><strong>Za pomoc\u0105 <a href=\"https:\/\/bitcoinwisdom.com\/pl\/author\/barinem\/\">Barinem Pene<\/a><\/strong> 25 wrze\u015bnia 2024<\/div><\/div><\/div><div class=\"postContainer small\"><a href=\"https:\/\/bitcoinwisdom.com\/pl\/everrise-rise-price-prediction\/\"><img decoding=\"async\" class=\"featured\" src=\"https:\/\/bitcoinwisdom.com\/wp-content\/uploads\/2022\/07\/Everrise-Price-Prediction-500x330.png\"><\/a><div class=\"postDetailsContainer\"><h3 class=\"postTitle\"><a href=\"https:\/\/bitcoinwisdom.com\/pl\/everrise-rise-price-prediction\/\">Prognoza cen EverRise (RISE) \u2013 2024, 2025 \u2013 2030<\/a><\/h3><div class=\"postDetails\"><strong>Za pomoc\u0105 <a href=\"https:\/\/bitcoinwisdom.com\/pl\/author\/barinem\/\">Barinem Pene<\/a><\/strong> 25 wrze\u015bnia 2024<\/div><\/div><\/div><div class=\"postContainer small\"><a href=\"https:\/\/bitcoinwisdom.com\/pl\/maidsafecoin-maid-price-prediction\/\"><img decoding=\"async\" class=\"featured\" src=\"https:\/\/bitcoinwisdom.com\/wp-content\/uploads\/2022\/07\/Maidsafecoin-Price-Prediction-500x330.png\"><\/a><div class=\"postDetailsContainer\"><h3 class=\"postTitle\"><a href=\"https:\/\/bitcoinwisdom.com\/pl\/maidsafecoin-maid-price-prediction\/\">Prognoza cen Maidsafecoin (MAID) \u2013 2024, 2025 \u2013 2030<\/a><\/h3><div class=\"postDetails\"><strong>Za pomoc\u0105 <a href=\"https:\/\/bitcoinwisdom.com\/pl\/author\/barinem\/\">Barinem Pene<\/a><\/strong> 25 wrze\u015bnia 2024<\/div><\/div><\/div><div class=\"remainingContainer\"><ul><li><h3 class=\"postTitle\"><a href=\"https:\/\/bitcoinwisdom.com\/pl\/nest-protocol-nest-price-prediction\/\">Protok\u00f3\u0142 Nest (NEST) Prognoza cen \u2013 2024, 2025 \u2013 2030<\/a><\/h3><\/li><li><h3 class=\"postTitle\"><a href=\"https:\/\/bitcoinwisdom.com\/pl\/osmosis-osmo-price-prediction\/\">Prognoza cen Osmozy (OSMO) \u2013 2024, 2025 \u2013 2030<\/a><\/h3><\/li><li><h3 class=\"postTitle\"><a href=\"https:\/\/bitcoinwisdom.com\/pl\/paribus-pbx-price-prediction\/\">Prognoza cen Paribus (PBX) \u2013 2024, 2025 \u2013 2030<\/a><\/h3><\/li><li><h3 class=\"postTitle\"><a href=\"https:\/\/bitcoinwisdom.com\/pl\/solanium-slim-price-prediction\/\">Prognoza cen Solanium (SLIM) \u2013 2024, 2025 \u2013 2030<\/a><\/h3><\/li><\/ul><\/div><\/div><a href=\"https:\/\/bitcoinwisdom.com\/pl\/predictions\/\" class=\"allButton\">Wszystkie artyku\u0142y z prognozami<\/a><\/div>\n<\/div><\/div>\n\n\n\n<div class=\"wp-block-group\"><div class=\"wp-block-group__inner-container\"><div class=\"smallCategoryContainer categoryContainer\"><h2>Przewodniki<\/h2><div class=\"innerSmallcategoryContainer\"><div class=\"postContainer small\"><a href=\"https:\/\/bitcoinwisdom.com\/pl\/how-to-invest-in-dogecoin-with-credit-card\/\"><img decoding=\"async\" class=\"featured\" src=\"https:\/\/bitcoinwisdom.com\/wp-content\/uploads\/2022\/09\/h4odslgzfig-500x330.jpg\"><\/a><div class=\"postDetailsContainer\"><h3 class=\"postTitle\"><a href=\"https:\/\/bitcoinwisdom.com\/pl\/how-to-invest-in-dogecoin-with-credit-card\/\">Jak inwestowa\u0107 w Dogecoin za pomoc\u0105 karty kredytowej?<\/a><\/h3><div class=\"postDetails\"><strong>Za pomoc\u0105 <a href=\"https:\/\/bitcoinwisdom.com\/pl\/author\/martin\/\">Martin K<\/a><\/strong> 6 wrze\u015bnia, 2022<\/div><\/div><\/div><div class=\"postContainer small\"><a href=\"https:\/\/bitcoinwisdom.com\/pl\/what-is-ripple-and-how-does-it-work\/\"><img decoding=\"async\" class=\"featured\" src=\"https:\/\/bitcoinwisdom.com\/wp-content\/uploads\/2022\/09\/0krsp5irzi4-500x330.jpg\"><\/a><div class=\"postDetailsContainer\"><h3 class=\"postTitle\"><a href=\"https:\/\/bitcoinwisdom.com\/pl\/what-is-ripple-and-how-does-it-work\/\">Co to jest Ripple i jak to dzia\u0142a?<\/a><\/h3><div class=\"postDetails\"><strong>Za pomoc\u0105 <a href=\"https:\/\/bitcoinwisdom.com\/pl\/author\/martin\/\">Martin K<\/a><\/strong> 6 wrze\u015bnia, 2022<\/div><\/div><\/div><div class=\"postContainer small\"><a href=\"https:\/\/bitcoinwisdom.com\/pl\/difference-between-dogecoin-ripple-a-comparison-guide\/\"><img decoding=\"async\" class=\"featured\" src=\"https:\/\/bitcoinwisdom.com\/wp-content\/uploads\/2022\/09\/8xo9gqaamzc-500x330.jpg\"><\/a><div class=\"postDetailsContainer\"><h3 class=\"postTitle\"><a href=\"https:\/\/bitcoinwisdom.com\/pl\/difference-between-dogecoin-ripple-a-comparison-guide\/\">R\u00f3\u017cnica mi\u0119dzy Dogecoin a Ripple \u2013 przewodnik por\u00f3wnawczy<\/a><\/h3><div class=\"postDetails\"><strong>Za pomoc\u0105 <a href=\"https:\/\/bitcoinwisdom.com\/pl\/author\/martin\/\">Martin K<\/a><\/strong> 6 wrze\u015bnia, 2022<\/div><\/div><\/div><div class=\"remainingContainer\"><ul><li><h3 class=\"postTitle\"><a href=\"https:\/\/bitcoinwisdom.com\/pl\/a-detailed-guide-on-how-to-mine-dogecoin\/\">Szczeg\u00f3\u0142owy przewodnik po tym, jak wydobywa\u0107 Dogecoin<\/a><\/h3><\/li><li><h3 class=\"postTitle\"><a href=\"https:\/\/bitcoinwisdom.com\/pl\/top-reasons-why-you-should-invest-in-bitcoin\/\">Najwa\u017cniejsze powody, dla kt\u00f3rych powiniene\u015b zainwestowa\u0107 w Bitcoin<\/a><\/h3><\/li><li><h3 class=\"postTitle\"><a href=\"https:\/\/bitcoinwisdom.com\/pl\/what-you-need-to-know-about-bitcoin\/\">Co musisz wiedzie\u0107 o Bitcoinie<\/a><\/h3><\/li><li><h3 class=\"postTitle\"><a href=\"https:\/\/bitcoinwisdom.com\/pl\/how-to-invest-in-bitcoin\/\">Jak inwestowa\u0107 w Bitcoin?<\/a><\/h3><\/li><\/ul><\/div><\/div><a href=\"https:\/\/bitcoinwisdom.com\/pl\/guides\/\" class=\"allButton\">Wszystkie artyku\u0142y przewodnik\u00f3w<\/a><\/div>\n<\/div><\/div>\n\n\n\n<div class=\"wp-block-group\"><div class=\"wp-block-group__inner-container\"><div class=\"smallCategoryContainer categoryContainer\"><h2>Opinie<\/h2><div class=\"innerSmallcategoryContainer\"><div class=\"postContainer small\"><a href=\"https:\/\/bitcoinwisdom.com\/pl\/binance-review\/\"><img decoding=\"async\" class=\"featured\" src=\"https:\/\/bitcoinwisdom.com\/wp-content\/uploads\/2022\/05\/22aee16e43e33d890ee49cfcebbe3d94-500x330.webp\"><\/a><div class=\"postDetailsContainer\"><h3 class=\"postTitle\"><a href=\"https:\/\/bitcoinwisdom.com\/pl\/binance-review\/\">Recenzja Binance<\/a><\/h3><div class=\"postDetails\"><strong>Za pomoc\u0105 <a href=\"https:\/\/bitcoinwisdom.com\/pl\/author\/nishit-kumar\/\">Nishit Kumar<\/a><\/strong> 24 wrze\u015bnia 2024<\/div><\/div><\/div><div class=\"postContainer small\"><a href=\"https:\/\/bitcoinwisdom.com\/pl\/crypto-com-review\/\"><img decoding=\"async\" class=\"featured\" src=\"https:\/\/bitcoinwisdom.com\/wp-content\/uploads\/2022\/06\/home-500x330.webp\"><\/a><div class=\"postDetailsContainer\"><h3 class=\"postTitle\"><a href=\"https:\/\/bitcoinwisdom.com\/pl\/crypto-com-review\/\">Recenzja Crypto.com<\/a><\/h3><div class=\"postDetails\"><strong>Za pomoc\u0105 <a href=\"https:\/\/bitcoinwisdom.com\/pl\/author\/nishit-kumar\/\">Nishit Kumar<\/a><\/strong> 24 wrze\u015bnia 2024<\/div><\/div><\/div><div class=\"postContainer small\"><a href=\"https:\/\/bitcoinwisdom.com\/pl\/coinbase-review\/\"><img decoding=\"async\" class=\"featured\" src=\"https:\/\/bitcoinwisdom.com\/wp-content\/uploads\/2022\/05\/1_4c7_SNuureECLAy7nW8TKQ-500x330.png\"><\/a><div class=\"postDetailsContainer\"><h3 class=\"postTitle\"><a href=\"https:\/\/bitcoinwisdom.com\/pl\/coinbase-review\/\">Recenzja Coinbase<\/a><\/h3><div class=\"postDetails\"><strong>Za pomoc\u0105 <a href=\"https:\/\/bitcoinwisdom.com\/pl\/author\/nishit-kumar\/\">Nishit Kumar<\/a><\/strong> 24 wrze\u015bnia 2024<\/div><\/div><\/div><div class=\"remainingContainer\"><ul><li><h3 class=\"postTitle\"><a href=\"https:\/\/bitcoinwisdom.com\/pl\/coinspot-review\/\">Recenzja CoinSpot<\/a><\/h3><\/li><li><h3 class=\"postTitle\"><a href=\"https:\/\/bitcoinwisdom.com\/pl\/kraken-review\/\">Recenzja Krakena<\/a><\/h3><\/li><li><h3 class=\"postTitle\"><a href=\"https:\/\/bitcoinwisdom.com\/pl\/bitstamp-review\/\">Recenzja Bitstamp<\/a><\/h3><\/li><li><h3 class=\"postTitle\"><a href=\"https:\/\/bitcoinwisdom.com\/pl\/robinhood-review\/\">Przegl\u0105d Robinhood<\/a><\/h3><\/li><\/ul><\/div><\/div><a href=\"https:\/\/bitcoinwisdom.com\/pl\/reviews\/\" class=\"allButton\">Wszystkie recenzje Artyku\u0142y<\/a><\/div>\n<\/div><\/div>","protected":false},"excerpt":{"rendered":"<p>Prze\u0142amywanie wiadomo\u015bci o kryptowalutach Rynki kryptowalut na \u017cywo<\/p>","protected":false},"author":5,"featured_media":0,"parent":0,"menu_order":0,"comment_status":"closed","ping_status":"closed","template":"","meta":{"_acf_changed":false,"_editorskit_title_hidden":false,"_editorskit_reading_time":1,"_editorskit_is_block_options_detached":false,"_editorskit_block_options_position":"{}","_uag_custom_page_level_css":"","footnotes":""},"class_list":["post-730","page","type-page","status-publish","hentry"],"acf":[],"uagb_featured_image_src":{"full":false,"thumbnail":false,"medium":false,"medium_large":false,"large":false,"1536x1536":false,"2048x2048":false,"trp-custom-language-flag":false},"uagb_author_info":{"display_name":"Jason Conor","author_link":"https:\/\/bitcoinwisdom.com\/pl\/author\/jason-connor\/"},"uagb_comment_info":0,"uagb_excerpt":"Breaking Cryptocurrency News Live Cryptocurrency Markets","_links":{"self":[{"href":"https:\/\/bitcoinwisdom.com\/pl\/wp-json\/wp\/v2\/pages\/730","targetHints":{"allow":["GET"]}}],"collection":[{"href":"https:\/\/bitcoinwisdom.com\/pl\/wp-json\/wp\/v2\/pages"}],"about":[{"href":"https:\/\/bitcoinwisdom.com\/pl\/wp-json\/wp\/v2\/types\/page"}],"author":[{"embeddable":true,"href":"https:\/\/bitcoinwisdom.com\/pl\/wp-json\/wp\/v2\/users\/5"}],"replies":[{"embeddable":true,"href":"https:\/\/bitcoinwisdom.com\/pl\/wp-json\/wp\/v2\/comments?post=730"}],"version-history":[{"count":0,"href":"https:\/\/bitcoinwisdom.com\/pl\/wp-json\/wp\/v2\/pages\/730\/revisions"}],"wp:attachment":[{"href":"https:\/\/bitcoinwisdom.com\/pl\/wp-json\/wp\/v2\/media?parent=730"}],"curies":[{"name":"wp","href":"https:\/\/api.w.org\/{rel}","templated":true}]}}