{"id":4838,"date":"2022-06-07T18:58:13","date_gmt":"2022-06-08T01:58:13","guid":{"rendered":"https:\/\/bitcoinwisdom.com\/?page_id=4838"},"modified":"2022-06-07T19:00:30","modified_gmt":"2022-06-08T02:00:30","slug":"ratings-methodology","status":"publish","type":"page","link":"https:\/\/bitcoinwisdom.com\/pt\/ratings-methodology\/","title":{"rendered":"Metodologia de Classifica\u00e7\u00f5es"},"content":{"rendered":"<h1 class=\"wp-block-heading\">Metodologia de Classifica\u00e7\u00f5es<\/h1>\n\n\n\n<p>Se voc\u00ea deseja come\u00e7ar a negociar ou investir no mundo das criptomoedas, pode se sentir bastante intimidado pelo grande n\u00famero de trocas dispon\u00edveis para o mesmo. Escolher a bolsa certa \u00e9 uma parte importante, mas muitas vezes esquecida, de ser um trader\/investidor lucrativo. Cada exchange \u00e9 apenas um pouco diferente em termos de ofertas, taxas e recursos, no entanto, a longo prazo, isso pode fazer uma grande diferen\u00e7a na sua metodologia de negocia\u00e7\u00e3o.\u00a0<\/p>\n\n\n\n<p>Para facilitar o processo de escolha da exchange certa, analisamos v\u00e1rias das principais exchanges de criptomoedas dispon\u00edveis no mercado e as classificamos com base nos crit\u00e9rios mais relevantes. Este guia \u00e9 um explicativo desse processo de avalia\u00e7\u00e3o e classifica\u00e7\u00e3o.&nbsp;<\/p>\n\n\n\n<h2 class=\"wp-block-heading\">Crit\u00e9rios de avalia\u00e7\u00e3o&nbsp;<\/h2>\n\n\n\n<p>Nossa classifica\u00e7\u00e3o final que \u00e9 dada a qualquer bolsa \u00e9 uma m\u00e9dia ponderada das classifica\u00e7\u00f5es individuais que a bolsa recebe em 6 categorias diferentes:&nbsp;<\/p>\n\n\n\n<ol class=\"wp-block-list\"><li>Honor\u00e1rios&nbsp;<\/li><li>Aplicativo m\u00f3vel&nbsp;<\/li><li>Recursos da plataforma de negocia\u00e7\u00e3o<\/li><li>Regulamento&nbsp;<\/li><li>Suporte ao cliente&nbsp;<\/li><li>M\u00e9todos de Pagamento&nbsp;<\/li><\/ol>\n\n\n\n<p>Para cada uma das categorias que listamos, coletamos dados de uma variedade de trocas e as comparamos, formando assim uma m\u00e9trica por meio da qual poder\u00edamos avaliar as trocas em cada uma dessas categorias individuais.&nbsp;<\/p>\n\n\n\n<p>Cada fator \u00e9 pontuado em uma escala de 0 a 10, sendo 0 o pior e 10 a classifica\u00e7\u00e3o mais alta que a bolsa pode receber. Cada fator \u00e9 explicado em detalhes abaixo.&nbsp;<\/p>\n\n\n\n<h3 class=\"wp-block-heading\">Contas ativas an\u00f4nimas&nbsp;<\/h3>\n\n\n\n<p>Todas as nossas an\u00e1lises e coleta de dados s\u00e3o feitas por meio de contas ativas que s\u00e3o feitas pelos revisores para testar a plataforma. Os corretores n\u00e3o s\u00e3o informados de que a conta est\u00e1 sendo feita para garantir a m\u00e1xima autenticidade e para que os revisores possam experimentar a plataforma da mesma forma que os clientes.&nbsp;<\/p>\n\n\n\n<h2 class=\"wp-block-heading\">Honor\u00e1rios&nbsp;<\/h2>\n\n\n\n<p>As taxas que voc\u00ea paga para negociar em uma bolsa s\u00e3o talvez uma das maiores considera\u00e7\u00f5es para qualquer trader antes de decidir sobre a plataforma certa. Embora isso tenha um efeito menor para investidores de longo prazo, torna-se ainda mais importante para traders regulares que podem fazer v\u00e1rias negocia\u00e7\u00f5es em um dia, portanto, mesmo uma pequena diferen\u00e7a nas taxas pode se acumular e se tornar uma grande distra\u00e7\u00e3o.&nbsp;<\/p>\n\n\n\n<p>Para nosso processo de classifica\u00e7\u00e3o, as taxas associadas a uma plataforma formam 17% da classifica\u00e7\u00e3o geral que \u00e9 atribu\u00edda \u00e0 bolsa. As taxas de cada bolsa foram classificadas em uma escala de 0 a 10, e 3 tipos de taxas foram considerados para isso:&nbsp;&nbsp;<\/p>\n\n\n\n<ul class=\"wp-block-list\"><li>Taxas de negocia\u00e7\u00e3o&nbsp;<\/li><li>Taxas de dep\u00f3sito&nbsp;<\/li><li>Taxas de retirada&nbsp;<\/li><\/ul>\n\n\n\n<h3 class=\"wp-block-heading\">Taxas de negocia\u00e7\u00e3o<\/h3>\n\n\n\n<p>As taxas de negocia\u00e7\u00e3o podem ser cobradas pelas bolsas na forma de comiss\u00f5es ou spreads, embora a maioria das bolsas prefira cobrar uma combina\u00e7\u00e3o dos dois, com descontos concedidos para volumes de negocia\u00e7\u00e3o mais altos.&nbsp;<\/p>\n\n\n\n<p>Ao classificar as taxas de negocia\u00e7\u00e3o para a bolsa, analisamos as taxas b\u00e1sicas de negocia\u00e7\u00e3o cobradas por um volume de negocia\u00e7\u00e3o regular com base no n\u00famero m\u00e9dio de negocia\u00e7\u00f5es que uma negocia\u00e7\u00e3o regular faria ao longo de 30 dias.&nbsp;<\/p>\n\n\n\n<p>Isso incluiu as taxas de negocia\u00e7\u00e3o em diferentes classes de produtos, como o mercado \u00e0 vista, bem como futuros e derivativos.&nbsp;<\/p>\n\n\n\n<p>Al\u00e9m disso, tamb\u00e9m analisamos se a bolsa tinha uma estrutura maker-taker, onde os neg\u00f3cios que adicionam liquidez ao mercado s\u00e3o cobrados taxas mais baixas do que os neg\u00f3cios que retiram a liquidez do mercado.&nbsp;<\/p>\n\n\n\n<h3 class=\"wp-block-heading\">Taxas de dep\u00f3sito<\/h3>\n\n\n\n<p>Tamb\u00e9m analisamos as taxas de dep\u00f3sito associadas \u00e0 troca. Isso assumiu duas formas:&nbsp;<\/p>\n\n\n\n<ol class=\"wp-block-list\"><li>As taxas de dep\u00f3sito cobradas pela troca por dep\u00f3sitos em moeda fiduci\u00e1ria por meio de m\u00e9todos como cart\u00f5es de cr\u00e9dito\/d\u00e9bito, transfer\u00eancias banc\u00e1rias e carteiras eletr\u00f4nicas como PayPal e Skrill.&nbsp;<\/li><li>As taxas de dep\u00f3sito cobradas pela exchange por dep\u00f3sitos de criptomoedas de uma carteira externa existente.&nbsp;<\/li><\/ol>\n\n\n\n<h3 class=\"wp-block-heading\">taxas de retirada<\/h3>\n\n\n\n<p>As exchanges de criptomoedas tamb\u00e9m podem cobrar taxas pela retirada de ativos da plataforma. Semelhante \u00e0 an\u00e1lise das taxas de dep\u00f3sito associadas \u00e0 plataforma, analisamos as taxas de retirada associadas \u00e0s retiradas de moeda fiduci\u00e1ria e de criptomoeda da plataforma.&nbsp;<\/p>\n\n\n\n<h2 class=\"wp-block-heading\">Aplicativo m\u00f3vel&nbsp;<\/h2>\n\n\n\n<p>Com a frequ\u00eancia de negocia\u00e7\u00e3o aumentando, bem como a volatilidade inerente associada aos mercados de criptomoedas, tamb\u00e9m analisamos se as exchanges de criptomoedas tinham ou n\u00e3o um aplicativo m\u00f3vel que os traders pudessem usar para fazer neg\u00f3cios em qualquer lugar. Esta se\u00e7\u00e3o foi respons\u00e1vel por 16% de nossa classifica\u00e7\u00e3o geral e incorporou 5 elementos diferentes:&nbsp;<\/p>\n\n\n\n<ul class=\"wp-block-list\"><li>Disponibilidade do aplicativo&nbsp;<\/li><li>Avalia\u00e7\u00e3o do cliente<\/li><li>Frequ\u00eancia de atualiza\u00e7\u00e3o&nbsp;<\/li><li>Dados privados&nbsp;<\/li><li>Compatibilidade<\/li><\/ul>\n\n\n\n<h3 class=\"wp-block-heading\">Disponibilidade do aplicativo<\/h3>\n\n\n\n<p>A primeira pergunta que analisamos foi se a exchange tinha ou n\u00e3o um aplicativo que pudesse ser baixado. Consideramos se este aplicativo estava dispon\u00edvel em dispositivos Android e iOS, com as trocas dispon\u00edveis em ambos os sistemas operacionais obtendo uma classifica\u00e7\u00e3o mais alta do que as trocas dispon\u00edveis apenas em um sistema operacional.&nbsp;<\/p>\n\n\n\n<h3 class=\"wp-block-heading\">Avalia\u00e7\u00e3o do cliente<\/h3>\n\n\n\n<p>Quando determinamos que a exchange tinha um aplicativo, a pr\u00f3xima etapa foi analisar a qualidade do aplicativo, e a maneira mais eficaz de fazer isso foi analisar as avalia\u00e7\u00f5es dos clientes que o aplicativo recebeu. Para aplicativos Android, foi considerada a classifica\u00e7\u00e3o m\u00e9dia recebida pelo aplicativo no Google Play, enquanto os aplicativos iOS foram julgados com base em suas classifica\u00e7\u00f5es na App Store.&nbsp;<\/p>\n\n\n\n<h3 class=\"wp-block-heading\">Frequ\u00eancia de atualiza\u00e7\u00e3o<\/h3>\n\n\n\n<p>Sempre que um aplicativo m\u00f3vel \u00e9 lan\u00e7ado, ele precisa ser atualizado com frequ\u00eancia para garantir que quaisquer bugs ou problemas com o desempenho do aplicativo possam ser corrigidos facilmente. Portanto, a frequ\u00eancia de atualiza\u00e7\u00f5es se torna um fator importante para considerar a qualidade de um aplicativo.&nbsp;<\/p>\n\n\n\n<p>Portanto, analisamos a frequ\u00eancia de atualiza\u00e7\u00e3o dos aplicativos, e aqueles que estavam sendo atualizados com mais frequ\u00eancia receberam uma classifica\u00e7\u00e3o mais alta do que aqueles que tiveram poucas atualiza\u00e7\u00f5es.&nbsp;<\/p>\n\n\n\n<h3 class=\"wp-block-heading\">Dados privados<\/h3>\n\n\n\n<p>A privacidade tamb\u00e9m \u00e9 uma grande preocupa\u00e7\u00e3o quando se trata de aplicativos m\u00f3veis e, portanto, isso fazia parte de nossa m\u00e9trica ao atribuir pontua\u00e7\u00f5es ao aplicativo m\u00f3vel da plataforma.&nbsp;<\/p>\n\n\n\n<p>A principal considera\u00e7\u00e3o a esse respeito era verificar se o aplicativo m\u00f3vel rastreava os dados do usu\u00e1rio para mostrar an\u00fancios direcionados, e os aplicativos que faziam isso recebiam uma classifica\u00e7\u00e3o mais baixa do que aqueles que respeitavam mais a privacidade do cliente.&nbsp;<\/p>\n\n\n\n<h3 class=\"wp-block-heading\">Compatibilidade<\/h3>\n\n\n\n<p>Por fim, tamb\u00e9m analisamos a compatibilidade dos aplicativos em diferentes dispositivos \u2013 por exemplo, um aplicativo iOS pode ser baixado em um iPad, iPhone ou Apple Watch. As mesmas compara\u00e7\u00f5es tamb\u00e9m podem ser feitas para aplicativos Android.&nbsp;<\/p>\n\n\n\n<p>Portanto, aplicativos compat\u00edveis com dispositivos mais diversos receberam uma classifica\u00e7\u00e3o mais alta nesse quesito do que aplicativos n\u00e3o compat\u00edveis com tantos dispositivos.&nbsp;<\/p>\n\n\n\n<h2 class=\"wp-block-heading\">Recursos da plataforma de negocia\u00e7\u00e3o&nbsp;<\/h2>\n\n\n\n<p>Esta foi uma das partes mais extensas do processo de classifica\u00e7\u00e3o, onde analisamos v\u00e1rios fatores em rela\u00e7\u00e3o \u00e0 pr\u00f3pria plataforma de negocia\u00e7\u00e3o. O principal crit\u00e9rio em rela\u00e7\u00e3o \u00e0 plataforma de negocia\u00e7\u00e3o que analisamos incluiu:&nbsp;<\/p>\n\n\n\n<ol class=\"wp-block-list\"><li>Mercados suportados&nbsp;<\/li><li>Criptomoedas dispon\u00edveis&nbsp;<\/li><li>Liquidez&nbsp;<\/li><li>Negocia\u00e7\u00e3o OTC&nbsp;<\/li><li>Seguran\u00e7a&nbsp;<\/li><li>Tipos de pedido&nbsp;<\/li><\/ol>\n\n\n\n<h3 class=\"wp-block-heading\">Mercados suportados&nbsp;<\/h3>\n\n\n\n<p>O primeiro fator que analisamos foi a variedade de mercados suportados pela bolsa. Por exemplo, as exchanges que tinham apenas mercados spot pontuaram mais baixo do que aquelas que tamb\u00e9m ofereciam acesso a derivativos e futuros de criptomoedas. As exchanges que tinham mercados ainda mais inovadores, como tokens alavancados, pontuaram mais alto.&nbsp;<\/p>\n\n\n\n<p>Al\u00e9m disso, foram feitas considera\u00e7\u00f5es para plataformas que ofereciam acesso a mercados n\u00e3o cripto, como a\u00e7\u00f5es, forex e mercados de commodities.&nbsp;<\/p>\n\n\n\n<h3 class=\"wp-block-heading\">Criptomoedas dispon\u00edveis&nbsp;<\/h3>\n\n\n\n<p>A pr\u00f3xima considera\u00e7\u00e3o foi analisar a variedade de criptomoedas dispon\u00edveis na plataforma, que foi facilmente a maior considera\u00e7\u00e3o a esse respeito.&nbsp;<\/p>\n\n\n\n<p>De forma bastante intuitiva, as exchanges que ofereceram aos usu\u00e1rios acesso a um n\u00famero maior de criptomoedas receberam uma pontua\u00e7\u00e3o mais alta do que aquelas que tinham menos criptomoedas dispon\u00edveis para negocia\u00e7\u00e3o por meio da plataforma.&nbsp;<\/p>\n\n\n\n<h3 class=\"wp-block-heading\">Liquidez&nbsp;<\/h3>\n\n\n\n<p>A liquidez tamb\u00e9m pode ser uma preocupa\u00e7\u00e3o, porque se voc\u00ea estiver negociando em uma bolsa com liquidez muito baixa, poder\u00e1 enfrentar preocupa\u00e7\u00f5es como:&nbsp;<\/p>\n\n\n\n<ol class=\"wp-block-list\"><li>N\u00e3o poder vender seus ativos quando quiser devido \u00e0 falta de compradores&nbsp;<\/li><li>Ter que pagar pre\u00e7os muito altos por falta de pedidos no Livro de Ofertas.&nbsp;<\/li><\/ol>\n\n\n\n<p>Portanto, comparamos a liquidez associada a diferentes bolsas observando o volume m\u00e9dio di\u00e1rio de negocia\u00e7\u00e3o na bolsa. As exchanges com volumes de negocia\u00e7\u00e3o mais altos receberam pontua\u00e7\u00f5es mais altas do que aquelas com volumes de negocia\u00e7\u00e3o mais baixos.&nbsp;<\/p>\n\n\n\n<h3 class=\"wp-block-heading\">Negocia\u00e7\u00e3o OTC&nbsp;<\/h3>\n\n\n\n<p>Outro fator que analisamos ao avaliar uma bolsa de negocia\u00e7\u00e3o foi se ela oferecia ou n\u00e3o mesas OTC para pedidos maiores. As principais considera\u00e7\u00f5es a esse respeito foram:&nbsp;<\/p>\n\n\n\n<ol class=\"wp-block-list\"><li>Se a bolsa ofereceu ou n\u00e3o negocia\u00e7\u00e3o OTC&nbsp;<\/li><li>Qual era o limite m\u00ednimo de pedidos para a mesa de negocia\u00e7\u00e3o OTC &#039;<\/li><li>O n\u00edvel de competitividade na precifica\u00e7\u00e3o OTC quando comparado a outras bolsas&nbsp;<\/li><li>Se um representante de suporte OTC dedicado foi fornecido&nbsp;<\/li><\/ol>\n\n\n\n<h3 class=\"wp-block-heading\">Seguran\u00e7a&nbsp;<\/h3>\n\n\n\n<p>As medidas de seguran\u00e7a associadas a uma plataforma tamb\u00e9m formaram uma grande parte de nossa classifica\u00e7\u00e3o ao analisar os recursos da plataforma, e as principais coisas que consideramos incluem:&nbsp;<\/p>\n\n\n\n<ol class=\"wp-block-list\"><li>Se a exchange tinha autentica\u00e7\u00e3o de dois fatores para grandes mudan\u00e7as e saques na conta&nbsp;<\/li><li>Se a troca foi segurada ou n\u00e3o&nbsp;<\/li><li>Se a bolsa colocou a maioria de seus ativos sob armazenamento a frio<\/li><li>A hist\u00f3ria da troca ao lidar com hacks e viola\u00e7\u00f5es&nbsp;<\/li><li>Se a exchange tinha um sistema de conformidade robusto projetado para sinalizar e erradicar atividades fraudulentas&nbsp;<\/li><\/ol>\n\n\n\n<h3 class=\"wp-block-heading\">Tipos de pedido&nbsp;<\/h3>\n\n\n\n<p>O n\u00famero de tipos de ordens suportados pela plataforma tamb\u00e9m formou uma categoria importante que consideramos porque este \u00e9 um fator direto para determinar a adequa\u00e7\u00e3o da bolsa para investidores avan\u00e7ados. As exchanges receberam classifica\u00e7\u00f5es com base no suporte ou n\u00e3o a diferentes tipos de pedidos, como:&nbsp;<\/p>\n\n\n\n<ol class=\"wp-block-list\"><li>Ordem de mercado&nbsp;<\/li><li>Ordem de limite&nbsp;<\/li><li>Parar pedido&nbsp;<\/li><li>Ordem de limite de parada&nbsp;<\/li><\/ol>\n\n\n\n<h2 class=\"wp-block-heading\">Regulamento&nbsp;<\/h2>\n\n\n\n<p>Com o n\u00famero de golpes e fraudes na ind\u00fastria de criptomoedas crescendo, investidores e traders est\u00e3o agora procurando por exchanges que sejam mais seguras em virtude de serem regulamentadas por qualquer autoridade reguladora em todo o mundo. Portanto, isso fez parte do nosso processo de classifica\u00e7\u00e3o, representando 17% da pontua\u00e7\u00e3o total atribu\u00edda \u00e0 bolsa.&nbsp;<\/p>\n\n\n\n<p>Por exemplo, a maior considera\u00e7\u00e3o aqui foi se a bolsa \u00e9 regulamentada. As bolsas que foram regulamentadas receberam uma pontua\u00e7\u00e3o mais alta do que as que n\u00e3o foram. Al\u00e9m disso, as exchanges regulamentadas por v\u00e1rias autoridades em todo o mundo receberam pontua\u00e7\u00f5es ainda mais altas.&nbsp;<\/p>\n\n\n\n<h2 class=\"wp-block-heading\">Suporte ao cliente&nbsp;<\/h2>\n\n\n\n<p>O suporte ao cliente tamb\u00e9m constitui uma parte importante do processo de classifica\u00e7\u00e3o, respondendo por 17% da classifica\u00e7\u00e3o geral dada a uma bolsa. H\u00e1 4 considera\u00e7\u00f5es a serem feitas a esse respeito:&nbsp;<\/p>\n\n\n\n<ul class=\"wp-block-list\"><li>Servi\u00e7o de bate-papo ao vivo&nbsp;<\/li><li>Suporte por e-mail&nbsp;<\/li><li>Ligue para o suporte&nbsp;<\/li><li>Se\u00e7\u00f5es de perguntas frequentes&nbsp;<\/li><\/ul>\n\n\n\n<h3 class=\"wp-block-heading\">Servi\u00e7o de bate-papo ao vivo&nbsp;<\/h3>\n\n\n\n<p>A primeira coisa que analisamos para qualquer plataforma foi se eles tinham ou n\u00e3o um servi\u00e7o de bate-papo ao vivo. Para aqueles que o fizeram, o pr\u00f3ximo passo foi analisar a utilidade desse servi\u00e7o na resolu\u00e7\u00e3o de consultas de usu\u00e1rios.&nbsp;<\/p>\n\n\n\n<p>O servi\u00e7o de bate-papo ao vivo geralmente \u00e9 a primeira linha de defesa de qualquer plataforma e deve estar equipado para responder \u00e0s consultas mais simples dos usu\u00e1rios. As plataformas que tinham um servi\u00e7o de bate-papo ao vivo 24 horas por dia, 7 dias por semana, obtiveram pontua\u00e7\u00f5es mais altas aqui.&nbsp;<\/p>\n\n\n\n<h3 class=\"wp-block-heading\">Suporte por e-mail&nbsp;<\/h3>\n\n\n\n<p>O suporte por e-mail que uma plataforma oferece geralmente est\u00e1 entre as considera\u00e7\u00f5es mais importantes quando se trata da efic\u00e1cia do atendimento ao cliente e, portanto, constituiu uma parte fundamental do nosso processo de classifica\u00e7\u00e3o.&nbsp;<\/p>\n\n\n\n<p>Analisamos dois fatores aqui:&nbsp;<\/p>\n\n\n\n<ol class=\"wp-block-list\"><li>A rapidez das respostas, em termos dos tempos m\u00e9dios de resposta observados para as consultas de e-mail.&nbsp;<\/li><li>A utilidade das respostas, como em, as respostas forneceram solu\u00e7\u00f5es claras para os problemas.<\/li><\/ol>\n\n\n\n<h3 class=\"wp-block-heading\">Ligue para o suporte&nbsp;<\/h3>\n\n\n\n<p>A maioria das exchanges n\u00e3o oferece suporte por chamadas, e mesmo aquelas que oferecem apenas o oferecem em hor\u00e1rios limitados durante o dia. Considerando a natureza 24x7 do mercado de criptomoedas, isso pode ser um problema, ent\u00e3o o principal crit\u00e9rio aqui era se a exchange tinha ou n\u00e3o uma linha de suporte de chamadas dispon\u00edvel 24x7 para lidar com as d\u00favidas dos clientes.&nbsp;<\/p>\n\n\n\n<p>As outras considera\u00e7\u00f5es aqui inclu\u00edram os tempos de espera para falar com um representante e a utilidade das respostas e solu\u00e7\u00f5es fornecidas.&nbsp;<\/p>\n\n\n\n<h3 class=\"wp-block-heading\">Se\u00e7\u00f5es de perguntas frequentes&nbsp;<\/h3>\n\n\n\n<p>Por fim, analisamos o pr\u00f3prio site para ver se havia uma p\u00e1gina de perguntas frequentes que respondesse \u00e0s perguntas mais frequentes para ajudar no processo de suporte. As trocas que tinham uma p\u00e1gina de perguntas frequentes pontuaram mais do que aquelas que n\u00e3o tinham.&nbsp;<\/p>\n\n\n\n<p>Al\u00e9m disso, para as exchanges que tinham uma, analisamos os seguintes fatores:&nbsp;<\/p>\n\n\n\n<ol class=\"wp-block-list\"><li>Qu\u00e3o extensas eram as p\u00e1ginas de perguntas frequentes&nbsp;<\/li><li>Com que frequ\u00eancia eles foram atualizados para refletir novas perguntas comuns&nbsp;<\/li><li>Como eles eram f\u00e1ceis de navegar&nbsp;<\/li><\/ol>\n\n\n\n<h2 class=\"wp-block-heading\">M\u00e9todos de Pagamento&nbsp;<\/h2>\n\n\n\n<p>As trocas de criptografia geralmente n\u00e3o se limitam a um \u00fanico pa\u00eds ou domic\u00edlio e podem ser acessadas por usu\u00e1rios de todo o mundo. Portanto, \u00e9 importante que eles ofere\u00e7am suporte a uma ampla variedade de m\u00e9todos de pagamento que os usu\u00e1rios possam usar para adicionar e retirar fundos da troca com facilidade. Analisamos alguns dos m\u00e9todos mais usados e atribu\u00edmos uma classifica\u00e7\u00e3o com base no fato de a bolsa n\u00e3o ser compat\u00edvel com esse m\u00e9todo de pagamento.&nbsp;<\/p>\n\n\n\n<p>Os m\u00e9todos de pagamento que consideramos a esse respeito foram:&nbsp;<\/p>\n\n\n\n<ol class=\"wp-block-list\"><li>Transfer\u00eancias Banc\u00e1rias ou Transfer\u00eancias Banc\u00e1rias&nbsp;<\/li><li>Pagamentos com cart\u00e3o de cr\u00e9dito ou d\u00e9bito&nbsp;<\/li><li>Transfer\u00eancias de carteira de criptomoedas&nbsp;<\/li><li>Transfer\u00eancias de carteira eletr\u00f4nica, como PayPal, Skrill e Neteller&nbsp;<\/li><li>Transfer\u00eancias banc\u00e1rias internacionais&nbsp;<\/li><\/ol>\n\n\n\n<p>Al\u00e9m disso, tamb\u00e9m analisamos o n\u00famero de moedas fiduci\u00e1rias nas quais a plataforma suportava dep\u00f3sitos e saques, e as exchanges receberam classifica\u00e7\u00f5es mais altas por oferecer suporte a mais moedas fiduci\u00e1rias.&nbsp;<\/p>","protected":false},"excerpt":{"rendered":"<p>Metodologia de Classifica\u00e7\u00f5es Se voc\u00ea deseja come\u00e7ar a negociar ou investir no mundo das criptomoedas, pode se sentir bastante intimidado pelo grande n\u00famero de trocas dispon\u00edveis para o mesmo. Escolher a bolsa certa \u00e9 uma parte importante, mas muitas vezes esquecida, de ser um trader\/investidor lucrativo. Cada troca \u00e9 apenas um pouco diferente [\u2026]<\/p>","protected":false},"author":9,"featured_media":0,"parent":0,"menu_order":0,"comment_status":"closed","ping_status":"closed","template":"","meta":{"_acf_changed":false,"_editorskit_title_hidden":false,"_editorskit_reading_time":8,"_editorskit_is_block_options_detached":false,"_editorskit_block_options_position":"{}","_uag_custom_page_level_css":"","footnotes":""},"class_list":["post-4838","page","type-page","status-publish","hentry"],"acf":[],"uagb_featured_image_src":{"full":false,"thumbnail":false,"medium":false,"medium_large":false,"large":false,"1536x1536":false,"2048x2048":false,"trp-custom-language-flag":false},"uagb_author_info":{"display_name":"Bob M","author_link":"https:\/\/bitcoinwisdom.com\/pt\/author\/bob\/"},"uagb_comment_info":0,"uagb_excerpt":"Ratings Methodology If you\u2019re looking to begin trading or investing in the cryptocurrency world, you might find yourself being quite intimidated by the sheer number of exchanges that are available for the same. Choosing the right exchange is a major but often overlooked part of being a profitable trader\/investor. Each exchange is only slightly different&hellip;","_links":{"self":[{"href":"https:\/\/bitcoinwisdom.com\/pt\/wp-json\/wp\/v2\/pages\/4838","targetHints":{"allow":["GET"]}}],"collection":[{"href":"https:\/\/bitcoinwisdom.com\/pt\/wp-json\/wp\/v2\/pages"}],"about":[{"href":"https:\/\/bitcoinwisdom.com\/pt\/wp-json\/wp\/v2\/types\/page"}],"author":[{"embeddable":true,"href":"https:\/\/bitcoinwisdom.com\/pt\/wp-json\/wp\/v2\/users\/9"}],"replies":[{"embeddable":true,"href":"https:\/\/bitcoinwisdom.com\/pt\/wp-json\/wp\/v2\/comments?post=4838"}],"version-history":[{"count":0,"href":"https:\/\/bitcoinwisdom.com\/pt\/wp-json\/wp\/v2\/pages\/4838\/revisions"}],"wp:attachment":[{"href":"https:\/\/bitcoinwisdom.com\/pt\/wp-json\/wp\/v2\/media?parent=4838"}],"curies":[{"name":"wp","href":"https:\/\/api.w.org\/{rel}","templated":true}]}}