{"id":4842,"date":"2022-06-07T19:13:55","date_gmt":"2022-06-08T02:13:55","guid":{"rendered":"https:\/\/bitcoinwisdom.com\/?page_id=4842"},"modified":"2022-06-27T02:05:01","modified_gmt":"2022-06-27T02:05:01","slug":"editorial-policy","status":"publish","type":"page","link":"https:\/\/bitcoinwisdom.com\/pt\/editorial-policy\/","title":{"rendered":"Pol\u00edtica editorial"},"content":{"rendered":"<h1 class=\"wp-block-heading\">Pol\u00edtica editorial<\/h1>\n\n\n\n<p>Na Bitcoin Wisdom, a prioridade n\u00famero um \u00e9 garantir que traders e investidores possam tomar decis\u00f5es de investimento mais bem informadas. \u00c9 por isso que estamos comprometidos com a transpar\u00eancia total, incluindo o compartilhamento da <a href=\"https:\/\/bitcoinwisdom.com\/pt\/ratings-methodology\/\" class=\"ek-link\">metodologia de classifica\u00e7\u00e3o<\/a> n\u00f3s empregamos. O mundo das criptomoedas \u00e9 vasto e confuso, e estamos aqui para torn\u00e1-lo menos, fazendo com que voc\u00ea possa tomar decis\u00f5es com mais clareza.&nbsp;<\/p>\n\n\n\n<h2 class=\"wp-block-heading\">Nossa vis\u00e3o&nbsp;<\/h2>\n\n\n\n<p>Fundada em 2013, a Bitcoin Wisdom se esfor\u00e7a para fornecer not\u00edcias informativas e precisas sobre bitcoin, previs\u00f5es de pre\u00e7os, guias de investimento e an\u00e1lises de c\u00e2mbio.<\/p>\n\n\n\n<h2 class=\"wp-block-heading\">Nossa miss\u00e3o&nbsp;<\/h2>\n\n\n\n<p>Temos uma equipe de indiv\u00edduos dedicados e comprometidos em ajud\u00e1-lo a aprender os fundamentos da criptomoeda. A principal atribui\u00e7\u00e3o da nossa equipe \u00e9 garantir que voc\u00ea possa acessar os mercados financeiros da maneira mais simples poss\u00edvel. Com a ajuda de nossos parceiros, assumimos a responsabilidade de fazer parte de sua jornada de independ\u00eancia financeira com as possibilidades ilimitadas oferecidas pelo mercado de criptomoedas.<\/p>\n\n\n\n<h2 class=\"wp-block-heading\">Diretrizes editoriais&nbsp;<\/h2>\n\n\n\n<p>Nosso <a href=\"https:\/\/bitcoinwisdom.com\/pt\/about\/\" class=\"ek-link\">equipe<\/a> tem o compromisso de criar conte\u00fado preciso e acion\u00e1vel que possa ajudar os leitores a tomar decis\u00f5es financeiras informadas. Tamb\u00e9m defendemos o valor da transpar\u00eancia nos mais altos padr\u00f5es, garantindo que suas diretrizes editoriais e sistemas de receita sejam tornados p\u00fablicos. Todas as pr\u00e1ticas seguidas pela equipe s\u00e3o guiadas por princ\u00edpios editoriais, e cada linha de texto que escrevemos \u00e9 verificada para garantir que todos os erros sejam removidos prontamente.&nbsp;<\/p>\n\n\n\n<p>Tamb\u00e9m valorizamos muito a independ\u00eancia editorial. Todas as revis\u00f5es, artigos e recomenda\u00e7\u00f5es que fazemos n\u00e3o s\u00e3o influenciados de forma alguma por nossos parceiros, sejam de dentro da organiza\u00e7\u00e3o ou de fora. Nosso processo de ganhar dinheiro tamb\u00e9m \u00e9 transparente e pode ser encontrado aqui.&nbsp;<\/p>\n\n\n\n<p>Nossa equipe editorial reflete que nosso p\u00fablico \u00e9 bastante diversificado, pertencente a diferentes regi\u00f5es e origens econ\u00f4micas. Portanto, nossas avalia\u00e7\u00f5es e recomenda\u00e7\u00f5es refletem isso, permitindo que nos conectemos com nossos leitores e forne\u00e7amos conselhos mais relevantes para sua situa\u00e7\u00e3o.&nbsp;<\/p>\n\n\n\n<h2 class=\"wp-block-heading\">Princ\u00edpios chave&nbsp;<\/h2>\n\n\n\n<ul class=\"wp-block-list\"><li>Todos os membros dos mercados financeiro e de criptomoedas est\u00e3o comprometidos com os mais altos padr\u00f5es de informa\u00e7\u00e3o e t\u00eam direito a informa\u00e7\u00f5es equilibradas, precisas e completas.&nbsp;<\/li><li>Todos os membros do mercado merecem equidade econ\u00f4mica, e \u00e9 importante para n\u00f3s que nosso conte\u00fado ajude a atingir esse objetivo.&nbsp;<\/li><li>Todas as fontes de informa\u00e7\u00e3o que utilizamos para os nossos conte\u00fados s\u00e3o diversas, de forma a garantir um maior grau de precis\u00e3o. Baseamos nossas opini\u00f5es em especialistas que refletem os sentimentos e quest\u00f5es colocadas por grupos de pessoas diversos e sub-representados.&nbsp;<\/li><li>N\u00f3s nos esfor\u00e7amos para garantir a objetividade em todas as nossas avalia\u00e7\u00f5es, n\u00e3o deixando que nossas opini\u00f5es e an\u00e1lises sejam tendenciosas por quaisquer parceiros de neg\u00f3cios que possamos ter. Nosso conte\u00fado fornece uma an\u00e1lise cr\u00edtica das diferentes op\u00e7\u00f5es que est\u00e3o dispon\u00edveis para os usu\u00e1rios no mercado, capacitando-os a tomar decis\u00f5es mais informadas.&nbsp;<\/li><\/ul>\n\n\n\n<h2 class=\"wp-block-heading\">Independ\u00eancia editorial<\/h2>\n\n\n\n<ul class=\"wp-block-list\"><li>Nossa equipe editorial, composta por redatores, editores e verificadores de fatos, \u00e9 exclusivamente respons\u00e1vel pela cria\u00e7\u00e3o de todo o conte\u00fado editorial que publicamos. Isso inclui quaisquer avalia\u00e7\u00f5es, previs\u00f5es ou compara\u00e7\u00f5es que publicamos.&nbsp;<\/li><li>Todos os pontos de vista que apresentamos s\u00e3o baseados em fatos que foram coletados por meio de pesquisas e an\u00e1lises independentes. Comparamos cada produto que analisamos com outros produtos similares no mercado para uma compara\u00e7\u00e3o mais fundamentada e oferecemos opini\u00f5es apenas com base nos recursos e servi\u00e7os do pr\u00f3prio produto.&nbsp;<\/li><li>Nossas decis\u00f5es sobre qual classifica\u00e7\u00e3o dar aos produtos e se falamos sobre um produto favoravelmente ou n\u00e3o s\u00e3o de forma alguma influenciadas por nossos parceiros de neg\u00f3cios.&nbsp;<\/li><li>Nossos redatores e editores n\u00e3o s\u00e3o remunerados diretamente por meio de an\u00fancios ou por nossos parceiros, garantindo assim que n\u00e3o haja conflito de interesses nesse sentido.&nbsp;<\/li><li>A an\u00e1lise de desempenho e as avalia\u00e7\u00f5es da qualidade de nossos artigos e da equipe editorial n\u00e3o s\u00e3o influenciadas por nossos parceiros de neg\u00f3cios ou pela favorabilidade de suas avalia\u00e7\u00f5es.&nbsp;<\/li><\/ul>\n\n\n\n<h2 class=\"wp-block-heading\">Verifica\u00e7\u00e3o de fatos e corre\u00e7\u00f5es<\/h2>\n\n\n\n<ul class=\"wp-block-list\"><li>Todo o conte\u00fado que publicamos atrav\u00e9s da plataforma \u00e9 verificado para garantir que todas as informa\u00e7\u00f5es apresentadas sejam precisas e oportunas. A partir da data de publica\u00e7\u00e3o do artigo, todas as informa\u00e7\u00f5es nele contidas devem ser precisas.&nbsp;<\/li><li>Todo o nosso conte\u00fado passa por um processo abrangente, envolvendo redatores, editores e redatores, que verificam se todo o conte\u00fado est\u00e1 realmente correto.&nbsp;<\/li><li>As \u00fanicas fontes principais usadas pelos escritores ao preparar artigos s\u00e3o fontes prim\u00e1rias e autorizadas, como entrevistas, bem como sites do governo e da ind\u00fastria.&nbsp;<\/li><li>Sempre que cometemos um erro inadvertidamente, publicamos uma corre\u00e7\u00e3o no artigo, apontando onde o erro foi cometido e quais s\u00e3o as informa\u00e7\u00f5es corretas.<\/li><\/ul>\n\n\n\n<p>Se voc\u00ea precisar entrar em contato com nossa equipe editorial, entre em contato com <a href=\"mailto:editorial@bitcoinwisdom.com\" class=\"ek-link\">editorial@bitcoinwisdom.com<\/a><\/p>","protected":false},"excerpt":{"rendered":"<p>Pol\u00edtica Editorial Na Bitcoin Wisdom, a prioridade n\u00famero um \u00e9 garantir que traders e investidores possam tomar decis\u00f5es de investimento mais bem informadas. \u00c9 por isso que estamos comprometidos com a transpar\u00eancia total, incluindo o compartilhamento da metodologia de classifica\u00e7\u00e3o que empregamos. O mundo das criptomoedas \u00e9 vasto e confuso, e estamos aqui para torn\u00e1-lo menos, [\u2026]<\/p>","protected":false},"author":9,"featured_media":0,"parent":0,"menu_order":0,"comment_status":"closed","ping_status":"closed","template":"","meta":{"_acf_changed":false,"_editorskit_title_hidden":false,"_editorskit_reading_time":0,"_editorskit_is_block_options_detached":false,"_editorskit_block_options_position":"{}","_uag_custom_page_level_css":"","footnotes":""},"class_list":["post-4842","page","type-page","status-publish","hentry"],"acf":[],"uagb_featured_image_src":{"full":false,"thumbnail":false,"medium":false,"medium_large":false,"large":false,"1536x1536":false,"2048x2048":false,"trp-custom-language-flag":false},"uagb_author_info":{"display_name":"Bob M","author_link":"https:\/\/bitcoinwisdom.com\/pt\/author\/bob\/"},"uagb_comment_info":0,"uagb_excerpt":"Editorial Policy At Bitcoin Wisdom, the number one priority is to ensure that traders and investors can make better informed investing decisions. This is why we are committed to complete transparency, including sharing the rating methodology we employ. The world of cryptocurrencies is vast and confusing, and we are here to make it less so,&hellip;","_links":{"self":[{"href":"https:\/\/bitcoinwisdom.com\/pt\/wp-json\/wp\/v2\/pages\/4842","targetHints":{"allow":["GET"]}}],"collection":[{"href":"https:\/\/bitcoinwisdom.com\/pt\/wp-json\/wp\/v2\/pages"}],"about":[{"href":"https:\/\/bitcoinwisdom.com\/pt\/wp-json\/wp\/v2\/types\/page"}],"author":[{"embeddable":true,"href":"https:\/\/bitcoinwisdom.com\/pt\/wp-json\/wp\/v2\/users\/9"}],"replies":[{"embeddable":true,"href":"https:\/\/bitcoinwisdom.com\/pt\/wp-json\/wp\/v2\/comments?post=4842"}],"version-history":[{"count":0,"href":"https:\/\/bitcoinwisdom.com\/pt\/wp-json\/wp\/v2\/pages\/4842\/revisions"}],"wp:attachment":[{"href":"https:\/\/bitcoinwisdom.com\/pt\/wp-json\/wp\/v2\/media?parent=4842"}],"curies":[{"name":"wp","href":"https:\/\/api.w.org\/{rel}","templated":true}]}}