{"id":537,"date":"2022-03-21T22:10:04","date_gmt":"2022-03-22T05:10:04","guid":{"rendered":"https:\/\/bitcoinwisdom.com\/?page_id=537"},"modified":"2022-05-29T22:44:03","modified_gmt":"2022-05-30T05:44:03","slug":"cookie-policy","status":"publish","type":"page","link":"https:\/\/bitcoinwisdom.com\/pt\/cookie-policy\/","title":{"rendered":"Pol\u00edtica de cookies"},"content":{"rendered":"<h2 class=\"wp-block-heading\" id=\"h-cookies-policy\">Pol\u00edtica de cookies<\/h2>\n\n\n\n<p>Esta Pol\u00edtica de Cookies explica o que s\u00e3o Cookies e como os usamos. Voc\u00ea deve ler esta pol\u00edtica para que possa entender que tipo de cookies usamos ou as informa\u00e7\u00f5es que coletamos usando cookies e como essas informa\u00e7\u00f5es s\u00e3o usadas.<\/p>\n\n\n\n<p>Os cookies normalmente n\u00e3o cont\u00eam nenhuma informa\u00e7\u00e3o que identifique pessoalmente um usu\u00e1rio, mas as informa\u00e7\u00f5es pessoais que armazenamos sobre voc\u00ea podem estar vinculadas \u00e0s informa\u00e7\u00f5es armazenadas e obtidas de cookies. Para obter mais informa\u00e7\u00f5es sobre como usamos, armazenamos e mantemos seus dados pessoais seguros, consulte nossa Pol\u00edtica de Privacidade.<\/p>\n\n\n\n<p>N\u00e3o armazenamos informa\u00e7\u00f5es pessoais confidenciais, como endere\u00e7os de correspond\u00eancia, senhas de contas, etc. nos Cookies que usamos.<\/p>\n\n\n\n<h2 class=\"wp-block-heading\" id=\"h-interpretation-and-definitions\">Interpreta\u00e7\u00e3o e Defini\u00e7\u00f5es<\/h2>\n\n\n\n<h3 class=\"wp-block-heading\" id=\"h-interpretation\">Interpreta\u00e7\u00e3o<\/h3>\n\n\n\n<p>As palavras cuja letra inicial \u00e9 mai\u00fascula t\u00eam significados definidos nas seguintes condi\u00e7\u00f5es. As seguintes defini\u00e7\u00f5es ter\u00e3o o mesmo significado, independentemente de aparecerem no singular ou no plural.<\/p>\n\n\n\n<h3 class=\"wp-block-heading\" id=\"h-definitions\">Defini\u00e7\u00f5es<\/h3>\n\n\n\n<p>Para efeitos desta Pol\u00edtica de Cookies:<\/p>\n\n\n\n<ul class=\"wp-block-list\"><li><strong>Companhia<\/strong>\u00a0(referido como &quot;a Empresa&quot;, &quot;N\u00f3s&quot;, &quot;N\u00f3s&quot; ou &quot;Nosso&quot; nesta Pol\u00edtica de Cookies) refere-se a relex.io.<\/li><li><strong>Biscoitos<\/strong>\u00a0significa pequenos arquivos que s\u00e3o colocados em seu computador, dispositivo m\u00f3vel ou qualquer outro dispositivo por um site, contendo detalhes de seu hist\u00f3rico de navega\u00e7\u00e3o nesse site entre seus muitos usos.<\/li><li><strong>Local na rede Internet<\/strong>\u00a0refere-se a bitcoinwisdom.com, acess\u00edvel a partir de\u00a0<a href=\"https:\/\/bitcoinwisdom.com\/pt\/\" target=\"_blank\" rel=\"noreferrer noopener\" class=\"ek-link\">bitcoinwisdom.com<\/a><\/li><li><strong>Voc\u00ea<\/strong>\u00a0significa o indiv\u00edduo acessando ou usando o Site, ou uma empresa, ou qualquer entidade legal em nome da qual tal indiv\u00edduo esteja acessando ou usando o Site, conforme aplic\u00e1vel.<\/li><\/ul>\n\n\n\n<h2 class=\"wp-block-heading\" id=\"h-the-use-of-the-cookies\">O uso dos Cookies<\/h2>\n\n\n\n<h3 class=\"wp-block-heading\" id=\"h-type-of-cookies-we-use\">Tipo de cookies que usamos<\/h3>\n\n\n\n<p>Os cookies podem ser cookies \u201cpersistentes\u201d ou de \u201csess\u00e3o\u201d. Os cookies persistentes permanecem em seu computador pessoal ou dispositivo m\u00f3vel quando voc\u00ea fica offline, enquanto os cookies de sess\u00e3o s\u00e3o exclu\u00eddos assim que voc\u00ea fecha o navegador da web.<\/p>\n\n\n\n<p>Usamos cookies de sess\u00e3o e persistentes para os fins descritos abaixo:<\/p>\n\n\n\n<ul class=\"wp-block-list\"><li><strong>Cookies Necess\u00e1rios \/ Essenciais<\/strong>Tipo: Cookies de Sess\u00e3o Administrado por: UsProp\u00f3sito: Esses Cookies s\u00e3o essenciais para fornecer a Voc\u00ea os servi\u00e7os dispon\u00edveis atrav\u00e9s do Site e permitir que Voc\u00ea use alguns de seus recursos. Eles ajudam a autenticar usu\u00e1rios e evitar o uso fraudulento de contas de usu\u00e1rios. Sem esses cookies, os servi\u00e7os que voc\u00ea solicitou n\u00e3o podem ser fornecidos, e n\u00f3s usamos esses cookies apenas para fornecer esses servi\u00e7os a voc\u00ea.<\/li><li><strong>Cookies de funcionalidade<\/strong>Tipo: Cookies persistentesAdministrado por: UsProp\u00f3sito: Esses cookies nos permitem lembrar as escolhas que voc\u00ea faz quando usa o site, como lembrar seus detalhes de login ou prefer\u00eancia de idioma. O objetivo desses cookies \u00e9 fornecer a voc\u00ea uma experi\u00eancia mais pessoal e evitar que voc\u00ea precise inserir novamente suas prefer\u00eancias toda vez que usar o site.<\/li><\/ul>\n\n\n\n<h3 class=\"wp-block-heading\" id=\"h-your-choices-regarding-cookies\">Suas escolhas em rela\u00e7\u00e3o aos cookies<\/h3>\n\n\n\n<p>Se voc\u00ea preferir evitar o uso de Cookies no Site, primeiro Voc\u00ea deve desabilitar o uso de Cookies em seu navegador e, em seguida, excluir os Cookies salvos em seu navegador associados a este site. Voc\u00ea pode usar esta op\u00e7\u00e3o para impedir o uso de Cookies a qualquer momento.<\/p>\n\n\n\n<p>Se voc\u00ea n\u00e3o aceitar nossos cookies, poder\u00e1 enfrentar alguns inconvenientes no uso do site e alguns recursos podem n\u00e3o funcionar corretamente.<\/p>\n\n\n\n<p>Se voc\u00ea deseja excluir cookies ou instruir seu navegador para excluir ou recusar cookies, visite as p\u00e1ginas de ajuda do seu navegador.<\/p>\n\n\n\n<p>Para qualquer outro navegador, visite as p\u00e1ginas oficiais do seu navegador.<\/p>","protected":false},"excerpt":{"rendered":"<p>Pol\u00edtica de Cookies Esta Pol\u00edtica de Cookies explica o que s\u00e3o Cookies e como os usamos. Voc\u00ea deve ler esta pol\u00edtica para que possa entender que tipo de cookies usamos ou as informa\u00e7\u00f5es que coletamos usando cookies e como essas informa\u00e7\u00f5es s\u00e3o usadas. Os cookies normalmente n\u00e3o cont\u00eam nenhuma informa\u00e7\u00e3o que identifique pessoalmente um usu\u00e1rio, mas [\u2026]<\/p>","protected":false},"author":5,"featured_media":0,"parent":0,"menu_order":0,"comment_status":"closed","ping_status":"closed","template":"","meta":{"_acf_changed":false,"_editorskit_title_hidden":false,"_editorskit_reading_time":2,"_editorskit_is_block_options_detached":false,"_editorskit_block_options_position":"{}","_uag_custom_page_level_css":"","footnotes":""},"class_list":["post-537","page","type-page","status-publish","hentry"],"acf":[],"uagb_featured_image_src":{"full":false,"thumbnail":false,"medium":false,"medium_large":false,"large":false,"1536x1536":false,"2048x2048":false,"trp-custom-language-flag":false},"uagb_author_info":{"display_name":"Jason Conor","author_link":"https:\/\/bitcoinwisdom.com\/pt\/author\/jason-connor\/"},"uagb_comment_info":0,"uagb_excerpt":"Cookies Policy This Cookies Policy explains what Cookies are and how We use them. You should read this policy so You can understand what type of cookies We use, or the information We collect using Cookies and how that information is used. Cookies do not typically contain any information that personally identifies a user, but&hellip;","_links":{"self":[{"href":"https:\/\/bitcoinwisdom.com\/pt\/wp-json\/wp\/v2\/pages\/537","targetHints":{"allow":["GET"]}}],"collection":[{"href":"https:\/\/bitcoinwisdom.com\/pt\/wp-json\/wp\/v2\/pages"}],"about":[{"href":"https:\/\/bitcoinwisdom.com\/pt\/wp-json\/wp\/v2\/types\/page"}],"author":[{"embeddable":true,"href":"https:\/\/bitcoinwisdom.com\/pt\/wp-json\/wp\/v2\/users\/5"}],"replies":[{"embeddable":true,"href":"https:\/\/bitcoinwisdom.com\/pt\/wp-json\/wp\/v2\/comments?post=537"}],"version-history":[{"count":0,"href":"https:\/\/bitcoinwisdom.com\/pt\/wp-json\/wp\/v2\/pages\/537\/revisions"}],"wp:attachment":[{"href":"https:\/\/bitcoinwisdom.com\/pt\/wp-json\/wp\/v2\/media?parent=537"}],"curies":[{"name":"wp","href":"https:\/\/api.w.org\/{rel}","templated":true}]}}