{"id":539,"date":"2022-03-21T22:12:28","date_gmt":"2022-03-22T05:12:28","guid":{"rendered":"https:\/\/bitcoinwisdom.com\/?page_id=539"},"modified":"2024-09-25T02:43:30","modified_gmt":"2024-09-25T02:43:30","slug":"about","status":"publish","type":"page","link":"https:\/\/bitcoinwisdom.com\/pt\/about\/","title":{"rendered":"Sobre n\u00f3s"},"content":{"rendered":"<h1 class=\"wp-block-heading\">Sobre BitcoinWisdom<\/h1>\n\n\n\n<p>Fundada em 2013, a Bitcoin Wisdom se esfor\u00e7a para fornecer not\u00edcias informativas e precisas sobre bitcoin, previs\u00f5es de pre\u00e7os, guias de investimento e an\u00e1lises de c\u00e2mbio.<\/p>\n\n\n\n<h2 class=\"wp-block-heading\" id=\"h-the-team-behind-check-its-real\">Nossa miss\u00e3o<\/h2>\n\n\n\n<p>Temos uma equipe de indiv\u00edduos dedicados e comprometidos em ajud\u00e1-lo a aprender os fundamentos da criptomoeda. A principal atribui\u00e7\u00e3o da nossa equipe \u00e9 garantir que voc\u00ea possa acessar os mercados financeiros da maneira mais simples poss\u00edvel. Com a ajuda de nossos parceiros, assumimos a responsabilidade de fazer parte de sua jornada de independ\u00eancia financeira com as possibilidades ilimitadas oferecidas pelo mercado de criptomoedas.<\/p>\n\n\n\n<h2 class=\"wp-block-heading\">Equipe editorial<\/h2>\n\n\n\n<p>Na BitcoinWisdom, nos orgulhamos de distribuir apenas conte\u00fado da mais alta qualidade. Trabalhamos incansavelmente para aderir a um conjunto rigoroso de princ\u00edpios jornal\u00edsticos e <a href=\"https:\/\/bitcoinwisdom.com\/pt\/editorial-policy\/\" class=\"ek-link\">pol\u00edtica editorial<\/a> para garantir que nossos leitores recebam informa\u00e7\u00f5es precisas, confi\u00e1veis e confi\u00e1veis.<\/p>","protected":false},"excerpt":{"rendered":"<p>Sobre o BitcoinWisdom Fundado em 2013, o Bitcoin Wisdom se esfor\u00e7a para fornecer not\u00edcias informativas e precisas sobre bitcoin, previs\u00f5es de pre\u00e7os, guias de investimento e an\u00e1lises de c\u00e2mbio. Nossa Miss\u00e3o Temos uma equipe de indiv\u00edduos dedicados e comprometidos em ajud\u00e1-lo a aprender os fundamentos da Criptomoeda. A principal atribui\u00e7\u00e3o de nossa equipe \u00e9 garantir que voc\u00ea possa acessar os mercados financeiros em [\u2026]<\/p>","protected":false},"author":4,"featured_media":0,"parent":0,"menu_order":0,"comment_status":"closed","ping_status":"closed","template":"","meta":{"_acf_changed":false,"_editorskit_title_hidden":false,"_editorskit_reading_time":1,"_editorskit_is_block_options_detached":false,"_editorskit_block_options_position":"{}","_uag_custom_page_level_css":"","footnotes":""},"class_list":["post-539","page","type-page","status-publish","hentry"],"acf":[],"uagb_featured_image_src":{"full":false,"thumbnail":false,"medium":false,"medium_large":false,"large":false,"1536x1536":false,"2048x2048":false,"trp-custom-language-flag":false},"uagb_author_info":{"display_name":"admin","author_link":"https:\/\/bitcoinwisdom.com\/pt\/author\/checkitsreal_u3wyz0\/"},"uagb_comment_info":0,"uagb_excerpt":"About BitcoinWisdom Founded in 2013, Bitcoin Wisdom strives to provide informative and accurate bitcoin news, price predictions, investing guides and exchange reviews. Our Mission We have a team of dedicated individuals committed to helping you learn the fundamentals of Cryptocurrency. Our team\u2019s primary assignment is to ensure that you can access the financial markets in&hellip;","_links":{"self":[{"href":"https:\/\/bitcoinwisdom.com\/pt\/wp-json\/wp\/v2\/pages\/539","targetHints":{"allow":["GET"]}}],"collection":[{"href":"https:\/\/bitcoinwisdom.com\/pt\/wp-json\/wp\/v2\/pages"}],"about":[{"href":"https:\/\/bitcoinwisdom.com\/pt\/wp-json\/wp\/v2\/types\/page"}],"author":[{"embeddable":true,"href":"https:\/\/bitcoinwisdom.com\/pt\/wp-json\/wp\/v2\/users\/4"}],"replies":[{"embeddable":true,"href":"https:\/\/bitcoinwisdom.com\/pt\/wp-json\/wp\/v2\/comments?post=539"}],"version-history":[{"count":0,"href":"https:\/\/bitcoinwisdom.com\/pt\/wp-json\/wp\/v2\/pages\/539\/revisions"}],"wp:attachment":[{"href":"https:\/\/bitcoinwisdom.com\/pt\/wp-json\/wp\/v2\/media?parent=539"}],"curies":[{"name":"wp","href":"https:\/\/api.w.org\/{rel}","templated":true}]}}