{"id":730,"date":"2022-03-23T14:00:00","date_gmt":"2022-03-23T21:00:00","guid":{"rendered":"https:\/\/bitcoinwisdom.com\/?page_id=730"},"modified":"2022-06-21T17:01:00","modified_gmt":"2022-06-22T00:01:00","slug":"new-homepage","status":"publish","type":"page","link":"https:\/\/bitcoinwisdom.com\/pt\/","title":{"rendered":"Not\u00edcias, gr\u00e1ficos, previs\u00f5es de pre\u00e7os, guias e an\u00e1lises de c\u00e2mbio sobre Bitcoin e criptomoedas"},"content":{"rendered":"<div class=\"wp-block-cover is-light bannerSection\"><span aria-hidden=\"true\" class=\"wp-block-cover__background has-background-dim-0 has-background-dim\"><\/span><div class=\"wp-block-cover__inner-container is-layout-flow wp-block-cover-is-layout-flow\">\n<h1 class=\"has-text-align-center wp-block-heading\">Not\u00edcias de criptomoedas, previs\u00f5es de pre\u00e7os, guias de investimento e an\u00e1lises de c\u00e2mbio<\/h1>\n\n\n\n<h3 class=\"has-text-align-center wp-block-heading\">Fundada em 2013, a Bitcoin Wisdom se esfor\u00e7a para fornecer not\u00edcias informativas e precisas sobre bitcoin, previs\u00f5es de pre\u00e7os, guias de investimento e an\u00e1lises de c\u00e2mbio.<\/h3>\n\n\n\n<div class=\"wp-block-columns are-vertically-aligned-center columnsWithLinks\">\n<div class=\"wp-block-column is-vertically-aligned-center\"><div class=\"wp-block-image\">\n<figure class=\"aligncenter size-large\"><a href=\"\/pt\/news\/\"><img decoding=\"async\" width=\"24\" height=\"21\" src=\"\/wp-content\/uploads\/2022\/03\/ico-news.svg\" alt=\"\" class=\"wp-image-751\"\/><\/a><\/figure><\/div>\n\n\n<p class=\"has-text-align-center\"><a href=\"\/pt\/news\/\" class=\"ek-link\">\u00daltimas not\u00edcias sobre criptomoedas<\/a><\/p>\n<\/div>\n\n\n\n<div class=\"wp-block-column is-vertically-aligned-center\"><div class=\"wp-block-image\">\n<figure class=\"aligncenter size-large\"><a href=\"\/pt\/predictions\/\"><img decoding=\"async\" width=\"25\" height=\"22\" src=\"\/wp-content\/uploads\/2022\/03\/ico-bitcoin-wallet.svg\" alt=\"\" class=\"wp-image-752\"\/><\/a><\/figure><\/div>\n\n\n<p class=\"has-text-align-center\"><a href=\"\/pt\/predictions\/\" class=\"ek-link\">Previs\u00f5es de pre\u00e7o<\/a><\/p>\n<\/div>\n\n\n\n<div class=\"wp-block-column is-vertically-aligned-center\"><div class=\"wp-block-image\">\n<figure class=\"aligncenter size-large\"><a href=\"\/pt\/guides\/\"><img decoding=\"async\" width=\"16\" height=\"22\" src=\"\/wp-content\/uploads\/2022\/03\/ico-bitcoin.svg\" alt=\"\" class=\"wp-image-754\"\/><\/a><\/figure><\/div>\n\n\n<p class=\"has-text-align-center\"><a href=\"\/pt\/guides\/\" class=\"ek-link\">Guias de investimento<\/a><\/p>\n<\/div>\n\n\n\n<div class=\"wp-block-column is-vertically-aligned-center\"><div class=\"wp-block-image\">\n<figure class=\"aligncenter size-large\"><a href=\"\/pt\/reviews\/\"><img decoding=\"async\" width=\"20\" height=\"24\" src=\"\/wp-content\/uploads\/2022\/03\/ico-startshere.svg\" alt=\"\" class=\"wp-image-755\"\/><\/a><\/figure><\/div>\n\n\n<p class=\"has-text-align-center\"><a href=\"\/pt\/reviews\/\" class=\"ek-link\">Trocar revis\u00f5es<\/a><\/p>\n<\/div>\n\n\n\n<div class=\"wp-block-column is-vertically-aligned-center\"><div class=\"wp-block-image\">\n<figure class=\"aligncenter size-large\"><a href=\"\/pt\/robots\/\"><img decoding=\"async\" width=\"30\" height=\"32\" src=\"\/wp-content\/uploads\/2022\/03\/ico-trading.svg\" alt=\"\" class=\"wp-image-753\"\/><\/a><\/figure><\/div>\n\n\n<p class=\"has-text-align-center\"><a href=\"\/pt\/robots\/\" class=\"ek-link\">Rob\u00f4s Bitcoin<\/a><\/p>\n<\/div>\n\n\n\n<div class=\"wp-block-column is-vertically-aligned-center\"><div class=\"wp-block-image\">\n<figure class=\"aligncenter size-large\"><a href=\"\/pt\/where-to-buy-and-sell-bitcoin\/\"><img decoding=\"async\" width=\"34\" height=\"32\" src=\"\/wp-content\/uploads\/2022\/03\/ico-to-buy.svg\" alt=\"\" class=\"wp-image-756\"\/><\/a><\/figure><\/div>\n\n\n<p class=\"has-text-align-center\"><a href=\"\/pt\/where-to-buy-and-sell-bitcoin\/\" type=\"post\" id=\"675\" class=\"ek-link\">Como comprar Bitcoin<\/a><\/p>\n<\/div>\n<\/div>\n<\/div><\/div>\n\n\n\n<div class=\"wp-block-group whiteContainer\"><div class=\"wp-block-group__inner-container\">\n<div class=\"wp-block-columns\">\n<div class=\"wp-block-column\">\n<h2 class=\"wp-block-heading\" id=\"h-breaking-cryptocurrency-news\">Not\u00edcias de \u00faltima hora sobre criptomoedas<\/h2>\n<\/div>\n\n\n\n<div class=\"wp-block-column\">\n<div class=\"wp-block-columns\">\n<div class=\"wp-block-column\"><\/div>\n\n\n\n<div class=\"wp-block-column\"><\/div>\n\n\n\n<div class=\"wp-block-column\"><\/div>\n\n\n\n<div class=\"wp-block-column\"><\/div>\n<\/div>\n<\/div>\n<\/div>\n<\/div><\/div>\n\n\n\n<div class=\"wp-block-group cryptoMarkets\"><div class=\"wp-block-group__inner-container\"><div class=\"bigCategoryContainer categoryContainer\"><div class=\"innercategoryContainer\"><div class=\"postContainer small\"><a href=\"https:\/\/bitcoinwisdom.com\/pt\/binance-informed-vip-traders-of-the-deal-with\/\"><img decoding=\"async\" class=\"featured\" src=\"https:\/\/bitcoinwisdom.com\/wp-content\/uploads\/2023\/01\/Binance-1-500x330.jpg\"><\/a><div class=\"postDetailsContainer\"><h3 class=\"postTitle\"><a href=\"https:\/\/bitcoinwisdom.com\/pt\/binance-informed-vip-traders-of-the-deal-with\/\">Binance informou comerciantes VIP sobre o acordo com o DOJ em setembro<\/a><\/h3><div class=\"postDetails\"><strong>Por <a href=\"https:\/\/bitcoinwisdom.com\/pt\/author\/lawrencew\/\">Lawrence Woriji<\/a><\/strong> <time class=\"timeago\" datetime=\"2023-12-01T20:31:38+00:00\">1\u00ba de dezembro de 2023<\/time><\/div><\/div><\/div><div class=\"postContainer small\"><a href=\"https:\/\/bitcoinwisdom.com\/pt\/coinbase-reports-a-6-surge-in-data-requests-from-federal-agencies\/\"><img decoding=\"async\" class=\"featured\" src=\"https:\/\/bitcoinwisdom.com\/wp-content\/uploads\/2023\/12\/Coinbase-500x330.jpg\"><\/a><div class=\"postDetailsContainer\"><h3 class=\"postTitle\"><a href=\"https:\/\/bitcoinwisdom.com\/pt\/coinbase-reports-a-6-surge-in-data-requests-from-federal-agencies\/\">Coinbase relata um aumento de 6% nas solicita\u00e7\u00f5es de dados de ag\u00eancias federais<\/a><\/h3><div class=\"postDetails\"><strong>Por <a href=\"https:\/\/bitcoinwisdom.com\/pt\/author\/parth\/\">Parth Dubey<\/a><\/strong> <time class=\"timeago\" datetime=\"2023-12-01T05:01:52+00:00\">1\u00ba de dezembro de 2023<\/time><\/div><\/div><\/div><div class=\"postContainer small\"><a href=\"https:\/\/bitcoinwisdom.com\/pt\/circle-responds-to-terrorism-financing\/\"><img decoding=\"async\" class=\"featured\" src=\"https:\/\/bitcoinwisdom.com\/wp-content\/uploads\/2022\/07\/USDC-circle-500x330.jpg\"><\/a><div class=\"postDetailsContainer\"><h3 class=\"postTitle\"><a href=\"https:\/\/bitcoinwisdom.com\/pt\/circle-responds-to-terrorism-financing\/\">Circle responde a alega\u00e7\u00f5es de financiamento do terrorismo<\/a><\/h3><div class=\"postDetails\"><strong>Por <a href=\"https:\/\/bitcoinwisdom.com\/pt\/author\/lawrencew\/\">Lawrence Woriji<\/a><\/strong> <time class=\"timeago\" datetime=\"2023-11-30T23:08:38+00:00\">30 de novembro de 2023<\/time><\/div><\/div><\/div><div class=\"postContainer small\"><a href=\"https:\/\/bitcoinwisdom.com\/pt\/paxos-wins-initial-approval-from-abu-dhabi-to-issue-stablecoins\/\"><img decoding=\"async\" class=\"featured\" src=\"https:\/\/bitcoinwisdom.com\/wp-content\/uploads\/2023\/11\/Paxos-1-500x330.jpg\"><\/a><div class=\"postDetailsContainer\"><h3 class=\"postTitle\"><a href=\"https:\/\/bitcoinwisdom.com\/pt\/paxos-wins-initial-approval-from-abu-dhabi-to-issue-stablecoins\/\">Paxos obt\u00e9m aprova\u00e7\u00e3o inicial de Abu Dhabi para emitir Stablecoins<\/a><\/h3><div class=\"postDetails\"><strong>Por <a href=\"https:\/\/bitcoinwisdom.com\/pt\/author\/parth\/\">Parth Dubey<\/a><\/strong> <time class=\"timeago\" datetime=\"2023-11-30T06:47:10+00:00\">30 de novembro de 2023<\/time><\/div><\/div><\/div><div class=\"postContainer small\"><a href=\"https:\/\/bitcoinwisdom.com\/pt\/binance-confirms-plans-to-withdraw-support-for\/\"><img decoding=\"async\" class=\"featured\" src=\"https:\/\/bitcoinwisdom.com\/wp-content\/uploads\/2023\/02\/BUSD-1-500x330.jpg\"><\/a><div class=\"postDetailsContainer\"><h3 class=\"postTitle\"><a href=\"https:\/\/bitcoinwisdom.com\/pt\/binance-confirms-plans-to-withdraw-support-for\/\">Binance confirma planos para retirar suporte ao BUSD em dezembro<\/a><\/h3><div class=\"postDetails\"><strong>Por <a href=\"https:\/\/bitcoinwisdom.com\/pt\/author\/lawrencew\/\">Lawrence Woriji<\/a><\/strong> <time class=\"timeago\" datetime=\"2023-11-29T22:30:40+00:00\">29 de novembro de 2023<\/time><\/div><\/div><\/div><div class=\"postContainer small\"><a href=\"https:\/\/bitcoinwisdom.com\/pt\/ronaldo-sued-for-promotion-of-binance-and-registered-securities\/\"><img decoding=\"async\" class=\"featured\" src=\"https:\/\/bitcoinwisdom.com\/wp-content\/uploads\/2023\/11\/Ronaldo-500x330.jpg\"><\/a><div class=\"postDetailsContainer\"><h3 class=\"postTitle\"><a href=\"https:\/\/bitcoinwisdom.com\/pt\/ronaldo-sued-for-promotion-of-binance-and-registered-securities\/\">Ronaldo processado por promo\u00e7\u00e3o de Binance e t\u00edtulos registrados<\/a><\/h3><div class=\"postDetails\"><strong>Por <a href=\"https:\/\/bitcoinwisdom.com\/pt\/author\/parth\/\">Parth Dubey<\/a><\/strong> <time class=\"timeago\" datetime=\"2023-11-29T09:24:40+00:00\">29 de novembro de 2023<\/time><\/div><\/div><\/div><div class=\"postContainer small\"><a href=\"https:\/\/bitcoinwisdom.com\/pt\/coinbase-stock-continues-to-soar-following\/\"><img decoding=\"async\" class=\"featured\" src=\"https:\/\/bitcoinwisdom.com\/wp-content\/uploads\/2022\/06\/Coinbase-Offers-Jobs-Takes-Them-Back-500x330.jpg\"><\/a><div class=\"postDetailsContainer\"><h3 class=\"postTitle\"><a href=\"https:\/\/bitcoinwisdom.com\/pt\/coinbase-stock-continues-to-soar-following\/\">As a\u00e7\u00f5es da Coinbase continuam a subir ap\u00f3s o acordo da Binance com o DOJ<\/a><\/h3><div class=\"postDetails\"><strong>Por <a href=\"https:\/\/bitcoinwisdom.com\/pt\/author\/lawrencew\/\">Lawrence Woriji<\/a><\/strong> <time class=\"timeago\" datetime=\"2023-11-28T21:17:30+00:00\">28 de novembro de 2023<\/time><\/div><\/div><\/div><div class=\"remainingContainer\"><ul><li><h3 class=\"postTitle\"><a href=\"https:\/\/bitcoinwisdom.com\/pt\/ftx-users-target-mercedes-racing-team-mlb-in-lawsuit-details\/\">Usu\u00e1rios da FTX t\u00eam como alvo a Mercedes Racing Team e MLB em a\u00e7\u00e3o judicial: detalhes<\/a><\/h3><\/li><li><h3 class=\"postTitle\"><a href=\"https:\/\/bitcoinwisdom.com\/pt\/judge-orders-cz-to-remain-in-the-us\/\">Juiz ordena que CZ permane\u00e7a nos EUA<\/a><\/h3><\/li><li><h3 class=\"postTitle\"><a href=\"https:\/\/bitcoinwisdom.com\/pt\/news\/\">Ver mais artigos de not\u00edcias<\/a><\/h3><\/li><\/div><\/div>\n<\/div><\/div>\n\n\n\n<h2 class=\"wp-block-heading\">Mercados de criptomoedas ao vivo<\/h2>\n\n\n\n<div class=\"wp-block-group\"><div class=\"wp-block-group__inner-container\"><div class=\"cryptoboxes mcw-table light\" id=\"mcw-6349\" data-realtime=\"on\"><div class=\"title-bar\">As 10 principais moedas<\/div><table class=\"mcw-datatable dataTable display nowrap\" style=\"width: 100%\" data-length=\"10\" data-total=\"200\"><thead><tr><th class=\"col-rank text-left\" data-col=\"rank\">#<\/th><th class=\"col-name text-left\" data-col=\"name\">Moeda<\/th><th class=\"col-price_usd\" data-col=\"price_usd\">Pre\u00e7o<\/th><th class=\"col-market_cap_usd\" data-col=\"market_cap_usd\">Valor de mercado<\/th><th class=\"col-volume_usd_24h\" data-col=\"volume_usd_24h\">Volume (24h)<\/th><th class=\"col-available_supply\" data-col=\"available_supply\">Fornecer<\/th><th class=\"col-percent_change_24h\" data-col=\"percent_change_24h\">Mudar<\/th><th class=\"col-weekly\" data-col=\"weekly\">\u00daltimas 24h<\/th><\/tr><\/thead><tbody><\/tbody><\/table><\/div>\n<\/div><\/div>\n\n\n\n<div class=\"wp-block-group\"><div class=\"wp-block-group__inner-container\"><div class=\"smallCategoryContainer categoryContainer\"><h2>Previs\u00f5es<\/h2><div class=\"innerSmallcategoryContainer\"><div class=\"postContainer small\"><a href=\"https:\/\/bitcoinwisdom.com\/pt\/divi-price-prediction\/\"><img decoding=\"async\" class=\"featured\" src=\"https:\/\/bitcoinwisdom.com\/wp-content\/uploads\/2022\/07\/Divi-Price-Prediction-500x330.png\"><\/a><div class=\"postDetailsContainer\"><h3 class=\"postTitle\"><a href=\"https:\/\/bitcoinwisdom.com\/pt\/divi-price-prediction\/\">Previs\u00e3o de pre\u00e7o Divi (DIVI) \u2013 2024, 2025 \u2013 2030<\/a><\/h3><div class=\"postDetails\"><strong>Por <a href=\"https:\/\/bitcoinwisdom.com\/pt\/author\/barinem\/\">Barinem Pene<\/a><\/strong> 25 de setembro de 2024<\/div><\/div><\/div><div class=\"postContainer small\"><a href=\"https:\/\/bitcoinwisdom.com\/pt\/everrise-rise-price-prediction\/\"><img decoding=\"async\" class=\"featured\" src=\"https:\/\/bitcoinwisdom.com\/wp-content\/uploads\/2022\/07\/Everrise-Price-Prediction-500x330.png\"><\/a><div class=\"postDetailsContainer\"><h3 class=\"postTitle\"><a href=\"https:\/\/bitcoinwisdom.com\/pt\/everrise-rise-price-prediction\/\">Previs\u00e3o de pre\u00e7o EverRise (RISE) \u2013 2024, 2025 \u2013 2030<\/a><\/h3><div class=\"postDetails\"><strong>Por <a href=\"https:\/\/bitcoinwisdom.com\/pt\/author\/barinem\/\">Barinem Pene<\/a><\/strong> 25 de setembro de 2024<\/div><\/div><\/div><div class=\"postContainer small\"><a href=\"https:\/\/bitcoinwisdom.com\/pt\/maidsafecoin-maid-price-prediction\/\"><img decoding=\"async\" class=\"featured\" src=\"https:\/\/bitcoinwisdom.com\/wp-content\/uploads\/2022\/07\/Maidsafecoin-Price-Prediction-500x330.png\"><\/a><div class=\"postDetailsContainer\"><h3 class=\"postTitle\"><a href=\"https:\/\/bitcoinwisdom.com\/pt\/maidsafecoin-maid-price-prediction\/\">Previs\u00e3o de pre\u00e7o Maidsafecoin (MAID) \u2013 2024, 2025 \u2013 2030<\/a><\/h3><div class=\"postDetails\"><strong>Por <a href=\"https:\/\/bitcoinwisdom.com\/pt\/author\/barinem\/\">Barinem Pene<\/a><\/strong> 25 de setembro de 2024<\/div><\/div><\/div><div class=\"remainingContainer\"><ul><li><h3 class=\"postTitle\"><a href=\"https:\/\/bitcoinwisdom.com\/pt\/nest-protocol-nest-price-prediction\/\">Previs\u00e3o de pre\u00e7o do protocolo Nest (NEST) \u2013 2024, 2025 \u2013 2030<\/a><\/h3><\/li><li><h3 class=\"postTitle\"><a href=\"https:\/\/bitcoinwisdom.com\/pt\/osmosis-osmo-price-prediction\/\">Previs\u00e3o de pre\u00e7o de osmose (OSMO) \u2013 2024, 2025 \u2013 2030<\/a><\/h3><\/li><li><h3 class=\"postTitle\"><a href=\"https:\/\/bitcoinwisdom.com\/pt\/paribus-pbx-price-prediction\/\">Previs\u00e3o de pre\u00e7o Paribus (PBX) \u2013 2024, 2025 \u2013 2030<\/a><\/h3><\/li><li><h3 class=\"postTitle\"><a href=\"https:\/\/bitcoinwisdom.com\/pt\/solanium-slim-price-prediction\/\">Previs\u00e3o de pre\u00e7o do Solanium (SLIM) \u2013 2024, 2025 \u2013 2030<\/a><\/h3><\/li><\/ul><\/div><\/div><a href=\"https:\/\/bitcoinwisdom.com\/pt\/predictions\/\" class=\"allButton\">Todos os artigos de previs\u00f5es<\/a><\/div>\n<\/div><\/div>\n\n\n\n<div class=\"wp-block-group\"><div class=\"wp-block-group__inner-container\"><div class=\"smallCategoryContainer categoryContainer\"><h2>Guias<\/h2><div class=\"innerSmallcategoryContainer\"><div class=\"postContainer small\"><a href=\"https:\/\/bitcoinwisdom.com\/pt\/how-to-invest-in-dogecoin-with-credit-card\/\"><img decoding=\"async\" class=\"featured\" src=\"https:\/\/bitcoinwisdom.com\/wp-content\/uploads\/2022\/09\/h4odslgzfig-500x330.jpg\"><\/a><div class=\"postDetailsContainer\"><h3 class=\"postTitle\"><a href=\"https:\/\/bitcoinwisdom.com\/pt\/how-to-invest-in-dogecoin-with-credit-card\/\">Como investir em Dogecoin com cart\u00e3o de cr\u00e9dito<\/a><\/h3><div class=\"postDetails\"><strong>Por <a href=\"https:\/\/bitcoinwisdom.com\/pt\/author\/martin\/\">Martin K<\/a><\/strong> 6 de setembro de 2022<\/div><\/div><\/div><div class=\"postContainer small\"><a href=\"https:\/\/bitcoinwisdom.com\/pt\/what-is-ripple-and-how-does-it-work\/\"><img decoding=\"async\" class=\"featured\" src=\"https:\/\/bitcoinwisdom.com\/wp-content\/uploads\/2022\/09\/0krsp5irzi4-500x330.jpg\"><\/a><div class=\"postDetailsContainer\"><h3 class=\"postTitle\"><a href=\"https:\/\/bitcoinwisdom.com\/pt\/what-is-ripple-and-how-does-it-work\/\">O que \u00e9 Ripple e como funciona?<\/a><\/h3><div class=\"postDetails\"><strong>Por <a href=\"https:\/\/bitcoinwisdom.com\/pt\/author\/martin\/\">Martin K<\/a><\/strong> 6 de setembro de 2022<\/div><\/div><\/div><div class=\"postContainer small\"><a href=\"https:\/\/bitcoinwisdom.com\/pt\/difference-between-dogecoin-ripple-a-comparison-guide\/\"><img decoding=\"async\" class=\"featured\" src=\"https:\/\/bitcoinwisdom.com\/wp-content\/uploads\/2022\/09\/8xo9gqaamzc-500x330.jpg\"><\/a><div class=\"postDetailsContainer\"><h3 class=\"postTitle\"><a href=\"https:\/\/bitcoinwisdom.com\/pt\/difference-between-dogecoin-ripple-a-comparison-guide\/\">Diferen\u00e7a entre Dogecoin e Ripple - um guia de compara\u00e7\u00e3o<\/a><\/h3><div class=\"postDetails\"><strong>Por <a href=\"https:\/\/bitcoinwisdom.com\/pt\/author\/martin\/\">Martin K<\/a><\/strong> 6 de setembro de 2022<\/div><\/div><\/div><div class=\"remainingContainer\"><ul><li><h3 class=\"postTitle\"><a href=\"https:\/\/bitcoinwisdom.com\/pt\/a-detailed-guide-on-how-to-mine-dogecoin\/\">Um guia detalhado sobre como minerar Dogecoin<\/a><\/h3><\/li><li><h3 class=\"postTitle\"><a href=\"https:\/\/bitcoinwisdom.com\/pt\/top-reasons-why-you-should-invest-in-bitcoin\/\">Principais raz\u00f5es pelas quais voc\u00ea deve investir em Bitcoin<\/a><\/h3><\/li><li><h3 class=\"postTitle\"><a href=\"https:\/\/bitcoinwisdom.com\/pt\/what-you-need-to-know-about-bitcoin\/\">O que voc\u00ea precisa saber sobre Bitcoin<\/a><\/h3><\/li><li><h3 class=\"postTitle\"><a href=\"https:\/\/bitcoinwisdom.com\/pt\/how-to-invest-in-bitcoin\/\">Como investir em Bitcoin<\/a><\/h3><\/li><\/ul><\/div><\/div><a href=\"https:\/\/bitcoinwisdom.com\/pt\/guides\/\" class=\"allButton\">Todos os artigos dos guias<\/a><\/div>\n<\/div><\/div>\n\n\n\n<div class=\"wp-block-group\"><div class=\"wp-block-group__inner-container\"><div class=\"smallCategoryContainer categoryContainer\"><h2>Avalia\u00e7\u00f5es<\/h2><div class=\"innerSmallcategoryContainer\"><div class=\"postContainer small\"><a href=\"https:\/\/bitcoinwisdom.com\/pt\/binance-review\/\"><img decoding=\"async\" class=\"featured\" src=\"https:\/\/bitcoinwisdom.com\/wp-content\/uploads\/2022\/05\/22aee16e43e33d890ee49cfcebbe3d94-500x330.webp\"><\/a><div class=\"postDetailsContainer\"><h3 class=\"postTitle\"><a href=\"https:\/\/bitcoinwisdom.com\/pt\/binance-review\/\">Revis\u00e3o da Binance<\/a><\/h3><div class=\"postDetails\"><strong>Por <a href=\"https:\/\/bitcoinwisdom.com\/pt\/author\/nishit-kumar\/\">Nishit Kumar<\/a><\/strong> 24 de setembro de 2024<\/div><\/div><\/div><div class=\"postContainer small\"><a href=\"https:\/\/bitcoinwisdom.com\/pt\/crypto-com-review\/\"><img decoding=\"async\" class=\"featured\" src=\"https:\/\/bitcoinwisdom.com\/wp-content\/uploads\/2022\/06\/home-500x330.webp\"><\/a><div class=\"postDetailsContainer\"><h3 class=\"postTitle\"><a href=\"https:\/\/bitcoinwisdom.com\/pt\/crypto-com-review\/\">Revis\u00e3o do Crypto.com<\/a><\/h3><div class=\"postDetails\"><strong>Por <a href=\"https:\/\/bitcoinwisdom.com\/pt\/author\/nishit-kumar\/\">Nishit Kumar<\/a><\/strong> 24 de setembro de 2024<\/div><\/div><\/div><div class=\"postContainer small\"><a href=\"https:\/\/bitcoinwisdom.com\/pt\/coinbase-review\/\"><img decoding=\"async\" class=\"featured\" src=\"https:\/\/bitcoinwisdom.com\/wp-content\/uploads\/2022\/05\/1_4c7_SNuureECLAy7nW8TKQ-500x330.png\"><\/a><div class=\"postDetailsContainer\"><h3 class=\"postTitle\"><a href=\"https:\/\/bitcoinwisdom.com\/pt\/coinbase-review\/\">Revis\u00e3o da Coinbase<\/a><\/h3><div class=\"postDetails\"><strong>Por <a href=\"https:\/\/bitcoinwisdom.com\/pt\/author\/nishit-kumar\/\">Nishit Kumar<\/a><\/strong> 24 de setembro de 2024<\/div><\/div><\/div><div class=\"remainingContainer\"><ul><li><h3 class=\"postTitle\"><a href=\"https:\/\/bitcoinwisdom.com\/pt\/coinspot-review\/\">Revis\u00e3o do CoinSpot<\/a><\/h3><\/li><li><h3 class=\"postTitle\"><a href=\"https:\/\/bitcoinwisdom.com\/pt\/kraken-review\/\">Revis\u00e3o do Kraken<\/a><\/h3><\/li><li><h3 class=\"postTitle\"><a href=\"https:\/\/bitcoinwisdom.com\/pt\/bitstamp-review\/\">Revis\u00e3o de carimbo de bits<\/a><\/h3><\/li><li><h3 class=\"postTitle\"><a href=\"https:\/\/bitcoinwisdom.com\/pt\/robinhood-review\/\">Revis\u00e3o de Robinhood<\/a><\/h3><\/li><\/ul><\/div><\/div><a href=\"https:\/\/bitcoinwisdom.com\/pt\/reviews\/\" class=\"allButton\">Todos os artigos de revis\u00e3o<\/a><\/div>\n<\/div><\/div>","protected":false},"excerpt":{"rendered":"<p>Not\u00edcias de \u00faltima hora sobre criptomoedas Mercados de criptomoedas ao vivo<\/p>","protected":false},"author":5,"featured_media":0,"parent":0,"menu_order":0,"comment_status":"closed","ping_status":"closed","template":"","meta":{"_acf_changed":false,"_editorskit_title_hidden":false,"_editorskit_reading_time":1,"_editorskit_is_block_options_detached":false,"_editorskit_block_options_position":"{}","_uag_custom_page_level_css":"","footnotes":""},"class_list":["post-730","page","type-page","status-publish","hentry"],"acf":[],"uagb_featured_image_src":{"full":false,"thumbnail":false,"medium":false,"medium_large":false,"large":false,"1536x1536":false,"2048x2048":false,"trp-custom-language-flag":false},"uagb_author_info":{"display_name":"Jason Conor","author_link":"https:\/\/bitcoinwisdom.com\/pt\/author\/jason-connor\/"},"uagb_comment_info":0,"uagb_excerpt":"Breaking Cryptocurrency News Live Cryptocurrency Markets","_links":{"self":[{"href":"https:\/\/bitcoinwisdom.com\/pt\/wp-json\/wp\/v2\/pages\/730","targetHints":{"allow":["GET"]}}],"collection":[{"href":"https:\/\/bitcoinwisdom.com\/pt\/wp-json\/wp\/v2\/pages"}],"about":[{"href":"https:\/\/bitcoinwisdom.com\/pt\/wp-json\/wp\/v2\/types\/page"}],"author":[{"embeddable":true,"href":"https:\/\/bitcoinwisdom.com\/pt\/wp-json\/wp\/v2\/users\/5"}],"replies":[{"embeddable":true,"href":"https:\/\/bitcoinwisdom.com\/pt\/wp-json\/wp\/v2\/comments?post=730"}],"version-history":[{"count":0,"href":"https:\/\/bitcoinwisdom.com\/pt\/wp-json\/wp\/v2\/pages\/730\/revisions"}],"wp:attachment":[{"href":"https:\/\/bitcoinwisdom.com\/pt\/wp-json\/wp\/v2\/media?parent=730"}],"curies":[{"name":"wp","href":"https:\/\/api.w.org\/{rel}","templated":true}]}}