{"id":4842,"date":"2022-06-07T19:13:55","date_gmt":"2022-06-08T02:13:55","guid":{"rendered":"https:\/\/bitcoinwisdom.com\/?page_id=4842"},"modified":"2022-06-27T02:05:01","modified_gmt":"2022-06-27T02:05:01","slug":"editorial-policy","status":"publish","type":"page","link":"https:\/\/bitcoinwisdom.com\/sv\/editorial-policy\/","title":{"rendered":"Redaktionell policy"},"content":{"rendered":"<h1 class=\"wp-block-heading\">Redaktionell policy<\/h1>\n\n\n\n<p>Hos Bitcoin Wisdom \u00e4r den fr\u00e4msta prioriteringen att se till att handlare och investerare kan fatta b\u00e4ttre informerade investeringsbeslut. Det \u00e4r d\u00e4rf\u00f6r vi har \u00e5tagit oss att fullst\u00e4ndig transparens, inklusive att dela <a href=\"https:\/\/bitcoinwisdom.com\/sv\/ratings-methodology\/\" class=\"ek-link\">betygsmetod<\/a> vi anst\u00e4ller. Kryptovalutornas v\u00e4rld \u00e4r enorm och f\u00f6rvirrande, och vi \u00e4r h\u00e4r f\u00f6r att g\u00f6ra den mindre s\u00e5 att du kan fatta beslut med st\u00f6rre tydlighet.&nbsp;<\/p>\n\n\n\n<h2 class=\"wp-block-heading\">V\u00e5r vision&nbsp;<\/h2>\n\n\n\n<p>Bitcoin Wisdom grundades 2013 och str\u00e4var efter att tillhandah\u00e5lla informativa och korrekta bitcoinnyheter, prisf\u00f6ruts\u00e4gelser, investeringsguider och utbytesrecensioner.<\/p>\n\n\n\n<h2 class=\"wp-block-heading\">V\u00e5rt uppdrag&nbsp;<\/h2>\n\n\n\n<p>Vi har ett team av engagerade individer som \u00e4r engagerade i att hj\u00e4lpa dig l\u00e4ra dig grunderna i kryptovaluta. V\u00e5rt teams prim\u00e4ra uppdrag \u00e4r att se till att du kan komma \u00e5t de finansiella marknaderna p\u00e5 enklast m\u00f6jliga s\u00e4tt. Med hj\u00e4lp av v\u00e5ra partners har vi gjort det till v\u00e5rt ansvar att vara en del av din ekonomiska sj\u00e4lvst\u00e4ndighetsresa med de gr\u00e4nsl\u00f6sa m\u00f6jligheter som kryptomarknaden erbjuder.<\/p>\n\n\n\n<h2 class=\"wp-block-heading\">Redaktionella riktlinjer&nbsp;<\/h2>\n\n\n\n<p>V\u00e5r <a href=\"https:\/\/bitcoinwisdom.com\/sv\/about\/\" class=\"ek-link\">team<\/a> \u00e4r engagerad i att skapa korrekt och handlingskraftigt inneh\u00e5ll som kan hj\u00e4lpa l\u00e4sarna att fatta v\u00e4lgrundade ekonomiska beslut. Vi uppr\u00e4tth\u00e5ller ocks\u00e5 v\u00e4rdet av transparens enligt h\u00f6gsta standard, och ser till att dina redaktionella riktlinjer och int\u00e4ktssystem offentligg\u00f6rs. Alla rutiner som teamet f\u00f6ljer styrs av redaktionella principer, och varje textrad vi skriver \u00e4r faktakontrollerad f\u00f6r att s\u00e4kerst\u00e4lla att alla fel tas bort omg\u00e5ende.&nbsp;<\/p>\n\n\n\n<p>Vi v\u00e4rdes\u00e4tter ocks\u00e5 h\u00f6gt redaktionellt oberoende. Alla recensioner, artiklar och rekommendationer vi g\u00f6r p\u00e5verkas inte p\u00e5 n\u00e5got s\u00e4tt av v\u00e5ra partners, vare sig fr\u00e5n organisationen eller utanf\u00f6r. V\u00e5r process f\u00f6r att tj\u00e4na pengar \u00e4r ocks\u00e5 transparent och kan hittas h\u00e4r.&nbsp;<\/p>\n\n\n\n<p>V\u00e5r redaktion speglar att v\u00e5r publik \u00e4r ganska m\u00e5ngfaldig, tillh\u00f6rande olika regioner och ekonomiska bakgrunder. D\u00e4rf\u00f6r \u00e5terspeglar v\u00e5ra bed\u00f6mningar och rekommendationer detta, vilket g\u00f6r att vi kan f\u00e5 kontakt med v\u00e5r l\u00e4sekrets och ge dem r\u00e5d som \u00e4r mest relevanta f\u00f6r deras situation.&nbsp;<\/p>\n\n\n\n<h2 class=\"wp-block-heading\">Nyckelprinciper&nbsp;<\/h2>\n\n\n\n<ul class=\"wp-block-list\"><li>Alla medlemmar p\u00e5 finans- och kryptovalutamarknaderna \u00e4r engagerade i de h\u00f6gsta standarderna f\u00f6r information, och de har r\u00e4tt till balanserad, korrekt och fullst\u00e4ndig information.&nbsp;<\/li><li>Alla medlemmar p\u00e5 marknaden f\u00f6rtj\u00e4nar ekonomisk r\u00e4ttvisa, och det \u00e4r viktigt f\u00f6r oss att v\u00e5rt inneh\u00e5ll bidrar till att uppn\u00e5 det m\u00e5let.&nbsp;<\/li><li>Alla informationsk\u00e4llor som vi anv\u00e4nder f\u00f6r v\u00e5rt inneh\u00e5ll \u00e4r olika, f\u00f6r att s\u00e4kerst\u00e4lla en h\u00f6gre grad av noggrannhet. Vi baserar v\u00e5ra \u00e5sikter p\u00e5 experter som speglar de k\u00e4nslor och fr\u00e5gor som st\u00e4lls av olika och underrepresenterade grupper av m\u00e4nniskor.&nbsp;<\/li><li>Vi str\u00e4var efter att s\u00e4kerst\u00e4lla objektivitet i alla v\u00e5ra recensioner, och l\u00e5ter inte v\u00e5ra \u00e5sikter och analyser vara partiska av n\u00e5gra aff\u00e4rspartners vi kan ha. V\u00e5rt inneh\u00e5ll ger en kritisk analys av de olika alternativen som \u00e4r tillg\u00e4ngliga f\u00f6r anv\u00e4ndare p\u00e5 marknaden, vilket ger dem m\u00f6jlighet att fatta mer v\u00e4lgrundade beslut.&nbsp;<\/li><\/ul>\n\n\n\n<h2 class=\"wp-block-heading\">Redaktionellt oberoende<\/h2>\n\n\n\n<ul class=\"wp-block-list\"><li>V\u00e5rt redaktionsteam, best\u00e5ende av skribenter, redakt\u00f6rer och faktagranskare, \u00e4r exklusivt ansvarigt f\u00f6r att skapa allt redaktionellt inneh\u00e5ll som vi publicerar. Detta inkluderar alla recensioner, f\u00f6ruts\u00e4gelser eller j\u00e4mf\u00f6relser som vi publicerar.&nbsp;<\/li><li>Alla synpunkter som vi presenterar \u00e4r baserade p\u00e5 fakta som har samlats in genom oberoende forskning och analys. Vi j\u00e4mf\u00f6r varje produkt som vi recenserar med andra liknande produkter p\u00e5 marknaden f\u00f6r en mer grundad j\u00e4mf\u00f6relse och ger \u00e5sikter enbart baserat p\u00e5 egenskaperna och tj\u00e4nsterna f\u00f6r sj\u00e4lva produkten.&nbsp;<\/li><li>V\u00e5ra beslut om vilket betyg vi ska ge produkter och om vi talar positivt om en produkt eller inte p\u00e5verkas inte p\u00e5 n\u00e5got s\u00e4tt av v\u00e5ra aff\u00e4rspartners.&nbsp;<\/li><li>V\u00e5ra skribenter och redakt\u00f6rer kompenseras inte direkt genom annonser eller av v\u00e5ra partners, vilket s\u00e4kerst\u00e4ller att det inte finns n\u00e5gon intressekonflikt i det avseendet.&nbsp;<\/li><li>Resultatanalysen och recensionerna av kvaliteten p\u00e5 v\u00e5ra artiklar och redaktionen p\u00e5verkas inte av v\u00e5ra aff\u00e4rspartners eller av deras recensioners f\u00f6rdelaktighet.&nbsp;<\/li><\/ul>\n\n\n\n<h2 class=\"wp-block-heading\">Faktakontroll och r\u00e4ttelser<\/h2>\n\n\n\n<ul class=\"wp-block-list\"><li>Allt inneh\u00e5ll som vi publicerar via plattformen \u00e4r faktakontrollerat f\u00f6r att s\u00e4kerst\u00e4lla att all information som presenteras \u00e4r korrekt och aktuell. Fr\u00e5n och med publiceringsdatumet f\u00f6r artikeln b\u00f6r all information som finns i den vara korrekt.&nbsp;<\/li><li>Allt v\u00e5rt inneh\u00e5ll g\u00e5r igenom en omfattande process, som involverar skribenter, redakt\u00f6rer och redakt\u00f6rer, som kontrollerar om allt inneh\u00e5ll \u00e4r faktam\u00e4ssigt korrekt.&nbsp;<\/li><li>De enda st\u00f6rre k\u00e4llorna som skribenterna anv\u00e4nder n\u00e4r de f\u00f6rbereder artiklar \u00e4r prim\u00e4ra och auktoritativa k\u00e4llor, s\u00e5som intervjuer, s\u00e5v\u00e4l som webbplatser f\u00f6r myndigheter och industri.&nbsp;<\/li><li>N\u00e4rhelst vi av misstag kan g\u00f6ra ett fel, l\u00e4gger vi upp en korrigering i artikeln som p\u00e5pekar var felet gjordes och vad den korrekta informationen \u00e4r.<\/li><\/ul>\n\n\n\n<p>Om du beh\u00f6ver komma i kontakt med v\u00e5r redaktion, v\u00e4nligen kontakta <a href=\"mailto:editorial@bitcoinwisdom.com\" class=\"ek-link\">editorial@bitcoinwisdom.com<\/a><\/p>","protected":false},"excerpt":{"rendered":"<p>Redaktionell policy P\u00e5 Bitcoin Wisdom \u00e4r den fr\u00e4msta prioriteringen att se till att handlare och investerare kan fatta b\u00e4ttre informerade investeringsbeslut. Det \u00e4r d\u00e4rf\u00f6r vi \u00e4r angel\u00e4gna om fullst\u00e4ndig transparens, inklusive att dela den betygsmetod som vi anv\u00e4nder. Kryptovalutornas v\u00e4rld \u00e4r enorm och f\u00f6rvirrande, och vi \u00e4r h\u00e4r f\u00f6r att g\u00f6ra den mindre [\u2026]<\/p>","protected":false},"author":9,"featured_media":0,"parent":0,"menu_order":0,"comment_status":"closed","ping_status":"closed","template":"","meta":{"_acf_changed":false,"_editorskit_title_hidden":false,"_editorskit_reading_time":0,"_editorskit_is_block_options_detached":false,"_editorskit_block_options_position":"{}","_uag_custom_page_level_css":"","footnotes":""},"class_list":["post-4842","page","type-page","status-publish","hentry"],"acf":[],"uagb_featured_image_src":{"full":false,"thumbnail":false,"medium":false,"medium_large":false,"large":false,"1536x1536":false,"2048x2048":false,"trp-custom-language-flag":false},"uagb_author_info":{"display_name":"Bob M","author_link":"https:\/\/bitcoinwisdom.com\/sv\/author\/bob\/"},"uagb_comment_info":0,"uagb_excerpt":"Editorial Policy At Bitcoin Wisdom, the number one priority is to ensure that traders and investors can make better informed investing decisions. This is why we are committed to complete transparency, including sharing the rating methodology we employ. The world of cryptocurrencies is vast and confusing, and we are here to make it less so,&hellip;","_links":{"self":[{"href":"https:\/\/bitcoinwisdom.com\/sv\/wp-json\/wp\/v2\/pages\/4842","targetHints":{"allow":["GET"]}}],"collection":[{"href":"https:\/\/bitcoinwisdom.com\/sv\/wp-json\/wp\/v2\/pages"}],"about":[{"href":"https:\/\/bitcoinwisdom.com\/sv\/wp-json\/wp\/v2\/types\/page"}],"author":[{"embeddable":true,"href":"https:\/\/bitcoinwisdom.com\/sv\/wp-json\/wp\/v2\/users\/9"}],"replies":[{"embeddable":true,"href":"https:\/\/bitcoinwisdom.com\/sv\/wp-json\/wp\/v2\/comments?post=4842"}],"version-history":[{"count":0,"href":"https:\/\/bitcoinwisdom.com\/sv\/wp-json\/wp\/v2\/pages\/4842\/revisions"}],"wp:attachment":[{"href":"https:\/\/bitcoinwisdom.com\/sv\/wp-json\/wp\/v2\/media?parent=4842"}],"curies":[{"name":"wp","href":"https:\/\/api.w.org\/{rel}","templated":true}]}}