{"id":537,"date":"2022-03-21T22:10:04","date_gmt":"2022-03-22T05:10:04","guid":{"rendered":"https:\/\/bitcoinwisdom.com\/?page_id=537"},"modified":"2022-05-29T22:44:03","modified_gmt":"2022-05-30T05:44:03","slug":"cookie-policy","status":"publish","type":"page","link":"https:\/\/bitcoinwisdom.com\/sv\/cookie-policy\/","title":{"rendered":"Cookiepolicy"},"content":{"rendered":"<h2 class=\"wp-block-heading\" id=\"h-cookies-policy\">Cookiespolicy<\/h2>\n\n\n\n<p>Denna cookiepolicy f\u00f6rklarar vad cookies \u00e4r och hur vi anv\u00e4nder dem. Du b\u00f6r l\u00e4sa denna policy s\u00e5 att du kan f\u00f6rst\u00e5 vilken typ av cookies vi anv\u00e4nder, eller vilken information vi samlar in med hj\u00e4lp av cookies och hur den informationen anv\u00e4nds.<\/p>\n\n\n\n<p>Cookies inneh\u00e5ller vanligtvis ingen information som personligen identifierar en anv\u00e4ndare, men personlig information som vi lagrar om dig kan vara l\u00e4nkad till informationen som lagras i och erh\u00e5lls fr\u00e5n cookies. F\u00f6r ytterligare information om hur vi anv\u00e4nder, lagrar och skyddar dina personuppgifter, se v\u00e5r integritetspolicy.<\/p>\n\n\n\n<p>Vi lagrar inte k\u00e4nslig personlig information, s\u00e5som postadresser, kontol\u00f6senord etc. i de cookies vi anv\u00e4nder.<\/p>\n\n\n\n<h2 class=\"wp-block-heading\" id=\"h-interpretation-and-definitions\">Tolkning och definitioner<\/h2>\n\n\n\n<h3 class=\"wp-block-heading\" id=\"h-interpretation\">Tolkning<\/h3>\n\n\n\n<p>Orden vars initiala bokstav \u00e4r versal har betydelser definierade under f\u00f6ljande villkor. F\u00f6ljande definitioner ska ha samma betydelse oavsett om de f\u00f6rekommer i singular eller plural.<\/p>\n\n\n\n<h3 class=\"wp-block-heading\" id=\"h-definitions\">Definitioner<\/h3>\n\n\n\n<p>F\u00f6r \u00e4ndam\u00e5len med denna cookiepolicy:<\/p>\n\n\n\n<ul class=\"wp-block-list\"><li><strong>F\u00f6retag<\/strong>\u00a0(kallas antingen &quot;f\u00f6retaget&quot;, &quot;vi&quot;, &quot;oss&quot; eller &quot;v\u00e5r&quot; i denna cookiepolicy) h\u00e4nvisar till relex.io.<\/li><li><strong>Sm\u00e5kakor<\/strong>\u00a0betyder sm\u00e5 filer som placeras p\u00e5 din dator, mobila enhet eller n\u00e5gon annan enhet av en webbplats, som inneh\u00e5ller information om din webbhistorik p\u00e5 den webbplatsen bland dess m\u00e5nga anv\u00e4ndningsomr\u00e5den.<\/li><li><strong>Hemsida<\/strong>\u00a0h\u00e4nvisar till bitcoinwisdom.com, tillg\u00e4nglig fr\u00e5n\u00a0<a href=\"https:\/\/bitcoinwisdom.com\/sv\/\" target=\"_blank\" rel=\"noreferrer noopener\" class=\"ek-link\">bitcoinwisdom.com<\/a><\/li><li><strong>Du<\/strong>\u00a0betyder individen som har tillg\u00e5ng till eller anv\u00e4nder webbplatsen, eller ett f\u00f6retag eller n\u00e5gon juridisk person p\u00e5 uppdrag av vilken en s\u00e5dan individ g\u00e5r in p\u00e5 eller anv\u00e4nder webbplatsen, beroende p\u00e5 vad som \u00e4r till\u00e4mpligt.<\/li><\/ul>\n\n\n\n<h2 class=\"wp-block-heading\" id=\"h-the-use-of-the-cookies\">Anv\u00e4ndningen av cookies<\/h2>\n\n\n\n<h3 class=\"wp-block-heading\" id=\"h-type-of-cookies-we-use\">Typ av cookies vi anv\u00e4nder<\/h3>\n\n\n\n<p>Cookies kan vara &quot;best\u00e4ndiga&quot; eller &quot;sessions&quot;-cookies. Best\u00e4ndiga cookies finns kvar p\u00e5 din persondator eller mobila enhet n\u00e4r du g\u00e5r offline, medan sessionscookies raderas s\u00e5 snart du st\u00e4nger din webbl\u00e4sare.<\/p>\n\n\n\n<p>Vi anv\u00e4nder b\u00e5de sessions- och best\u00e4ndiga cookies f\u00f6r de syften som anges nedan:<\/p>\n\n\n\n<ul class=\"wp-block-list\"><li><strong>N\u00f6dv\u00e4ndiga\/n\u00f6dv\u00e4ndiga cookies<\/strong>Typ: Sessionskakor Administreras av: Oss Syfte: Dessa cookies \u00e4r n\u00f6dv\u00e4ndiga f\u00f6r att ge dig tj\u00e4nster som \u00e4r tillg\u00e4ngliga via webbplatsen och f\u00f6r att du ska kunna anv\u00e4nda n\u00e5gra av dess funktioner. De hj\u00e4lper till att autentisera anv\u00e4ndare och f\u00f6rhindra bedr\u00e4glig anv\u00e4ndning av anv\u00e4ndarkonton. Utan dessa cookies kan de tj\u00e4nster som du har bett om inte tillhandah\u00e5llas, och vi anv\u00e4nder endast dessa cookies f\u00f6r att tillhandah\u00e5lla dig dessa tj\u00e4nster.<\/li><li><strong>Funktionscookies<\/strong>Typ: Best\u00e4ndiga kakor Administreras av: Oss Syfte: Dessa kakor till\u00e5ter oss att komma ih\u00e5g val du g\u00f6r n\u00e4r du anv\u00e4nder webbplatsen, till exempel att komma ih\u00e5g dina inloggningsuppgifter eller spr\u00e5kinst\u00e4llningar. Syftet med dessa cookies \u00e4r att ge dig en mer personlig upplevelse och att undvika att du beh\u00f6ver ange dina inst\u00e4llningar igen varje g\u00e5ng du anv\u00e4nder webbplatsen.<\/li><\/ul>\n\n\n\n<h3 class=\"wp-block-heading\" id=\"h-your-choices-regarding-cookies\">Dina val ang\u00e5ende cookies<\/h3>\n\n\n\n<p>Om du f\u00f6redrar att undvika anv\u00e4ndningen av cookies p\u00e5 webbplatsen m\u00e5ste du f\u00f6rst inaktivera anv\u00e4ndningen av cookies i din webbl\u00e4sare och sedan radera de cookies som sparats i din webbl\u00e4sare som \u00e4r kopplade till denna webbplats. Du kan anv\u00e4nda det h\u00e4r alternativet f\u00f6r att f\u00f6rhindra anv\u00e4ndningen av cookies n\u00e4r som helst.<\/p>\n\n\n\n<p>Om du inte accepterar v\u00e5ra cookies kan du uppleva vissa besv\u00e4r i din anv\u00e4ndning av webbplatsen och vissa funktioner kanske inte fungerar korrekt.<\/p>\n\n\n\n<p>Om du vill ta bort cookies eller instruera din webbl\u00e4sare att ta bort eller v\u00e4gra cookies, bes\u00f6k din webbl\u00e4sares hj\u00e4lpsidor.<\/p>\n\n\n\n<p>F\u00f6r alla andra webbl\u00e4sare, bes\u00f6k din webbl\u00e4sares officiella webbsidor.<\/p>","protected":false},"excerpt":{"rendered":"<p>Cookiespolicy Denna cookiepolicy f\u00f6rklarar vad cookies \u00e4r och hur vi anv\u00e4nder dem. Du b\u00f6r l\u00e4sa denna policy s\u00e5 att du kan f\u00f6rst\u00e5 vilken typ av cookies vi anv\u00e4nder, eller vilken information vi samlar in med hj\u00e4lp av cookies och hur den informationen anv\u00e4nds. Cookies inneh\u00e5ller vanligtvis ingen information som personligen identifierar en anv\u00e4ndare, men [\u2026]<\/p>","protected":false},"author":5,"featured_media":0,"parent":0,"menu_order":0,"comment_status":"closed","ping_status":"closed","template":"","meta":{"_acf_changed":false,"_editorskit_title_hidden":false,"_editorskit_reading_time":2,"_editorskit_is_block_options_detached":false,"_editorskit_block_options_position":"{}","_uag_custom_page_level_css":"","footnotes":""},"class_list":["post-537","page","type-page","status-publish","hentry"],"acf":[],"uagb_featured_image_src":{"full":false,"thumbnail":false,"medium":false,"medium_large":false,"large":false,"1536x1536":false,"2048x2048":false,"trp-custom-language-flag":false},"uagb_author_info":{"display_name":"Jason Conor","author_link":"https:\/\/bitcoinwisdom.com\/sv\/author\/jason-connor\/"},"uagb_comment_info":0,"uagb_excerpt":"Cookies Policy This Cookies Policy explains what Cookies are and how We use them. You should read this policy so You can understand what type of cookies We use, or the information We collect using Cookies and how that information is used. Cookies do not typically contain any information that personally identifies a user, but&hellip;","_links":{"self":[{"href":"https:\/\/bitcoinwisdom.com\/sv\/wp-json\/wp\/v2\/pages\/537","targetHints":{"allow":["GET"]}}],"collection":[{"href":"https:\/\/bitcoinwisdom.com\/sv\/wp-json\/wp\/v2\/pages"}],"about":[{"href":"https:\/\/bitcoinwisdom.com\/sv\/wp-json\/wp\/v2\/types\/page"}],"author":[{"embeddable":true,"href":"https:\/\/bitcoinwisdom.com\/sv\/wp-json\/wp\/v2\/users\/5"}],"replies":[{"embeddable":true,"href":"https:\/\/bitcoinwisdom.com\/sv\/wp-json\/wp\/v2\/comments?post=537"}],"version-history":[{"count":0,"href":"https:\/\/bitcoinwisdom.com\/sv\/wp-json\/wp\/v2\/pages\/537\/revisions"}],"wp:attachment":[{"href":"https:\/\/bitcoinwisdom.com\/sv\/wp-json\/wp\/v2\/media?parent=537"}],"curies":[{"name":"wp","href":"https:\/\/api.w.org\/{rel}","templated":true}]}}