{"id":539,"date":"2022-03-21T22:12:28","date_gmt":"2022-03-22T05:12:28","guid":{"rendered":"https:\/\/bitcoinwisdom.com\/?page_id=539"},"modified":"2024-09-25T02:43:30","modified_gmt":"2024-09-25T02:43:30","slug":"about","status":"publish","type":"page","link":"https:\/\/bitcoinwisdom.com\/sv\/about\/","title":{"rendered":"Om oss"},"content":{"rendered":"<h1 class=\"wp-block-heading\">Om BitcoinWisdom<\/h1>\n\n\n\n<p>Bitcoin Wisdom grundades 2013 och str\u00e4var efter att tillhandah\u00e5lla informativa och korrekta bitcoinnyheter, prisf\u00f6ruts\u00e4gelser, investeringsguider och utbytesrecensioner.<\/p>\n\n\n\n<h2 class=\"wp-block-heading\" id=\"h-the-team-behind-check-its-real\">V\u00e5rt uppdrag<\/h2>\n\n\n\n<p>Vi har ett team av engagerade individer som \u00e4r engagerade i att hj\u00e4lpa dig l\u00e4ra dig grunderna i kryptovaluta. V\u00e5rt teams prim\u00e4ra uppdrag \u00e4r att se till att du kan komma \u00e5t de finansiella marknaderna p\u00e5 enklast m\u00f6jliga s\u00e4tt. Med hj\u00e4lp av v\u00e5ra partners har vi gjort det till v\u00e5rt ansvar att vara en del av din ekonomiska sj\u00e4lvst\u00e4ndighetsresa med de gr\u00e4nsl\u00f6sa m\u00f6jligheter som kryptomarknaden erbjuder.<\/p>\n\n\n\n<h2 class=\"wp-block-heading\">Redaktionen<\/h2>\n\n\n\n<p>P\u00e5 BitcoinWisdom \u00e4r vi stolta \u00f6ver att bara distribuera inneh\u00e5ll av h\u00f6gsta kvalitet. Vi arbetar outtr\u00f6ttligt f\u00f6r att f\u00f6lja en strikt upps\u00e4ttning journalistiska principer och <a href=\"https:\/\/bitcoinwisdom.com\/sv\/editorial-policy\/\" class=\"ek-link\">redaktionell policy<\/a> f\u00f6r att s\u00e4kerst\u00e4lla att v\u00e5ra l\u00e4sare f\u00e5r korrekt, p\u00e5litlig och p\u00e5litlig information.<\/p>","protected":false},"excerpt":{"rendered":"<p>Om BitcoinWisdom Bitcoin Wisdom grundades 2013 och str\u00e4var efter att tillhandah\u00e5lla informativa och korrekta bitcoinnyheter, prisf\u00f6ruts\u00e4gelser, investeringsguider och utbytesrecensioner. V\u00e5rt uppdrag Vi har ett team av engagerade individer som \u00e4r engagerade i att hj\u00e4lpa dig l\u00e4ra dig grunderna i kryptovaluta. V\u00e5rt teams prim\u00e4ra uppdrag \u00e4r att se till att du kan komma \u00e5t finansmarknaderna i [\u2026]<\/p>","protected":false},"author":4,"featured_media":0,"parent":0,"menu_order":0,"comment_status":"closed","ping_status":"closed","template":"","meta":{"_acf_changed":false,"_editorskit_title_hidden":false,"_editorskit_reading_time":1,"_editorskit_is_block_options_detached":false,"_editorskit_block_options_position":"{}","_uag_custom_page_level_css":"","footnotes":""},"class_list":["post-539","page","type-page","status-publish","hentry"],"acf":[],"uagb_featured_image_src":{"full":false,"thumbnail":false,"medium":false,"medium_large":false,"large":false,"1536x1536":false,"2048x2048":false,"trp-custom-language-flag":false},"uagb_author_info":{"display_name":"admin","author_link":"https:\/\/bitcoinwisdom.com\/sv\/author\/checkitsreal_u3wyz0\/"},"uagb_comment_info":0,"uagb_excerpt":"About BitcoinWisdom Founded in 2013, Bitcoin Wisdom strives to provide informative and accurate bitcoin news, price predictions, investing guides and exchange reviews. Our Mission We have a team of dedicated individuals committed to helping you learn the fundamentals of Cryptocurrency. Our team\u2019s primary assignment is to ensure that you can access the financial markets in&hellip;","_links":{"self":[{"href":"https:\/\/bitcoinwisdom.com\/sv\/wp-json\/wp\/v2\/pages\/539","targetHints":{"allow":["GET"]}}],"collection":[{"href":"https:\/\/bitcoinwisdom.com\/sv\/wp-json\/wp\/v2\/pages"}],"about":[{"href":"https:\/\/bitcoinwisdom.com\/sv\/wp-json\/wp\/v2\/types\/page"}],"author":[{"embeddable":true,"href":"https:\/\/bitcoinwisdom.com\/sv\/wp-json\/wp\/v2\/users\/4"}],"replies":[{"embeddable":true,"href":"https:\/\/bitcoinwisdom.com\/sv\/wp-json\/wp\/v2\/comments?post=539"}],"version-history":[{"count":0,"href":"https:\/\/bitcoinwisdom.com\/sv\/wp-json\/wp\/v2\/pages\/539\/revisions"}],"wp:attachment":[{"href":"https:\/\/bitcoinwisdom.com\/sv\/wp-json\/wp\/v2\/media?parent=539"}],"curies":[{"name":"wp","href":"https:\/\/api.w.org\/{rel}","templated":true}]}}