{"id":730,"date":"2022-03-23T14:00:00","date_gmt":"2022-03-23T21:00:00","guid":{"rendered":"https:\/\/bitcoinwisdom.com\/?page_id=730"},"modified":"2022-06-21T17:01:00","modified_gmt":"2022-06-22T00:01:00","slug":"new-homepage","status":"publish","type":"page","link":"https:\/\/bitcoinwisdom.com\/sv\/","title":{"rendered":"Bitcoin- och kryptovalutanyheter, diagram, prisf\u00f6ruts\u00e4gelser, guider och b\u00f6rsrecensioner"},"content":{"rendered":"<div class=\"wp-block-cover is-light bannerSection\"><span aria-hidden=\"true\" class=\"wp-block-cover__background has-background-dim-0 has-background-dim\"><\/span><div class=\"wp-block-cover__inner-container is-layout-flow wp-block-cover-is-layout-flow\">\n<h1 class=\"has-text-align-center wp-block-heading\">Kryptonyheter, prisf\u00f6ruts\u00e4gelser, investeringsguider och b\u00f6rsrecensioner<\/h1>\n\n\n\n<h3 class=\"has-text-align-center wp-block-heading\">Bitcoin Wisdom grundades 2013 och str\u00e4var efter att tillhandah\u00e5lla informativa och korrekta bitcoinnyheter, prisf\u00f6ruts\u00e4gelser, investeringsguider och utbytesrecensioner.<\/h3>\n\n\n\n<div class=\"wp-block-columns are-vertically-aligned-center columnsWithLinks\">\n<div class=\"wp-block-column is-vertically-aligned-center\"><div class=\"wp-block-image\">\n<figure class=\"aligncenter size-large\"><a href=\"\/sv\/news\/\"><img decoding=\"async\" width=\"24\" height=\"21\" src=\"\/wp-content\/uploads\/2022\/03\/ico-news.svg\" alt=\"\" class=\"wp-image-751\"\/><\/a><\/figure><\/div>\n\n\n<p class=\"has-text-align-center\"><a href=\"\/sv\/news\/\" class=\"ek-link\">Senaste kryptonyheter<\/a><\/p>\n<\/div>\n\n\n\n<div class=\"wp-block-column is-vertically-aligned-center\"><div class=\"wp-block-image\">\n<figure class=\"aligncenter size-large\"><a href=\"\/sv\/predictions\/\"><img decoding=\"async\" width=\"25\" height=\"22\" src=\"\/wp-content\/uploads\/2022\/03\/ico-bitcoin-wallet.svg\" alt=\"\" class=\"wp-image-752\"\/><\/a><\/figure><\/div>\n\n\n<p class=\"has-text-align-center\"><a href=\"\/sv\/predictions\/\" class=\"ek-link\">Prisf\u00f6ruts\u00e4gelser<\/a><\/p>\n<\/div>\n\n\n\n<div class=\"wp-block-column is-vertically-aligned-center\"><div class=\"wp-block-image\">\n<figure class=\"aligncenter size-large\"><a href=\"\/sv\/guides\/\"><img decoding=\"async\" width=\"16\" height=\"22\" src=\"\/wp-content\/uploads\/2022\/03\/ico-bitcoin.svg\" alt=\"\" class=\"wp-image-754\"\/><\/a><\/figure><\/div>\n\n\n<p class=\"has-text-align-center\"><a href=\"\/sv\/guides\/\" class=\"ek-link\">Investeringsguider<\/a><\/p>\n<\/div>\n\n\n\n<div class=\"wp-block-column is-vertically-aligned-center\"><div class=\"wp-block-image\">\n<figure class=\"aligncenter size-large\"><a href=\"\/sv\/reviews\/\"><img decoding=\"async\" width=\"20\" height=\"24\" src=\"\/wp-content\/uploads\/2022\/03\/ico-startshere.svg\" alt=\"\" class=\"wp-image-755\"\/><\/a><\/figure><\/div>\n\n\n<p class=\"has-text-align-center\"><a href=\"\/sv\/reviews\/\" class=\"ek-link\">Exchange Recensioner<\/a><\/p>\n<\/div>\n\n\n\n<div class=\"wp-block-column is-vertically-aligned-center\"><div class=\"wp-block-image\">\n<figure class=\"aligncenter size-large\"><a href=\"\/sv\/robots\/\"><img decoding=\"async\" width=\"30\" height=\"32\" src=\"\/wp-content\/uploads\/2022\/03\/ico-trading.svg\" alt=\"\" class=\"wp-image-753\"\/><\/a><\/figure><\/div>\n\n\n<p class=\"has-text-align-center\"><a href=\"\/sv\/robots\/\" class=\"ek-link\">Bitcoin robotar<\/a><\/p>\n<\/div>\n\n\n\n<div class=\"wp-block-column is-vertically-aligned-center\"><div class=\"wp-block-image\">\n<figure class=\"aligncenter size-large\"><a href=\"\/sv\/where-to-buy-and-sell-bitcoin\/\"><img decoding=\"async\" width=\"34\" height=\"32\" src=\"\/wp-content\/uploads\/2022\/03\/ico-to-buy.svg\" alt=\"\" class=\"wp-image-756\"\/><\/a><\/figure><\/div>\n\n\n<p class=\"has-text-align-center\"><a href=\"\/sv\/where-to-buy-and-sell-bitcoin\/\" type=\"post\" id=\"675\" class=\"ek-link\">Hur man k\u00f6per Bitcoin<\/a><\/p>\n<\/div>\n<\/div>\n<\/div><\/div>\n\n\n\n<div class=\"wp-block-group whiteContainer\"><div class=\"wp-block-group__inner-container\">\n<div class=\"wp-block-columns\">\n<div class=\"wp-block-column\">\n<h2 class=\"wp-block-heading\" id=\"h-breaking-cryptocurrency-news\">Breaking Cryptocurrency News<\/h2>\n<\/div>\n\n\n\n<div class=\"wp-block-column\">\n<div class=\"wp-block-columns\">\n<div class=\"wp-block-column\"><\/div>\n\n\n\n<div class=\"wp-block-column\"><\/div>\n\n\n\n<div class=\"wp-block-column\"><\/div>\n\n\n\n<div class=\"wp-block-column\"><\/div>\n<\/div>\n<\/div>\n<\/div>\n<\/div><\/div>\n\n\n\n<div class=\"wp-block-group cryptoMarkets\"><div class=\"wp-block-group__inner-container\"><div class=\"bigCategoryContainer categoryContainer\"><div class=\"innercategoryContainer\"><div class=\"postContainer small\"><a href=\"https:\/\/bitcoinwisdom.com\/sv\/binance-informed-vip-traders-of-the-deal-with\/\"><img decoding=\"async\" class=\"featured\" src=\"https:\/\/bitcoinwisdom.com\/wp-content\/uploads\/2023\/01\/Binance-1-500x330.jpg\"><\/a><div class=\"postDetailsContainer\"><h3 class=\"postTitle\"><a href=\"https:\/\/bitcoinwisdom.com\/sv\/binance-informed-vip-traders-of-the-deal-with\/\">Binance informerade VIP-handlare om aff\u00e4ren med DOJ i september<\/a><\/h3><div class=\"postDetails\"><strong>F\u00f6rbi <a href=\"https:\/\/bitcoinwisdom.com\/sv\/author\/lawrencew\/\">Lawrence Weriji<\/a><\/strong> <time class=\"timeago\" datetime=\"2023-12-01T20:31:38+00:00\">1 december 2023<\/time><\/div><\/div><\/div><div class=\"postContainer small\"><a href=\"https:\/\/bitcoinwisdom.com\/sv\/coinbase-reports-a-6-surge-in-data-requests-from-federal-agencies\/\"><img decoding=\"async\" class=\"featured\" src=\"https:\/\/bitcoinwisdom.com\/wp-content\/uploads\/2023\/12\/Coinbase-500x330.jpg\"><\/a><div class=\"postDetailsContainer\"><h3 class=\"postTitle\"><a href=\"https:\/\/bitcoinwisdom.com\/sv\/coinbase-reports-a-6-surge-in-data-requests-from-federal-agencies\/\">Coinbase rapporterar en \u00f6kning p\u00e5 6% i dataf\u00f6rfr\u00e5gningar fr\u00e5n federala myndigheter<\/a><\/h3><div class=\"postDetails\"><strong>F\u00f6rbi <a href=\"https:\/\/bitcoinwisdom.com\/sv\/author\/parth\/\">Parth Dubey<\/a><\/strong> <time class=\"timeago\" datetime=\"2023-12-01T05:01:52+00:00\">1 december 2023<\/time><\/div><\/div><\/div><div class=\"postContainer small\"><a href=\"https:\/\/bitcoinwisdom.com\/sv\/circle-responds-to-terrorism-financing\/\"><img decoding=\"async\" class=\"featured\" src=\"https:\/\/bitcoinwisdom.com\/wp-content\/uploads\/2022\/07\/USDC-circle-500x330.jpg\"><\/a><div class=\"postDetailsContainer\"><h3 class=\"postTitle\"><a href=\"https:\/\/bitcoinwisdom.com\/sv\/circle-responds-to-terrorism-financing\/\">Circle svarar p\u00e5 anklagelser om finansiering av terrorism<\/a><\/h3><div class=\"postDetails\"><strong>F\u00f6rbi <a href=\"https:\/\/bitcoinwisdom.com\/sv\/author\/lawrencew\/\">Lawrence Weriji<\/a><\/strong> <time class=\"timeago\" datetime=\"2023-11-30T23:08:38+00:00\">30 november 2023<\/time><\/div><\/div><\/div><div class=\"postContainer small\"><a href=\"https:\/\/bitcoinwisdom.com\/sv\/paxos-wins-initial-approval-from-abu-dhabi-to-issue-stablecoins\/\"><img decoding=\"async\" class=\"featured\" src=\"https:\/\/bitcoinwisdom.com\/wp-content\/uploads\/2023\/11\/Paxos-1-500x330.jpg\"><\/a><div class=\"postDetailsContainer\"><h3 class=\"postTitle\"><a href=\"https:\/\/bitcoinwisdom.com\/sv\/paxos-wins-initial-approval-from-abu-dhabi-to-issue-stablecoins\/\">Paxos vinner initialt godk\u00e4nnande fr\u00e5n Abu Dhabi f\u00f6r att ge ut Stablecoins<\/a><\/h3><div class=\"postDetails\"><strong>F\u00f6rbi <a href=\"https:\/\/bitcoinwisdom.com\/sv\/author\/parth\/\">Parth Dubey<\/a><\/strong> <time class=\"timeago\" datetime=\"2023-11-30T06:47:10+00:00\">30 november 2023<\/time><\/div><\/div><\/div><div class=\"postContainer small\"><a href=\"https:\/\/bitcoinwisdom.com\/sv\/binance-confirms-plans-to-withdraw-support-for\/\"><img decoding=\"async\" class=\"featured\" src=\"https:\/\/bitcoinwisdom.com\/wp-content\/uploads\/2023\/02\/BUSD-1-500x330.jpg\"><\/a><div class=\"postDetailsContainer\"><h3 class=\"postTitle\"><a href=\"https:\/\/bitcoinwisdom.com\/sv\/binance-confirms-plans-to-withdraw-support-for\/\">Binance bekr\u00e4ftar planer p\u00e5 att dra tillbaka st\u00f6det f\u00f6r BUSD i december<\/a><\/h3><div class=\"postDetails\"><strong>F\u00f6rbi <a href=\"https:\/\/bitcoinwisdom.com\/sv\/author\/lawrencew\/\">Lawrence Weriji<\/a><\/strong> <time class=\"timeago\" datetime=\"2023-11-29T22:30:40+00:00\">29 november 2023<\/time><\/div><\/div><\/div><div class=\"postContainer small\"><a href=\"https:\/\/bitcoinwisdom.com\/sv\/ronaldo-sued-for-promotion-of-binance-and-registered-securities\/\"><img decoding=\"async\" class=\"featured\" src=\"https:\/\/bitcoinwisdom.com\/wp-content\/uploads\/2023\/11\/Ronaldo-500x330.jpg\"><\/a><div class=\"postDetailsContainer\"><h3 class=\"postTitle\"><a href=\"https:\/\/bitcoinwisdom.com\/sv\/ronaldo-sued-for-promotion-of-binance-and-registered-securities\/\">Ronaldo st\u00e4mde f\u00f6r marknadsf\u00f6ring av Binance och registrerade v\u00e4rdepapper<\/a><\/h3><div class=\"postDetails\"><strong>F\u00f6rbi <a href=\"https:\/\/bitcoinwisdom.com\/sv\/author\/parth\/\">Parth Dubey<\/a><\/strong> <time class=\"timeago\" datetime=\"2023-11-29T09:24:40+00:00\">29 november 2023<\/time><\/div><\/div><\/div><div class=\"postContainer small\"><a href=\"https:\/\/bitcoinwisdom.com\/sv\/coinbase-stock-continues-to-soar-following\/\"><img decoding=\"async\" class=\"featured\" src=\"https:\/\/bitcoinwisdom.com\/wp-content\/uploads\/2022\/06\/Coinbase-Offers-Jobs-Takes-Them-Back-500x330.jpg\"><\/a><div class=\"postDetailsContainer\"><h3 class=\"postTitle\"><a href=\"https:\/\/bitcoinwisdom.com\/sv\/coinbase-stock-continues-to-soar-following\/\">Coinbase-aktien forts\u00e4tter att stiga efter Binances uppg\u00f6relse med DOJ<\/a><\/h3><div class=\"postDetails\"><strong>F\u00f6rbi <a href=\"https:\/\/bitcoinwisdom.com\/sv\/author\/lawrencew\/\">Lawrence Weriji<\/a><\/strong> <time class=\"timeago\" datetime=\"2023-11-28T21:17:30+00:00\">28 november 2023<\/time><\/div><\/div><\/div><div class=\"remainingContainer\"><ul><li><h3 class=\"postTitle\"><a href=\"https:\/\/bitcoinwisdom.com\/sv\/ftx-users-target-mercedes-racing-team-mlb-in-lawsuit-details\/\">FTX-anv\u00e4ndare riktar sig till Mercedes Racing Team, MLB i r\u00e4tteg\u00e5ng: Detaljer<\/a><\/h3><\/li><li><h3 class=\"postTitle\"><a href=\"https:\/\/bitcoinwisdom.com\/sv\/judge-orders-cz-to-remain-in-the-us\/\">Domare beordrar CZ att stanna kvar i USA<\/a><\/h3><\/li><li><h3 class=\"postTitle\"><a href=\"https:\/\/bitcoinwisdom.com\/sv\/news\/\">Se fler nyhetsartiklar<\/a><\/h3><\/li><\/div><\/div>\n<\/div><\/div>\n\n\n\n<h2 class=\"wp-block-heading\">Live marknader f\u00f6r kryptovaluta<\/h2>\n\n\n\n<div class=\"wp-block-group\"><div class=\"wp-block-group__inner-container\"><div class=\"cryptoboxes mcw-table light\" id=\"mcw-6349\" data-realtime=\"on\"><div class=\"title-bar\">Topp 10 mynt<\/div><table class=\"mcw-datatable dataTable display nowrap\" style=\"width: 100%\" data-length=\"10\" data-total=\"200\"><thead><tr><th class=\"col-rank text-left\" data-col=\"rank\">#<\/th><th class=\"col-name text-left\" data-col=\"name\">Mynt<\/th><th class=\"col-price_usd\" data-col=\"price_usd\">Pris<\/th><th class=\"col-market_cap_usd\" data-col=\"market_cap_usd\">B\u00f6rsv\u00e4rde<\/th><th class=\"col-volume_usd_24h\" data-col=\"volume_usd_24h\">Volym (24h)<\/th><th class=\"col-available_supply\" data-col=\"available_supply\">Tillf\u00f6rsel<\/th><th class=\"col-percent_change_24h\" data-col=\"percent_change_24h\">F\u00f6r\u00e4ndra<\/th><th class=\"col-weekly\" data-col=\"weekly\">Senaste 24h<\/th><\/tr><\/thead><tbody><\/tbody><\/table><\/div>\n<\/div><\/div>\n\n\n\n<div class=\"wp-block-group\"><div class=\"wp-block-group__inner-container\"><div class=\"smallCategoryContainer categoryContainer\"><h2>F\u00f6ruts\u00e4gelser<\/h2><div class=\"innerSmallcategoryContainer\"><div class=\"postContainer small\"><a href=\"https:\/\/bitcoinwisdom.com\/sv\/divi-price-prediction\/\"><img decoding=\"async\" class=\"featured\" src=\"https:\/\/bitcoinwisdom.com\/wp-content\/uploads\/2022\/07\/Divi-Price-Prediction-500x330.png\"><\/a><div class=\"postDetailsContainer\"><h3 class=\"postTitle\"><a href=\"https:\/\/bitcoinwisdom.com\/sv\/divi-price-prediction\/\">Divi (DIVI) prisprognoser \u2013 2024, 2025 \u2013 2030<\/a><\/h3><div class=\"postDetails\"><strong>F\u00f6rbi <a href=\"https:\/\/bitcoinwisdom.com\/sv\/author\/barinem\/\">Barinem Pene<\/a><\/strong> 25 september 2024<\/div><\/div><\/div><div class=\"postContainer small\"><a href=\"https:\/\/bitcoinwisdom.com\/sv\/everrise-rise-price-prediction\/\"><img decoding=\"async\" class=\"featured\" src=\"https:\/\/bitcoinwisdom.com\/wp-content\/uploads\/2022\/07\/Everrise-Price-Prediction-500x330.png\"><\/a><div class=\"postDetailsContainer\"><h3 class=\"postTitle\"><a href=\"https:\/\/bitcoinwisdom.com\/sv\/everrise-rise-price-prediction\/\">EverRise (RISE) prisprognoser \u2013 2024, 2025 \u2013 2030<\/a><\/h3><div class=\"postDetails\"><strong>F\u00f6rbi <a href=\"https:\/\/bitcoinwisdom.com\/sv\/author\/barinem\/\">Barinem Pene<\/a><\/strong> 25 september 2024<\/div><\/div><\/div><div class=\"postContainer small\"><a href=\"https:\/\/bitcoinwisdom.com\/sv\/maidsafecoin-maid-price-prediction\/\"><img decoding=\"async\" class=\"featured\" src=\"https:\/\/bitcoinwisdom.com\/wp-content\/uploads\/2022\/07\/Maidsafecoin-Price-Prediction-500x330.png\"><\/a><div class=\"postDetailsContainer\"><h3 class=\"postTitle\"><a href=\"https:\/\/bitcoinwisdom.com\/sv\/maidsafecoin-maid-price-prediction\/\">Maidsafecoin (MAID) prisprognoser \u2013 2024, 2025 \u2013 2030<\/a><\/h3><div class=\"postDetails\"><strong>F\u00f6rbi <a href=\"https:\/\/bitcoinwisdom.com\/sv\/author\/barinem\/\">Barinem Pene<\/a><\/strong> 25 september 2024<\/div><\/div><\/div><div class=\"remainingContainer\"><ul><li><h3 class=\"postTitle\"><a href=\"https:\/\/bitcoinwisdom.com\/sv\/nest-protocol-nest-price-prediction\/\">Nest-protokollet (NEST) prisprognoser \u2013 2024, 2025 \u2013 2030<\/a><\/h3><\/li><li><h3 class=\"postTitle\"><a href=\"https:\/\/bitcoinwisdom.com\/sv\/osmosis-osmo-price-prediction\/\">Osmosis (OSMO) prisprognoser \u2013 2024, 2025 \u2013 2030<\/a><\/h3><\/li><li><h3 class=\"postTitle\"><a href=\"https:\/\/bitcoinwisdom.com\/sv\/paribus-pbx-price-prediction\/\">Paribus (PBX) prisf\u00f6ruts\u00e4gelse \u2013 2024, 2025 \u2013 2030<\/a><\/h3><\/li><li><h3 class=\"postTitle\"><a href=\"https:\/\/bitcoinwisdom.com\/sv\/solanium-slim-price-prediction\/\">Solanium (SLIM) prisf\u00f6ruts\u00e4gelse \u2013 2024, 2025 \u2013 2030<\/a><\/h3><\/li><\/ul><\/div><\/div><a href=\"https:\/\/bitcoinwisdom.com\/sv\/predictions\/\" class=\"allButton\">Alla artiklar om f\u00f6ruts\u00e4gelser<\/a><\/div>\n<\/div><\/div>\n\n\n\n<div class=\"wp-block-group\"><div class=\"wp-block-group__inner-container\"><div class=\"smallCategoryContainer categoryContainer\"><h2>Guider<\/h2><div class=\"innerSmallcategoryContainer\"><div class=\"postContainer small\"><a href=\"https:\/\/bitcoinwisdom.com\/sv\/how-to-invest-in-dogecoin-with-credit-card\/\"><img decoding=\"async\" class=\"featured\" src=\"https:\/\/bitcoinwisdom.com\/wp-content\/uploads\/2022\/09\/h4odslgzfig-500x330.jpg\"><\/a><div class=\"postDetailsContainer\"><h3 class=\"postTitle\"><a href=\"https:\/\/bitcoinwisdom.com\/sv\/how-to-invest-in-dogecoin-with-credit-card\/\">Hur man investerar i Dogecoin med kreditkort<\/a><\/h3><div class=\"postDetails\"><strong>F\u00f6rbi <a href=\"https:\/\/bitcoinwisdom.com\/sv\/author\/martin\/\">Martin K<\/a><\/strong> 6 september 2022<\/div><\/div><\/div><div class=\"postContainer small\"><a href=\"https:\/\/bitcoinwisdom.com\/sv\/what-is-ripple-and-how-does-it-work\/\"><img decoding=\"async\" class=\"featured\" src=\"https:\/\/bitcoinwisdom.com\/wp-content\/uploads\/2022\/09\/0krsp5irzi4-500x330.jpg\"><\/a><div class=\"postDetailsContainer\"><h3 class=\"postTitle\"><a href=\"https:\/\/bitcoinwisdom.com\/sv\/what-is-ripple-and-how-does-it-work\/\">Vad \u00e4r Ripple och hur fungerar det?<\/a><\/h3><div class=\"postDetails\"><strong>F\u00f6rbi <a href=\"https:\/\/bitcoinwisdom.com\/sv\/author\/martin\/\">Martin K<\/a><\/strong> 6 september 2022<\/div><\/div><\/div><div class=\"postContainer small\"><a href=\"https:\/\/bitcoinwisdom.com\/sv\/difference-between-dogecoin-ripple-a-comparison-guide\/\"><img decoding=\"async\" class=\"featured\" src=\"https:\/\/bitcoinwisdom.com\/wp-content\/uploads\/2022\/09\/8xo9gqaamzc-500x330.jpg\"><\/a><div class=\"postDetailsContainer\"><h3 class=\"postTitle\"><a href=\"https:\/\/bitcoinwisdom.com\/sv\/difference-between-dogecoin-ripple-a-comparison-guide\/\">Skillnaden mellan Dogecoin &amp; Ripple - En j\u00e4mf\u00f6relseguide<\/a><\/h3><div class=\"postDetails\"><strong>F\u00f6rbi <a href=\"https:\/\/bitcoinwisdom.com\/sv\/author\/martin\/\">Martin K<\/a><\/strong> 6 september 2022<\/div><\/div><\/div><div class=\"remainingContainer\"><ul><li><h3 class=\"postTitle\"><a href=\"https:\/\/bitcoinwisdom.com\/sv\/a-detailed-guide-on-how-to-mine-dogecoin\/\">En detaljerad guide om hur man bryter Dogecoin<\/a><\/h3><\/li><li><h3 class=\"postTitle\"><a href=\"https:\/\/bitcoinwisdom.com\/sv\/top-reasons-why-you-should-invest-in-bitcoin\/\">De b\u00e4sta sk\u00e4len till varf\u00f6r du b\u00f6r investera i Bitcoin<\/a><\/h3><\/li><li><h3 class=\"postTitle\"><a href=\"https:\/\/bitcoinwisdom.com\/sv\/what-you-need-to-know-about-bitcoin\/\">Vad du beh\u00f6ver veta om Bitcoin<\/a><\/h3><\/li><li><h3 class=\"postTitle\"><a href=\"https:\/\/bitcoinwisdom.com\/sv\/how-to-invest-in-bitcoin\/\">Hur man investerar i Bitcoin<\/a><\/h3><\/li><\/ul><\/div><\/div><a href=\"https:\/\/bitcoinwisdom.com\/sv\/guides\/\" class=\"allButton\">Alla guideartiklar<\/a><\/div>\n<\/div><\/div>\n\n\n\n<div class=\"wp-block-group\"><div class=\"wp-block-group__inner-container\"><div class=\"smallCategoryContainer categoryContainer\"><h2>Recensioner<\/h2><div class=\"innerSmallcategoryContainer\"><div class=\"postContainer small\"><a href=\"https:\/\/bitcoinwisdom.com\/sv\/binance-review\/\"><img decoding=\"async\" class=\"featured\" src=\"https:\/\/bitcoinwisdom.com\/wp-content\/uploads\/2022\/05\/22aee16e43e33d890ee49cfcebbe3d94-500x330.webp\"><\/a><div class=\"postDetailsContainer\"><h3 class=\"postTitle\"><a href=\"https:\/\/bitcoinwisdom.com\/sv\/binance-review\/\">Binance recension<\/a><\/h3><div class=\"postDetails\"><strong>F\u00f6rbi <a href=\"https:\/\/bitcoinwisdom.com\/sv\/author\/nishit-kumar\/\">Nishit Kumar<\/a><\/strong> 24 september 2024<\/div><\/div><\/div><div class=\"postContainer small\"><a href=\"https:\/\/bitcoinwisdom.com\/sv\/crypto-com-review\/\"><img decoding=\"async\" class=\"featured\" src=\"https:\/\/bitcoinwisdom.com\/wp-content\/uploads\/2022\/06\/home-500x330.webp\"><\/a><div class=\"postDetailsContainer\"><h3 class=\"postTitle\"><a href=\"https:\/\/bitcoinwisdom.com\/sv\/crypto-com-review\/\">Crypto.com recension<\/a><\/h3><div class=\"postDetails\"><strong>F\u00f6rbi <a href=\"https:\/\/bitcoinwisdom.com\/sv\/author\/nishit-kumar\/\">Nishit Kumar<\/a><\/strong> 24 september 2024<\/div><\/div><\/div><div class=\"postContainer small\"><a href=\"https:\/\/bitcoinwisdom.com\/sv\/coinbase-review\/\"><img decoding=\"async\" class=\"featured\" src=\"https:\/\/bitcoinwisdom.com\/wp-content\/uploads\/2022\/05\/1_4c7_SNuureECLAy7nW8TKQ-500x330.png\"><\/a><div class=\"postDetailsContainer\"><h3 class=\"postTitle\"><a href=\"https:\/\/bitcoinwisdom.com\/sv\/coinbase-review\/\">Coinbase recension<\/a><\/h3><div class=\"postDetails\"><strong>F\u00f6rbi <a href=\"https:\/\/bitcoinwisdom.com\/sv\/author\/nishit-kumar\/\">Nishit Kumar<\/a><\/strong> 24 september 2024<\/div><\/div><\/div><div class=\"remainingContainer\"><ul><li><h3 class=\"postTitle\"><a href=\"https:\/\/bitcoinwisdom.com\/sv\/coinspot-review\/\">CoinSpot recension<\/a><\/h3><\/li><li><h3 class=\"postTitle\"><a href=\"https:\/\/bitcoinwisdom.com\/sv\/kraken-review\/\">Kraken recension<\/a><\/h3><\/li><li><h3 class=\"postTitle\"><a href=\"https:\/\/bitcoinwisdom.com\/sv\/bitstamp-review\/\">Bitstamp recension<\/a><\/h3><\/li><li><h3 class=\"postTitle\"><a href=\"https:\/\/bitcoinwisdom.com\/sv\/robinhood-review\/\">Robinhood recension<\/a><\/h3><\/li><\/ul><\/div><\/div><a href=\"https:\/\/bitcoinwisdom.com\/sv\/reviews\/\" class=\"allButton\">Alla recensionsartiklar<\/a><\/div>\n<\/div><\/div>","protected":false},"excerpt":{"rendered":"<p>Breaking Cryptocurrency News Live Cryptocurrency Markets<\/p>","protected":false},"author":5,"featured_media":0,"parent":0,"menu_order":0,"comment_status":"closed","ping_status":"closed","template":"","meta":{"_acf_changed":false,"_editorskit_title_hidden":false,"_editorskit_reading_time":1,"_editorskit_is_block_options_detached":false,"_editorskit_block_options_position":"{}","_uag_custom_page_level_css":"","footnotes":""},"class_list":["post-730","page","type-page","status-publish","hentry"],"acf":[],"uagb_featured_image_src":{"full":false,"thumbnail":false,"medium":false,"medium_large":false,"large":false,"1536x1536":false,"2048x2048":false,"trp-custom-language-flag":false},"uagb_author_info":{"display_name":"Jason Conor","author_link":"https:\/\/bitcoinwisdom.com\/sv\/author\/jason-connor\/"},"uagb_comment_info":0,"uagb_excerpt":"Breaking Cryptocurrency News Live Cryptocurrency Markets","_links":{"self":[{"href":"https:\/\/bitcoinwisdom.com\/sv\/wp-json\/wp\/v2\/pages\/730","targetHints":{"allow":["GET"]}}],"collection":[{"href":"https:\/\/bitcoinwisdom.com\/sv\/wp-json\/wp\/v2\/pages"}],"about":[{"href":"https:\/\/bitcoinwisdom.com\/sv\/wp-json\/wp\/v2\/types\/page"}],"author":[{"embeddable":true,"href":"https:\/\/bitcoinwisdom.com\/sv\/wp-json\/wp\/v2\/users\/5"}],"replies":[{"embeddable":true,"href":"https:\/\/bitcoinwisdom.com\/sv\/wp-json\/wp\/v2\/comments?post=730"}],"version-history":[{"count":0,"href":"https:\/\/bitcoinwisdom.com\/sv\/wp-json\/wp\/v2\/pages\/730\/revisions"}],"wp:attachment":[{"href":"https:\/\/bitcoinwisdom.com\/sv\/wp-json\/wp\/v2\/media?parent=730"}],"curies":[{"name":"wp","href":"https:\/\/api.w.org\/{rel}","templated":true}]}}