{"id":4838,"date":"2022-06-07T18:58:13","date_gmt":"2022-06-08T01:58:13","guid":{"rendered":"https:\/\/bitcoinwisdom.com\/?page_id=4838"},"modified":"2022-06-07T19:00:30","modified_gmt":"2022-06-08T02:00:30","slug":"ratings-methodology","status":"publish","type":"page","link":"https:\/\/bitcoinwisdom.com\/tr\/ratings-methodology\/","title":{"rendered":"Derecelendirme Metodolojisi"},"content":{"rendered":"<h1 class=\"wp-block-heading\">Derecelendirme Metodolojisi<\/h1>\n\n\n\n<p>Kripto para d\u00fcnyas\u0131nda al\u0131m sat\u0131m yapmaya veya yat\u0131r\u0131m yapmaya ba\u015flamak istiyorsan\u0131z, ayn\u0131 \u015fekilde mevcut olan \u00e7ok say\u0131da borsa sizi korkutuyor olabilir. Do\u011fru borsay\u0131 se\u00e7mek, karl\u0131 bir t\u00fcccar\/yat\u0131r\u0131mc\u0131 olman\u0131n \u00f6nemli ama \u00e7o\u011fu zaman g\u00f6zden ka\u00e7an bir par\u00e7as\u0131d\u0131r. Her borsa teklifleri, \u00fccretleri ve \u00f6zellikleri a\u00e7\u0131s\u0131ndan yaln\u0131zca biraz farkl\u0131d\u0131r, ancak uzun vadede bu, ticaret metodolojinizde olduk\u00e7a fark yaratabilir.\u00a0<\/p>\n\n\n\n<p>Do\u011fru borsay\u0131 se\u00e7me s\u00fcrecini kolayla\u015ft\u0131rmak i\u00e7in piyasada bulunan birka\u00e7 b\u00fcy\u00fck kripto borsas\u0131n\u0131 inceledik ve bunlar\u0131 en uygun kriterlere g\u00f6re derecelendirdik. Bu k\u0131lavuz, bu de\u011ferlendirme ve derecelendirme s\u00fcrecinin bir a\u00e7\u0131klay\u0131c\u0131s\u0131d\u0131r.&nbsp;<\/p>\n\n\n\n<h2 class=\"wp-block-heading\">Derecelendirme Kriterleri&nbsp;<\/h2>\n\n\n\n<p>Herhangi bir borsaya verilen nihai notumuz, borsan\u0131n 6 farkl\u0131 kategoride ald\u0131\u011f\u0131 bireysel derecelendirmelerin a\u011f\u0131rl\u0131kl\u0131 ortalamas\u0131d\u0131r:&nbsp;<\/p>\n\n\n\n<ol class=\"wp-block-list\"><li>\u00dccretler&nbsp;<\/li><li>Mobil uygulama&nbsp;<\/li><li>Ticaret Platformu \u00d6zellikleri<\/li><li>D\u00fczenleme&nbsp;<\/li><li>M\u00fc\u015fteri deste\u011fi&nbsp;<\/li><li>\u00d6deme metodlar\u0131&nbsp;<\/li><\/ol>\n\n\n\n<p>Listeledi\u011fimiz kategorilerin her biri i\u00e7in, \u00e7e\u015fitli borsalardan veri toplad\u0131k ve sonra bunlar\u0131 kar\u015f\u0131la\u015ft\u0131rd\u0131k, b\u00f6ylece bu bireysel kategorilerin her birinde borsalar\u0131 derecelendirebilece\u011fimiz bir \u00f6l\u00e7\u00fcm olu\u015fturduk.&nbsp;<\/p>\n\n\n\n<p>Her fakt\u00f6r 0-10 aras\u0131nda puanlan\u0131r, 0 en k\u00f6t\u00fc ve 10 borsan\u0131n alabilece\u011fi en y\u00fcksek puand\u0131r. Her fakt\u00f6r a\u015fa\u011f\u0131da ayr\u0131nt\u0131l\u0131 olarak a\u00e7\u0131klanm\u0131\u015ft\u0131r.&nbsp;<\/p>\n\n\n\n<h3 class=\"wp-block-heading\">Anonim Canl\u0131 Hesaplar&nbsp;<\/h3>\n\n\n\n<p>T\u00fcm incelemelerimiz ve veri toplamam\u0131z, platformu test etmek i\u00e7in g\u00f6zden ge\u00e7irenler taraf\u0131ndan olu\u015fturulan canl\u0131 hesaplar arac\u0131l\u0131\u011f\u0131yla yap\u0131l\u0131r. Arac\u0131lara, hesab\u0131n maksimum \u00f6zg\u00fcnl\u00fc\u011f\u00fc sa\u011flamak i\u00e7in yap\u0131ld\u0131\u011f\u0131 ve g\u00f6zden ge\u00e7irenlerin platformu m\u00fc\u015fterilerle ayn\u0131 \u015fekilde deneyimleyebilmeleri i\u00e7in yap\u0131ld\u0131\u011f\u0131 konusunda bilgi verilmez.&nbsp;<\/p>\n\n\n\n<h2 class=\"wp-block-heading\">\u00dccretler&nbsp;<\/h2>\n\n\n\n<p>Bir borsada i\u015flem yapmak i\u00e7in \u00f6dedi\u011finiz \u00fccretler, do\u011fru platforma karar vermeden \u00f6nce herhangi bir yat\u0131r\u0131mc\u0131 i\u00e7in belki de en \u00f6nemli hususlardan biridir. Bu, uzun vadeli yat\u0131r\u0131mc\u0131lar i\u00e7in yaln\u0131zca daha k\u00fc\u00e7\u00fck bir etkiye sahip olsa da, g\u00fcnde birka\u00e7 i\u015flem yapabilen d\u00fczenli t\u00fcccarlar i\u00e7in daha da \u00f6nemli hale gelir, bu nedenle \u00fccretlerdeki k\u00fc\u00e7\u00fck bir fark bile birikebilir ve b\u00fcy\u00fck bir dikkat da\u011f\u0131t\u0131c\u0131 olabilir.&nbsp;<\/p>\n\n\n\n<p>Derecelendirme s\u00fcrecimiz i\u00e7in, bir platformla ili\u015fkili \u00fccretler, borsaya verilen toplam derecelendirmenin 17%&#039;sini olu\u015fturur. Her borsan\u0131n \u00fccretleri 0-10 aras\u0131nda derecelendirildi ve bunun i\u00e7in 3 t\u00fcr \u00fccret d\u00fc\u015f\u00fcn\u00fcld\u00fc:&nbsp;&nbsp;<\/p>\n\n\n\n<ul class=\"wp-block-list\"><li>Ticaret \u00fccretleri&nbsp;<\/li><li>Depozito \u00fccretleri&nbsp;<\/li><li>Para \u00e7ekme \u00fccretleri&nbsp;<\/li><\/ul>\n\n\n\n<h3 class=\"wp-block-heading\">\u0130\u015flem \u00dccretleri<\/h3>\n\n\n\n<p>Al\u0131m sat\u0131m \u00fccretleri, borsalar taraf\u0131ndan komisyon veya spread \u015feklinde al\u0131nabilir, ancak \u00e7o\u011fu borsa, daha y\u00fcksek al\u0131m sat\u0131m hacimleri i\u00e7in verilen indirimlerle ikisinin bir kombinasyonunu talep etmeyi tercih eder.&nbsp;<\/p>\n\n\n\n<p>Borsa i\u00e7in i\u015flem \u00fccretlerini derecelendirirken, normal bir i\u015flemin 30 g\u00fcn boyunca yapaca\u011f\u0131 ortalama i\u015flem say\u0131s\u0131na dayal\u0131 olarak d\u00fczenli bir i\u015flem hacmi i\u00e7in talep ettikleri temel i\u015flem \u00fccretlerine bakt\u0131k.&nbsp;<\/p>\n\n\n\n<p>Bu, spot piyasa, vadeli i\u015flemler ve t\u00fcrevler gibi farkl\u0131 \u00fcr\u00fcn s\u0131n\u0131flar\u0131ndaki al\u0131m sat\u0131m \u00fccretlerini i\u00e7eriyordu.&nbsp;<\/p>\n\n\n\n<p>Ek olarak, borsan\u0131n, piyasaya likidite katan i\u015flemlerin, piyasadan likidite \u00e7eken i\u015flemlerden daha d\u00fc\u015f\u00fck \u00fccret ald\u0131\u011f\u0131, yap\u0131c\u0131-al\u0131c\u0131 bir yap\u0131ya sahip olup olmad\u0131\u011f\u0131na da bakt\u0131k.&nbsp;<\/p>\n\n\n\n<h3 class=\"wp-block-heading\">Depozito \u00dccretleri<\/h3>\n\n\n\n<p>Ayr\u0131ca borsayla ili\u015fkili depozito \u00fccretlerine de bakt\u0131k. Bu iki bi\u00e7im ald\u0131:&nbsp;<\/p>\n\n\n\n<ol class=\"wp-block-list\"><li>Kredi\/banka kartlar\u0131, banka havaleleri ve PayPal ve Skrill gibi elektronik c\u00fczdanlar gibi y\u00f6ntemlerle fiat para birimi mevduatlar\u0131 i\u00e7in borsa taraf\u0131ndan al\u0131nan depozito \u00fccretleri.&nbsp;<\/li><li>Mevcut bir harici c\u00fczdandan kripto para yat\u0131rma i\u015flemleri i\u00e7in borsa taraf\u0131ndan al\u0131nan mevduat \u00fccretleri.&nbsp;<\/li><\/ol>\n\n\n\n<h3 class=\"wp-block-heading\">Para \u00c7ekme \u00dccretleri<\/h3>\n\n\n\n<p>Kripto borsalar\u0131 ayr\u0131ca varl\u0131klar\u0131n platformdan \u00e7ekilmesi i\u00e7in \u00fccret alabilir. Platformla ili\u015fkili para yat\u0131rma \u00fccretlerinin analizine benzer \u015fekilde, platformdan hem fiat hem de kripto para \u00e7ekme i\u015flemleriyle ili\u015fkili para \u00e7ekme \u00fccretlerine bakt\u0131k.&nbsp;<\/p>\n\n\n\n<h2 class=\"wp-block-heading\">Mobil uygulama&nbsp;<\/h2>\n\n\n\n<p>Al\u0131m sat\u0131m s\u0131kl\u0131\u011f\u0131 ve kripto para piyasalar\u0131yla ili\u015fkili do\u011fal oynakl\u0131k artt\u0131k\u00e7a, kripto borsalar\u0131n\u0131n, t\u00fcccarlar\u0131n hareket halindeyken al\u0131m sat\u0131m yapmak i\u00e7in kullanabilecekleri bir mobil uygulamas\u0131 olup olmad\u0131\u011f\u0131na da bakt\u0131k. Bu b\u00f6l\u00fcm, toplam puan\u0131m\u0131z\u0131n 16%&#039;sini olu\u015fturdu ve 5 farkl\u0131 unsuru bir araya getirdi:&nbsp;<\/p>\n\n\n\n<ul class=\"wp-block-list\"><li>Uygulama kullan\u0131labilirli\u011fi&nbsp;<\/li><li>M\u00fc\u015fteri de\u011ferlendirmesi<\/li><li>G\u00fcncelleme s\u0131kl\u0131\u011f\u0131&nbsp;<\/li><li>Veri gizlili\u011fi&nbsp;<\/li><li>uyumluluk<\/li><\/ul>\n\n\n\n<h3 class=\"wp-block-heading\">Uygulama Kullan\u0131labilirli\u011fi<\/h3>\n\n\n\n<p>Bakt\u0131\u011f\u0131m\u0131z ilk soru, borsan\u0131n indirilebilecek bir uygulamas\u0131 olup olmad\u0131\u011f\u0131yd\u0131. Bu uygulaman\u0131n hem Android hem de iOS cihazlarda mevcut olup olmad\u0131\u011f\u0131n\u0131 ve her iki i\u015fletim sisteminde de kullan\u0131labilen borsalar\u0131n yaln\u0131zca bir i\u015fletim sisteminde mevcut olan borsalardan daha y\u00fcksek puan ald\u0131\u011f\u0131n\u0131 d\u00fc\u015f\u00fcnd\u00fck.&nbsp;<\/p>\n\n\n\n<h3 class=\"wp-block-heading\">M\u00fc\u015fteri Puan\u0131<\/h3>\n\n\n\n<p>Exchange&#039;in bir uygulamas\u0131 oldu\u011funu belirledi\u011fimizde, bir sonraki ad\u0131m uygulaman\u0131n kalitesine bakmakt\u0131 ve bunu yapman\u0131n en etkili yolu, uygulaman\u0131n ald\u0131\u011f\u0131 m\u00fc\u015fteri yorumlar\u0131na bakmakt\u0131. Android uygulamalar\u0131 i\u00e7in, uygulaman\u0131n Google Play&#039;de ald\u0131\u011f\u0131 ortalama puan dikkate al\u0131n\u0131rken, iOS uygulamalar\u0131 App Store puanlar\u0131na g\u00f6re de\u011ferlendirildi.&nbsp;<\/p>\n\n\n\n<h3 class=\"wp-block-heading\">G\u00fcncelleme s\u0131kl\u0131\u011f\u0131<\/h3>\n\n\n\n<p>Bir mobil uygulama ba\u015flat\u0131ld\u0131\u011f\u0131nda, uygulaman\u0131n performans\u0131yla ilgili herhangi bir hata veya sorunun kolayca giderilebilmesi i\u00e7in s\u0131k s\u0131k g\u00fcncellenmesi gerekir. Bu nedenle, g\u00fcncellemelerin s\u0131kl\u0131\u011f\u0131, bir uygulaman\u0131n ne kadar iyi oldu\u011funu de\u011ferlendirmede \u00f6nemli bir fakt\u00f6r haline gelir.&nbsp;<\/p>\n\n\n\n<p>Bu nedenle, uygulamalar\u0131n g\u00fcncelleme s\u0131kl\u0131\u011f\u0131na bakt\u0131k ve daha s\u0131k g\u00fcncellenenler, \u00e7ok az g\u00fcncellemeye sahip olanlardan daha y\u00fcksek puan ald\u0131.&nbsp;<\/p>\n\n\n\n<h3 class=\"wp-block-heading\">Veri gizlili\u011fi<\/h3>\n\n\n\n<p>Gizlilik, mobil uygulamalar s\u00f6z konusu oldu\u011funda da b\u00fcy\u00fck bir endi\u015fe kayna\u011f\u0131d\u0131r ve bu nedenle, platformun mobil uygulamas\u0131na puanlar atarken bu, metri\u011fimizin bir par\u00e7as\u0131yd\u0131.&nbsp;<\/p>\n\n\n\n<p>Bu konudaki temel d\u00fc\u015f\u00fcnce, mobil uygulaman\u0131n kullan\u0131c\u0131ya hedefli reklamlar g\u00f6stermek i\u00e7in verilerini izleyip izlemedi\u011fine bakmakt\u0131 ve bunu yapan uygulamalar, m\u00fc\u015fteri gizlili\u011fine daha fazla sayg\u0131 duyan uygulamalardan daha d\u00fc\u015f\u00fck puan ald\u0131.&nbsp;<\/p>\n\n\n\n<h3 class=\"wp-block-heading\">uyumluluk<\/h3>\n\n\n\n<p>Son olarak, uygulamalar\u0131n farkl\u0131 cihazlar aras\u0131nda ne kadar uyumlu oldu\u011funa da bakt\u0131k; \u00f6rne\u011fin, bir iOS uygulamas\u0131 bir iPad, iPhone veya Apple Watch&#039;a indirilebilir. Ayn\u0131 kar\u015f\u0131la\u015ft\u0131rmalar Android uygulamalar\u0131 i\u00e7in de yap\u0131labilir.&nbsp;<\/p>\n\n\n\n<p>Bu nedenle, daha \u00e7e\u015fitli cihazlarla uyumlu olan uygulamalar, bu a\u00e7\u0131dan, \u00e7ok say\u0131da cihazla uyumlu olmayan uygulamalardan daha y\u00fcksek puan ald\u0131.&nbsp;<\/p>\n\n\n\n<h2 class=\"wp-block-heading\">Ticaret Platformu \u00d6zellikleri&nbsp;<\/h2>\n\n\n\n<p>Bu, i\u015flem platformunun kendisiyle ilgili bir dizi fakt\u00f6re bakt\u0131\u011f\u0131m\u0131z derecelendirme s\u00fcrecinin en kapsaml\u0131 b\u00f6l\u00fcmlerinden biriydi. Bakt\u0131\u011f\u0131m\u0131z ticaret platformuyla ilgili ana kriter \u015funlar\u0131 i\u00e7eriyordu:&nbsp;<\/p>\n\n\n\n<ol class=\"wp-block-list\"><li>Desteklenen Pazarlar&nbsp;<\/li><li>Mevcut Kripto Para Birimleri&nbsp;<\/li><li>Likidite&nbsp;<\/li><li>OTC Ticareti&nbsp;<\/li><li>G\u00fcvenlik&nbsp;<\/li><li>Sipari\u015f T\u00fcrleri&nbsp;<\/li><\/ol>\n\n\n\n<h3 class=\"wp-block-heading\">Desteklenen Pazarlar&nbsp;<\/h3>\n\n\n\n<p>Bakt\u0131\u011f\u0131m\u0131z ilk fakt\u00f6r, borsa taraf\u0131ndan desteklenen piyasalar\u0131n \u00e7e\u015fitlili\u011fiydi. \u00d6rne\u011fin, yaln\u0131zca spot piyasalar\u0131 olan borsalar, kripto t\u00fcrevlerine ve vadeli i\u015flemlere eri\u015fim sunanlardan daha d\u00fc\u015f\u00fck puan ald\u0131. Kald\u0131ra\u00e7l\u0131 jetonlar gibi daha yeni pazarlara sahip olan borsalar daha y\u00fcksek puan ald\u0131.&nbsp;<\/p>\n\n\n\n<p>Ek olarak, hisse senetleri, forex ve emtia piyasalar\u0131 gibi kripto d\u0131\u015f\u0131 piyasalara eri\u015fim sunan platformlar i\u00e7in de de\u011ferlendirmeler yap\u0131ld\u0131.&nbsp;<\/p>\n\n\n\n<h3 class=\"wp-block-heading\">Mevcut Kripto Para Birimleri&nbsp;<\/h3>\n\n\n\n<p>Bir sonraki d\u00fc\u015f\u00fcnce, platformda mevcut olan kripto para birimlerinin \u00e7e\u015fitlili\u011fine bakmakt\u0131 ve bu, bu konuda en b\u00fcy\u00fck d\u00fc\u015f\u00fcnceydi.&nbsp;<\/p>\n\n\n\n<p>Olduk\u00e7a sezgisel olarak, kullan\u0131c\u0131lara daha fazla say\u0131da kripto para birimine eri\u015fim sunan borsalar, platform \u00fczerinden i\u015flem yapmak i\u00e7in daha az kripto para birimine sahip olanlardan daha y\u00fcksek puan ald\u0131.&nbsp;<\/p>\n\n\n\n<h3 class=\"wp-block-heading\">Likidite&nbsp;<\/h3>\n\n\n\n<p>Likidite de bir endi\u015fe kayna\u011f\u0131 olabilir, \u00e7\u00fcnk\u00fc \u00e7ok d\u00fc\u015f\u00fck likiditeye sahip bir borsada i\u015flem yap\u0131yorsan\u0131z, a\u015fa\u011f\u0131daki gibi endi\u015felerle kar\u015f\u0131la\u015fabilirsiniz:&nbsp;<\/p>\n\n\n\n<ol class=\"wp-block-list\"><li>Al\u0131c\u0131 eksikli\u011fi nedeniyle istedi\u011finiz zaman varl\u0131klar\u0131n\u0131z\u0131 satamamak&nbsp;<\/li><li>Sipari\u015f Defterindeki sipari\u015f eksikli\u011fi nedeniyle \u00e7ok y\u00fcksek fiyatlar \u00f6demek zorunda kalmak.&nbsp;<\/li><\/ol>\n\n\n\n<p>Bu nedenle, borsadaki ortalama g\u00fcnl\u00fck i\u015flem hacmine bakarak farkl\u0131 borsalarla ili\u015fkili likiditeyi kar\u015f\u0131la\u015ft\u0131rd\u0131k. \u0130\u015flem hacmi y\u00fcksek olan borsalar, i\u015flem hacmi d\u00fc\u015f\u00fck olan borsalara g\u00f6re daha y\u00fcksek puanlar ald\u0131.&nbsp;<\/p>\n\n\n\n<h3 class=\"wp-block-heading\">OTC Ticareti&nbsp;<\/h3>\n\n\n\n<p>Bir ticaret borsas\u0131n\u0131 derecelendirirken inceledi\u011fimiz bir di\u011fer fakt\u00f6r, daha b\u00fcy\u00fck sipari\u015fler i\u00e7in OTC masalar\u0131 sunup sunmad\u0131\u011f\u0131yd\u0131. Bu konudaki ba\u015fl\u0131ca d\u00fc\u015f\u00fcnceler \u015funlard\u0131:&nbsp;<\/p>\n\n\n\n<ol class=\"wp-block-list\"><li>Borsan\u0131n OTC ticareti sunup sunmad\u0131\u011f\u0131&nbsp;<\/li><li>OTC ticaret masas\u0131 i\u00e7in minimum sipari\u015f limiti neydi?<\/li><li>Di\u011fer borsalara k\u0131yasla OTC fiyatland\u0131rmas\u0131ndaki rekabet d\u00fczeyi&nbsp;<\/li><li>\u00d6zel bir OTC destek temsilcisinin sa\u011flan\u0131p sa\u011flanmad\u0131\u011f\u0131&nbsp;<\/li><\/ol>\n\n\n\n<h3 class=\"wp-block-heading\">G\u00fcvenlik&nbsp;<\/h3>\n\n\n\n<p>Bir platformla ili\u015fkili g\u00fcvenlik \u00f6nlemleri de, platform \u00f6zelliklerine bakarken derecelendirmemizin b\u00fcy\u00fck bir b\u00f6l\u00fcm\u00fcn\u00fc olu\u015fturdu ve dikkate ald\u0131\u011f\u0131m\u0131z ba\u015fl\u0131ca \u015feyler \u015funlar\u0131 i\u00e7eriyor:&nbsp;<\/p>\n\n\n\n<ol class=\"wp-block-list\"><li>Borsada b\u00fcy\u00fck hesap de\u011fi\u015fiklikleri ve para \u00e7ekme i\u015flemleri i\u00e7in \u0130ki fakt\u00f6rl\u00fc kimlik do\u011frulamas\u0131 olup olmad\u0131\u011f\u0131&nbsp;<\/li><li>De\u011fi\u015fimin sigortal\u0131 olup olmad\u0131\u011f\u0131&nbsp;<\/li><li>Borsan\u0131n varl\u0131klar\u0131n\u0131n \u00e7o\u011funu so\u011fuk hava deposuna al\u0131p almad\u0131\u011f\u0131<\/li><li>Sald\u0131r\u0131lar ve ihlallerle u\u011fra\u015f\u0131rken borsan\u0131n ge\u00e7mi\u015fi&nbsp;<\/li><li>Borsan\u0131n, doland\u0131r\u0131c\u0131l\u0131k faaliyetlerini i\u015faretlemek ve k\u00f6k\u00fcn\u00fc kaz\u0131mak i\u00e7in tasarlanm\u0131\u015f sa\u011flam bir uyumluluk sistemine sahip olup olmad\u0131\u011f\u0131&nbsp;<\/li><\/ol>\n\n\n\n<h3 class=\"wp-block-heading\">Sipari\u015f T\u00fcrleri&nbsp;<\/h3>\n\n\n\n<p>Platform taraf\u0131ndan desteklenen emir t\u00fcrlerinin say\u0131s\u0131 da \u00f6nemli bir kategori olu\u015fturdu \u00e7\u00fcnk\u00fc bu, borsan\u0131n geli\u015fmi\u015f yat\u0131r\u0131mc\u0131lar i\u00e7in ne kadar uygun oldu\u011funu belirlemede do\u011frudan bir fakt\u00f6rd\u00fcr. Borsalara, a\u015fa\u011f\u0131dakiler gibi farkl\u0131 emir t\u00fcrlerini destekleyip desteklemediklerine g\u00f6re derecelendirmeler verildi:&nbsp;<\/p>\n\n\n\n<ol class=\"wp-block-list\"><li>Market sipari\u015fi&nbsp;<\/li><li>Limit emri&nbsp;<\/li><li>Sipari\u015fi durdur&nbsp;<\/li><li>Limit-stop emri&nbsp;<\/li><\/ol>\n\n\n\n<h2 class=\"wp-block-heading\">D\u00fczenleme&nbsp;<\/h2>\n\n\n\n<p>Kripto end\u00fcstrisindeki doland\u0131r\u0131c\u0131l\u0131k ve doland\u0131r\u0131c\u0131l\u0131klar\u0131n say\u0131s\u0131 artt\u0131k\u00e7a, yat\u0131r\u0131mc\u0131lar ve t\u00fcccarlar art\u0131k d\u00fcnya \u00e7ap\u0131nda herhangi bir d\u00fczenleyici otorite taraf\u0131ndan d\u00fczenlendi\u011fi i\u00e7in daha g\u00fcvenli borsalar ar\u0131yorlar. Bu nedenle, borsaya verilen toplam puan\u0131n 17%&#039;sini olu\u015fturan bu, derecelendirme s\u00fcrecimizin bir par\u00e7as\u0131n\u0131 olu\u015fturdu.&nbsp;<\/p>\n\n\n\n<p>\u00d6rne\u011fin, buradaki en b\u00fcy\u00fck d\u00fc\u015f\u00fcnce, borsan\u0131n hi\u00e7 d\u00fczenlenip d\u00fczenlenmedi\u011fiydi. D\u00fczenlenen borsalar, olmayanlardan daha y\u00fcksek puan ald\u0131. Ayr\u0131ca, d\u00fcnya \u00e7ap\u0131nda birden fazla otorite taraf\u0131ndan d\u00fczenlenen borsalar daha da y\u00fcksek puanlar ald\u0131.&nbsp;<\/p>\n\n\n\n<h2 class=\"wp-block-heading\">M\u00fc\u015fteri deste\u011fi&nbsp;<\/h2>\n\n\n\n<p>M\u00fc\u015fteri deste\u011fi ayr\u0131ca, bir borsaya verilen toplam derecelendirmenin 17%&#039;sini olu\u015fturan derecelendirme s\u00fcrecinin \u00f6nemli bir b\u00f6l\u00fcm\u00fcn\u00fc olu\u015fturur. Bu konuda yap\u0131lmas\u0131 gereken 4 husus vard\u0131r:&nbsp;<\/p>\n\n\n\n<ul class=\"wp-block-list\"><li>Canl\u0131 Sohbet Hizmeti&nbsp;<\/li><li>E-posta deste\u011fi&nbsp;<\/li><li>\u00c7a\u011fr\u0131 Deste\u011fi&nbsp;<\/li><li>SSS B\u00f6l\u00fcmleri&nbsp;<\/li><\/ul>\n\n\n\n<h3 class=\"wp-block-heading\">Canl\u0131 Sohbet Hizmeti&nbsp;<\/h3>\n\n\n\n<p>Herhangi bir platform i\u00e7in bakt\u0131\u011f\u0131m\u0131z ilk \u015fey, canl\u0131 sohbet hizmetinin olup olmad\u0131\u011f\u0131yd\u0131. Bunu yapanlar i\u00e7in bir sonraki ad\u0131m, bu hizmetin kullan\u0131c\u0131 sorgular\u0131n\u0131 \u00e7\u00f6zmede ne kadar yard\u0131mc\u0131 oldu\u011funu analiz etmekti.&nbsp;<\/p>\n\n\n\n<p>Canl\u0131 sohbet hizmeti genellikle herhangi bir platform i\u00e7in ilk savunma hatt\u0131d\u0131r ve en basit kullan\u0131c\u0131 sorgular\u0131n\u0131 yan\u0131tlayacak \u015fekilde donat\u0131lmal\u0131d\u0131r. 7\/24 canl\u0131 sohbet hizmeti olan platformlar burada daha y\u00fcksek puanlar ald\u0131.&nbsp;<\/p>\n\n\n\n<h3 class=\"wp-block-heading\">E-posta deste\u011fi&nbsp;<\/h3>\n\n\n\n<p>Bir platformun sundu\u011fu e-posta deste\u011fi, m\u00fc\u015fteri hizmetlerinin ne kadar etkili oldu\u011fu konusunda genellikle en \u00f6nemli hususlar aras\u0131ndad\u0131r ve bu nedenle, derecelendirme s\u00fcrecimizin \u00f6nemli bir par\u00e7as\u0131n\u0131 olu\u015fturdu.&nbsp;<\/p>\n\n\n\n<p>Burada iki fakt\u00f6re bakt\u0131k:&nbsp;<\/p>\n\n\n\n<ol class=\"wp-block-list\"><li>E-posta sorgular\u0131 i\u00e7in g\u00f6zlemlenen ortalama geri d\u00f6n\u00fc\u015f s\u00fcreleri a\u00e7\u0131s\u0131ndan yan\u0131tlar\u0131n h\u0131z\u0131.&nbsp;<\/li><li>Yan\u0131tlar\u0131n yard\u0131mseverli\u011fi, oldu\u011fu gibi, yan\u0131tlar sorunlara net \u00e7\u00f6z\u00fcmler sa\u011flad\u0131.<\/li><\/ol>\n\n\n\n<h3 class=\"wp-block-heading\">\u00c7a\u011fr\u0131 Deste\u011fi&nbsp;<\/h3>\n\n\n\n<p>\u00c7o\u011fu borsa arama deste\u011fi sunmaz ve hatta bunu yaln\u0131zca g\u00fcn i\u00e7inde s\u0131n\u0131rl\u0131 zamanlarda sunanlar bile. Kripto para piyasas\u0131n\u0131n 7 g\u00fcn 24 saat do\u011fas\u0131 g\u00f6z \u00f6n\u00fcne al\u0131nd\u0131\u011f\u0131nda, bu bir sorun olabilir, bu nedenle buradaki ana kriter, borsan\u0131n m\u00fc\u015fteri sorgular\u0131yla ilgilenmek i\u00e7in 7 g\u00fcn 24 saat kullan\u0131labilen bir \u00e7a\u011fr\u0131 destek yard\u0131m hatt\u0131na sahip olup olmad\u0131\u011f\u0131yd\u0131.&nbsp;<\/p>\n\n\n\n<p>Buradaki di\u011fer hususlar, bir temsilci ile konu\u015fmak i\u00e7in bekleme s\u00fcreleri ve verilen yan\u0131tlar\u0131n ve \u00e7\u00f6z\u00fcmlerin yararl\u0131l\u0131\u011f\u0131n\u0131 i\u00e7eriyordu.&nbsp;<\/p>\n\n\n\n<h3 class=\"wp-block-heading\">SSS B\u00f6l\u00fcmleri&nbsp;<\/h3>\n\n\n\n<p>Son olarak, destek s\u00fcrecine yard\u0131mc\u0131 olmak i\u00e7in s\u0131k sorulan sorular\u0131 yan\u0131tlayan bir SSS sayfas\u0131 olup olmad\u0131\u011f\u0131n\u0131 g\u00f6rmek i\u00e7in web sitesinin kendisine bakt\u0131k. SSS sayfas\u0131 olan borsalar, olmayanlardan daha y\u00fcksek puan ald\u0131.&nbsp;<\/p>\n\n\n\n<p>Ek olarak, sahip olan borsalar i\u00e7in a\u015fa\u011f\u0131daki fakt\u00f6rlere bakt\u0131k:&nbsp;<\/p>\n\n\n\n<ol class=\"wp-block-list\"><li>SSS sayfalar\u0131n\u0131n ne kadar kapsaml\u0131 oldu\u011fu&nbsp;<\/li><li>Yeni ortak sorular\u0131 yans\u0131tmak i\u00e7in ne s\u0131kl\u0131kta g\u00fcncellendiler?&nbsp;<\/li><li>Gezinmek ne kadar kolayd\u0131&nbsp;<\/li><\/ol>\n\n\n\n<h2 class=\"wp-block-heading\">\u00d6deme metodlar\u0131&nbsp;<\/h2>\n\n\n\n<p>Kripto borsalar\u0131 genellikle tek bir \u00fclke veya yerle\u015fim yeri ile s\u0131n\u0131rl\u0131 de\u011fildir ve d\u00fcnyan\u0131n her yerinden kullan\u0131c\u0131lar taraf\u0131ndan eri\u015filebilir. Bu nedenle, borsadan kolayca para eklemek ve \u00e7ekmek i\u00e7in kullan\u0131c\u0131lar\u0131n kullanabilecekleri \u00e7ok \u00e7e\u015fitli \u00f6deme y\u00f6ntemlerini desteklemeleri \u00f6nemlidir. En s\u0131k kullan\u0131lan y\u00f6ntemlerden baz\u0131lar\u0131na bakt\u0131k ve borsan\u0131n bu \u00f6deme y\u00f6ntemini destekleyip desteklemedi\u011fine g\u00f6re bir derecelendirme belirledik.&nbsp;<\/p>\n\n\n\n<p>Bu kapsamda de\u011ferlendirdi\u011fimiz \u00f6deme y\u00f6ntemleri \u015funlard\u0131:&nbsp;<\/p>\n\n\n\n<ol class=\"wp-block-list\"><li>Banka Havalesi veya Banka Havalesi&nbsp;<\/li><li>Kredi veya Banka Kart\u0131 \u00d6demeleri&nbsp;<\/li><li>Kripto Para C\u00fczdan Transferleri&nbsp;<\/li><li>PayPal, Skrill ve Neteller gibi Elektronik C\u00fczdan Transferleri&nbsp;<\/li><li>Uluslararas\u0131 Banka Havaleleri&nbsp;<\/li><\/ol>\n\n\n\n<p>Ek olarak, platformun para yat\u0131rma ve \u00e7ekme i\u015flemlerini destekledi\u011fi ve borsalar\u0131n daha fazla itibari para birimini desteklemek i\u00e7in daha y\u00fcksek puanlar ald\u0131\u011f\u0131 itibari para birimlerinin say\u0131s\u0131na da bakt\u0131k.&nbsp;<\/p>","protected":false},"excerpt":{"rendered":"<p>Derecelendirme Metodolojisi Kripto para d\u00fcnyas\u0131nda al\u0131m sat\u0131m yapmaya veya yat\u0131r\u0131m yapmaya ba\u015flamak istiyorsan\u0131z, ayn\u0131 \u015fekilde mevcut olan \u00e7ok say\u0131da borsadan kendinizi olduk\u00e7a korkmu\u015f bulabilirsiniz. Do\u011fru borsay\u0131 se\u00e7mek, karl\u0131 bir t\u00fcccar\/yat\u0131r\u0131mc\u0131 olman\u0131n \u00f6nemli ama \u00e7o\u011fu zaman g\u00f6zden ka\u00e7an bir par\u00e7as\u0131d\u0131r. Her de\u011fi\u015fim sadece biraz farkl\u0131d\u0131r [\u2026]<\/p>","protected":false},"author":9,"featured_media":0,"parent":0,"menu_order":0,"comment_status":"closed","ping_status":"closed","template":"","meta":{"_acf_changed":false,"_editorskit_title_hidden":false,"_editorskit_reading_time":8,"_editorskit_is_block_options_detached":false,"_editorskit_block_options_position":"{}","_uag_custom_page_level_css":"","footnotes":""},"class_list":["post-4838","page","type-page","status-publish","hentry"],"acf":[],"uagb_featured_image_src":{"full":false,"thumbnail":false,"medium":false,"medium_large":false,"large":false,"1536x1536":false,"2048x2048":false,"trp-custom-language-flag":false},"uagb_author_info":{"display_name":"Bob M","author_link":"https:\/\/bitcoinwisdom.com\/tr\/author\/bob\/"},"uagb_comment_info":0,"uagb_excerpt":"Ratings Methodology If you\u2019re looking to begin trading or investing in the cryptocurrency world, you might find yourself being quite intimidated by the sheer number of exchanges that are available for the same. Choosing the right exchange is a major but often overlooked part of being a profitable trader\/investor. Each exchange is only slightly different&hellip;","_links":{"self":[{"href":"https:\/\/bitcoinwisdom.com\/tr\/wp-json\/wp\/v2\/pages\/4838","targetHints":{"allow":["GET"]}}],"collection":[{"href":"https:\/\/bitcoinwisdom.com\/tr\/wp-json\/wp\/v2\/pages"}],"about":[{"href":"https:\/\/bitcoinwisdom.com\/tr\/wp-json\/wp\/v2\/types\/page"}],"author":[{"embeddable":true,"href":"https:\/\/bitcoinwisdom.com\/tr\/wp-json\/wp\/v2\/users\/9"}],"replies":[{"embeddable":true,"href":"https:\/\/bitcoinwisdom.com\/tr\/wp-json\/wp\/v2\/comments?post=4838"}],"version-history":[{"count":0,"href":"https:\/\/bitcoinwisdom.com\/tr\/wp-json\/wp\/v2\/pages\/4838\/revisions"}],"wp:attachment":[{"href":"https:\/\/bitcoinwisdom.com\/tr\/wp-json\/wp\/v2\/media?parent=4838"}],"curies":[{"name":"wp","href":"https:\/\/api.w.org\/{rel}","templated":true}]}}