{"id":4842,"date":"2022-06-07T19:13:55","date_gmt":"2022-06-08T02:13:55","guid":{"rendered":"https:\/\/bitcoinwisdom.com\/?page_id=4842"},"modified":"2022-06-27T02:05:01","modified_gmt":"2022-06-27T02:05:01","slug":"editorial-policy","status":"publish","type":"page","link":"https:\/\/bitcoinwisdom.com\/tr\/editorial-policy\/","title":{"rendered":"\u0130\u00e7erik Politikas\u0131"},"content":{"rendered":"<h1 class=\"wp-block-heading\">\u0130\u00e7erik Politikas\u0131<\/h1>\n\n\n\n<p>Bitcoin Wisdom&#039;da bir numaral\u0131 \u00f6ncelik, t\u00fcccarlar\u0131n ve yat\u0131r\u0131mc\u0131lar\u0131n daha bilin\u00e7li yat\u0131r\u0131m kararlar\u0131 alabilmelerini sa\u011flamakt\u0131r. Bu nedenle, payla\u015f\u0131m\u0131 da dahil olmak \u00fczere \u015feffafl\u0131\u011f\u0131 tamamlamaya kararl\u0131y\u0131z. <a href=\"https:\/\/bitcoinwisdom.com\/tr\/ratings-methodology\/\" class=\"ek-link\">derecelendirme metodolojisi<\/a> \u0130\u015fe al\u0131yoruz. Kripto para birimleri d\u00fcnyas\u0131 geni\u015f ve kafa kar\u0131\u015ft\u0131r\u0131c\u0131d\u0131r ve biz bunu daha az hale getirmek, daha net kararlar alabilmeniz i\u00e7in yapmak i\u00e7in buraday\u0131z.&nbsp;<\/p>\n\n\n\n<h2 class=\"wp-block-heading\">Vizyonumuz&nbsp;<\/h2>\n\n\n\n<p>2013 y\u0131l\u0131nda kurulan Bitcoin Wisdom, bilgilendirici ve do\u011fru bitcoin haberleri, fiyat tahminleri, yat\u0131r\u0131m k\u0131lavuzlar\u0131 ve borsa incelemeleri sunmaya \u00e7al\u0131\u015f\u0131r.<\/p>\n\n\n\n<h2 class=\"wp-block-heading\">G\u00f6revimiz&nbsp;<\/h2>\n\n\n\n<p>Cryptocurrency&#039;in temellerini \u00f6\u011frenmenize yard\u0131mc\u0131 olmaya kendini adam\u0131\u015f ki\u015filerden olu\u015fan bir ekibimiz var. Ekibimizin birincil g\u00f6revi, finansal piyasalara m\u00fcmk\u00fcn olan en basit \u015fekilde eri\u015fmenizi sa\u011flamakt\u0131r. Ortaklar\u0131m\u0131z\u0131n yard\u0131m\u0131yla, kripto piyasas\u0131n\u0131n sundu\u011fu s\u0131n\u0131rs\u0131z olanaklarla finansal ba\u011f\u0131ms\u0131zl\u0131k yolculu\u011funuzun bir par\u00e7as\u0131 olmay\u0131 kendi sorumlulu\u011fumuz haline getirdik.<\/p>\n\n\n\n<h2 class=\"wp-block-heading\">\u0130\u00e7erik Y\u00f6nergeleri&nbsp;<\/h2>\n\n\n\n<p>Bizim <a href=\"https:\/\/bitcoinwisdom.com\/tr\/about\/\" class=\"ek-link\">tak\u0131m<\/a> okuyucular\u0131n bilin\u00e7li finansal kararlar almalar\u0131na yard\u0131mc\u0131 olabilecek do\u011fru ve eyleme d\u00f6n\u00fc\u015ft\u00fcr\u00fclebilir i\u00e7erik olu\u015fturmaya kendini adam\u0131\u015ft\u0131r. Ayr\u0131ca, i\u00e7erik y\u00f6nergelerinizin ve gelir sistemlerinizin herkese a\u00e7\u0131k olmas\u0131n\u0131 sa\u011flayarak \u015feffafl\u0131\u011f\u0131n de\u011ferini en y\u00fcksek standartlarda tutuyoruz. Ekip taraf\u0131ndan takip edilen t\u00fcm uygulamalar, yaz\u0131m ilkeleri taraf\u0131ndan y\u00f6nlendirilir ve yazd\u0131\u011f\u0131m\u0131z her metin sat\u0131r\u0131, t\u00fcm hatalar\u0131n derhal ortadan kald\u0131r\u0131lmas\u0131n\u0131 sa\u011flamak i\u00e7in kontrol edilir.&nbsp;<\/p>\n\n\n\n<p>Ayr\u0131ca editoryal ba\u011f\u0131ms\u0131zl\u0131\u011fa \u00e7ok de\u011fer veriyoruz. Yapt\u0131\u011f\u0131m\u0131z t\u00fcm incelemeler, makaleler ve tavsiyeler, kurulu\u015f i\u00e7inden veya d\u0131\u015f\u0131ndan hi\u00e7bir \u015fekilde ortaklar\u0131m\u0131zdan etkilenmez. Para kazanma s\u00fcrecimiz de \u015feffaft\u0131r ve burada bulunabilir.&nbsp;<\/p>\n\n\n\n<p>Edit\u00f6r ekibimiz, hedef kitlemizin olduk\u00e7a \u00e7e\u015fitli oldu\u011funu, farkl\u0131 b\u00f6lgelere ve ekonomik ge\u00e7mi\u015flere ait oldu\u011funu yans\u0131t\u0131yor. Bu nedenle, de\u011ferlendirmelerimiz ve \u00f6nerilerimiz bunu yans\u0131tmakta ve okuyucular\u0131m\u0131zla ba\u011flant\u0131 kurmam\u0131z\u0131 ve onlara durumlar\u0131na en uygun tavsiyeleri vermemizi sa\u011flamaktad\u0131r.&nbsp;<\/p>\n\n\n\n<h2 class=\"wp-block-heading\">Temel \u0130lkeler&nbsp;<\/h2>\n\n\n\n<ul class=\"wp-block-list\"><li>Finansal ve kripto para piyasalar\u0131n\u0131n t\u00fcm \u00fcyeleri, en y\u00fcksek bilgi standartlar\u0131na ba\u011fl\u0131d\u0131r ve dengeli, do\u011fru ve eksiksiz bilgi edinme hakk\u0131na sahiptir.&nbsp;<\/li><li>Piyasan\u0131n t\u00fcm \u00fcyeleri ekonomik e\u015fitli\u011fi hak ediyor ve i\u00e7eri\u011fimizin bu amaca ula\u015f\u0131lmas\u0131na yard\u0131mc\u0131 olmas\u0131 bizim i\u00e7in \u00f6nemlidir.&nbsp;<\/li><li>\u0130\u00e7eri\u011fimiz i\u00e7in kulland\u0131\u011f\u0131m\u0131z t\u00fcm bilgi kaynaklar\u0131, daha y\u00fcksek bir do\u011fruluk derecesi sa\u011flamak i\u00e7in \u00e7e\u015fitlidir. G\u00f6r\u00fc\u015flerimizi, \u00e7e\u015fitli ve yeterince temsil edilmeyen insan gruplar\u0131n\u0131n ortaya koydu\u011fu duygular\u0131 ve sorular\u0131 yans\u0131tan uzmanlara dayand\u0131r\u0131yoruz.&nbsp;<\/li><li>G\u00f6r\u00fc\u015flerimizin ve analizlerimizin sahip olabilece\u011fimiz herhangi bir i\u015f orta\u011f\u0131 taraf\u0131ndan \u00f6nyarg\u0131l\u0131 olmas\u0131na izin vermeyerek, t\u00fcm incelemelerimizde tarafs\u0131zl\u0131\u011f\u0131 sa\u011flamaya \u00e7al\u0131\u015f\u0131yoruz. \u0130\u00e7eri\u011fimiz, pazardaki kullan\u0131c\u0131lara sunulan farkl\u0131 se\u00e7eneklerin ele\u015ftirel bir analizini sa\u011flayarak, daha bilin\u00e7li kararlar vermelerini sa\u011flar.&nbsp;<\/li><\/ul>\n\n\n\n<h2 class=\"wp-block-heading\">Editoryal Ba\u011f\u0131ms\u0131zl\u0131k<\/h2>\n\n\n\n<ul class=\"wp-block-list\"><li>Yazarlar, edit\u00f6rler ve do\u011frulay\u0131c\u0131lardan olu\u015fan editoryal ekibimiz, yay\u0131nlad\u0131\u011f\u0131m\u0131z t\u00fcm editoryal i\u00e7eri\u011fi olu\u015fturmaktan m\u00fcnhas\u0131ran sorumludur. Bu, yay\u0131nlad\u0131\u011f\u0131m\u0131z t\u00fcm incelemeleri, tahminleri veya kar\u015f\u0131la\u015ft\u0131rmalar\u0131 i\u00e7erir.&nbsp;<\/li><li>Sundu\u011fumuz t\u00fcm bak\u0131\u015f a\u00e7\u0131lar\u0131, ba\u011f\u0131ms\u0131z ara\u015ft\u0131rma ve analiz yoluyla toplanan ger\u00e7eklere dayanmaktad\u0131r. \u0130nceledi\u011fimiz her \u00fcr\u00fcn\u00fc, daha sa\u011flam bir kar\u015f\u0131la\u015ft\u0131rma i\u00e7in piyasadaki di\u011fer benzer \u00fcr\u00fcnlerle kar\u015f\u0131la\u015ft\u0131r\u0131r ve yaln\u0131zca \u00fcr\u00fcn\u00fcn \u00f6zelliklerine ve hizmetlerine dayal\u0131 g\u00f6r\u00fc\u015fler sunar\u0131z.&nbsp;<\/li><li>\u00dcr\u00fcnlere hangi puan\u0131 verece\u011fimiz ve bir \u00fcr\u00fcn hakk\u0131nda olumlu konu\u015fup konu\u015fmad\u0131\u011f\u0131m\u0131z konusundaki kararlar\u0131m\u0131z hi\u00e7bir \u015fekilde i\u015f ortaklar\u0131m\u0131zdan etkilenmez.&nbsp;<\/li><li>Yazarlar\u0131m\u0131z ve edit\u00f6rlerimiz do\u011frudan reklamlar veya ortaklar\u0131m\u0131z taraf\u0131ndan tazmin edilmez, bu nedenle bu konuda herhangi bir \u00e7\u0131kar \u00e7at\u0131\u015fmas\u0131 olmamas\u0131 sa\u011flan\u0131r.&nbsp;<\/li><li>Makalelerimizin ve edit\u00f6r ekibimizin kalite performans analizleri ve incelemeleri, i\u015f ortaklar\u0131m\u0131zdan veya incelemelerinin olumlulu\u011fundan etkilenmez.&nbsp;<\/li><\/ul>\n\n\n\n<h2 class=\"wp-block-heading\">Do\u011frulama ve d\u00fczeltmeler<\/h2>\n\n\n\n<ul class=\"wp-block-list\"><li>Platform arac\u0131l\u0131\u011f\u0131yla yay\u0131nlad\u0131\u011f\u0131m\u0131z t\u00fcm i\u00e7erikler, sunulan t\u00fcm bilgilerin do\u011fru ve zaman\u0131nda oldu\u011fundan emin olmak i\u00e7in kontrol edilir. Makalenin yay\u0131n tarihi itibariyle i\u00e7eri\u011finde yer alan her t\u00fcrl\u00fc bilgi do\u011fru olmal\u0131d\u0131r.&nbsp;<\/li><li>T\u00fcm i\u00e7eri\u011fimiz, t\u00fcm i\u00e7eri\u011fin ger\u00e7e\u011fe uygun olup olmad\u0131\u011f\u0131n\u0131 kontrol eden yazarlar\u0131, edit\u00f6rleri ve kopya edit\u00f6rlerini i\u00e7eren kapsaml\u0131 bir s\u00fcre\u00e7ten ge\u00e7er.&nbsp;<\/li><li>Yazarlar taraf\u0131ndan makale haz\u0131rlan\u0131rken kullan\u0131lan tek ana kaynak, r\u00f6portajlar gibi birincil ve yetkili kaynaklar ile h\u00fck\u00fcmet ve sekt\u00f6r web siteleridir.&nbsp;<\/li><li>Ne zaman istemeden bir hata yaparsak, makaleye hatan\u0131n nerede yap\u0131ld\u0131\u011f\u0131n\u0131 ve do\u011fru bilgilerin neler oldu\u011funu g\u00f6steren bir d\u00fczeltme g\u00f6ndeririz.<\/li><\/ul>\n\n\n\n<p>Edit\u00f6r ekibimizle ileti\u015fime ge\u00e7meniz gerekiyorsa, l\u00fctfen bize ula\u015f\u0131n <a href=\"mailto:editorial@bitcoinwisdom.com\" class=\"ek-link\">editorial@bitcoinwisdom.com<\/a><\/p>","protected":false},"excerpt":{"rendered":"<p>Yaz\u0131m Politikas\u0131 Bitcoin Wisdom&#039;da bir numaral\u0131 \u00f6ncelik, t\u00fcccarlar\u0131n ve yat\u0131r\u0131mc\u0131lar\u0131n daha bilin\u00e7li yat\u0131r\u0131m kararlar\u0131 alabilmelerini sa\u011flamakt\u0131r. Bu nedenle, kulland\u0131\u011f\u0131m\u0131z derecelendirme metodolojisini payla\u015fmak da dahil olmak \u00fczere \u015feffafl\u0131\u011f\u0131 tamamlamaya kararl\u0131y\u0131z. Kripto para birimleri d\u00fcnyas\u0131 geni\u015f ve kafa kar\u0131\u015ft\u0131r\u0131c\u0131d\u0131r ve biz bunu daha az hale getirmek i\u00e7in buraday\u0131z, [\u2026]<\/p>","protected":false},"author":9,"featured_media":0,"parent":0,"menu_order":0,"comment_status":"closed","ping_status":"closed","template":"","meta":{"_acf_changed":false,"_editorskit_title_hidden":false,"_editorskit_reading_time":0,"_editorskit_is_block_options_detached":false,"_editorskit_block_options_position":"{}","_uag_custom_page_level_css":"","footnotes":""},"class_list":["post-4842","page","type-page","status-publish","hentry"],"acf":[],"uagb_featured_image_src":{"full":false,"thumbnail":false,"medium":false,"medium_large":false,"large":false,"1536x1536":false,"2048x2048":false,"trp-custom-language-flag":false},"uagb_author_info":{"display_name":"Bob M","author_link":"https:\/\/bitcoinwisdom.com\/tr\/author\/bob\/"},"uagb_comment_info":0,"uagb_excerpt":"Editorial Policy At Bitcoin Wisdom, the number one priority is to ensure that traders and investors can make better informed investing decisions. This is why we are committed to complete transparency, including sharing the rating methodology we employ. The world of cryptocurrencies is vast and confusing, and we are here to make it less so,&hellip;","_links":{"self":[{"href":"https:\/\/bitcoinwisdom.com\/tr\/wp-json\/wp\/v2\/pages\/4842","targetHints":{"allow":["GET"]}}],"collection":[{"href":"https:\/\/bitcoinwisdom.com\/tr\/wp-json\/wp\/v2\/pages"}],"about":[{"href":"https:\/\/bitcoinwisdom.com\/tr\/wp-json\/wp\/v2\/types\/page"}],"author":[{"embeddable":true,"href":"https:\/\/bitcoinwisdom.com\/tr\/wp-json\/wp\/v2\/users\/9"}],"replies":[{"embeddable":true,"href":"https:\/\/bitcoinwisdom.com\/tr\/wp-json\/wp\/v2\/comments?post=4842"}],"version-history":[{"count":0,"href":"https:\/\/bitcoinwisdom.com\/tr\/wp-json\/wp\/v2\/pages\/4842\/revisions"}],"wp:attachment":[{"href":"https:\/\/bitcoinwisdom.com\/tr\/wp-json\/wp\/v2\/media?parent=4842"}],"curies":[{"name":"wp","href":"https:\/\/api.w.org\/{rel}","templated":true}]}}