{"id":534,"date":"2022-03-21T22:07:11","date_gmt":"2022-03-22T05:07:11","guid":{"rendered":"https:\/\/bitcoinwisdom.com\/?page_id=534"},"modified":"2022-05-29T22:06:27","modified_gmt":"2022-05-30T05:06:27","slug":"privacy-policy","status":"publish","type":"page","link":"https:\/\/bitcoinwisdom.com\/tr\/privacy-policy\/","title":{"rendered":"Gizlilik Politikas\u0131"},"content":{"rendered":"<h1 class=\"wp-block-heading\">Gizlilik Politikas\u0131<\/h1>\n\n\n\n<p>Bu Gizlilik Politikas\u0131, Hizmeti kulland\u0131\u011f\u0131n\u0131zda bilgilerinizin toplanmas\u0131, kullan\u0131lmas\u0131 ve if\u015fa edilmesine ili\u015fkin politikalar\u0131m\u0131z\u0131 ve prosed\u00fcrlerimizi a\u00e7\u0131klar ve Size gizlilik haklar\u0131n\u0131z\u0131 ve yasalar\u0131n Sizi nas\u0131l korudu\u011funu anlat\u0131r.<\/p>\n\n\n\n<p>Ki\u015fisel verilerinizi Hizmeti sa\u011flamak ve iyile\u015ftirmek i\u00e7in kullan\u0131r\u0131z. Hizmeti kullanarak, bu Gizlilik Politikas\u0131na uygun olarak bilgilerin toplanmas\u0131n\u0131 ve kullan\u0131lmas\u0131n\u0131 kabul edersiniz.<\/p>\n\n\n\n<h2 class=\"wp-block-heading\" id=\"h-interpretation-and-definitions\">Yorum ve Tan\u0131mlar<\/h2>\n\n\n\n<h3 class=\"wp-block-heading\" id=\"h-interpretation\">Terc\u00fcme<\/h3>\n\n\n\n<p>Ba\u015f harfi b\u00fcy\u00fck olan kelimeler a\u015fa\u011f\u0131daki ko\u015fullarda tan\u0131mlanan anlamlara sahiptir. A\u015fa\u011f\u0131daki tan\u0131mlar, tekil veya \u00e7o\u011ful olarak g\u00f6r\u00fcn\u00fcp g\u00f6r\u00fcnmediklerine bak\u0131lmaks\u0131z\u0131n ayn\u0131 anlama sahip olacakt\u0131r.<\/p>\n\n\n\n<h3 class=\"wp-block-heading\" id=\"h-definitions\">Tan\u0131mlar<\/h3>\n\n\n\n<p>Bu Gizlilik Politikas\u0131n\u0131n ama\u00e7lar\u0131 i\u00e7in:<\/p>\n\n\n\n<ul class=\"wp-block-list\"><li><strong>Hesap<\/strong>&nbsp;Hizmetimize veya Hizmetimizin b\u00f6l\u00fcmlerine eri\u015fmeniz i\u00e7in Sizin i\u00e7in olu\u015fturulan benzersiz bir hesap anlam\u0131na gelir.<\/li><li><strong>\u015eirket<\/strong>&nbsp;(bu S\u00f6zle\u015fmede &quot;\u015eirket&quot;, &quot;Biz&quot;, &quot;Biz&quot; veya &quot;Bizim&quot; olarak an\u0131lacakt\u0131r) relex.io&#039;yu ifade eder.<\/li><li><strong>Kurabiye<\/strong>&nbsp;Bir web sitesi taraf\u0131ndan bilgisayar\u0131n\u0131za, mobil cihaz\u0131n\u0131za veya ba\u015fka herhangi bir cihaza yerle\u015ftirilen ve bir\u00e7ok kullan\u0131m\u0131 aras\u0131nda o web sitesindeki tarama ge\u00e7mi\u015finizin ayr\u0131nt\u0131lar\u0131n\u0131 i\u00e7eren k\u00fc\u00e7\u00fck dosyalard\u0131r.<\/li><li><strong>\u00dclke<\/strong>&nbsp;at\u0131fta bulunur: Berlin, Almanya<\/li><li><strong>Cihaz<\/strong>&nbsp;bilgisayar, cep telefonu veya dijital tablet gibi Hizmete eri\u015febilen herhangi bir cihaz anlam\u0131na gelir.<\/li><li><strong>Ki\u015fisel veri<\/strong>&nbsp;Kimli\u011fi belirli veya belirlenebilir bir ki\u015fiyle ilgili her t\u00fcrl\u00fc bilgidir.<\/li><li><strong>Hizmet<\/strong>&nbsp;Web Sitesine at\u0131fta bulunur.<\/li><li><strong>Servis sa\u011flay\u0131c\u0131<\/strong>&nbsp;\u015eirket ad\u0131na verileri i\u015fleyen herhangi bir ger\u00e7ek veya t\u00fczel ki\u015fi anlam\u0131na gelir. Hizmeti kolayla\u015ft\u0131rmak, \u015eirket ad\u0131na Hizmeti sa\u011flamak, Hizmetle ilgili hizmetleri ger\u00e7ekle\u015ftirmek veya \u015eirkete Hizmetin nas\u0131l kullan\u0131ld\u0131\u011f\u0131n\u0131 analiz etmede yard\u0131mc\u0131 olmak i\u00e7in \u015eirket taraf\u0131ndan istihdam edilen \u00fc\u00e7\u00fcnc\u00fc taraf \u015firketleri veya bireyleri ifade eder.<\/li><li><strong>Kullan\u0131m verisi<\/strong>&nbsp;Hizmetin kullan\u0131m\u0131yla veya Hizmet altyap\u0131s\u0131n\u0131n kendisinden otomatik olarak toplanan verileri ifade eder (\u00f6rne\u011fin, bir sayfa ziyaretinin s\u00fcresi).<\/li><li><strong>Sen<\/strong>&nbsp;Hizmete eri\u015fen veya Hizmet&#039;i kullanan ki\u015fi veya s\u00f6z konusu ki\u015finin ad\u0131na Hizmet&#039;e eri\u015fti\u011fi veya Hizmet&#039;i kulland\u0131\u011f\u0131 \u015firket veya di\u011fer t\u00fczel ki\u015filik anlam\u0131na gelir.<\/li><\/ul>\n\n\n\n<h2 class=\"wp-block-heading\" id=\"h-collecting-and-using-your-personal-data\">Ki\u015fisel Verilerinizi Toplama ve Kullanma<\/h2>\n\n\n\n<h3 class=\"wp-block-heading\" id=\"h-types-of-data-collected\">Toplanan Veri T\u00fcrleri<\/h3>\n\n\n\n<h4 class=\"wp-block-heading\" id=\"h-personal-data\">Ki\u015fisel veri<\/h4>\n\n\n\n<p>Hizmetimizi kullan\u0131rken, Sizden, Sizinle ileti\u015fim kurmak veya sizi tan\u0131mlamak i\u00e7in kullan\u0131labilecek belirli ki\u015fisel olarak tan\u0131mlanabilir bilgileri sa\u011flaman\u0131z\u0131 isteyebiliriz. Ki\u015fisel olarak tan\u0131mlanabilir bilgiler a\u015fa\u011f\u0131dakileri i\u00e7erebilir, ancak bunlarla s\u0131n\u0131rl\u0131 de\u011fildir:<\/p>\n\n\n\n<ul class=\"wp-block-list\"><li>Kullan\u0131m verisi<\/li><\/ul>\n\n\n\n<h4 class=\"wp-block-heading\" id=\"h-usage-data\">Kullan\u0131m verisi<\/h4>\n\n\n\n<p>Kullan\u0131m Verileri, Hizmet kullan\u0131l\u0131rken otomatik olarak toplan\u0131r.<\/p>\n\n\n\n<p>Kullan\u0131m Verileri, Cihaz\u0131n\u0131z\u0131n \u0130nternet Protokol adresi (\u00f6rn. IP adresi), taray\u0131c\u0131 t\u00fcr\u00fc, taray\u0131c\u0131 s\u00fcr\u00fcm\u00fc, ziyaret etti\u011finiz Hizmetimizin sayfalar\u0131, ziyaretinizin saati ve tarihi, bu sayfalarda ge\u00e7irilen s\u00fcre, benzersiz cihaz gibi bilgileri i\u00e7erebilir. tan\u0131mlay\u0131c\u0131lar ve di\u011fer te\u015fhis verileri.<\/p>\n\n\n\n<p>Hizmete bir mobil cihaz arac\u0131l\u0131\u011f\u0131yla veya arac\u0131l\u0131\u011f\u0131yla eri\u015fti\u011finizde, kulland\u0131\u011f\u0131n\u0131z mobil cihaz\u0131n t\u00fcr\u00fc, mobil cihaz\u0131n\u0131z\u0131n benzersiz kimli\u011fi, mobil cihaz\u0131n\u0131z\u0131n IP adresi, cep telefonunuz dahil ancak bunlarla s\u0131n\u0131rl\u0131 olmamak \u00fczere belirli bilgileri otomatik olarak toplayabiliriz. i\u015fletim sistemi, kulland\u0131\u011f\u0131n\u0131z mobil \u0130nternet taray\u0131c\u0131s\u0131n\u0131n t\u00fcr\u00fc, benzersiz cihaz tan\u0131mlay\u0131c\u0131lar\u0131 ve di\u011fer tan\u0131lama verileri.<\/p>\n\n\n\n<p>Hizmetimizi her ziyaret etti\u011finizde veya bir mobil cihaz arac\u0131l\u0131\u011f\u0131yla veya arac\u0131l\u0131\u011f\u0131yla Hizmete eri\u015fti\u011finizde taray\u0131c\u0131n\u0131z\u0131n g\u00f6nderdi\u011fi bilgileri de toplayabiliriz.<\/p>\n\n\n\n<h4 class=\"wp-block-heading\" id=\"h-tracking-technologies-and-cookies\">\u0130zleme Teknolojileri ve \u00c7erezler<\/h4>\n\n\n\n<p>Hizmetimizdeki etkinli\u011fi izlemek ve belirli bilgileri depolamak i\u00e7in \u00c7erezler ve benzer izleme teknolojileri kullan\u0131yoruz. Kullan\u0131lan izleme teknolojileri, bilgi toplamak ve izlemek ve Hizmetimizi geli\u015ftirmek ve analiz etmek i\u00e7in i\u015faretler, etiketler ve komut dosyalar\u0131d\u0131r. Kulland\u0131\u011f\u0131m\u0131z teknolojiler \u015funlar\u0131 i\u00e7erebilir:<\/p>\n\n\n\n<ul class=\"wp-block-list\"><li><strong>\u00c7erezler veya Taray\u0131c\u0131 \u00c7erezleri.<\/strong>&nbsp;\u00c7erez, Cihaz\u0131n\u0131za yerle\u015ftirilen k\u00fc\u00e7\u00fck bir dosyad\u0131r. Taray\u0131c\u0131n\u0131za t\u00fcm \u00c7erezleri reddetmesi veya bir \u00c7erez g\u00f6nderildi\u011finde belirtmesi i\u00e7in talimat verebilirsiniz. Ancak, \u00c7erezleri kabul etmezseniz Hizmetimizin baz\u0131 k\u0131s\u0131mlar\u0131n\u0131 kullanamayabilirsiniz. Taray\u0131c\u0131 ayar\u0131n\u0131z\u0131 \u00c7erezleri reddedecek \u015fekilde ayarlamad\u0131\u011f\u0131n\u0131z s\u00fcrece, Hizmetimiz \u00c7erezleri kullanabilir.<\/li><li><strong>Web \u0130\u015faret\u00e7ileri.<\/strong>&nbsp;Hizmetimizin ve e-postalar\u0131m\u0131z\u0131n belirli b\u00f6l\u00fcmleri, \u00f6rne\u011fin \u015eirketin bu sayfalar\u0131 ziyaret eden kullan\u0131c\u0131lar\u0131 saymas\u0131na izin veren web i\u015faret\u00e7ileri (net gifler, piksel etiketleri ve tek pikselli gifler olarak da an\u0131l\u0131r) olarak bilinen k\u00fc\u00e7\u00fck elektronik dosyalar i\u00e7erebilir. veya bir e-posta ve di\u011fer ilgili web sitesi istatistikleri i\u00e7in (\u00f6rne\u011fin, belirli bir b\u00f6l\u00fcm\u00fcn pop\u00fclerli\u011fini kaydetme ve sistem ve sunucu b\u00fct\u00fcnl\u00fc\u011f\u00fcn\u00fc do\u011frulama) i\u00e7in.<\/li><\/ul>\n\n\n\n<p>\u00c7erezler &quot;Kal\u0131c\u0131&quot; veya &quot;Oturum&quot; \u00c7erezleri olabilir. Kal\u0131c\u0131 \u00c7erezler, \u00e7evrimd\u0131\u015f\u0131 oldu\u011funuzda ki\u015fisel bilgisayar\u0131n\u0131zda veya mobil cihaz\u0131n\u0131zda kal\u0131rken Oturum \u00c7erezleri, web taray\u0131c\u0131n\u0131z\u0131 kapat\u0131r kapatmaz silinir.<\/p>\n\n\n\n<ul class=\"wp-block-list\"><li><strong>Gerekli \/ Temel \u00c7erezler<\/strong>T\u00fcr: Oturum Tan\u0131mlama BilgileriY\u00f6netici: UsAma\u00e7: Bu Tan\u0131mlama Bilgileri, Size Web Sitesi arac\u0131l\u0131\u011f\u0131yla sunulan hizmetleri sa\u011flamak ve Sitenin baz\u0131 \u00f6zelliklerini kullanabilmenizi sa\u011flamak i\u00e7in gereklidir. Kullan\u0131c\u0131lar\u0131n kimli\u011finin do\u011frulanmas\u0131na ve kullan\u0131c\u0131 hesaplar\u0131n\u0131n doland\u0131r\u0131c\u0131l\u0131k ama\u00e7l\u0131 kullan\u0131lmas\u0131n\u0131 \u00f6nlemeye yard\u0131mc\u0131 olurlar. Bu \u00c7erezler olmadan, talep etti\u011finiz hizmetler sa\u011flanamaz ve biz bu \u00c7erezleri yaln\u0131zca Size bu hizmetleri sa\u011flamak i\u00e7in kullan\u0131r\u0131z.<\/li><li><strong>\u00c7erez Politikas\u0131 \/ Bildirim Kabul \u00c7erezleri<\/strong>T\u00fcr: Kal\u0131c\u0131 \u00c7erezlerY\u00f6netici: UsAma\u00e7: Bu \u00c7erezler, kullan\u0131c\u0131lar\u0131n Web Sitesinde \u00e7erez kullan\u0131m\u0131n\u0131 kabul edip etmedi\u011fini belirler.<\/li><li><strong>\u0130\u015flevsellik \u00c7erezleri<\/strong>T\u00fcr: Kal\u0131c\u0131 \u00c7erezlerY\u00f6netici: UsAma\u00e7: Bu \u00c7erezler, Web Sitesini kulland\u0131\u011f\u0131n\u0131zda, giri\u015f bilgilerinizi veya dil tercihinizi hat\u0131rlamak gibi yapt\u0131\u011f\u0131n\u0131z se\u00e7imleri hat\u0131rlamam\u0131z\u0131 sa\u011flar. Bu \u00c7erezlerin amac\u0131, Size daha ki\u015fisel bir deneyim sunmak ve Web Sitesini her kulland\u0131\u011f\u0131n\u0131zda tercihlerinizi yeniden girmek zorunda kalman\u0131z\u0131 \u00f6nlemektir.<\/li><\/ul>\n\n\n\n<p>Kulland\u0131\u011f\u0131m\u0131z \u00e7erezler ve \u00e7erezlerle ilgili tercihleriniz hakk\u0131nda daha fazla bilgi i\u00e7in l\u00fctfen \u00c7erez Politikam\u0131z\u0131 veya Gizlilik Politikam\u0131z\u0131n \u00c7erezler b\u00f6l\u00fcm\u00fcn\u00fc ziyaret edin.<\/p>\n\n\n\n<h2 class=\"wp-block-heading\" id=\"h-use-of-your-personal-data\">Ki\u015fisel Verilerinizin Kullan\u0131m\u0131<\/h2>\n\n\n\n<p>\u015eirket, Ki\u015fisel Verileri a\u015fa\u011f\u0131daki ama\u00e7larla kullanabilir:<\/p>\n\n\n\n<ul class=\"wp-block-list\"><li><strong>Hizmetimizi sa\u011flamak ve s\u00fcrd\u00fcrmek i\u00e7in<\/strong>Hizmetimizin kullan\u0131m\u0131n\u0131 izlemek dahil.<\/li><li><strong>Hesab\u0131n\u0131z\u0131 y\u00f6netmek i\u00e7in:<\/strong>&nbsp;Hizmetin bir kullan\u0131c\u0131s\u0131 olarak kayd\u0131n\u0131z\u0131 y\u00f6netmek i\u00e7in. Sa\u011flad\u0131\u011f\u0131n\u0131z Ki\u015fisel Veriler, Size kay\u0131tl\u0131 bir kullan\u0131c\u0131 olarak sunulan Hizmetin farkl\u0131 i\u015flevlerine eri\u015fmenizi sa\u011flayabilir.<\/li><li><strong>Bir s\u00f6zle\u015fmenin ifas\u0131 i\u00e7in:<\/strong>&nbsp;Sat\u0131n ald\u0131\u011f\u0131n\u0131z \u00fcr\u00fcnler, \u00f6\u011feler veya hizmetler i\u00e7in sat\u0131n alma s\u00f6zle\u015fmesinin veya Hizmet arac\u0131l\u0131\u011f\u0131yla Bizimle yapt\u0131\u011f\u0131m\u0131z herhangi bir ba\u015fka s\u00f6zle\u015fmenin geli\u015ftirilmesi, uygunlu\u011fu ve \u00fcstlenilmesi.<\/li><li><strong>Sizinle ileti\u015fime ge\u00e7mek i\u00e7in:<\/strong>&nbsp;Sizinle e-posta, telefon g\u00f6r\u00fc\u015fmesi, SMS veya bir mobil uygulaman\u0131n g\u00fcncellemelerle ilgili anl\u0131k bildirimleri veya g\u00fcvenlik g\u00fcncellemeleri dahil g\u00fcvenlik g\u00fcncellemeleri dahil olmak \u00fczere s\u00f6zle\u015fmeli hizmetlerle ilgili bilgilendirici ileti\u015fimler gibi di\u011fer e\u015fde\u011fer elektronik ileti\u015fim bi\u00e7imleriyle gerekli veya makul oldu\u011funda sizinle ileti\u015fime ge\u00e7mek i\u00e7in onlar\u0131n uygulanmas\u0131 i\u00e7in.<\/li><li><strong>Size sa\u011flamak<\/strong>&nbsp;Bu t\u00fcr bilgileri almamay\u0131 se\u00e7medi\u011finiz s\u00fcrece, daha \u00f6nce sat\u0131n ald\u0131\u011f\u0131n\u0131z veya sordu\u011funuz \u00fcr\u00fcnlere benzer sundu\u011fumuz di\u011fer mallar, hizmetler ve etkinlikler hakk\u0131nda haberler, \u00f6zel teklifler ve genel bilgiler ile.<\/li><li><strong>\u0130steklerinizi y\u00f6netmek i\u00e7in:<\/strong>&nbsp;Bize gelen taleplerinize kat\u0131lmak ve y\u00f6netmek i\u00e7in.<\/li><li><strong>\u0130\u015f transferleri i\u00e7in:<\/strong>&nbsp;Bilgilerinizi bir birle\u015fme, elden \u00e7\u0131karma, yeniden yap\u0131land\u0131rma, yeniden yap\u0131lanma, tasfiye veya varl\u0131klar\u0131m\u0131z\u0131n bir k\u0131sm\u0131n\u0131n veya tamam\u0131n\u0131n s\u00fcrekli olarak veya iflas, tasfiye veya benzer bir i\u015flemin par\u00e7as\u0131 olarak ba\u015fka \u015fekilde sat\u0131\u015f\u0131 veya devrini de\u011ferlendirmek veya y\u00fcr\u00fctmek i\u00e7in kullanabiliriz, Hizmet kullan\u0131c\u0131lar\u0131m\u0131z hakk\u0131nda taraf\u0131m\u0131zca tutulan Ki\u015fisel Verilerin aktar\u0131ld\u0131\u011f\u0131 varl\u0131klar aras\u0131ndad\u0131r.<\/li><li><strong>Di\u011fer ama\u00e7lar i\u00e7in<\/strong>: Bilgilerinizi, veri analizi, kullan\u0131m e\u011filimlerinin belirlenmesi, promosyon kampanyalar\u0131m\u0131z\u0131n etkinli\u011finin belirlenmesi ve Hizmetimizi, \u00fcr\u00fcnlerimizi, hizmetlerimizi, pazarlamam\u0131z\u0131 ve deneyiminizi de\u011ferlendirmek ve geli\u015ftirmek gibi ba\u015fka ama\u00e7lar i\u00e7in kullanabiliriz.<\/li><\/ul>\n\n\n\n<p>Ki\u015fisel bilgilerinizi a\u015fa\u011f\u0131daki durumlarda payla\u015fabiliriz:<\/p>\n\n\n\n<ul class=\"wp-block-list\"><li><strong>Servis Sa\u011flay\u0131c\u0131lar ile:<\/strong>&nbsp;Ki\u015fisel bilgilerinizi Hizmetimizin kullan\u0131m\u0131n\u0131 izlemek ve analiz etmek, Sizinle ileti\u015fime ge\u00e7mek i\u00e7in Hizmet Sa\u011flay\u0131c\u0131larla payla\u015fabiliriz.<\/li><li><strong>\u0130\u015f transferleri i\u00e7in:<\/strong>&nbsp;Ki\u015fisel bilgilerinizi herhangi bir birle\u015fme, \u015eirket varl\u0131klar\u0131n\u0131n sat\u0131\u015f\u0131, finansman\u0131 veya i\u015fimizin tamam\u0131n\u0131n veya bir k\u0131sm\u0131n\u0131n ba\u015fka bir \u015firkete sat\u0131n al\u0131nmas\u0131yla ba\u011flant\u0131l\u0131 olarak veya m\u00fczakereler s\u0131ras\u0131nda payla\u015fabilir veya aktarabiliriz.<\/li><li><strong>\u0130\u015ftiraklerle:<\/strong>&nbsp;Bilgilerinizi ba\u011fl\u0131 \u015firketlerimizle payla\u015fabiliriz, bu durumda bu ba\u011fl\u0131 kurulu\u015flar\u0131n bu Gizlilik Politikas\u0131na uymalar\u0131n\u0131 zorunlu k\u0131laca\u011f\u0131z. \u0130\u015ftirakler, ana \u015firketimizi ve bizim kontrol etti\u011fimiz veya Bizimle ortak kontrol\u00fcm\u00fcz alt\u0131ndaki di\u011fer ba\u011fl\u0131 kurulu\u015flar\u0131, ortak giri\u015fim ortaklar\u0131n\u0131 veya di\u011fer \u015firketleri i\u00e7erir.<\/li><li><strong>\u0130\u015f ortaklar\u0131 ile:<\/strong>&nbsp;Size belirli \u00fcr\u00fcnler, hizmetler veya promosyonlar sunmak i\u00e7in bilgilerinizi i\u015f ortaklar\u0131m\u0131zla payla\u015fabiliriz.<\/li><li><strong>Di\u011fer kullan\u0131c\u0131larla:<\/strong>&nbsp;Ki\u015fisel bilgileri payla\u015ft\u0131\u011f\u0131n\u0131z veya di\u011fer kullan\u0131c\u0131larla ortak alanlarda ba\u015fka bir \u015fekilde etkile\u015fime girdi\u011finiz zaman, bu t\u00fcr bilgiler t\u00fcm kullan\u0131c\u0131lar taraf\u0131ndan g\u00f6r\u00fcnt\u00fclenebilir ve d\u0131\u015far\u0131da herkese a\u00e7\u0131k olarak da\u011f\u0131t\u0131labilir.<\/li><li><strong>r\u0131zan\u0131zla<\/strong>: Ki\u015fisel bilgilerinizi izninizle ba\u015fka herhangi bir ama\u00e7 i\u00e7in if\u015fa edebiliriz.<\/li><\/ul>\n\n\n\n<h2 class=\"wp-block-heading\" id=\"h-retention-of-your-personal-data\">Ki\u015fisel Verilerinizin Saklanmas\u0131<\/h2>\n\n\n\n<p>\u015eirket, Ki\u015fisel Verilerinizi yaln\u0131zca bu Gizlilik Politikas\u0131nda belirtilen ama\u00e7lar i\u00e7in gerekli oldu\u011fu s\u00fcrece saklayacakt\u0131r. Ki\u015fisel Verilerinizi, yasal y\u00fck\u00fcml\u00fcl\u00fcklerimize uymak (\u00f6rne\u011fin, ge\u00e7erli yasalara uymak i\u00e7in verilerinizi tutmam\u0131z gerekiyorsa), anla\u015fmazl\u0131klar\u0131 \u00e7\u00f6zmek ve yasal anla\u015fmalar\u0131m\u0131z\u0131 ve politikalar\u0131m\u0131z\u0131 uygulamak i\u00e7in gerekli oldu\u011fu \u00f6l\u00e7\u00fcde saklayacak ve kullanaca\u011f\u0131z.<\/p>\n\n\n\n<p>\u015eirket ayr\u0131ca Kullan\u0131m Verilerini dahili analiz amac\u0131yla saklayacakt\u0131r. Kullan\u0131m Verileri, bu verilerin g\u00fcvenli\u011fini g\u00fc\u00e7lendirmek veya Hizmetimizin i\u015flevselli\u011fini geli\u015ftirmek i\u00e7in kullan\u0131ld\u0131\u011f\u0131 veya yasal olarak bu verileri daha uzun s\u00fcreler boyunca saklamak zorunda oldu\u011fumuz durumlar d\u0131\u015f\u0131nda, genellikle daha k\u0131sa bir s\u00fcre i\u00e7in saklan\u0131r.<\/p>\n\n\n\n<h2 class=\"wp-block-heading\" id=\"h-transfer-of-your-personal-data\">Ki\u015fisel Verilerinizin Aktar\u0131lmas\u0131<\/h2>\n\n\n\n<p>Ki\u015fisel Verileriniz de dahil olmak \u00fczere bilgileriniz, \u015eirketin faaliyet ofislerinde ve i\u015flemeye dahil olan taraflar\u0131n bulundu\u011fu di\u011fer yerlerde i\u015flenir. Bu, bu bilgilerin, veri koruma yasalar\u0131n\u0131n Sizin yetki alan\u0131n\u0131zdan farkl\u0131 olabilece\u011fi eyalet, il, \u00fclke veya di\u011fer resmi yarg\u0131 yetkisi d\u0131\u015f\u0131nda bulunan bilgisayarlara aktar\u0131labilece\u011fi ve bu bilgisayarlarda saklanabilece\u011fi anlam\u0131na gelir.<\/p>\n\n\n\n<p>Bu Gizlilik Politikas\u0131na verdi\u011finiz onay\u0131n ard\u0131ndan bu t\u00fcr bilgileri g\u00f6ndermeniz, bu aktar\u0131ma ili\u015fkin s\u00f6zle\u015fmenizi temsil eder.<\/p>\n\n\n\n<p>\u015eirket, verilerinizin g\u00fcvenli bir \u015fekilde ve bu Gizlilik Politikas\u0131na uygun olarak ele al\u0131nd\u0131\u011f\u0131ndan emin olmak i\u00e7in makul olarak gerekli t\u00fcm ad\u0131mlar\u0131 atacakt\u0131r ve Ki\u015fisel Verilerinizin g\u00fcvenli\u011fi de dahil olmak \u00fczere yeterli kontroller olmad\u0131k\u00e7a bir kurulu\u015fa veya \u00fclkeye aktar\u0131lmayacakt\u0131r. Verileriniz ve di\u011fer ki\u015fisel bilgileriniz.<\/p>\n\n\n\n<h2 class=\"wp-block-heading\" id=\"h-disclosure-of-your-personal-data\">Ki\u015fisel Verilerinizin \u0130f\u015fas\u0131<\/h2>\n\n\n\n<h3 class=\"wp-block-heading\" id=\"h-business-transactions\">Ticari i\u015flemler<\/h3>\n\n\n\n<p>\u015eirketin bir birle\u015fme, devralma veya varl\u0131k sat\u0131\u015f\u0131na dahil olmas\u0131 durumunda Ki\u015fisel Verileriniz aktar\u0131labilir. Ki\u015fisel Verileriniz aktar\u0131lmadan ve farkl\u0131 bir Gizlilik Politikas\u0131na tabi olmadan \u00f6nce bildirimde bulunaca\u011f\u0131z.<\/p>\n\n\n\n<h3 class=\"wp-block-heading\" id=\"h-law-enforcement\">kolluk kuvvetleri<\/h3>\n\n\n\n<p>Belirli ko\u015fullar alt\u0131nda, kanunen veya resmi makamlar\u0131n (\u00f6rne\u011fin bir mahkeme veya bir devlet kurumu) ge\u00e7erli taleplerine yan\u0131t olarak gerekli olmas\u0131 halinde \u015eirketin Ki\u015fisel Verilerinizi if\u015fa etmesi gerekebilir.<\/p>\n\n\n\n<h3 class=\"wp-block-heading\" id=\"h-other-legal-requirements\">Di\u011fer yasal gereklilikler<\/h3>\n\n\n\n<p>\u015eirket, Ki\u015fisel Verilerinizi, bu t\u00fcr bir eylemin a\u015fa\u011f\u0131dakiler i\u00e7in gerekli oldu\u011funa iyi niyetle inanarak if\u015fa edebilir:<\/p>\n\n\n\n<ul class=\"wp-block-list\"><li>Yasal bir y\u00fck\u00fcml\u00fcl\u00fc\u011fe uymak<\/li><li>\u015eirketin haklar\u0131n\u0131 veya m\u00fclkiyetini korumak ve savunmak<\/li><li>Hizmetle ba\u011flant\u0131l\u0131 olas\u0131 suistimalleri \u00f6nlemek veya ara\u015ft\u0131rmak<\/li><li>Hizmet Kullan\u0131c\u0131lar\u0131n\u0131n veya kamunun ki\u015fisel g\u00fcvenli\u011fini korumak<\/li><li>Yasal sorumlulu\u011fa kar\u015f\u0131 koruyun<\/li><\/ul>\n\n\n\n<h2 class=\"wp-block-heading\" id=\"h-security-of-your-personal-data\">Ki\u015fisel Verilerinizin G\u00fcvenli\u011fi<\/h2>\n\n\n\n<p>Ki\u015fisel Verilerinizin g\u00fcvenli\u011fi Bizim i\u00e7in \u00f6nemlidir, ancak \u0130nternet \u00fczerinden hi\u00e7bir aktar\u0131m y\u00f6nteminin veya elektronik depolama y\u00f6nteminin 100% g\u00fcvenli olmad\u0131\u011f\u0131n\u0131 unutmay\u0131n. Ki\u015fisel Verilerinizi korumak i\u00e7in ticari olarak kabul edilebilir ara\u00e7lar\u0131 kullanmaya \u00e7abalarken, bunlar\u0131n mutlak g\u00fcvenli\u011fini garanti edemeyiz.<\/p>\n\n\n\n<h2 class=\"wp-block-heading\" id=\"h-children-s-privacy\">\u00c7ocuklar\u0131n Gizlili\u011fi<\/h2>\n\n\n\n<p>Hizmetimiz 13 ya\u015f\u0131n alt\u0131ndaki hi\u00e7 kimseye hitap etmez. 13 ya\u015f\u0131n alt\u0131ndaki hi\u00e7 kimseden bilerek ki\u015fisel olarak tan\u0131mlanabilir bilgiler toplam\u0131yoruz. Bir ebeveyn veya vasi iseniz ve \u00e7ocu\u011funuzun Bize Ki\u015fisel Veriler sa\u011flad\u0131\u011f\u0131n\u0131n fark\u0131ndaysan\u0131z, l\u00fctfen Bize Ula\u015f\u0131n. Ebeveyn izni do\u011frulamas\u0131 olmadan 13 ya\u015f\u0131n alt\u0131ndaki herhangi birinden Ki\u015fisel Veri toplad\u0131\u011f\u0131m\u0131z\u0131 fark edersek, bu bilgileri sunucular\u0131m\u0131zdan kald\u0131rmak i\u00e7in ad\u0131mlar atar\u0131z.<\/p>\n\n\n\n<p>Bilgilerinizi i\u015flemek i\u00e7in yasal dayanak olarak r\u0131zaya g\u00fcvenmemiz gerekiyorsa ve \u00fclkeniz bir ebeveynden onay gerektiriyorsa, bu bilgileri toplamadan ve kullanmadan \u00f6nce ebeveyninizin onay\u0131n\u0131 isteyebiliriz.<\/p>\n\n\n\n<h2 class=\"wp-block-heading\" id=\"h-links-to-other-websites\">Di\u011fer Web Sitelerine Ba\u011flant\u0131lar<\/h2>\n\n\n\n<p>Hizmetimiz, taraf\u0131m\u0131zca i\u015fletilmeyen di\u011fer web sitelerine ba\u011flant\u0131lar i\u00e7erebilir. Bir \u00fc\u00e7\u00fcnc\u00fc \u015fah\u0131s ba\u011flant\u0131s\u0131na t\u0131klarsan\u0131z, o \u00fc\u00e7\u00fcnc\u00fc \u015fahs\u0131n sitesine y\u00f6nlendirileceksiniz. Ziyaret etti\u011finiz her sitenin Gizlilik Politikas\u0131n\u0131 incelemenizi \u015fiddetle tavsiye ederiz.<\/p>\n\n\n\n<p>Herhangi bir \u00fc\u00e7\u00fcnc\u00fc taraf site veya hizmetinin i\u00e7eri\u011fi, gizlilik politikalar\u0131 veya uygulamalar\u0131 \u00fczerinde hi\u00e7bir kontrole sahip de\u011filiz ve sorumluluk kabul etmiyoruz.<\/p>\n\n\n\n<h2 class=\"wp-block-heading\" id=\"h-changes-to-this-privacy-policy\">Bu Gizlilik Politikas\u0131ndaki De\u011fi\u015fiklikler<\/h2>\n\n\n\n<p>Gizlilik Politikam\u0131z\u0131 zaman zaman g\u00fcncelleyebiliriz. Bu sayfada yeni Gizlilik Politikas\u0131n\u0131 yay\u0131nlayarak herhangi bir de\u011fi\u015fiklik hakk\u0131nda Sizi bilgilendirece\u011fiz.<\/p>\n\n\n\n<p>De\u011fi\u015fikli\u011fin y\u00fcr\u00fcrl\u00fc\u011fe girmesinden ve bu Gizlilik Politikas\u0131n\u0131n \u00fcst k\u0131sm\u0131ndaki &quot;Son g\u00fcncelleme&quot; tarihini g\u00fcncellemeden \u00f6nce Size e-posta ve\/veya Hizmetimizle ilgili belirgin bir bildirim yoluyla bilgi verece\u011fiz.<\/p>\n\n\n\n<p>Herhangi bir de\u011fi\u015fiklik i\u00e7in bu Gizlilik Politikas\u0131n\u0131 periyodik olarak g\u00f6zden ge\u00e7irmeniz tavsiye edilir. Bu Gizlilik Politikas\u0131nda yap\u0131lan de\u011fi\u015fiklikler, bu sayfada yay\u0131nland\u0131klar\u0131nda ge\u00e7erlidir.<\/p>","protected":false},"excerpt":{"rendered":"<p>Gizlilik Politikas\u0131 Bu Gizlilik Politikas\u0131, Hizmeti kulland\u0131\u011f\u0131n\u0131zda bilgilerinizin toplanmas\u0131, kullan\u0131lmas\u0131 ve if\u015fa edilmesine ili\u015fkin politikalar\u0131m\u0131z\u0131 ve prosed\u00fcrlerimizi a\u00e7\u0131klar ve Size gizlilik haklar\u0131n\u0131z\u0131 ve yasalar\u0131n Sizi nas\u0131l korudu\u011funu anlat\u0131r. Ki\u015fisel verilerinizi Hizmeti sa\u011flamak ve iyile\u015ftirmek i\u00e7in kullan\u0131r\u0131z. Hizmeti kullanarak, \u015funlar\u0131 kabul etmi\u015f olursunuz [\u2026]<\/p>","protected":false},"author":5,"featured_media":0,"parent":0,"menu_order":0,"comment_status":"closed","ping_status":"closed","template":"","meta":{"_acf_changed":false,"_editorskit_title_hidden":false,"_editorskit_reading_time":0,"_editorskit_is_block_options_detached":false,"_editorskit_block_options_position":"{}","_uag_custom_page_level_css":"","footnotes":""},"class_list":["post-534","page","type-page","status-publish","hentry"],"acf":[],"uagb_featured_image_src":{"full":false,"thumbnail":false,"medium":false,"medium_large":false,"large":false,"1536x1536":false,"2048x2048":false,"trp-custom-language-flag":false},"uagb_author_info":{"display_name":"Jason Conor","author_link":"https:\/\/bitcoinwisdom.com\/tr\/author\/jason-connor\/"},"uagb_comment_info":0,"uagb_excerpt":"Privacy Policy This Privacy Policy describes Our policies and procedures on the collection, use and disclosure of Your information when You use the Service and tells You about Your privacy rights and how the law protects You. We use Your Personal data to provide and improve the Service. By using the Service, You agree to&hellip;","_links":{"self":[{"href":"https:\/\/bitcoinwisdom.com\/tr\/wp-json\/wp\/v2\/pages\/534","targetHints":{"allow":["GET"]}}],"collection":[{"href":"https:\/\/bitcoinwisdom.com\/tr\/wp-json\/wp\/v2\/pages"}],"about":[{"href":"https:\/\/bitcoinwisdom.com\/tr\/wp-json\/wp\/v2\/types\/page"}],"author":[{"embeddable":true,"href":"https:\/\/bitcoinwisdom.com\/tr\/wp-json\/wp\/v2\/users\/5"}],"replies":[{"embeddable":true,"href":"https:\/\/bitcoinwisdom.com\/tr\/wp-json\/wp\/v2\/comments?post=534"}],"version-history":[{"count":0,"href":"https:\/\/bitcoinwisdom.com\/tr\/wp-json\/wp\/v2\/pages\/534\/revisions"}],"wp:attachment":[{"href":"https:\/\/bitcoinwisdom.com\/tr\/wp-json\/wp\/v2\/media?parent=534"}],"curies":[{"name":"wp","href":"https:\/\/api.w.org\/{rel}","templated":true}]}}