{"id":537,"date":"2022-03-21T22:10:04","date_gmt":"2022-03-22T05:10:04","guid":{"rendered":"https:\/\/bitcoinwisdom.com\/?page_id=537"},"modified":"2022-05-29T22:44:03","modified_gmt":"2022-05-30T05:44:03","slug":"cookie-policy","status":"publish","type":"page","link":"https:\/\/bitcoinwisdom.com\/tr\/cookie-policy\/","title":{"rendered":"\u00c7erez politikas\u0131"},"content":{"rendered":"<h2 class=\"wp-block-heading\" id=\"h-cookies-policy\">\u00c7erez Politikas\u0131<\/h2>\n\n\n\n<p>Bu \u00c7erez Politikas\u0131, \u00c7erezlerin ne oldu\u011funu ve bunlar\u0131 nas\u0131l kulland\u0131\u011f\u0131m\u0131z\u0131 a\u00e7\u0131klamaktad\u0131r. Ne t\u00fcr \u00e7erezler kulland\u0131\u011f\u0131m\u0131z\u0131 veya \u00c7erezleri kullanarak toplad\u0131\u011f\u0131m\u0131z bilgileri ve bu bilgilerin nas\u0131l kullan\u0131ld\u0131\u011f\u0131n\u0131 anlamak i\u00e7in bu politikay\u0131 okumal\u0131s\u0131n\u0131z.<\/p>\n\n\n\n<p>\u00c7erezler tipik olarak bir kullan\u0131c\u0131y\u0131 ki\u015fisel olarak tan\u0131mlayan herhangi bir bilgi i\u00e7ermez, ancak Sizin hakk\u0131n\u0131zda saklad\u0131\u011f\u0131m\u0131z ki\u015fisel bilgiler, \u00c7erezlerde saklanan ve \u00c7erezlerden elde edilen bilgilerle ba\u011flant\u0131l\u0131 olabilir. Ki\u015fisel verilerinizi nas\u0131l kulland\u0131\u011f\u0131m\u0131z, saklad\u0131\u011f\u0131m\u0131z ve g\u00fcvende tuttu\u011fumuz hakk\u0131nda daha fazla bilgi i\u00e7in Gizlilik Politikam\u0131za bak\u0131n.<\/p>\n\n\n\n<p>Kulland\u0131\u011f\u0131m\u0131z \u00c7erezlerde posta adresleri, hesap \u015fifreleri vb. gibi hassas ki\u015fisel bilgileri saklamay\u0131z.<\/p>\n\n\n\n<h2 class=\"wp-block-heading\" id=\"h-interpretation-and-definitions\">Yorum ve Tan\u0131mlar<\/h2>\n\n\n\n<h3 class=\"wp-block-heading\" id=\"h-interpretation\">Terc\u00fcme<\/h3>\n\n\n\n<p>Ba\u015f harfi b\u00fcy\u00fck olan kelimeler a\u015fa\u011f\u0131daki ko\u015fullarda tan\u0131mlanan anlamlara sahiptir. A\u015fa\u011f\u0131daki tan\u0131mlar, tekil veya \u00e7o\u011ful olarak g\u00f6r\u00fcn\u00fcp g\u00f6r\u00fcnmediklerine bak\u0131lmaks\u0131z\u0131n ayn\u0131 anlama sahip olacakt\u0131r.<\/p>\n\n\n\n<h3 class=\"wp-block-heading\" id=\"h-definitions\">Tan\u0131mlar<\/h3>\n\n\n\n<p>Bu \u00c7erez Politikas\u0131n\u0131n ama\u00e7lar\u0131 do\u011frultusunda:<\/p>\n\n\n\n<ul class=\"wp-block-list\"><li><strong>\u015eirket<\/strong>\u00a0(bu \u00c7erez Politikas\u0131nda &quot;\u015eirket&quot;, &quot;Biz&quot;, &quot;Biz&quot; veya &quot;Bizim&quot; olarak an\u0131lacakt\u0131r) relex.io&#039;yu ifade eder.<\/li><li><strong>Kurabiye<\/strong>\u00a0Bir web sitesi taraf\u0131ndan bilgisayar\u0131n\u0131za, mobil cihaz\u0131n\u0131za veya ba\u015fka herhangi bir cihaza yerle\u015ftirilen ve bir\u00e7ok kullan\u0131m\u0131 aras\u0131nda o web sitesindeki tarama ge\u00e7mi\u015finizin ayr\u0131nt\u0131lar\u0131n\u0131 i\u00e7eren k\u00fc\u00e7\u00fck dosyalar anlam\u0131na gelir.<\/li><li><strong>\u0130nternet sitesi<\/strong>\u00a0adresinden eri\u015filebilen bitcoinwisdom.com&#039;u ifade eder.\u00a0<a href=\"https:\/\/bitcoinwisdom.com\/tr\/\" target=\"_blank\" rel=\"noreferrer noopener\" class=\"ek-link\">bitcoinwisdom.com<\/a><\/li><li><strong>Sen<\/strong>\u00a0Web Sitesine eri\u015fen veya Web Sitesini kullanan ki\u015fi veya bir \u015firket veya bu ki\u015finin ad\u0131na Web Sitesine eri\u015fti\u011fi veya Web Sitesini kulland\u0131\u011f\u0131 herhangi bir t\u00fczel ki\u015fi anlam\u0131na gelir.<\/li><\/ul>\n\n\n\n<h2 class=\"wp-block-heading\" id=\"h-the-use-of-the-cookies\">\u00c7erezlerin kullan\u0131m\u0131<\/h2>\n\n\n\n<h3 class=\"wp-block-heading\" id=\"h-type-of-cookies-we-use\">Kulland\u0131\u011f\u0131m\u0131z \u00c7erez T\u00fcrleri<\/h3>\n\n\n\n<p>\u00c7erezler &quot;Kal\u0131c\u0131&quot; veya &quot;Oturum&quot; \u00c7erezleri olabilir. Kal\u0131c\u0131 \u00c7erezler, \u00e7evrimd\u0131\u015f\u0131 oldu\u011funuzda ki\u015fisel bilgisayar\u0131n\u0131zda veya mobil cihaz\u0131n\u0131zda kal\u0131rken Oturum \u00c7erezleri, siz web taray\u0131c\u0131n\u0131z\u0131 kapat\u0131r kapatmaz silinir.<\/p>\n\n\n\n<p>A\u015fa\u011f\u0131da belirtilen ama\u00e7lar i\u00e7in hem oturum hem de kal\u0131c\u0131 \u00c7erezler kullan\u0131yoruz:<\/p>\n\n\n\n<ul class=\"wp-block-list\"><li><strong>Gerekli \/ Temel \u00c7erezler<\/strong>T\u00fcr: Oturum Tan\u0131mlama BilgileriY\u00f6netici: UsAma\u00e7: Bu Tan\u0131mlama Bilgileri, Size Web Sitesi arac\u0131l\u0131\u011f\u0131yla sunulan hizmetleri sa\u011flamak ve Sitenin baz\u0131 \u00f6zelliklerini kullanabilmenizi sa\u011flamak i\u00e7in gereklidir. Kullan\u0131c\u0131lar\u0131n kimli\u011finin do\u011frulanmas\u0131na ve kullan\u0131c\u0131 hesaplar\u0131n\u0131n doland\u0131r\u0131c\u0131l\u0131k ama\u00e7l\u0131 kullan\u0131lmas\u0131n\u0131 \u00f6nlemeye yard\u0131mc\u0131 olurlar. Bu \u00c7erezler olmadan, talep etti\u011finiz hizmetler sa\u011flanamaz ve biz bu \u00c7erezleri yaln\u0131zca Size bu hizmetleri sa\u011flamak i\u00e7in kullan\u0131r\u0131z.<\/li><li><strong>\u0130\u015flevsellik \u00c7erezleri<\/strong>T\u00fcr: Kal\u0131c\u0131 \u00c7erezlerY\u00f6netici: UsAma\u00e7: Bu \u00c7erezler, Web Sitesini kulland\u0131\u011f\u0131n\u0131zda, giri\u015f bilgilerinizi veya dil tercihinizi hat\u0131rlamak gibi yapt\u0131\u011f\u0131n\u0131z se\u00e7imleri hat\u0131rlamam\u0131z\u0131 sa\u011flar. Bu \u00c7erezlerin amac\u0131, Size daha ki\u015fisel bir deneyim sunmak ve Web Sitesini her kulland\u0131\u011f\u0131n\u0131zda tercihlerinizi yeniden girmek zorunda kalman\u0131z\u0131 \u00f6nlemektir.<\/li><\/ul>\n\n\n\n<h3 class=\"wp-block-heading\" id=\"h-your-choices-regarding-cookies\">\u00c7erezlerle \u0130lgili Tercihleriniz<\/h3>\n\n\n\n<p>Web Sitesinde \u00c7erez kullan\u0131m\u0131ndan ka\u00e7\u0131nmay\u0131 tercih ederseniz, \u00f6ncelikle taray\u0131c\u0131n\u0131zda \u00c7erez kullan\u0131m\u0131n\u0131 devre d\u0131\u015f\u0131 b\u0131rakmal\u0131 ve ard\u0131ndan bu web sitesi ile ili\u015fkili taray\u0131c\u0131n\u0131zda kay\u0131tl\u0131 \u00c7erezleri silmelisiniz. \u00c7erez kullan\u0131m\u0131n\u0131 engellemek i\u00e7in bu se\u00e7ene\u011fi diledi\u011finiz zaman kullanabilirsiniz.<\/p>\n\n\n\n<p>\u00c7erezlerimizi kabul etmezseniz, Web Sitesini kullan\u0131m\u0131n\u0131zda baz\u0131 s\u0131k\u0131nt\u0131lar ya\u015fayabilirsiniz ve baz\u0131 \u00f6zellikler d\u00fczg\u00fcn \u00e7al\u0131\u015fmayabilir.<\/p>\n\n\n\n<p>\u00c7erezleri silmek veya web taray\u0131c\u0131n\u0131za \u00c7erezleri silmesini veya reddetmesini istiyorsan\u0131z, l\u00fctfen web taray\u0131c\u0131n\u0131z\u0131n yard\u0131m sayfalar\u0131n\u0131 ziyaret edin.<\/p>\n\n\n\n<p>Di\u011fer herhangi bir web taray\u0131c\u0131s\u0131 i\u00e7in l\u00fctfen web taray\u0131c\u0131n\u0131z\u0131n resmi web sayfalar\u0131n\u0131 ziyaret edin.<\/p>","protected":false},"excerpt":{"rendered":"<p>\u00c7erez Politikas\u0131 Bu \u00c7erez Politikas\u0131, \u00c7erezlerin ne oldu\u011funu ve bunlar\u0131 nas\u0131l kulland\u0131\u011f\u0131m\u0131z\u0131 a\u00e7\u0131klar. Ne t\u00fcr \u00e7erezler kulland\u0131\u011f\u0131m\u0131z\u0131 veya \u00c7erezleri kullanarak toplad\u0131\u011f\u0131m\u0131z bilgileri ve bu bilgilerin nas\u0131l kullan\u0131ld\u0131\u011f\u0131n\u0131 anlamak i\u00e7in bu politikay\u0131 okumal\u0131s\u0131n\u0131z. \u00c7erezler tipik olarak bir kullan\u0131c\u0131y\u0131 ki\u015fisel olarak tan\u0131mlayan herhangi bir bilgi i\u00e7ermez, ancak [\u2026]<\/p>","protected":false},"author":5,"featured_media":0,"parent":0,"menu_order":0,"comment_status":"closed","ping_status":"closed","template":"","meta":{"_acf_changed":false,"_editorskit_title_hidden":false,"_editorskit_reading_time":2,"_editorskit_is_block_options_detached":false,"_editorskit_block_options_position":"{}","_uag_custom_page_level_css":"","footnotes":""},"class_list":["post-537","page","type-page","status-publish","hentry"],"acf":[],"uagb_featured_image_src":{"full":false,"thumbnail":false,"medium":false,"medium_large":false,"large":false,"1536x1536":false,"2048x2048":false,"trp-custom-language-flag":false},"uagb_author_info":{"display_name":"Jason Conor","author_link":"https:\/\/bitcoinwisdom.com\/tr\/author\/jason-connor\/"},"uagb_comment_info":0,"uagb_excerpt":"Cookies Policy This Cookies Policy explains what Cookies are and how We use them. You should read this policy so You can understand what type of cookies We use, or the information We collect using Cookies and how that information is used. Cookies do not typically contain any information that personally identifies a user, but&hellip;","_links":{"self":[{"href":"https:\/\/bitcoinwisdom.com\/tr\/wp-json\/wp\/v2\/pages\/537","targetHints":{"allow":["GET"]}}],"collection":[{"href":"https:\/\/bitcoinwisdom.com\/tr\/wp-json\/wp\/v2\/pages"}],"about":[{"href":"https:\/\/bitcoinwisdom.com\/tr\/wp-json\/wp\/v2\/types\/page"}],"author":[{"embeddable":true,"href":"https:\/\/bitcoinwisdom.com\/tr\/wp-json\/wp\/v2\/users\/5"}],"replies":[{"embeddable":true,"href":"https:\/\/bitcoinwisdom.com\/tr\/wp-json\/wp\/v2\/comments?post=537"}],"version-history":[{"count":0,"href":"https:\/\/bitcoinwisdom.com\/tr\/wp-json\/wp\/v2\/pages\/537\/revisions"}],"wp:attachment":[{"href":"https:\/\/bitcoinwisdom.com\/tr\/wp-json\/wp\/v2\/media?parent=537"}],"curies":[{"name":"wp","href":"https:\/\/api.w.org\/{rel}","templated":true}]}}