{"id":539,"date":"2022-03-21T22:12:28","date_gmt":"2022-03-22T05:12:28","guid":{"rendered":"https:\/\/bitcoinwisdom.com\/?page_id=539"},"modified":"2024-09-25T02:43:30","modified_gmt":"2024-09-25T02:43:30","slug":"about","status":"publish","type":"page","link":"https:\/\/bitcoinwisdom.com\/tr\/about\/","title":{"rendered":"Hakk\u0131m\u0131zda"},"content":{"rendered":"<h1 class=\"wp-block-heading\">BitcoinBilgelik Hakk\u0131nda<\/h1>\n\n\n\n<p>2013 y\u0131l\u0131nda kurulan Bitcoin Wisdom, bilgilendirici ve do\u011fru bitcoin haberleri, fiyat tahminleri, yat\u0131r\u0131m k\u0131lavuzlar\u0131 ve borsa incelemeleri sunmaya \u00e7al\u0131\u015f\u0131r.<\/p>\n\n\n\n<h2 class=\"wp-block-heading\" id=\"h-the-team-behind-check-its-real\">G\u00f6revimiz<\/h2>\n\n\n\n<p>Cryptocurrency&#039;in temellerini \u00f6\u011frenmenize yard\u0131mc\u0131 olmaya kendini adam\u0131\u015f ki\u015filerden olu\u015fan bir ekibimiz var. Ekibimizin birincil g\u00f6revi, finansal piyasalara m\u00fcmk\u00fcn olan en basit \u015fekilde eri\u015fmenizi sa\u011flamakt\u0131r. Ortaklar\u0131m\u0131z\u0131n yard\u0131m\u0131yla, kripto piyasas\u0131n\u0131n sundu\u011fu s\u0131n\u0131rs\u0131z olanaklarla finansal ba\u011f\u0131ms\u0131zl\u0131k yolculu\u011funuzun bir par\u00e7as\u0131 olmay\u0131 kendi sorumlulu\u011fumuz haline getirdik.<\/p>\n\n\n\n<h2 class=\"wp-block-heading\">Edit\u00f6r Ekibi<\/h2>\n\n\n\n<p>BitcoinWisdom&#039;da yaln\u0131zca en kaliteli i\u00e7eri\u011fi da\u011f\u0131tmaktan gurur duyuyoruz. S\u0131k\u0131 bir dizi gazetecilik ilkesine ba\u011fl\u0131 kalmak i\u00e7in yorulmadan \u00e7al\u0131\u015f\u0131yoruz ve <a href=\"https:\/\/bitcoinwisdom.com\/tr\/editorial-policy\/\" class=\"ek-link\">yay\u0131n politikas\u0131<\/a> okuyucular\u0131m\u0131z\u0131n do\u011fru, g\u00fcvenilir ve g\u00fcvenilir bilgi almas\u0131n\u0131 sa\u011flamak i\u00e7in.<\/p>","protected":false},"excerpt":{"rendered":"<p>BitcoinWisdom Hakk\u0131nda 2013 y\u0131l\u0131nda kurulan Bitcoin Wisdom, bilgilendirici ve do\u011fru bitcoin haberleri, fiyat tahminleri, yat\u0131r\u0131m k\u0131lavuzlar\u0131 ve de\u011fi\u015fim incelemeleri sa\u011flamaya \u00e7al\u0131\u015f\u0131r. Misyonumuz Cryptocurrency&#039;in temellerini \u00f6\u011frenmenize yard\u0131mc\u0131 olmaya kendini adam\u0131\u015f ki\u015filerden olu\u015fan bir ekibimiz var. Ekibimizin birincil g\u00f6revi, finansal piyasalara \u015fu anda eri\u015febilmenizi sa\u011flamakt\u0131r [\u2026]<\/p>","protected":false},"author":4,"featured_media":0,"parent":0,"menu_order":0,"comment_status":"closed","ping_status":"closed","template":"","meta":{"_acf_changed":false,"_editorskit_title_hidden":false,"_editorskit_reading_time":1,"_editorskit_is_block_options_detached":false,"_editorskit_block_options_position":"{}","_uag_custom_page_level_css":"","footnotes":""},"class_list":["post-539","page","type-page","status-publish","hentry"],"acf":[],"uagb_featured_image_src":{"full":false,"thumbnail":false,"medium":false,"medium_large":false,"large":false,"1536x1536":false,"2048x2048":false,"trp-custom-language-flag":false},"uagb_author_info":{"display_name":"admin","author_link":"https:\/\/bitcoinwisdom.com\/tr\/author\/checkitsreal_u3wyz0\/"},"uagb_comment_info":0,"uagb_excerpt":"About BitcoinWisdom Founded in 2013, Bitcoin Wisdom strives to provide informative and accurate bitcoin news, price predictions, investing guides and exchange reviews. Our Mission We have a team of dedicated individuals committed to helping you learn the fundamentals of Cryptocurrency. Our team\u2019s primary assignment is to ensure that you can access the financial markets in&hellip;","_links":{"self":[{"href":"https:\/\/bitcoinwisdom.com\/tr\/wp-json\/wp\/v2\/pages\/539","targetHints":{"allow":["GET"]}}],"collection":[{"href":"https:\/\/bitcoinwisdom.com\/tr\/wp-json\/wp\/v2\/pages"}],"about":[{"href":"https:\/\/bitcoinwisdom.com\/tr\/wp-json\/wp\/v2\/types\/page"}],"author":[{"embeddable":true,"href":"https:\/\/bitcoinwisdom.com\/tr\/wp-json\/wp\/v2\/users\/4"}],"replies":[{"embeddable":true,"href":"https:\/\/bitcoinwisdom.com\/tr\/wp-json\/wp\/v2\/comments?post=539"}],"version-history":[{"count":0,"href":"https:\/\/bitcoinwisdom.com\/tr\/wp-json\/wp\/v2\/pages\/539\/revisions"}],"wp:attachment":[{"href":"https:\/\/bitcoinwisdom.com\/tr\/wp-json\/wp\/v2\/media?parent=539"}],"curies":[{"name":"wp","href":"https:\/\/api.w.org\/{rel}","templated":true}]}}