{"id":541,"date":"2022-03-21T22:13:46","date_gmt":"2022-03-22T05:13:46","guid":{"rendered":"https:\/\/bitcoinwisdom.com\/?page_id=541"},"modified":"2022-05-29T22:42:28","modified_gmt":"2022-05-30T05:42:28","slug":"terms-and-conditions","status":"publish","type":"page","link":"https:\/\/bitcoinwisdom.com\/tr\/terms-and-conditions\/","title":{"rendered":"\u015eartlar ve ko\u015fullar"},"content":{"rendered":"<h1 class=\"wp-block-heading\" id=\"h-terms-and-conditions\">\u015eartlar ve ko\u015fullar<\/h1>\n\n\n\n<p>L\u00fctfen Hizmetimizi kullanmadan \u00f6nce bu h\u00fck\u00fcm ve ko\u015fullar\u0131 dikkatlice okuyun.<\/p>\n\n\n\n<h2 class=\"wp-block-heading\" id=\"h-interpretation-and-definitions\">Yorum ve Tan\u0131mlar<\/h2>\n\n\n\n<h3 class=\"wp-block-heading\" id=\"h-interpretation\">Terc\u00fcme<\/h3>\n\n\n\n<p>Ba\u015f harfi b\u00fcy\u00fck olan kelimeler a\u015fa\u011f\u0131daki ko\u015fullarda tan\u0131mlanan anlamlara sahiptir. A\u015fa\u011f\u0131daki tan\u0131mlar, tekil veya \u00e7o\u011ful olarak g\u00f6r\u00fcn\u00fcp g\u00f6r\u00fcnmediklerine bak\u0131lmaks\u0131z\u0131n ayn\u0131 anlama sahip olacakt\u0131r.<\/p>\n\n\n\n<h3 class=\"wp-block-heading\" id=\"h-definitions\">Tan\u0131mlar<\/h3>\n\n\n\n<p>Bu H\u00fck\u00fcm ve Ko\u015fullar\u0131n ama\u00e7lar\u0131 do\u011frultusunda:<\/p>\n\n\n\n<ul class=\"wp-block-list\"><li><strong>ba\u011fl\u0131 kurulu\u015f<\/strong>&nbsp;&quot;Kontrol&quot;, 50%&#039;nin veya daha fazla hissenin, \u00f6z sermayenin veya y\u00f6netim kurulu veya di\u011fer y\u00f6netim otoritesinin se\u00e7iminde oy kullanma hakk\u0131na sahip di\u011fer menkul k\u0131ymetlerin m\u00fclkiyeti anlam\u0131na geldi\u011finde, kontrol eden, taraf taraf\u0131ndan kontrol edilen veya bir tarafla ortak kontrol alt\u0131nda olan bir kurulu\u015f anlam\u0131na gelir.<\/li><li><strong>\u00dclke<\/strong>&nbsp;at\u0131fta bulunur: Berlin, Almanya<\/li><li><strong>\u015eirket<\/strong>&nbsp;(bu S\u00f6zle\u015fmede &quot;\u015eirket&quot;, &quot;Biz&quot;, &quot;Biz&quot; veya &quot;Bizim&quot; olarak an\u0131lacakt\u0131r) relex.io&#039;yu ifade eder.<\/li><li><strong>Cihaz<\/strong>&nbsp;bilgisayar, cep telefonu veya dijital tablet gibi Hizmete eri\u015febilen herhangi bir cihaz anlam\u0131na gelir.<\/li><li><strong>Hizmet<\/strong>&nbsp;Web Sitesine at\u0131fta bulunur.<\/li><li><strong>\u00dc\u00e7\u00fcnc\u00fc Taraf Sosyal Medya Hizmeti<\/strong>&nbsp;Hizmet taraf\u0131ndan g\u00f6r\u00fcnt\u00fclenebilecek, dahil edilebilecek veya kullan\u0131ma sunulabilecek bir \u00fc\u00e7\u00fcnc\u00fc taraf\u00e7a sa\u011flanan herhangi bir hizmet veya i\u00e7erik (veriler, bilgiler, \u00fcr\u00fcnler veya hizmetler dahil) anlam\u0131na gelir.<\/li><li><strong>Sen<\/strong>&nbsp;Hizmete eri\u015fen veya Hizmet&#039;i kullanan ki\u015fi veya s\u00f6z konusu ki\u015finin ad\u0131na Hizmet&#039;e eri\u015fti\u011fi veya Hizmet&#039;i kulland\u0131\u011f\u0131 \u015firket veya di\u011fer t\u00fczel ki\u015filik anlam\u0131na gelir.<\/li><\/ul>\n\n\n\n<h2 class=\"wp-block-heading\" id=\"h-acknowledgment\">te\u015fekk\u00fcr<\/h2>\n\n\n\n<p>Bunlar, bu Hizmetin kullan\u0131m\u0131n\u0131 d\u00fczenleyen \u015eartlar ve Ko\u015fullar ve Siz ile \u015eirket aras\u0131nda ge\u00e7erli olan s\u00f6zle\u015fmedir. Bu H\u00fck\u00fcm ve Ko\u015fullar, Hizmetin kullan\u0131m\u0131na ili\u015fkin t\u00fcm kullan\u0131c\u0131lar\u0131n hak ve y\u00fck\u00fcml\u00fcl\u00fcklerini belirler.<\/p>\n\n\n\n<p>Hizmete eri\u015fiminiz ve Hizmeti kullan\u0131m\u0131n\u0131z, bu H\u00fck\u00fcm ve Ko\u015fullar\u0131 kabul etmenize ve bunlara uyman\u0131za ba\u011fl\u0131d\u0131r. Bu H\u00fck\u00fcm ve Ko\u015fullar, Hizmete eri\u015fen veya Hizmet&#039;i kullanan t\u00fcm ziyaret\u00e7iler, kullan\u0131c\u0131lar ve di\u011fer ki\u015filer i\u00e7in ge\u00e7erlidir.<\/p>\n\n\n\n<p>Hizmete eri\u015ferek veya Hizmet&#039;i kullanarak bu H\u00fck\u00fcm ve Ko\u015fullara ba\u011fl\u0131 kalmay\u0131 kabul edersiniz. Bu H\u00fck\u00fcm ve Ko\u015fullar\u0131n herhangi bir b\u00f6l\u00fcm\u00fcn\u00fc kabul etmiyorsan\u0131z, Hizmete eri\u015femezsiniz.<\/p>\n\n\n\n<p>18 ya\u015f\u0131ndan b\u00fcy\u00fck oldu\u011funuzu beyan ediyorsunuz. \u015eirket, 18 ya\u015f\u0131ndan k\u00fc\u00e7\u00fcklerin Hizmeti kullanmas\u0131na izin vermiyor.<\/p>\n\n\n\n<p>Hizmete eri\u015fiminiz ve Hizmeti kullan\u0131m\u0131n\u0131z, \u015eirketin Gizlilik Politikas\u0131n\u0131 kabul etmenize ve bunlara uyman\u0131za da ba\u011fl\u0131d\u0131r. Gizlilik Politikam\u0131z, Uygulamay\u0131 veya Web Sitesini kulland\u0131\u011f\u0131n\u0131zda ki\u015fisel bilgilerinizin toplanmas\u0131, kullan\u0131lmas\u0131 ve if\u015fa edilmesine ili\u015fkin politikalar\u0131m\u0131z\u0131 ve prosed\u00fcrlerimizi a\u00e7\u0131klar ve Size gizlilik haklar\u0131n\u0131z\u0131 ve yasalar\u0131n Sizi nas\u0131l korudu\u011funu anlat\u0131r. L\u00fctfen Hizmetimizi kullanmadan \u00f6nce Gizlilik Politikam\u0131z\u0131 dikkatlice okuyun.<\/p>\n\n\n\n<h2 class=\"wp-block-heading\" id=\"h-links-to-other-websites\">Di\u011fer Web Sitelerine Ba\u011flant\u0131lar<\/h2>\n\n\n\n<p>Hizmetimiz, \u015eirkete ait olmayan veya \u015eirket taraf\u0131ndan kontrol edilmeyen \u00fc\u00e7\u00fcnc\u00fc taraf web sitelerine veya hizmetlerine ba\u011flant\u0131lar i\u00e7erebilir.<\/p>\n\n\n\n<p>\u015eirket, herhangi bir \u00fc\u00e7\u00fcnc\u00fc taraf web sitesi veya hizmetinin i\u00e7eri\u011fi, gizlilik politikalar\u0131 veya uygulamalar\u0131 \u00fczerinde hi\u00e7bir kontrole sahip de\u011fildir ve hi\u00e7bir sorumluluk kabul etmez. Ayr\u0131ca, bu t\u00fcr i\u00e7erik, mal veya hizmetlerin kullan\u0131m\u0131ndan veya bunlara g\u00fcvenilmesinden kaynaklanan veya neden oldu\u011fu iddia edilen herhangi bir zarar veya ziyandan \u015eirketin do\u011frudan veya dolayl\u0131 olarak sorumlu veya y\u00fck\u00fcml\u00fc olmayaca\u011f\u0131n\u0131 kabul ve beyan edersiniz. veya bu t\u00fcr web siteleri veya hizmetler arac\u0131l\u0131\u011f\u0131yla.<\/p>\n\n\n\n<p>Ziyaret etti\u011finiz t\u00fcm \u00fc\u00e7\u00fcnc\u00fc taraf web sitelerinin veya hizmetlerinin h\u00fck\u00fcm ve ko\u015fullar\u0131n\u0131 ve gizlilik politikalar\u0131n\u0131 okuman\u0131z\u0131 \u015fiddetle tavsiye ederiz.<\/p>\n\n\n\n<h2 class=\"wp-block-heading\" id=\"h-termination\">Sonland\u0131rma<\/h2>\n\n\n\n<p>Bu H\u00fck\u00fcm ve Ko\u015fullar\u0131 ihlal etmeniz dahil ancak bunlarla s\u0131n\u0131rl\u0131 olmamak \u00fczere, herhangi bir nedenle, \u00f6nceden bildirimde bulunmadan veya y\u00fck\u00fcml\u00fcl\u00fck alt\u0131na girmeden eri\u015fiminizi derhal sonland\u0131rabilir veya ask\u0131ya alabiliriz.<\/p>\n\n\n\n<p>Fesih \u00fczerine, Hizmeti kullanma hakk\u0131n\u0131z derhal sona erecektir.<\/p>\n\n\n\n<h2 class=\"wp-block-heading\" id=\"h-limitation-of-liability\">Sorumlulu\u011fun S\u0131n\u0131rland\u0131r\u0131lmas\u0131<\/h2>\n\n\n\n<p>Sizin maruz kalabilece\u011finiz herhangi bir zarara bak\u0131lmaks\u0131z\u0131n, \u015eirketin ve tedarik\u00e7ilerinden herhangi birinin bu Ko\u015fullar\u0131n herhangi bir h\u00fckm\u00fc kapsam\u0131ndaki t\u00fcm sorumlulu\u011fu ve Sizin m\u00fcnhas\u0131r \u00e7\u00f6z\u00fcm\u00fcn\u00fcz, Hizmet arac\u0131l\u0131\u011f\u0131yla Sizin taraf\u0131n\u0131zdan fiilen \u00f6denen miktar veya 100 USD ile s\u0131n\u0131rl\u0131 olacakt\u0131r. Hizmet arac\u0131l\u0131\u011f\u0131yla herhangi bir \u015fey sat\u0131n almad\u0131ysan\u0131z.<\/p>\n\n\n\n<p>Y\u00fcr\u00fcrl\u00fckteki yasalar\u0131n izin verdi\u011fi azami \u00f6l\u00e7\u00fcde, \u015eirket veya tedarik\u00e7ileri hi\u00e7bir durumda herhangi bir \u00f6zel, ar\u0131zi, dolayl\u0131 veya sonu\u00e7 olarak ortaya \u00e7\u0131kan zarardan (kar kayb\u0131ndan kaynaklanan zararlar, veri kayb\u0131 veya bunlarla s\u0131n\u0131rl\u0131 olmamak \u00fczere) sorumlu olmayacakt\u0131r. di\u011fer bilgiler, i\u015f kesintisi, ki\u015fisel yaralanma, Hizmetin kullan\u0131m\u0131ndan veya kullan\u0131lamamas\u0131ndan kaynaklanan veya herhangi bir \u015fekilde mahremiyet kayb\u0131, Hizmetle birlikte kullan\u0131lan \u00fc\u00e7\u00fcnc\u00fc taraf yaz\u0131l\u0131m ve\/veya \u00fc\u00e7\u00fcnc\u00fc taraf donan\u0131m veya aksi takdirde bu \u015eartlar\u0131n herhangi bir h\u00fckm\u00fc ile ba\u011flant\u0131l\u0131 olarak), \u015eirket veya herhangi bir tedarik\u00e7iye bu t\u00fcr zararlar\u0131n olas\u0131l\u0131\u011f\u0131 hakk\u0131nda bilgi verilmi\u015f olsa ve \u00e7are esas amac\u0131n\u0131 ger\u00e7ekle\u015ftiremese bile.<\/p>\n\n\n\n<p>Baz\u0131 eyaletler, z\u0131mni garantilerin hari\u00e7 tutulmas\u0131na veya ar\u0131zi veya sonu\u00e7 olarak ortaya \u00e7\u0131kan hasarlar i\u00e7in sorumlulu\u011fun s\u0131n\u0131rland\u0131r\u0131lmas\u0131na izin vermez; bu, yukar\u0131daki s\u0131n\u0131rlamalardan baz\u0131lar\u0131n\u0131n ge\u00e7erli olmayabilece\u011fi anlam\u0131na gelir. Bu eyaletlerde, her bir taraf\u0131n sorumlulu\u011fu yasalar\u0131n izin verdi\u011fi en geni\u015f \u00f6l\u00e7\u00fcde s\u0131n\u0131rl\u0131 olacakt\u0131r.<\/p>\n\n\n\n<h2 class=\"wp-block-heading\" id=\"h-as-is-and-as-available-disclaimer\">\u201cOLDU\u011eU G\u0130B\u0130\u201d ve \u201cMEVCUT OLDU\u011eU G\u0130B\u0130\u201d Sorumluluk Reddi<\/h2>\n\n\n\n<p>Hizmet Size \u201cOLDU\u011eU G\u0130B\u0130\u201d ve \u201cMEVCUT OLDU\u011eU G\u0130B\u0130\u201d ve herhangi bir garanti olmaks\u0131z\u0131n t\u00fcm kusurlar\u0131 ve kusurlar\u0131 ile sunulmaktad\u0131r. Y\u00fcr\u00fcrl\u00fckteki yasalar\u0131n izin verdi\u011fi azami \u00f6l\u00e7\u00fcde, \u015eirket, kendi ad\u0131na ve Ba\u011fl\u0131 \u015eirketleri ve ilgili lisans verenleri ve hizmet sa\u011flay\u0131c\u0131lar\u0131 ad\u0131na, a\u00e7\u0131k, z\u0131mni, kanuni veya ba\u015fka t\u00fcrl\u00fc t\u00fcm garantileri a\u00e7\u0131k\u00e7a reddeder. Hizmet, sat\u0131labilirlik, belirli bir amaca uygunluk, unvan ve ihlal etmemeye ili\u015fkin t\u00fcm z\u0131mni garantiler ve ticaret, performans, kullan\u0131m veya ticaret uygulamas\u0131ndan kaynaklanabilecek garantiler dahil. Yukar\u0131da belirtilenlerle s\u0131n\u0131rl\u0131 olmaks\u0131z\u0131n \u015eirket, Hizmetin gereksinimlerinizi kar\u015f\u0131layaca\u011f\u0131na, ama\u00e7lanan sonu\u00e7lara ula\u015faca\u011f\u0131na, di\u011fer herhangi bir yaz\u0131l\u0131m, uygulama, sistem veya hizmetle uyumlu olaca\u011f\u0131na veya bunlarla \u00e7al\u0131\u015faca\u011f\u0131na, i\u015fleyece\u011fine dair hi\u00e7bir garanti veya taahh\u00fctte bulunmaz ve herhangi bir beyanda bulunmaz. kesintiye u\u011framadan, herhangi bir performans veya g\u00fcvenilirlik standard\u0131n\u0131 kar\u015f\u0131lay\u0131n veya hatas\u0131z olun veya herhangi bir hata veya kusurun d\u00fczeltilebilece\u011fi veya d\u00fczeltilece\u011fi.<\/p>\n\n\n\n<p>Yukar\u0131da belirtilenleri s\u0131n\u0131rlamaks\u0131z\u0131n, ne \u015eirket ne de \u015firketin herhangi bir sa\u011flay\u0131c\u0131s\u0131, a\u00e7\u0131k veya z\u0131mni herhangi bir beyanda bulunmaz veya garanti vermez: (i) Hizmetin i\u015fleyi\u015fi veya kullan\u0131labilirli\u011fi veya bilgi, i\u00e7erik ve malzeme veya \u00fcr\u00fcnler hakk\u0131nda buna dahil; (ii) Hizmetin kesintisiz veya hatas\u0131z olaca\u011f\u0131n\u0131; (iii) Hizmet arac\u0131l\u0131\u011f\u0131yla sa\u011flanan herhangi bir bilgi veya i\u00e7eri\u011fin do\u011frulu\u011fu, g\u00fcvenilirli\u011fi veya g\u00fcncelli\u011fi ile ilgili olarak; veya (iv) \u015eirketten veya \u015eirket ad\u0131na g\u00f6nderilen Hizmetin, sunucular\u0131n\u0131n, i\u00e7eri\u011finin veya e-postalar\u0131n\u0131n vir\u00fcs, komut dosyas\u0131, truva at\u0131, solucan, k\u00f6t\u00fc ama\u00e7l\u0131 yaz\u0131l\u0131m, saatli bomba veya di\u011fer zararl\u0131 bile\u015fenler i\u00e7ermedi\u011fini.<\/p>\n\n\n\n<p>Baz\u0131 yarg\u0131 b\u00f6lgeleri, bir t\u00fcketicinin ge\u00e7erli yasal haklar\u0131na ili\u015fkin belirli garanti t\u00fcrlerinin veya s\u0131n\u0131rlamalar\u0131n hari\u00e7 tutulmas\u0131na izin vermemektedir, bu nedenle yukar\u0131daki istisnalar\u0131n ve s\u0131n\u0131rlamalar\u0131n baz\u0131lar\u0131 veya t\u00fcm\u00fc Sizin i\u00e7in ge\u00e7erli olmayabilir. Ancak b\u00f6yle bir durumda, bu b\u00f6l\u00fcmde belirtilen istisnalar ve s\u0131n\u0131rlamalar, y\u00fcr\u00fcrl\u00fckteki yasalar kapsam\u0131nda uygulanabilir olan en geni\u015f \u00f6l\u00e7\u00fcde uygulanacakt\u0131r.<\/p>\n\n\n\n<h2 class=\"wp-block-heading\" id=\"h-governing-law\">Ge\u00e7erli Kanun<\/h2>\n\n\n\n<p>Kanunlar ihtilaf\u0131 kurallar\u0131 hari\u00e7 olmak \u00fczere, \u00dclke kanunlar\u0131, bu \u015eartlar\u0131 ve Hizmeti kullan\u0131m\u0131n\u0131z\u0131 y\u00f6netecektir. Uygulamay\u0131 kullan\u0131m\u0131n\u0131z ayr\u0131ca di\u011fer yerel, eyalet, ulusal veya uluslararas\u0131 yasalara tabi olabilir.<\/p>\n\n\n\n<h2 class=\"wp-block-heading\" id=\"h-disputes-resolution\">Anla\u015fmazl\u0131klar\u0131n \u00c7\u00f6z\u00fcm\u00fc<\/h2>\n\n\n\n<p>Hizmetle ilgili herhangi bir endi\u015feniz veya anla\u015fmazl\u0131\u011f\u0131n\u0131z varsa, \u00f6ncelikle Anla\u015fmazl\u0131\u011f\u0131 \u015eirket ile ileti\u015fime ge\u00e7erek gayri resmi olarak \u00e7\u00f6zmeye \u00e7al\u0131\u015fmay\u0131 kabul edersiniz.<\/p>\n\n\n\n<h2 class=\"wp-block-heading\" id=\"h-for-european-union-eu-users\">Avrupa Birli\u011fi (AB) Kullan\u0131c\u0131lar\u0131 \u0130\u00e7in<\/h2>\n\n\n\n<p>Avrupa Birli\u011fi t\u00fcketicisi iseniz, ikamet etti\u011finiz \u00fclkenin kanunlar\u0131n\u0131n her t\u00fcrl\u00fc emredici h\u00fck\u00fcmlerinden yararlanacaks\u0131n\u0131z.<\/p>\n\n\n\n<h2 class=\"wp-block-heading\" id=\"h-united-states-legal-compliance\">Amerika Birle\u015fik Devletleri Yasal Uygunluk<\/h2>\n\n\n\n<p>(i) Amerika Birle\u015fik Devletleri h\u00fck\u00fcmetinin ambargosuna tabi olan veya Amerika Birle\u015fik Devletleri h\u00fck\u00fcmeti taraf\u0131ndan \u201cter\u00f6ristleri destekleyen\u201d bir \u00fclke olarak belirlenmi\u015f bir \u00fclkede bulunmad\u0131\u011f\u0131n\u0131z\u0131 ve (ii) olmad\u0131\u011f\u0131n\u0131z\u0131 beyan ve garanti edersiniz. Amerika Birle\u015fik Devletleri h\u00fck\u00fcmetinin yasaklanm\u0131\u015f veya k\u0131s\u0131tlanm\u0131\u015f taraflar listesinde listelenmi\u015ftir.<\/p>\n\n\n\n<h2 class=\"wp-block-heading\" id=\"h-severability-and-waiver\">B\u00f6l\u00fcnebilirlik ve Feragat<\/h2>\n\n\n\n<h3 class=\"wp-block-heading\" id=\"h-severability\">B\u00f6l\u00fcnebilirlik<\/h3>\n\n\n\n<p>Bu Ko\u015fullar\u0131n herhangi bir h\u00fckm\u00fcn\u00fcn uygulanamaz veya ge\u00e7ersiz oldu\u011fu kabul edilirse, s\u00f6z konusu h\u00fck\u00fcm, ilgili yasa kapsam\u0131nda m\u00fcmk\u00fcn olan en geni\u015f \u00f6l\u00e7\u00fcde bu h\u00fckm\u00fcn ama\u00e7lar\u0131na ula\u015fmak i\u00e7in de\u011fi\u015ftirilecek ve yorumlanacak ve geri kalan h\u00fck\u00fcmler tam olarak y\u00fcr\u00fcrl\u00fckte kalmaya devam edecektir.<\/p>\n\n\n\n<h3 class=\"wp-block-heading\" id=\"h-waiver\">Feragat<\/h3>\n\n\n\n<p>Burada belirtilenler d\u0131\u015f\u0131nda, bu Ko\u015fullar kapsam\u0131nda bir hakk\u0131n kullan\u0131lmamas\u0131 veya bir y\u00fck\u00fcml\u00fcl\u00fc\u011f\u00fcn yerine getirilmesini gerektirmemesi, bir taraf\u0131n bu hakk\u0131 kullanma yetene\u011fini etkilemez veya bundan sonra herhangi bir zamanda bu t\u00fcr bir ifa talep etmez veya bir ihlalden feragat, bir feragat te\u015fkil etmez. sonraki herhangi bir ihlal.<\/p>\n\n\n\n<h2 class=\"wp-block-heading\" id=\"h-translation-interpretation\">\u00c7eviri \u00c7eviri<\/h2>\n\n\n\n<p>Bu H\u00fck\u00fcm ve Ko\u015fullar, Hizmetimizde Size sunmu\u015fsak terc\u00fcme edilmi\u015f olabilir. Bir anla\u015fmazl\u0131k durumunda orijinal \u0130ngilizce metnin ge\u00e7erli olaca\u011f\u0131n\u0131 kabul edersiniz.<\/p>\n\n\n\n<h2 class=\"wp-block-heading\" id=\"h-changes-to-these-terms-and-conditions\">Bu H\u00fck\u00fcm ve Ko\u015fullardaki De\u011fi\u015fiklikler<\/h2>\n\n\n\n<p>Tamamen kendi takdirimize ba\u011fl\u0131 olarak, bu Ko\u015fullar\u0131 herhangi bir zamanda de\u011fi\u015ftirme veya de\u011fi\u015ftirme hakk\u0131n\u0131 sakl\u0131 tutar\u0131z. Bir revizyon \u00f6nemliyse, herhangi bir yeni \u015fart\u0131n y\u00fcr\u00fcrl\u00fc\u011fe girmesinden en az 30 g\u00fcn \u00f6nce bildirimde bulunmak i\u00e7in makul \u00e7abay\u0131 g\u00f6sterece\u011fiz. Maddi bir de\u011fi\u015fikli\u011fi neyin olu\u015fturdu\u011fu tamamen kendi takdirimize ba\u011fl\u0131 olarak belirlenecektir.<\/p>\n\n\n\n<p>Bu revizyonlar y\u00fcr\u00fcrl\u00fc\u011fe girdikten sonra Hizmetimize eri\u015fmeye veya Hizmeti kullanmaya devam ederek, revize edilen \u015fartlara ba\u011fl\u0131 kalmay\u0131 kabul edersiniz. Yeni \u015fartlar\u0131 k\u0131smen veya tamamen kabul etmiyorsan\u0131z, l\u00fctfen web sitesini ve Hizmeti kullanmay\u0131 b\u0131rak\u0131n.<\/p>","protected":false},"excerpt":{"rendered":"<p>H\u00fck\u00fcm ve Ko\u015fullar L\u00fctfen Hizmetimizi kullanmadan \u00f6nce bu h\u00fck\u00fcm ve ko\u015fullar\u0131 dikkatlice okuyun. Yorum ve Tan\u0131mlar Yorum Ba\u015f harfi b\u00fcy\u00fck olan kelimeler a\u015fa\u011f\u0131daki ko\u015fullarda tan\u0131mlanan anlamlara sahiptir. A\u015fa\u011f\u0131daki tan\u0131mlar, tekil veya \u00e7o\u011ful olarak g\u00f6r\u00fcnseler de ayn\u0131 anlam\u0131 ta\u015f\u0131yacakt\u0131r. Tan\u0131mlar i\u00e7in [\u2026]<\/p>","protected":false},"author":4,"featured_media":0,"parent":0,"menu_order":0,"comment_status":"closed","ping_status":"closed","template":"","meta":{"_acf_changed":false,"_editorskit_title_hidden":false,"_editorskit_reading_time":0,"_editorskit_is_block_options_detached":false,"_editorskit_block_options_position":"{}","_uag_custom_page_level_css":"","footnotes":""},"class_list":["post-541","page","type-page","status-publish","hentry"],"acf":[],"uagb_featured_image_src":{"full":false,"thumbnail":false,"medium":false,"medium_large":false,"large":false,"1536x1536":false,"2048x2048":false,"trp-custom-language-flag":false},"uagb_author_info":{"display_name":"admin","author_link":"https:\/\/bitcoinwisdom.com\/tr\/author\/checkitsreal_u3wyz0\/"},"uagb_comment_info":0,"uagb_excerpt":"Terms and Conditions Please read these terms and conditions carefully before using Our Service. Interpretation and Definitions Interpretation The words of which the initial letter is capitalized have meanings defined under the following conditions. The following definitions shall have the same meaning regardless of whether they appear in singular or in plural. Definitions For the&hellip;","_links":{"self":[{"href":"https:\/\/bitcoinwisdom.com\/tr\/wp-json\/wp\/v2\/pages\/541","targetHints":{"allow":["GET"]}}],"collection":[{"href":"https:\/\/bitcoinwisdom.com\/tr\/wp-json\/wp\/v2\/pages"}],"about":[{"href":"https:\/\/bitcoinwisdom.com\/tr\/wp-json\/wp\/v2\/types\/page"}],"author":[{"embeddable":true,"href":"https:\/\/bitcoinwisdom.com\/tr\/wp-json\/wp\/v2\/users\/4"}],"replies":[{"embeddable":true,"href":"https:\/\/bitcoinwisdom.com\/tr\/wp-json\/wp\/v2\/comments?post=541"}],"version-history":[{"count":0,"href":"https:\/\/bitcoinwisdom.com\/tr\/wp-json\/wp\/v2\/pages\/541\/revisions"}],"wp:attachment":[{"href":"https:\/\/bitcoinwisdom.com\/tr\/wp-json\/wp\/v2\/media?parent=541"}],"curies":[{"name":"wp","href":"https:\/\/api.w.org\/{rel}","templated":true}]}}