{"id":548,"date":"2022-03-21T22:27:28","date_gmt":"2022-03-22T05:27:28","guid":{"rendered":"https:\/\/bitcoinwisdom.com\/?page_id=548"},"modified":"2022-06-05T15:50:52","modified_gmt":"2022-06-05T22:50:52","slug":"contact","status":"publish","type":"page","link":"https:\/\/bitcoinwisdom.com\/tr\/contact\/","title":{"rendered":"Bize Ula\u015f\u0131n"},"content":{"rendered":"<h2 class=\"wp-block-heading\" id=\"h-contact-us\">\u0130leti\u015fim<\/h2>\n\n\n\n<p>\u0130leti\u015fim sayfam\u0131z\u0131 ziyaret etti\u011finiz i\u00e7in te\u015fekk\u00fcr ederiz. Her t\u00fcrl\u00fc sorunuzu yan\u0131tlamak i\u00e7in Pazartesi&#039;den Cuma&#039;ya 09:00 - 18:00 saatleri aras\u0131nda a\u00e7\u0131\u011f\u0131z. Bizimle payla\u015fmak istedi\u011finiz haber ipu\u00e7lar\u0131n\u0131z varsa, l\u00fctfen a\u015fa\u011f\u0131daki editoryal e-posta adresini kullan\u0131n. Giri\u015finiz i\u00e7in te\u015fekk\u00fcr ederiz ve yak\u0131nda sizden haber almay\u0131 d\u00f6rt g\u00f6zle bekliyoruz.<\/p>\n\n\n\n<h2 class=\"wp-block-heading\">e-posta<\/h2>\n\n\n\n<p><strong>Editoryal:<\/strong>&nbsp;editorial@bitcoinwisdom.com<\/p>\n\n\n\n<p><strong>reklam:<\/strong>&nbsp;reklam@bitcoinwisdom.com<\/p>\n\n\n\n<p><strong>Destek ve \u015eikayetler:<\/strong>&nbsp;support@bitcoinwisdom.com<\/p>\n\n\n\n<h2 class=\"wp-block-heading\">Adres &amp; Telefon<\/h2>\n\n\n\n<p><strong>BitcoinBilgelik<\/strong><br>Seviye 1, Devonshire Evi<br>Bir Mayfair Yeri<br>Londra \u0130ngiltere W1J 8AJ<br>+44 20 3205 7100<\/p>","protected":false},"excerpt":{"rendered":"<p>\u0130leti\u015fim \u0130leti\u015fim sayfam\u0131z\u0131 ziyaret etti\u011finiz i\u00e7in te\u015fekk\u00fcr ederiz. Her t\u00fcrl\u00fc sorunuzu yan\u0131tlamak i\u00e7in Pazartesi&#039;den Cuma&#039;ya 09:00 - 18:00 saatleri aras\u0131nda a\u00e7\u0131\u011f\u0131z. Bizimle payla\u015fmak istedi\u011finiz haber ipu\u00e7lar\u0131n\u0131z varsa, l\u00fctfen a\u015fa\u011f\u0131daki editoryal e-posta adresini kullan\u0131n. Giri\u015finiz i\u00e7in te\u015fekk\u00fcr ederiz ve sizden haber almak i\u00e7in sab\u0131rs\u0131zlan\u0131yoruz [\u2026]<\/p>","protected":false},"author":5,"featured_media":0,"parent":0,"menu_order":0,"comment_status":"closed","ping_status":"closed","template":"","meta":{"_acf_changed":false,"_editorskit_title_hidden":false,"_editorskit_reading_time":1,"_editorskit_is_block_options_detached":false,"_editorskit_block_options_position":"{}","_uag_custom_page_level_css":"","footnotes":""},"class_list":["post-548","page","type-page","status-publish","hentry"],"acf":[],"uagb_featured_image_src":{"full":false,"thumbnail":false,"medium":false,"medium_large":false,"large":false,"1536x1536":false,"2048x2048":false,"trp-custom-language-flag":false},"uagb_author_info":{"display_name":"Jason Conor","author_link":"https:\/\/bitcoinwisdom.com\/tr\/author\/jason-connor\/"},"uagb_comment_info":0,"uagb_excerpt":"Contact Thanks for visiting our contact page. We are available Monday to Friday 9 am to 6 pm to answer any questions you may have. If you have any news tips you want to share with us, please use the editorial e-mail address below. We appreciate your input and look forward to hearing from you&hellip;","_links":{"self":[{"href":"https:\/\/bitcoinwisdom.com\/tr\/wp-json\/wp\/v2\/pages\/548","targetHints":{"allow":["GET"]}}],"collection":[{"href":"https:\/\/bitcoinwisdom.com\/tr\/wp-json\/wp\/v2\/pages"}],"about":[{"href":"https:\/\/bitcoinwisdom.com\/tr\/wp-json\/wp\/v2\/types\/page"}],"author":[{"embeddable":true,"href":"https:\/\/bitcoinwisdom.com\/tr\/wp-json\/wp\/v2\/users\/5"}],"replies":[{"embeddable":true,"href":"https:\/\/bitcoinwisdom.com\/tr\/wp-json\/wp\/v2\/comments?post=548"}],"version-history":[{"count":0,"href":"https:\/\/bitcoinwisdom.com\/tr\/wp-json\/wp\/v2\/pages\/548\/revisions"}],"wp:attachment":[{"href":"https:\/\/bitcoinwisdom.com\/tr\/wp-json\/wp\/v2\/media?parent=548"}],"curies":[{"name":"wp","href":"https:\/\/api.w.org\/{rel}","templated":true}]}}