{"id":730,"date":"2022-03-23T14:00:00","date_gmt":"2022-03-23T21:00:00","guid":{"rendered":"https:\/\/bitcoinwisdom.com\/?page_id=730"},"modified":"2022-06-21T17:01:00","modified_gmt":"2022-06-22T00:01:00","slug":"new-homepage","status":"publish","type":"page","link":"https:\/\/bitcoinwisdom.com\/tr\/","title":{"rendered":"Bitcoin ve Kripto Para Birimi Haberleri, Grafikler, Fiyat Tahminleri, K\u0131lavuzlar ve De\u011fi\u015fim \u0130ncelemeleri"},"content":{"rendered":"<div class=\"wp-block-cover is-light bannerSection\"><span aria-hidden=\"true\" class=\"wp-block-cover__background has-background-dim-0 has-background-dim\"><\/span><div class=\"wp-block-cover__inner-container is-layout-flow wp-block-cover-is-layout-flow\">\n<h1 class=\"has-text-align-center wp-block-heading\">Kripto Haberleri, Fiyat Tahminleri, Yat\u0131r\u0131m K\u0131lavuzlar\u0131 ve De\u011fi\u015fim \u0130ncelemeleri<\/h1>\n\n\n\n<h3 class=\"has-text-align-center wp-block-heading\">2013 y\u0131l\u0131nda kurulan Bitcoin Wisdom, bilgilendirici ve do\u011fru bitcoin haberleri, fiyat tahminleri, yat\u0131r\u0131m k\u0131lavuzlar\u0131 ve borsa incelemeleri sunmaya \u00e7al\u0131\u015f\u0131r.<\/h3>\n\n\n\n<div class=\"wp-block-columns are-vertically-aligned-center columnsWithLinks\">\n<div class=\"wp-block-column is-vertically-aligned-center\"><div class=\"wp-block-image\">\n<figure class=\"aligncenter size-large\"><a href=\"\/tr\/news\/\"><img decoding=\"async\" width=\"24\" height=\"21\" src=\"\/wp-content\/uploads\/2022\/03\/ico-news.svg\" alt=\"\" class=\"wp-image-751\"\/><\/a><\/figure><\/div>\n\n\n<p class=\"has-text-align-center\"><a href=\"\/tr\/news\/\" class=\"ek-link\">En Son Kripto Haberleri<\/a><\/p>\n<\/div>\n\n\n\n<div class=\"wp-block-column is-vertically-aligned-center\"><div class=\"wp-block-image\">\n<figure class=\"aligncenter size-large\"><a href=\"\/tr\/predictions\/\"><img decoding=\"async\" width=\"25\" height=\"22\" src=\"\/wp-content\/uploads\/2022\/03\/ico-bitcoin-wallet.svg\" alt=\"\" class=\"wp-image-752\"\/><\/a><\/figure><\/div>\n\n\n<p class=\"has-text-align-center\"><a href=\"\/tr\/predictions\/\" class=\"ek-link\">Fiyat Tahminleri<\/a><\/p>\n<\/div>\n\n\n\n<div class=\"wp-block-column is-vertically-aligned-center\"><div class=\"wp-block-image\">\n<figure class=\"aligncenter size-large\"><a href=\"\/tr\/guides\/\"><img decoding=\"async\" width=\"16\" height=\"22\" src=\"\/wp-content\/uploads\/2022\/03\/ico-bitcoin.svg\" alt=\"\" class=\"wp-image-754\"\/><\/a><\/figure><\/div>\n\n\n<p class=\"has-text-align-center\"><a href=\"\/tr\/guides\/\" class=\"ek-link\">Yat\u0131r\u0131m Rehberleri<\/a><\/p>\n<\/div>\n\n\n\n<div class=\"wp-block-column is-vertically-aligned-center\"><div class=\"wp-block-image\">\n<figure class=\"aligncenter size-large\"><a href=\"\/tr\/reviews\/\"><img decoding=\"async\" width=\"20\" height=\"24\" src=\"\/wp-content\/uploads\/2022\/03\/ico-startshere.svg\" alt=\"\" class=\"wp-image-755\"\/><\/a><\/figure><\/div>\n\n\n<p class=\"has-text-align-center\"><a href=\"\/tr\/reviews\/\" class=\"ek-link\">De\u011fi\u015fim \u0130ncelemeleri<\/a><\/p>\n<\/div>\n\n\n\n<div class=\"wp-block-column is-vertically-aligned-center\"><div class=\"wp-block-image\">\n<figure class=\"aligncenter size-large\"><a href=\"\/tr\/robots\/\"><img decoding=\"async\" width=\"30\" height=\"32\" src=\"\/wp-content\/uploads\/2022\/03\/ico-trading.svg\" alt=\"\" class=\"wp-image-753\"\/><\/a><\/figure><\/div>\n\n\n<p class=\"has-text-align-center\"><a href=\"\/tr\/robots\/\" class=\"ek-link\">Bitcoin Robotlar\u0131<\/a><\/p>\n<\/div>\n\n\n\n<div class=\"wp-block-column is-vertically-aligned-center\"><div class=\"wp-block-image\">\n<figure class=\"aligncenter size-large\"><a href=\"\/tr\/where-to-buy-and-sell-bitcoin\/\"><img decoding=\"async\" width=\"34\" height=\"32\" src=\"\/wp-content\/uploads\/2022\/03\/ico-to-buy.svg\" alt=\"\" class=\"wp-image-756\"\/><\/a><\/figure><\/div>\n\n\n<p class=\"has-text-align-center\"><a href=\"\/tr\/where-to-buy-and-sell-bitcoin\/\" type=\"post\" id=\"675\" class=\"ek-link\">Bitcoin Nas\u0131l Sat\u0131n Al\u0131n\u0131r<\/a><\/p>\n<\/div>\n<\/div>\n<\/div><\/div>\n\n\n\n<div class=\"wp-block-group whiteContainer\"><div class=\"wp-block-group__inner-container\">\n<div class=\"wp-block-columns\">\n<div class=\"wp-block-column\">\n<h2 class=\"wp-block-heading\" id=\"h-breaking-cryptocurrency-news\">Son Dakika Kripto Para Birimi Haberleri<\/h2>\n<\/div>\n\n\n\n<div class=\"wp-block-column\">\n<div class=\"wp-block-columns\">\n<div class=\"wp-block-column\"><\/div>\n\n\n\n<div class=\"wp-block-column\"><\/div>\n\n\n\n<div class=\"wp-block-column\"><\/div>\n\n\n\n<div class=\"wp-block-column\"><\/div>\n<\/div>\n<\/div>\n<\/div>\n<\/div><\/div>\n\n\n\n<div class=\"wp-block-group cryptoMarkets\"><div class=\"wp-block-group__inner-container\"><div class=\"bigCategoryContainer categoryContainer\"><div class=\"innercategoryContainer\"><div class=\"postContainer small\"><a href=\"https:\/\/bitcoinwisdom.com\/tr\/binance-informed-vip-traders-of-the-deal-with\/\"><img decoding=\"async\" class=\"featured\" src=\"https:\/\/bitcoinwisdom.com\/wp-content\/uploads\/2023\/01\/Binance-1-500x330.jpg\"><\/a><div class=\"postDetailsContainer\"><h3 class=\"postTitle\"><a href=\"https:\/\/bitcoinwisdom.com\/tr\/binance-informed-vip-traders-of-the-deal-with\/\">Binance, VIP Yat\u0131r\u0131mc\u0131lar\u0131n\u0131 Eyl\u00fcl Ay\u0131nda DOJ ile Yap\u0131lan Anla\u015fma Konusunda Bilgilendirdi<\/a><\/h3><div class=\"postDetails\"><strong>\u0130le <a href=\"https:\/\/bitcoinwisdom.com\/tr\/author\/lawrencew\/\">Lawrence Woriji<\/a><\/strong> <time class=\"timeago\" datetime=\"2023-12-01T20:31:38+00:00\">1 Aral\u0131k 2023<\/time><\/div><\/div><\/div><div class=\"postContainer small\"><a href=\"https:\/\/bitcoinwisdom.com\/tr\/coinbase-reports-a-6-surge-in-data-requests-from-federal-agencies\/\"><img decoding=\"async\" class=\"featured\" src=\"https:\/\/bitcoinwisdom.com\/wp-content\/uploads\/2023\/12\/Coinbase-500x330.jpg\"><\/a><div class=\"postDetailsContainer\"><h3 class=\"postTitle\"><a href=\"https:\/\/bitcoinwisdom.com\/tr\/coinbase-reports-a-6-surge-in-data-requests-from-federal-agencies\/\">Coinbase Federal Kurumlardan Gelen Veri Taleplerinde 6% Art\u0131\u015f\u0131n\u0131 Bildiriyor<\/a><\/h3><div class=\"postDetails\"><strong>\u0130le <a href=\"https:\/\/bitcoinwisdom.com\/tr\/author\/parth\/\">Parth Dubey<\/a><\/strong> <time class=\"timeago\" datetime=\"2023-12-01T05:01:52+00:00\">1 Aral\u0131k 2023<\/time><\/div><\/div><\/div><div class=\"postContainer small\"><a href=\"https:\/\/bitcoinwisdom.com\/tr\/circle-responds-to-terrorism-financing\/\"><img decoding=\"async\" class=\"featured\" src=\"https:\/\/bitcoinwisdom.com\/wp-content\/uploads\/2022\/07\/USDC-circle-500x330.jpg\"><\/a><div class=\"postDetailsContainer\"><h3 class=\"postTitle\"><a href=\"https:\/\/bitcoinwisdom.com\/tr\/circle-responds-to-terrorism-financing\/\">Circle Ter\u00f6r\u00fcn Finansman\u0131 \u0130ddialar\u0131na Yan\u0131t Verdi<\/a><\/h3><div class=\"postDetails\"><strong>\u0130le <a href=\"https:\/\/bitcoinwisdom.com\/tr\/author\/lawrencew\/\">Lawrence Woriji<\/a><\/strong> <time class=\"timeago\" datetime=\"2023-11-30T23:08:38+00:00\">30 Kas\u0131m 2023<\/time><\/div><\/div><\/div><div class=\"postContainer small\"><a href=\"https:\/\/bitcoinwisdom.com\/tr\/paxos-wins-initial-approval-from-abu-dhabi-to-issue-stablecoins\/\"><img decoding=\"async\" class=\"featured\" src=\"https:\/\/bitcoinwisdom.com\/wp-content\/uploads\/2023\/11\/Paxos-1-500x330.jpg\"><\/a><div class=\"postDetailsContainer\"><h3 class=\"postTitle\"><a href=\"https:\/\/bitcoinwisdom.com\/tr\/paxos-wins-initial-approval-from-abu-dhabi-to-issue-stablecoins\/\">Paxos, Stablecoin \u0130hrac\u0131 \u0130\u00e7in Abu Dhabi&#039;den \u0130lk Onay\u0131 Ald\u0131<\/a><\/h3><div class=\"postDetails\"><strong>\u0130le <a href=\"https:\/\/bitcoinwisdom.com\/tr\/author\/parth\/\">Parth Dubey<\/a><\/strong> <time class=\"timeago\" datetime=\"2023-11-30T06:47:10+00:00\">30 Kas\u0131m 2023<\/time><\/div><\/div><\/div><div class=\"postContainer small\"><a href=\"https:\/\/bitcoinwisdom.com\/tr\/binance-confirms-plans-to-withdraw-support-for\/\"><img decoding=\"async\" class=\"featured\" src=\"https:\/\/bitcoinwisdom.com\/wp-content\/uploads\/2023\/02\/BUSD-1-500x330.jpg\"><\/a><div class=\"postDetailsContainer\"><h3 class=\"postTitle\"><a href=\"https:\/\/bitcoinwisdom.com\/tr\/binance-confirms-plans-to-withdraw-support-for\/\">Binance, BUSD Deste\u011fini Aral\u0131k Ay\u0131nda Geri \u00c7ekme Planlar\u0131n\u0131 Do\u011frulad\u0131<\/a><\/h3><div class=\"postDetails\"><strong>\u0130le <a href=\"https:\/\/bitcoinwisdom.com\/tr\/author\/lawrencew\/\">Lawrence Woriji<\/a><\/strong> <time class=\"timeago\" datetime=\"2023-11-29T22:30:40+00:00\">29 Kas\u0131m 2023<\/time><\/div><\/div><\/div><div class=\"postContainer small\"><a href=\"https:\/\/bitcoinwisdom.com\/tr\/ronaldo-sued-for-promotion-of-binance-and-registered-securities\/\"><img decoding=\"async\" class=\"featured\" src=\"https:\/\/bitcoinwisdom.com\/wp-content\/uploads\/2023\/11\/Ronaldo-500x330.jpg\"><\/a><div class=\"postDetailsContainer\"><h3 class=\"postTitle\"><a href=\"https:\/\/bitcoinwisdom.com\/tr\/ronaldo-sued-for-promotion-of-binance-and-registered-securities\/\">Ronaldo, Binance ve Kay\u0131tl\u0131 Menkul K\u0131ymetlerin Te\u015fviki \u0130\u00e7in Dava A\u00e7t\u0131<\/a><\/h3><div class=\"postDetails\"><strong>\u0130le <a href=\"https:\/\/bitcoinwisdom.com\/tr\/author\/parth\/\">Parth Dubey<\/a><\/strong> <time class=\"timeago\" datetime=\"2023-11-29T09:24:40+00:00\">29 Kas\u0131m 2023<\/time><\/div><\/div><\/div><div class=\"postContainer small\"><a href=\"https:\/\/bitcoinwisdom.com\/tr\/coinbase-stock-continues-to-soar-following\/\"><img decoding=\"async\" class=\"featured\" src=\"https:\/\/bitcoinwisdom.com\/wp-content\/uploads\/2022\/06\/Coinbase-Offers-Jobs-Takes-Them-Back-500x330.jpg\"><\/a><div class=\"postDetailsContainer\"><h3 class=\"postTitle\"><a href=\"https:\/\/bitcoinwisdom.com\/tr\/coinbase-stock-continues-to-soar-following\/\">Coinbase Hisseleri, Binance&#039;in DOJ ile Anla\u015fmas\u0131n\u0131n Ard\u0131ndan Y\u00fckselmeye Devam Ediyor<\/a><\/h3><div class=\"postDetails\"><strong>\u0130le <a href=\"https:\/\/bitcoinwisdom.com\/tr\/author\/lawrencew\/\">Lawrence Woriji<\/a><\/strong> <time class=\"timeago\" datetime=\"2023-11-28T21:17:30+00:00\">28 Kas\u0131m 2023<\/time><\/div><\/div><\/div><div class=\"remainingContainer\"><ul><li><h3 class=\"postTitle\"><a href=\"https:\/\/bitcoinwisdom.com\/tr\/ftx-users-target-mercedes-racing-team-mlb-in-lawsuit-details\/\">FTX Kullan\u0131c\u0131lar\u0131 Davada Mercedes Racing Team ve MLB&#039;yi Hedef Al\u0131yor: Ayr\u0131nt\u0131lar<\/a><\/h3><\/li><li><h3 class=\"postTitle\"><a href=\"https:\/\/bitcoinwisdom.com\/tr\/judge-orders-cz-to-remain-in-the-us\/\">Hakim CZ&#039;nin ABD&#039;de Kalmas\u0131n\u0131 Emretti<\/a><\/h3><\/li><li><h3 class=\"postTitle\"><a href=\"https:\/\/bitcoinwisdom.com\/tr\/news\/\">Daha Fazla Haber Makalesi G\u00f6r\u00fcnt\u00fcle<\/a><\/h3><\/li><\/div><\/div>\n<\/div><\/div>\n\n\n\n<h2 class=\"wp-block-heading\">Canl\u0131 Kripto Para Piyasalar\u0131<\/h2>\n\n\n\n<div class=\"wp-block-group\"><div class=\"wp-block-group__inner-container\"><div class=\"cryptoboxes mcw-table light\" id=\"mcw-6349\" data-realtime=\"on\"><div class=\"title-bar\">En \u0130yi 10 Madeni Para<\/div><table class=\"mcw-datatable dataTable display nowrap\" style=\"width: 100%\" data-length=\"10\" data-total=\"200\"><thead><tr><th class=\"col-rank text-left\" data-col=\"rank\">#<\/th><th class=\"col-name text-left\" data-col=\"name\">Madeni para<\/th><th class=\"col-price_usd\" data-col=\"price_usd\">Fiyat<\/th><th class=\"col-market_cap_usd\" data-col=\"market_cap_usd\">Piyasa de\u011feri<\/th><th class=\"col-volume_usd_24h\" data-col=\"volume_usd_24h\">Hacim (24 saat)<\/th><th class=\"col-available_supply\" data-col=\"available_supply\">Arz<\/th><th class=\"col-percent_change_24h\" data-col=\"percent_change_24h\">De\u011fi\u015ftirmek<\/th><th class=\"col-weekly\" data-col=\"weekly\">son 24 saat<\/th><\/tr><\/thead><tbody><\/tbody><\/table><\/div>\n<\/div><\/div>\n\n\n\n<div class=\"wp-block-group\"><div class=\"wp-block-group__inner-container\"><div class=\"smallCategoryContainer categoryContainer\"><h2>tahminler<\/h2><div class=\"innerSmallcategoryContainer\"><div class=\"postContainer small\"><a href=\"https:\/\/bitcoinwisdom.com\/tr\/divi-price-prediction\/\"><img decoding=\"async\" class=\"featured\" src=\"https:\/\/bitcoinwisdom.com\/wp-content\/uploads\/2022\/07\/Divi-Price-Prediction-500x330.png\"><\/a><div class=\"postDetailsContainer\"><h3 class=\"postTitle\"><a href=\"https:\/\/bitcoinwisdom.com\/tr\/divi-price-prediction\/\">Divi (DIVI) Fiyat Tahmini \u2013 2024, 2025 \u2013 2030<\/a><\/h3><div class=\"postDetails\"><strong>\u0130le <a href=\"https:\/\/bitcoinwisdom.com\/tr\/author\/barinem\/\">Barinem Pene<\/a><\/strong> Eyl\u00fcl 25, 2024<\/div><\/div><\/div><div class=\"postContainer small\"><a href=\"https:\/\/bitcoinwisdom.com\/tr\/everrise-rise-price-prediction\/\"><img decoding=\"async\" class=\"featured\" src=\"https:\/\/bitcoinwisdom.com\/wp-content\/uploads\/2022\/07\/Everrise-Price-Prediction-500x330.png\"><\/a><div class=\"postDetailsContainer\"><h3 class=\"postTitle\"><a href=\"https:\/\/bitcoinwisdom.com\/tr\/everrise-rise-price-prediction\/\">EverRise (RISE) Fiyat Tahmini \u2013 2024, 2025 \u2013 2030<\/a><\/h3><div class=\"postDetails\"><strong>\u0130le <a href=\"https:\/\/bitcoinwisdom.com\/tr\/author\/barinem\/\">Barinem Pene<\/a><\/strong> Eyl\u00fcl 25, 2024<\/div><\/div><\/div><div class=\"postContainer small\"><a href=\"https:\/\/bitcoinwisdom.com\/tr\/maidsafecoin-maid-price-prediction\/\"><img decoding=\"async\" class=\"featured\" src=\"https:\/\/bitcoinwisdom.com\/wp-content\/uploads\/2022\/07\/Maidsafecoin-Price-Prediction-500x330.png\"><\/a><div class=\"postDetailsContainer\"><h3 class=\"postTitle\"><a href=\"https:\/\/bitcoinwisdom.com\/tr\/maidsafecoin-maid-price-prediction\/\">Maidsafecoin (MAID) Fiyat Tahmini \u2013 2024, 2025 \u2013 2030<\/a><\/h3><div class=\"postDetails\"><strong>\u0130le <a href=\"https:\/\/bitcoinwisdom.com\/tr\/author\/barinem\/\">Barinem Pene<\/a><\/strong> Eyl\u00fcl 25, 2024<\/div><\/div><\/div><div class=\"remainingContainer\"><ul><li><h3 class=\"postTitle\"><a href=\"https:\/\/bitcoinwisdom.com\/tr\/nest-protocol-nest-price-prediction\/\">Nest protokol\u00fc (NEST) Fiyat Tahmini \u2013 2024, 2025 \u2013 2030<\/a><\/h3><\/li><li><h3 class=\"postTitle\"><a href=\"https:\/\/bitcoinwisdom.com\/tr\/osmosis-osmo-price-prediction\/\">Osmoz (OSMO) Fiyat Tahmini \u2013 2024, 2025 \u2013 2030<\/a><\/h3><\/li><li><h3 class=\"postTitle\"><a href=\"https:\/\/bitcoinwisdom.com\/tr\/paribus-pbx-price-prediction\/\">Paribus (PBX) Fiyat Tahmini \u2013 2024, 2025 \u2013 2030<\/a><\/h3><\/li><li><h3 class=\"postTitle\"><a href=\"https:\/\/bitcoinwisdom.com\/tr\/solanium-slim-price-prediction\/\">Solanyum (SLIM) Fiyat Tahmini \u2013 2024, 2025 \u2013 2030<\/a><\/h3><\/li><\/ul><\/div><\/div><a href=\"https:\/\/bitcoinwisdom.com\/tr\/predictions\/\" class=\"allButton\">T\u00fcm Tahminler Makaleleri<\/a><\/div>\n<\/div><\/div>\n\n\n\n<div class=\"wp-block-group\"><div class=\"wp-block-group__inner-container\"><div class=\"smallCategoryContainer categoryContainer\"><h2>K\u0131lavuzlar<\/h2><div class=\"innerSmallcategoryContainer\"><div class=\"postContainer small\"><a href=\"https:\/\/bitcoinwisdom.com\/tr\/how-to-invest-in-dogecoin-with-credit-card\/\"><img decoding=\"async\" class=\"featured\" src=\"https:\/\/bitcoinwisdom.com\/wp-content\/uploads\/2022\/09\/h4odslgzfig-500x330.jpg\"><\/a><div class=\"postDetailsContainer\"><h3 class=\"postTitle\"><a href=\"https:\/\/bitcoinwisdom.com\/tr\/how-to-invest-in-dogecoin-with-credit-card\/\">Kredi Kart\u0131 ile Dogecoin&#039;e Nas\u0131l Yat\u0131r\u0131m Yap\u0131l\u0131r<\/a><\/h3><div class=\"postDetails\"><strong>\u0130le <a href=\"https:\/\/bitcoinwisdom.com\/tr\/author\/martin\/\">Martin K<\/a><\/strong> 6 Eyl\u00fcl 2022<\/div><\/div><\/div><div class=\"postContainer small\"><a href=\"https:\/\/bitcoinwisdom.com\/tr\/what-is-ripple-and-how-does-it-work\/\"><img decoding=\"async\" class=\"featured\" src=\"https:\/\/bitcoinwisdom.com\/wp-content\/uploads\/2022\/09\/0krsp5irzi4-500x330.jpg\"><\/a><div class=\"postDetailsContainer\"><h3 class=\"postTitle\"><a href=\"https:\/\/bitcoinwisdom.com\/tr\/what-is-ripple-and-how-does-it-work\/\">Ripple Nedir ve Nas\u0131l \u00c7al\u0131\u015f\u0131r?<\/a><\/h3><div class=\"postDetails\"><strong>\u0130le <a href=\"https:\/\/bitcoinwisdom.com\/tr\/author\/martin\/\">Martin K<\/a><\/strong> 6 Eyl\u00fcl 2022<\/div><\/div><\/div><div class=\"postContainer small\"><a href=\"https:\/\/bitcoinwisdom.com\/tr\/difference-between-dogecoin-ripple-a-comparison-guide\/\"><img decoding=\"async\" class=\"featured\" src=\"https:\/\/bitcoinwisdom.com\/wp-content\/uploads\/2022\/09\/8xo9gqaamzc-500x330.jpg\"><\/a><div class=\"postDetailsContainer\"><h3 class=\"postTitle\"><a href=\"https:\/\/bitcoinwisdom.com\/tr\/difference-between-dogecoin-ripple-a-comparison-guide\/\">Dogecoin ve Ripple Aras\u0131ndaki Fark \u2013 Bir Kar\u015f\u0131la\u015ft\u0131rma K\u0131lavuzu<\/a><\/h3><div class=\"postDetails\"><strong>\u0130le <a href=\"https:\/\/bitcoinwisdom.com\/tr\/author\/martin\/\">Martin K<\/a><\/strong> 6 Eyl\u00fcl 2022<\/div><\/div><\/div><div class=\"remainingContainer\"><ul><li><h3 class=\"postTitle\"><a href=\"https:\/\/bitcoinwisdom.com\/tr\/a-detailed-guide-on-how-to-mine-dogecoin\/\">Dogecoin Madencili\u011fi Hakk\u0131nda Ayr\u0131nt\u0131l\u0131 Bir K\u0131lavuz<\/a><\/h3><\/li><li><h3 class=\"postTitle\"><a href=\"https:\/\/bitcoinwisdom.com\/tr\/top-reasons-why-you-should-invest-in-bitcoin\/\">Bitcoin&#039;e Yat\u0131r\u0131m Yapman\u0131z \u0130\u00e7in En \u00d6nemli Nedenler<\/a><\/h3><\/li><li><h3 class=\"postTitle\"><a href=\"https:\/\/bitcoinwisdom.com\/tr\/what-you-need-to-know-about-bitcoin\/\">Bitcoin hakk\u0131nda bilmeniz gerekenler<\/a><\/h3><\/li><li><h3 class=\"postTitle\"><a href=\"https:\/\/bitcoinwisdom.com\/tr\/how-to-invest-in-bitcoin\/\">Bitcoin&#039;e Nas\u0131l Yat\u0131r\u0131m Yap\u0131l\u0131r?<\/a><\/h3><\/li><\/ul><\/div><\/div><a href=\"https:\/\/bitcoinwisdom.com\/tr\/guides\/\" class=\"allButton\">T\u00fcm K\u0131lavuz Makaleleri<\/a><\/div>\n<\/div><\/div>\n\n\n\n<div class=\"wp-block-group\"><div class=\"wp-block-group__inner-container\"><div class=\"smallCategoryContainer categoryContainer\"><h2>\u0130ncelemeler<\/h2><div class=\"innerSmallcategoryContainer\"><div class=\"postContainer small\"><a href=\"https:\/\/bitcoinwisdom.com\/tr\/binance-review\/\"><img decoding=\"async\" class=\"featured\" src=\"https:\/\/bitcoinwisdom.com\/wp-content\/uploads\/2022\/05\/22aee16e43e33d890ee49cfcebbe3d94-500x330.webp\"><\/a><div class=\"postDetailsContainer\"><h3 class=\"postTitle\"><a href=\"https:\/\/bitcoinwisdom.com\/tr\/binance-review\/\">Binance \u0130ncelemesi<\/a><\/h3><div class=\"postDetails\"><strong>\u0130le <a href=\"https:\/\/bitcoinwisdom.com\/tr\/author\/nishit-kumar\/\">Nishit Kumar<\/a><\/strong> Eyl\u00fcl 24, 2024<\/div><\/div><\/div><div class=\"postContainer small\"><a href=\"https:\/\/bitcoinwisdom.com\/tr\/crypto-com-review\/\"><img decoding=\"async\" class=\"featured\" src=\"https:\/\/bitcoinwisdom.com\/wp-content\/uploads\/2022\/06\/home-500x330.webp\"><\/a><div class=\"postDetailsContainer\"><h3 class=\"postTitle\"><a href=\"https:\/\/bitcoinwisdom.com\/tr\/crypto-com-review\/\">Crypto.com \u0130ncelemesi<\/a><\/h3><div class=\"postDetails\"><strong>\u0130le <a href=\"https:\/\/bitcoinwisdom.com\/tr\/author\/nishit-kumar\/\">Nishit Kumar<\/a><\/strong> Eyl\u00fcl 24, 2024<\/div><\/div><\/div><div class=\"postContainer small\"><a href=\"https:\/\/bitcoinwisdom.com\/tr\/coinbase-review\/\"><img decoding=\"async\" class=\"featured\" src=\"https:\/\/bitcoinwisdom.com\/wp-content\/uploads\/2022\/05\/1_4c7_SNuureECLAy7nW8TKQ-500x330.png\"><\/a><div class=\"postDetailsContainer\"><h3 class=\"postTitle\"><a href=\"https:\/\/bitcoinwisdom.com\/tr\/coinbase-review\/\">Coinbase \u0130ncelemesi<\/a><\/h3><div class=\"postDetails\"><strong>\u0130le <a href=\"https:\/\/bitcoinwisdom.com\/tr\/author\/nishit-kumar\/\">Nishit Kumar<\/a><\/strong> Eyl\u00fcl 24, 2024<\/div><\/div><\/div><div class=\"remainingContainer\"><ul><li><h3 class=\"postTitle\"><a href=\"https:\/\/bitcoinwisdom.com\/tr\/coinspot-review\/\">CoinSpot \u0130ncelemesi<\/a><\/h3><\/li><li><h3 class=\"postTitle\"><a href=\"https:\/\/bitcoinwisdom.com\/tr\/kraken-review\/\">Kraken \u0130nceleme<\/a><\/h3><\/li><li><h3 class=\"postTitle\"><a href=\"https:\/\/bitcoinwisdom.com\/tr\/bitstamp-review\/\">Bit Damgas\u0131 \u0130ncelemesi<\/a><\/h3><\/li><li><h3 class=\"postTitle\"><a href=\"https:\/\/bitcoinwisdom.com\/tr\/robinhood-review\/\">Robinhood \u0130nceleme<\/a><\/h3><\/li><\/ul><\/div><\/div><a href=\"https:\/\/bitcoinwisdom.com\/tr\/reviews\/\" class=\"allButton\">T\u00fcm \u0130ncelemeler Makaleler<\/a><\/div>\n<\/div><\/div>","protected":false},"excerpt":{"rendered":"<p>Kripto Para Birimi Haberlerini K\u0131rma Canl\u0131 Kripto Para Birimi Piyasalar\u0131<\/p>","protected":false},"author":5,"featured_media":0,"parent":0,"menu_order":0,"comment_status":"closed","ping_status":"closed","template":"","meta":{"_acf_changed":false,"_editorskit_title_hidden":false,"_editorskit_reading_time":1,"_editorskit_is_block_options_detached":false,"_editorskit_block_options_position":"{}","_uag_custom_page_level_css":"","footnotes":""},"class_list":["post-730","page","type-page","status-publish","hentry"],"acf":[],"uagb_featured_image_src":{"full":false,"thumbnail":false,"medium":false,"medium_large":false,"large":false,"1536x1536":false,"2048x2048":false,"trp-custom-language-flag":false},"uagb_author_info":{"display_name":"Jason Conor","author_link":"https:\/\/bitcoinwisdom.com\/tr\/author\/jason-connor\/"},"uagb_comment_info":0,"uagb_excerpt":"Breaking Cryptocurrency News Live Cryptocurrency Markets","_links":{"self":[{"href":"https:\/\/bitcoinwisdom.com\/tr\/wp-json\/wp\/v2\/pages\/730","targetHints":{"allow":["GET"]}}],"collection":[{"href":"https:\/\/bitcoinwisdom.com\/tr\/wp-json\/wp\/v2\/pages"}],"about":[{"href":"https:\/\/bitcoinwisdom.com\/tr\/wp-json\/wp\/v2\/types\/page"}],"author":[{"embeddable":true,"href":"https:\/\/bitcoinwisdom.com\/tr\/wp-json\/wp\/v2\/users\/5"}],"replies":[{"embeddable":true,"href":"https:\/\/bitcoinwisdom.com\/tr\/wp-json\/wp\/v2\/comments?post=730"}],"version-history":[{"count":0,"href":"https:\/\/bitcoinwisdom.com\/tr\/wp-json\/wp\/v2\/pages\/730\/revisions"}],"wp:attachment":[{"href":"https:\/\/bitcoinwisdom.com\/tr\/wp-json\/wp\/v2\/media?parent=730"}],"curies":[{"name":"wp","href":"https:\/\/api.w.org\/{rel}","templated":true}]}}